{"id":18868,"date":"2021-03-13T10:01:08","date_gmt":"2021-03-13T03:01:08","guid":{"rendered":"https:\/\/havamall.vn\/?post_type=product&#038;p=18868"},"modified":"2022-11-07T16:32:25","modified_gmt":"2022-11-07T09:32:25","slug":"nuoc-suc-mieng-khong-con-dental-care-gargle-garglin-zero-100ml","status":"publish","type":"product","link":"https:\/\/havamall.vn\/en\/shop\/nuoc-suc-mieng-khong-con-dental-care-gargle-garglin-zero-100ml\/","title":{"rendered":"N\u01b0\u1edbc S\u00fac Mi\u1ec7ng Kh\u00f4ng C\u1ed3n \u2013 Dental Care Gargle Garglin Zero 100ml"},"content":{"rendered":"<table>\n<tbody>\n<tr>\n<td>Th\u01b0\u01a1ng hi\u1ec7u<\/td>\n<td>Garglin<\/td>\n<\/tr>\n<tr>\n<td>Xu\u1ea5t x\u1ee9<\/td>\n<td>H\u00e0n Qu\u1ed1c<\/td>\n<\/tr>\n<tr>\n<td>Th\u00e0nh ph\u1ea7n<\/td>\n<td>Purified warter, concentrated glycerin,\u2026<\/td>\n<\/tr>\n<tr>\n<td>H\u1ea1n s\u1eed d\u1ee5ng<\/td>\n<td>3 n\u0103m k\u1ec3 t\u1eeb ng\u00e0y s\u1ea3n xu\u1ea5t.<\/td>\n<\/tr>\n<tr>\n<td>B\u1ea3o qu\u1ea3n<\/td>\n<td>\u0110\u1ec3 n\u01a1i kh\u00f4 r\u00e1o, tho\u00e1ng m\u00e1t, tr\u00e1nh \u00e1nh n\u1eafng tr\u1ef1c ti\u1ebfp<\/td>\n<\/tr>\n<tr>\n<td>Th\u1ec3 t\u00edch<\/td>\n<td>100ml<\/td>\n<\/tr>\n<\/tbody>\n<\/table>\n<p>Garglin l\u00e0 th\u01b0\u01a1ng hi\u1ec7u ch\u0103m s\u00f3c r\u0103ng n\u1ed5i ti\u1ebfng c\u1ee7a H\u00e0n Qu\u1ed1c.\u00a0D\u00f9ng n\u01b0\u1edbc s\u00fac mi\u1ec7ng ch\u1ec9 h\u01a1i th\u1edf s\u1ea1ch s\u1ebd th\u01a1m tho, ng\u0103n ng\u1eeba s\u00e2u r\u0103ng m\u00e0 c\u00f2n gi\u1ea3m nguy c\u01a1 m\u1eafc c\u00e1c b\u1ec7nh vi\u00eam l\u1ee3i, nhi\u1ec7t mi\u1ec7ng.<\/p>\n<p><img fetchpriority=\"high\" decoding=\"async\" class=\"aligncenter\" src=\"https:\/\/havamall.vn\/wp-content\/uploads\/2021\/03\/2021012714104647637_1611724246.jpg\" alt=\"[2021 \uc544\uc2dc\uc544\uc18c\ube44\uc790\ub300\uc0c1] \uad6d\ub0b4 \uccab \uad6c\uac15\uccad\uacb0\uc81c \ub3d9\uc544\uc81c\uc57d \" width=\"566\" height=\"377\" \/><\/p>\n<p>Vi\u1ec7c s\u1eed d\u1ee5ng n\u01b0\u1edbc s\u00fac mi\u1ec7ng \u0111\u01b0\u1ee3c c\u00e1c nha s\u0129 khuy\u1ebfn ngh\u1ecb \u0111\u1ec3 c\u1ea3i thi\u1ec7n s\u1ee9c kh\u1ecfe r\u0103ng mi\u1ec7ng c\u1ee7a b\u1ea1n v\u00ec n\u01b0\u1edbc s\u00fac mi\u1ec7ng r\u1ea5t ti\u1ec7n l\u1ee3i v\u00e0 c\u00f3 th\u1ec3 \u0111\u01b0\u1ee3c s\u1eed d\u1ee5ng v\u00e0o b\u1ea5t k\u1ef3 th\u1eddi \u0111i\u1ec3m n\u00e0o trong ng\u00e0y. Th\u1ef1c t\u1ebf l\u00e0 ch\u1ea3i r\u0103ng \u0111\u01a1n thu\u1ea7n ch\u1ec9 l\u00e0m s\u1ea1ch 25% khoang mi\u1ec7ng. S\u00fac mi\u1ec7ng c\u00f3 t\u00e1c d\u1ee5ng ch\u1ed1ng vi khu\u1ea9n trong to\u00e0n khoang mi\u1ec7ng, r\u0103ng v\u00e0 n\u01b0\u1edbu. N\u00ean s\u00fac ng\u00e0y hai l\u1ea7n \u0111\u1ec3 ph\u00e1t huy hi\u1ec7u qu\u1ea3 l\u00e0m s\u1ea1ch s\u00e2u. \u0110\u1ec3 n\u01b0\u1edbc s\u00fac mi\u1ec7ng Garglin Zero ph\u00e1t huy t\u1ed1i \u0111a c\u00f4ng d\u1ee5ng, h\u00e3y d\u00f9ng theo \u0111\u00fang ch\u1ec9 d\u1eabn, v\u00e0 s\u00fac mi\u1ec7ng \u0111\u1ee7 30 gi\u00e2y 2 l\u1ea7n m\u1ed7i ng\u00e0y.<\/p>\n<p><img decoding=\"async\" class=\" wp-image-18909 aligncenter\" src=\"https:\/\/havamall.vn\/wp-content\/uploads\/2021\/03\/100-300x200.jpg\" alt=\"\" width=\"576\" height=\"385\" srcset=\"https:\/\/havamall.vn\/wp-content\/uploads\/2021\/03\/100-300x200.jpg 300w, https:\/\/havamall.vn\/wp-content\/uploads\/2021\/03\/100-430x286.jpg 430w, https:\/\/havamall.vn\/wp-content\/uploads\/2021\/03\/100-150x100.jpg 150w, https:\/\/havamall.vn\/wp-content\/uploads\/2021\/03\/100.jpg 512w\" sizes=\"(max-width: 576px) 100vw, 576px\" \/><\/p>\n<p>Vi\u1ec7c s\u1eed d\u1ee5ng n\u01b0\u1edbc s\u00fac mi\u1ec7ng Garglin Zero sau khi \u0111\u00e1nh r\u0103ng s\u1ebd gi\u1ea3m \u0111\u01b0\u1ee3c l\u01b0\u1ee3ng m\u1ea3ng b\u00e1m tr\u00ean r\u0103ng, l\u00e0m s\u1ea1ch t\u1ea5t c\u1ea3 c\u00e1c k\u1ebd s\u00e2u trong khoang mi\u1ec7ng \u0111\u1ed3ng th\u1eddi gi\u1eef cho h\u01a1i th\u1edf th\u01a1m m\u00e1t d\u00e0i l\u00e2u. N\u01b0\u1edbc s\u00fac mi\u1ec7ng kh\u00f4ng c\u1ed3n Garglin Zero c\u0169ng v\u00f4 c\u00f9ng h\u1eefu \u00edch cho nh\u1eefng ng\u01b0\u1eddi c\u00f3 ti\u1ec1n s\u1eed l\u1ea1m d\u1ee5ng r\u01b0\u1ee3u.<\/p>\n<p>\u0110\u1eb7c Bi\u1ec7t n\u01b0\u1edbc s\u00fac mi\u1ec7ng Garglin kh\u00f4ng ch\u1ee9a c\u1ed3n k\u1ebft qu\u1ea3 \u0111\u00e3 \u0111\u01b0\u1ee3c ki\u1ec3m ch\u1ee9ng l\u00e2m s\u00e0ng s\u1ebd l\u00e0 n\u01b0\u1edbc s\u00fac mi\u1ec7ng gi\u00fap di\u1ec7t khu\u1ea9n cho c\u1ea3 gia \u0111\u00ecnh b\u1ea1n.\u00a0N\u1ebfu b\u1ea1n c\u00f3 tri\u1ec7u ch\u1ee9ng mi\u1ec7ng b\u1ecfng r\u00e1t ho\u1eb7c c\u00e1c d\u1ea5u hi\u1ec7u k\u00edch th\u00edch mi\u1ec7ng kh\u00e1c th\u00ec n\u01b0\u1edbc s\u00fac mi\u1ec7ng\u00a0Garglin Zero l\u00e0 s\u1ef1 l\u1ef1a ch\u1ecdn ho\u00e0n h\u1ea3o gi\u00fap di\u1ec7t\u00a0t\u1eadn g\u1ed1c nh\u1eefng vi khu\u1ea9n g\u00e2y b\u1ec7nh v\u00e0 gi\u00fap ng\u0103n ng\u1eeba m\u1ea7m b\u1ec7nh \u1ea3nh h\u01b0\u1edfng \u0111\u1ebfn s\u1ee9c kh\u1ecfe r\u0103ng mi\u1ec7ng, kh\u1eed m\u00f9i h\u00f4i, l\u00e0m s\u1ea1ch r\u0103ng mi\u1ec7ng v\u00e0 ng\u0103n ng\u1eeba vi\u00eam h\u1ecdng, vi\u00eam l\u1ee3i, ch\u1ea3y m\u00e1u ch\u00e2n r\u0103ng v\u00e0 s\u00e2u r\u0103ng.<\/p>\n<p><img decoding=\"async\" class=\"aligncenter\" src=\"https:\/\/havamall.vn\/wp-content\/uploads\/2021\/03\/image_8460884021528656275997.jpg\" alt=\"\uac00\uadf8\ub9b0 \uc0ac\uc6a9\ubc95 \uc81c\ub300\ub85c \uc54c\uc790!! \uad6c\uac15\uccad\uacb0\uc81c \ucd94\ucc9c : \ub124\uc774\ubc84 \ube14\ub85c\uadf8\" width=\"557\" height=\"382\" \/><\/p>\n<h4><strong>C\u00f4ng d\u1ee5ng n\u01b0\u1edbc s\u00fac mi\u1ec7ng Garglin Zero:<\/strong><\/h4>\n<p>&#8211; B\u1ea3o v\u1ec7 r\u0103ng n\u01b0\u1edbu<\/p>\n<p>&#8211; H\u1ed7 tr\u1ee3 t\u00e1i t\u1ea1o n\u01b0\u1edbu r\u0103ng<\/p>\n<p>&#8211; Ng\u0103n ch\u1eb7n s\u00e2u r\u0103ng<\/p>\n<p>&#8211; Ng\u0103n ch\u1eb7n s\u1ef1 h\u00ecnh th\u00e0nh m\u1ea3ng b\u00e1m tr\u00ean r\u0103ng<\/p>\n<p>&#8211; Lo\u1ea1i b\u1ecf nhi\u1ec1u vi khu\u1ea9n gi\u00fap h\u01a1i th\u1edf th\u01a1m m\u00e1t c\u1ea3 ng\u00e0y d\u00e0i.<\/p>\n<p>&#8211; S\u1ea3n ph\u1ea9m ph\u00f9 h\u1ee3p v\u1edbi ng\u01b0\u1eddi l\u1edbn v\u00e0 tr\u1ebb em tr\u00ean 12 tu\u1ed5i<\/p>\n<p><img loading=\"lazy\" decoding=\"async\" class=\"aligncenter\" src=\"https:\/\/havamall.vn\/wp-content\/uploads\/2021\/03\/zero_05.jpg\" alt=\"Gargline Mouthwash 750ml Pack of 3 - 11STREET\" width=\"578\" height=\"660\" \/><\/p>\n<h4><strong>H\u01b0\u1edbng d\u1eabn s\u1eed d\u1ee5ng:<\/strong><\/h4>\n<p>\u2013 M\u1edf n\u1eafp b\u00ecnh, \u0111\u1ed5 N\u01b0\u1edbc s\u00fac mi\u1ec7ng Garglin Zero kho\u1ea3ng 10 v\u00e0 cho dung d\u1ecbch v\u00e0o mi\u1ec7ng.<\/p>\n<p>\u2013\u00a0 Gi\u1eef n\u01b0\u1edbc s\u00fac mi\u1ec7ng trong mi\u1ec7ng trong 1 ph\u00fat, \u0111\u1ec3 cho dung d\u1ecbch \u0111i \u0111\u1ebfn h\u1ebft c\u00e1c ng\u00f3c ng\u00e1ch trong mi\u1ec7ng v\u00e0 nh\u1ed5 ra.<\/p>\n<p><img loading=\"lazy\" decoding=\"async\" class=\"aligncenter\" src=\"https:\/\/havamall.vn\/wp-content\/uploads\/2021\/03\/zero_01.jpg\" alt=\"Gmarket - [Garglin]Zero 750ml 3pcs + Gagrin giveaway Gargle mouthwash\" width=\"577\" height=\"404\" \/><\/p>\n<h4><strong>Th\u00f4ng tin c\u1ea3nh b\u00e1o:<\/strong><\/h4>\n<p>\u2013 Tr\u00e1nh xa t\u1ea7m tay tr\u1ebb em<\/p>\n<p>\u2013 Kh\u00f4ng nu\u1ed1t s\u1ea3n ph\u1ea9m<\/p>\n<p>\u2013 Kh\u00f4ng d\u00f9ng cho tr\u1ebb em<\/p>\n<p>\u2013 Khi u\u1ed1ng m\u1ed9t l\u01b0\u1ee3ng l\u1edbn ph\u1ea3i u\u1ed1ng th\u1eadt nhi\u1ec1u s\u1eefa v\u00e0 l\u00e0m theo h\u01b0\u1edbng d\u1eabn c\u1ee7a b\u00e1c s\u0129<\/p>\n<p>S\u1ea3n ph\u1ea9m hi\u1ec7n \u0111\u00e3 c\u00f3 m\u1eb7t t\u1ea1i Havamall.<\/p>\n","protected":false},"excerpt":{"rendered":"<p>Th\u01b0\u01a1ng hi\u1ec7u Garglin Xu\u1ea5t x\u1ee9 H\u00e0n Qu\u1ed1c Th\u00e0nh ph\u1ea7n Purified warter, concentrated glycerin,\u2026 H\u1ea1n s\u1eed d\u1ee5ng 3 n\u0103m k\u1ec3 t\u1eeb<\/p>","protected":false},"featured_media":18869,"comment_status":"open","ping_status":"closed","template":"","meta":[],"product_brand":[],"product_cat":[396,35],"product_tag":[],"class_list":{"0":"post-18868","1":"product","2":"type-product","3":"status-publish","4":"has-post-thumbnail","6":"product_cat-suc-khoe-lam-dep","7":"product_cat-nha-cua-doi-song","8":"pa_brand-garglin","10":"first","11":"outofstock","12":"sale","13":"shipping-taxable","14":"purchasable","15":"product-type-simple"},"_links":{"self":[{"href":"https:\/\/havamall.vn\/en\/wp-json\/wp\/v2\/product\/18868"}],"collection":[{"href":"https:\/\/havamall.vn\/en\/wp-json\/wp\/v2\/product"}],"about":[{"href":"https:\/\/havamall.vn\/en\/wp-json\/wp\/v2\/types\/product"}],"replies":[{"embeddable":true,"href":"https:\/\/havamall.vn\/en\/wp-json\/wp\/v2\/comments?post=18868"}],"version-history":[{"count":0,"href":"https:\/\/havamall.vn\/en\/wp-json\/wp\/v2\/product\/18868\/revisions"}],"wp:featuredmedia":[{"embeddable":true,"href":"https:\/\/havamall.vn\/en\/wp-json\/wp\/v2\/media\/18869"}],"wp:attachment":[{"href":"https:\/\/havamall.vn\/en\/wp-json\/wp\/v2\/media?parent=18868"}],"wp:term":[{"taxonomy":"product_brand","embeddable":true,"href":"https:\/\/havamall.vn\/en\/wp-json\/wp\/v2\/product_brand?post=18868"},{"taxonomy":"product_cat","embeddable":true,"href":"https:\/\/havamall.vn\/en\/wp-json\/wp\/v2\/product_cat?post=18868"},{"taxonomy":"product_tag","embeddable":true,"href":"https:\/\/havamall.vn\/en\/wp-json\/wp\/v2\/product_tag?post=18868"}],"curies":[{"name":"wp","href":"https:\/\/api.w.org\/{rel}","templated":true}]}}