{"id":18845,"date":"2021-03-12T17:08:00","date_gmt":"2021-03-12T10:08:00","guid":{"rendered":"https:\/\/havamall.vn\/?post_type=product&#038;p=18845"},"modified":"2025-09-30T16:25:26","modified_gmt":"2025-09-30T09:25:26","slug":"nuoc-suc-mieng-tre-em-huong-tao-dental-care-gargle-garglin-for-kids-apple-380ml","status":"publish","type":"product","link":"https:\/\/havamall.vn\/en\/shop\/nuoc-suc-mieng-tre-em-huong-tao-dental-care-gargle-garglin-for-kids-apple-380ml\/","title":{"rendered":"N\u01b0\u1edbc S\u00fac Mi\u1ec7ng Tr\u1ebb Em H\u01b0\u01a1ng T\u00e1o &#8211; Dental Care Gargle Garglin For Kids Apple 380ml"},"content":{"rendered":"<table>\n<tbody>\n<tr>\n<td>Th\u01b0\u01a1ng hi\u1ec7u<\/td>\n<td>Garglin<\/td>\n<\/tr>\n<tr>\n<td>Xu\u1ea5t x\u1ee9<\/td>\n<td>H\u00e0n Qu\u1ed1c<\/td>\n<\/tr>\n<tr>\n<td>Th\u00e0nh ph\u1ea7n<\/td>\n<td>Purified warter, xylitol, concentrated glycerin,\u2026<\/td>\n<\/tr>\n<tr>\n<td>H\u1ea1n s\u1eed d\u1ee5ng<\/td>\n<td>3 n\u0103m k\u1ec3 t\u1eeb ng\u00e0y s\u1ea3n xu\u1ea5t.<\/td>\n<\/tr>\n<tr>\n<td>B\u1ea3o qu\u1ea3n<\/td>\n<td>\u0110\u1ec3 n\u01a1i kh\u00f4 r\u00e1o, tho\u00e1ng m\u00e1t, tr\u00e1nh \u00e1nh n\u1eafng tr\u1ef1c ti\u1ebfp<\/td>\n<\/tr>\n<tr>\n<td>Th\u1ec3 t\u00edch<\/td>\n<td>380ml<\/td>\n<\/tr>\n<\/tbody>\n<\/table>\n<p>Garglin l\u00e0 th\u01b0\u01a1ng hi\u1ec7u ch\u0103m s\u00f3c r\u0103ng n\u1ed5i ti\u1ebfng c\u1ee7a H\u00e0n Qu\u1ed1c. \u0110\u1ed1i v\u1edbi tr\u1ebb \u0103n nhi\u1ec1u \u0111\u1ed3 \u0103n v\u1eb7t v\u00e0 th\u00edch \u0103n ng\u1ecdt v\u00e0 m\u1ed9t \u0111\u1ee9a tr\u1ebb th\u01b0\u1eddng kh\u00f4ng mu\u1ed1n \u0111\u00e1nh r\u0103ng th\u00ec n\u01b0\u1edbc s\u00fac mi\u1ec7ng h\u01b0\u01a1ng t\u00e1o Garglin d\u00e0nh ri\u00eang cho b\u00e9 l\u00e0 gi\u1ea3i ph\u00e1p ho\u00e0n h\u1ea3o cho c\u00e1c b\u1eadc ph\u1ee5 huynh. V\u1edbi N\u01b0\u1edbc s\u00fac mi\u1ec7ng h\u01b0\u01a1ng t\u00e1o Garglin\u00a0vi\u1ec7c gi\u1eef n\u1ee5 c\u01b0\u1eddi r\u1ea1ng r\u1ee1 c\u1ee7a con b\u1ea1n ch\u01b0a bao gi\u1edd d\u1ec5 d\u00e0ng h\u01a1n th\u1ebf.<\/p>\n<p><img fetchpriority=\"high\" decoding=\"async\" class=\"aligncenter\" src=\"https:\/\/havamall.com\/wp-content\/uploads\/2025\/09\/kids_care_03.jpg\" alt=\"Gmarket - [Garglin]\uc5b4\ub9b0\uc774\uac00\uadf8\ub9b0 380ml (\ub538\uae30\ub9db) \uc720\uc544\uac00\uae00 \uad6c\uac15\uccad\uacb0\uc81c\" width=\"538\" height=\"639\" \/><\/p>\n<p>Tr\u1ebb b\u1ecb m\u1ea5t chi\u1ebfc r\u0103ng \u0111\u1ea7u ti\u00ean v\u00e0 \u0111ang m\u1ecdc r\u0103ng v\u0129nh vi\u1ec5n v\u00e0 c\u1ea7n \u0111\u01b0\u1ee3c ch\u0103m s\u00f3c r\u0103ng mi\u1ec7ng.\u00a0N\u01b0\u1edbc s\u00fac mi\u1ec7ng\u00a0Garglin c\u1ee7a H\u00e0n Qu\u1ed1c c\u1ef1c t\u1ed1t. D\u00f9ng n\u01b0\u1edbc s\u00fac mi\u1ec7ng kh\u00f4ng ch\u1ec9 h\u01a1i th\u1edf s\u1ea1ch s\u1ebd th\u01a1m tho, ng\u0103n ng\u1eeba s\u00e2u r\u0103ng m\u00e0 c\u00f2n gi\u1ea3m nguy c\u01a1 m\u1eafc c\u00e1c b\u1ec7nh vi\u00eam l\u1ee3i, nhi\u1ec7t mi\u1ec7ng cho c\u00e1c b\u00e9.<\/p>\n<p><img decoding=\"async\" class=\"aligncenter\" src=\"https:\/\/havamall.com\/wp-content\/uploads\/2025\/09\/2287b36a-d7a3-4023-8ae3-6adc88cebdf4.jpg\" alt=\"\ud6c4\uae30\uc640 \ud310\ub9e4\uc728\ub85c \ub9cc\ub4e4\uc5b4\uc9c4 \uc5b4\ub9b0\uc774\uac00\uadf8\ub9b0 \uc0c1\ud488 \uc778\uae30\uc21c\uc704!\" width=\"540\" height=\"540\" \/><\/p>\n<p>N\u01b0\u1edbc s\u00fac mi\u1ec7ng h\u01b0\u01a1ng t\u00e1o Garglin d\u00e0nh ri\u00eang cho b\u00e9 gi\u00fap di\u1ec7t\u00a0t\u1eadn g\u1ed1c nh\u1eefng vi khu\u1ea9n g\u00e2y b\u1ec7nh v\u00e0 gi\u00fap ng\u0103n ng\u1eeba m\u1ea7m b\u1ec7nh \u1ea3nh h\u01b0\u1edfng \u0111\u1ebfn s\u1ee9c kh\u1ecfe r\u0103ng mi\u1ec7ng, kh\u1eed m\u00f9i h\u00f4i, l\u00e0m s\u1ea1ch r\u0103ng mi\u1ec7ng v\u00e0 ng\u0103n ng\u1eeba vi\u00eam h\u1ecdng, vi\u00eam l\u1ee3i, ch\u1ea3y m\u00e1u ch\u00e2n r\u0103ng v\u00e0 s\u00e2u r\u0103ng.<\/p>\n<p><img decoding=\"async\" class=\"aligncenter\" src=\"https:\/\/havamall.com\/wp-content\/uploads\/2025\/09\/2019031402798_0.jpg\" alt=\"\ub098\uc774\u00b7\ucde8\ud5a5\u00b7\uc6a9\ub3c4 \ub9de\ucda4\ud615 \uad6c\uac15\uccad\uacb0\uc81c\u2026 \ub0a8\ub140\ub178\uc18c \u591a \uc7a1\uc558\ub2e4 - Chosunbiz &gt; \ud14c\ud06c\" width=\"521\" height=\"690\" \/><\/p>\n<p>C\u00e1c b\u1ea1n nh\u1ecf v\u1edbi nh\u1eefng chi\u1ebfc r\u0103ng s\u1eefa xinh x\u1eafn nh\u01b0ng l\u1ea1i v\u00f4 c\u00f9ng d\u1ec5 t\u1ed5n th\u01b0\u01a1ng b\u1edfi nh\u1eefng b\u1ec7nh vi khu\u1ea9n, m\u1ea3ng b\u1ea3m khi\u1ebfn r\u0103ng b\u1ecb s\u00e2u v\u00e0 m\u00f2n s\u1ea3n men r\u0103ng \u0111i d\u1ea7n d\u1ea7n.\u00a0Nhi\u1ec1u cha m\u1eb9 t\u1eadp th\u00f3i quen t\u1ed1t l\u00e0 \u0111\u00e1nh r\u0103ng ng\u00e0y 2 l\u1ea7n th\u01b0\u1eddng xuy\u00ean nh\u01b0ng \u0111i\u1ec1u \u0111\u00f3 l\u00e0 ch\u01b0a \u0111\u1ee7 v\u00ec nh\u1eefng vi khu\u1ea9n g\u00e2y b\u1ec7nh r\u0103ng mi\u1ec7ng lu\u00f4n \u201d kh\u00f4n kh\u00e9o\u201d khi len l\u1ecfi s\u00e2u v\u00e0o b\u00ean trong k\u1ebd r\u0103ng, nh\u1eefng n\u01a1i m\u00e0 b\u00e9 v\u1ee5ng v\u1ec1 ch\u01b0a kh\u00e9o l\u00e9o \u0111\u01b0a \u0111\u1ea9y \u0111\u01b0\u1ee3c \u0111\u1ebfn n\u01a1i. Nh\u01b0ng v\u1edbi\u00a0N\u01b0\u1edbc s\u00fac mi\u1ec7ng h\u01b0\u01a1ng t\u00e1o Garglin\u00a0s\u1ebd gi\u00fap m\u1eb9 lo\u1ea1i b\u1ecf nh\u1eefng lo\u1ea1i vi khu\u1ea9n kh\u00f3 ch\u1ecbu trong khoang mi\u1ec7ng c\u1ee7a tr\u1ebb.<\/p>\n<p><img loading=\"lazy\" decoding=\"async\" class=\"aligncenter\" src=\"https:\/\/havamall.com\/wp-content\/uploads\/2025\/09\/201903241812_14190924068605_1.jpg\" alt=\"\ub3d9\uc544\uc81c\uc57d, \uc5b4\ub9b0\uc774 \" width=\"535\" height=\"379\" \/><\/p>\n<p>V\u1edbi thi\u1ebft k\u1ebf chai nh\u1ef1a nh\u1eb9 v\u00e0 h\u00ecnh \u1ea3nh d\u1ec5 th\u01b0\u01a1ng, s\u1ea3n ph\u1ea9m\u00a0N\u01b0\u1edbc s\u00fac mi\u1ec7ng h\u01b0\u01a1ng t\u00e1o Garglin\u00a0s\u1ebd \u0111\u1ed3ng h\u00e0nh c\u0169ng m\u1eb9 b\u1ea3o v\u1ec7 n\u1ee5 c\u01b0\u1eddi b\u00e9 lu\u00f4n xinh v\u00e0 h\u01a1i th\u1edf lu\u00f4n th\u01a1m.<\/p>\n<p>S\u1ea3n ph\u1ea9m v\u1edbi h\u01b0\u01a1ng t\u00e1o th\u01a1m ng\u1ecdt, kh\u00f4ng cay v\u00e0 v\u00f4 c\u00f9ng d\u1ec5 ch\u1ecbu khi\u1ebfn b\u00e9 th\u00edch th\u00fa h\u01a1n trong c\u00f4ng cu\u1ed9c ch\u0103m s\u00f3c r\u0103ng mi\u1ec7ng<\/p>\n<p><img loading=\"lazy\" decoding=\"async\" class=\"aligncenter\" src=\"https:\/\/havamall.com\/wp-content\/uploads\/2025\/09\/YOBAKBTNPZCUNZIRFEDKVT3B5Q.jpg\" alt=\"\ud0c0\ub974\uc0c9\uc18c \uc5c6\uc5b4 \uc548\uc2ec, \uc785 \uc18d\uc740 99.9% \uc0b4\uade0 - \uc870\uc120\uc77c\ubcf4\" width=\"546\" height=\"365\" \/><\/p>\n<h4><strong>H\u01b0\u1edbng d\u1eabn s\u1eed d\u1ee5ng:<\/strong><\/h4>\n<p>\u2013 M\u1edf n\u1eafp b\u00ecnh, \u0111\u1ed5 N\u01b0\u1edbc s\u00fac mi\u1ec7ng Garglin kho\u1ea3ng 10 v\u00e0 cho dung d\u1ecbch v\u00e0o mi\u1ec7ng.<\/p>\n<p>\u2013 Gi\u1eef n\u01b0\u1edbc s\u00fac mi\u1ec7ng trong mi\u1ec7ng trong 1 ph\u00fat, \u0111\u1ec3 cho dung d\u1ecbch \u0111i \u0111\u1ebfn h\u1ebft c\u00e1c ng\u00f3c ng\u00e1ch trong mi\u1ec7ng v\u00e0 nh\u1ed5 ra.<\/p>\n<p><img loading=\"lazy\" decoding=\"async\" class=\"aligncenter\" src=\"https:\/\/havamall.com\/wp-content\/uploads\/2025\/09\/1907907798_front_f0aae71f5f.jpg\" alt=\"\ubb34\ub8cc\ubc30\uc1a1]\uac00\uadf8\ub9b0 \uc624\ub9ac\uc9c0\ub110\/\uac00\uadf8\ub9b0\uc81c\ub85c\/\uc5b4\ub9b0\uc774\uac00\uadf8\ub9b0\/\ud14c\ud504\ub860\uc77c\ud68c\uc6a9\uce58\uc2e4\/\ud600\ud074\ub9ac\ub108\/\uc624\ub784\ube44\uce58\uc2e4 - \ud2f0\ubaac\" width=\"551\" height=\"581\" \/><\/p>\n<h4><strong>Th\u00f4ng tin c\u1ea3nh b\u00e1o:<\/strong><\/h4>\n<p>\u2013 Kh\u00f4ng d\u00f9ng cho tr\u1ebb em d\u01b0\u1edbi 6 tu\u1ed5i<\/p>\n<p>\u2013 Kh\u00f4ng nu\u1ed1t s\u1ea3n ph\u1ea9m<\/p>\n<p>\u2013 Tr\u1ebb em d\u00f9ng ph\u1ea3i c\u00f3 s\u1ef1 gi\u00e1m s\u00e1t c\u1ee7a ng\u01b0\u1eddi l\u1edbn<\/p>\n<p>\u2013 Khi u\u1ed1ng m\u1ed9t l\u01b0\u1ee3ng l\u1edbn ph\u1ea3i u\u1ed1ng th\u1eadt nhi\u1ec1u s\u1eefa v\u00e0 l\u00e0m theo h\u01b0\u1edbng d\u1eabn c\u1ee7a b\u00e1c s\u0129<\/p>\n<p>S\u1ea3n ph\u1ea9m hi\u1ec7n \u0111\u00e3 c\u00f3 m\u1eb7t t\u1ea1i Havamall.<\/p>\n","protected":false},"excerpt":{"rendered":"<p>Th\u01b0\u01a1ng hi\u1ec7u Garglin Xu\u1ea5t x\u1ee9 H\u00e0n Qu\u1ed1c Th\u00e0nh ph\u1ea7n Purified warter, xylitol, concentrated glycerin,\u2026 H\u1ea1n s\u1eed d\u1ee5ng 3 n\u0103m k\u1ec3<\/p>","protected":false},"featured_media":18847,"comment_status":"open","ping_status":"closed","template":"","meta":[],"product_brand":[],"product_cat":[397,396,35],"product_tag":[],"class_list":{"0":"post-18845","1":"product","2":"type-product","3":"status-publish","4":"has-post-thumbnail","6":"product_cat-hang-me-be-do-choi","7":"product_cat-suc-khoe-lam-dep","8":"product_cat-nha-cua-doi-song","9":"pa_brand-garglin","11":"first","12":"outofstock","13":"sale","14":"shipping-taxable","15":"purchasable","16":"product-type-simple"},"_links":{"self":[{"href":"https:\/\/havamall.vn\/en\/wp-json\/wp\/v2\/product\/18845"}],"collection":[{"href":"https:\/\/havamall.vn\/en\/wp-json\/wp\/v2\/product"}],"about":[{"href":"https:\/\/havamall.vn\/en\/wp-json\/wp\/v2\/types\/product"}],"replies":[{"embeddable":true,"href":"https:\/\/havamall.vn\/en\/wp-json\/wp\/v2\/comments?post=18845"}],"version-history":[{"count":0,"href":"https:\/\/havamall.vn\/en\/wp-json\/wp\/v2\/product\/18845\/revisions"}],"wp:featuredmedia":[{"embeddable":true,"href":"https:\/\/havamall.vn\/en\/wp-json\/wp\/v2\/media\/18847"}],"wp:attachment":[{"href":"https:\/\/havamall.vn\/en\/wp-json\/wp\/v2\/media?parent=18845"}],"wp:term":[{"taxonomy":"product_brand","embeddable":true,"href":"https:\/\/havamall.vn\/en\/wp-json\/wp\/v2\/product_brand?post=18845"},{"taxonomy":"product_cat","embeddable":true,"href":"https:\/\/havamall.vn\/en\/wp-json\/wp\/v2\/product_cat?post=18845"},{"taxonomy":"product_tag","embeddable":true,"href":"https:\/\/havamall.vn\/en\/wp-json\/wp\/v2\/product_tag?post=18845"}],"curies":[{"name":"wp","href":"https:\/\/api.w.org\/{rel}","templated":true}]}}