{"id":18827,"date":"2021-03-12T13:50:40","date_gmt":"2021-03-12T06:50:40","guid":{"rendered":"https:\/\/havamall.vn\/?post_type=product&#038;p=18827"},"modified":"2021-06-24T15:20:46","modified_gmt":"2021-06-24T08:20:46","slug":"do-choi-phat-sang-6-mieng-uncle-bills","status":"publish","type":"product","link":"https:\/\/havamall.vn\/en\/shop\/do-choi-phat-sang-6-mieng-uncle-bills\/","title":{"rendered":"\u0110\u1ed3 Ch\u01a1i Ph\u00e1t S\u00e1ng 6 Mi\u1ebfng Uncle Bills"},"content":{"rendered":"<p><span style=\"font-weight: 400;\">Uncle Bills (UBL) cung c\u1ea5p h\u01a1n 1800 s\u1ea3n ph\u1ea9m ti\u00eau d\u00f9ng phi th\u01b0\u0323c ph\u00e2\u0309m h\u00e2\u0301p d\u00e2\u0303n, ti\u00ea\u0323n i\u0301ch, gia\u0301 ph\u1ea3i ch\u0103ng. S\u1ea3n ph\u1ea9m bao g\u1ed3m nhi\u1ec1u lo\u1ea1i ha\u0300ng ho\u0301a kh\u00e1c nhau, t\u1eeb \u0111\u1ed3 du\u0300ng nh\u00e0 b\u1ebfp, ch\u0103m s\u00f3c c\u00e1 nh\u00e2n, l\u00e0m s\u1ea1ch nha\u0300 c\u01b0\u0309a, \u0111\u00f4\u0300 l\u01b0u tr\u1eef, ca\u0301c loa\u0323i du\u0323ng cu\u0323, v\u00e2\u0323t du\u0323ng ngo\u00e0i tr\u1eddi v\u00e0 ca\u0309 cho tr\u1ebb em.\u00a0 UBL Lu\u00f4n lu\u00f4n c\u00e2\u0323p nh\u00e2\u0323t ca\u0301c sa\u0309n ph\u00e2\u0309m m\u01a1\u0301i.<\/span><\/p>\n<p><span style=\"font-weight: 400;\">S\u1ea3n ph\u1ea9m UBL \u0111\u01b0\u1ee3c s\u1ea3n xu\u1ea5t theo ti\u00eau chu\u1ea9n ch\u1ea5t l\u01b0\u1ee3ng nghi\u00eam ng\u1eb7t c\u1ee7a UBL Hongkong v\u00e0 b\u00e1n t\u1ea1i h\u01a1n 50 qu\u1ed1c gia v\u01a1\u0301i h\u01a1n 10.000 c\u1eeda h\u00e0ng, bao g\u1ed3m ch\u00e2u \u00c2u, \u00dac, Ch\u00e2u \u00c1, Ch\u00e2u Phi. S\u1ee9 m\u1ec7nh c\u1ee7a UBL l\u00e0 cung c\u1ea5p nh\u1eefng s\u1ea3n ph\u1ea9m ti\u1ec7n \u00edch v\u00e0 h\u1ea5p d\u1eabn cho ng\u00f4i nh\u00e0 hi\u1ec7n \u0111\u1ea1i c\u1ee7a ng\u01b0\u1eddi Vi\u1ec7t Nam.<\/span><\/p>\n<p><img fetchpriority=\"high\" decoding=\"async\" class=\"aligncenter\" src=\"https:\/\/cf.shopee.vn\/file\/f6797de1ee745a2dc0d45cb02727d617\" alt=\"T\u00fai \u0110\u1ef1ng R\u00e1c Th\u00fa C\u01b0ng T\u1ef1 Ph\u00e2n H\u1ee7y Uncle Bills PA3372 | Shopee Vi\u1ec7t Nam\" width=\"483\" height=\"483\" \/><\/p>\n<p><span style=\"font-weight: 400;\">\u0110\u1ed3 Ch\u01a1i Ph\u00e1t S\u00e1ng 6 Mi\u1ebfng Uncle Bills l\u00e0 m\u00f3n \u0111\u1ed3 ch\u01a1i m\u00e0 m\u1ecdi b\u00e9 trai v\u00e0 b\u00e9 g\u00e1i \u0111\u1ec1u th\u00edch.<\/span><span style=\"font-weight: 400;\">G\u1ed3m 6 ki\u1ec3u: m\u00e1y bay, \u0111\u0169a th\u1ea7n, xe h\u01a1i, \u0111\u0129a bay, b\u00e0n tay, ph\u1ec5u, c\u00e2y r\u00ecu th\u1ea7n.\u0110\u1ed3 ch\u01a1i ph\u00e1t s\u00e1ng trong b\u00f3ng \u0111\u00eam, d\u1ec5 d\u00e0ng s\u1eed d\u1ee5ng.<\/span><\/p>\n<p><span style=\"font-weight: 400;\">\u0110\u1ed3 Ch\u01a1i Ph\u00e1t S\u00e1ng 6 Mi\u1ebfng Uncle Bills<\/span><span style=\"font-weight: 400;\"> r\u1ea5t th\u00edch h\u1ee3p cho c\u00e1c bu\u1ed5i t\u1ed1i ch\u01a1i trong nh\u00e0 ho\u1eb7c ngo\u00e0i ph\u1ed1. Ba m\u1eb9 c\u00f3 th\u1ec3 s\u1eed d\u1ee5ng c\u00e1c s\u1ea3n ph\u1ea9m n\u00e0y \u0111\u1ec3 nh\u1eadn bi\u1ebft tr\u1ebb em khi \u0111i ch\u01a1i trong \u0111\u00eam t\u1ed1i.<\/span><\/p>\n<p><img decoding=\"async\" class=\"aligncenter\" src=\"https:\/\/havamall.vn\/wp-content\/uploads\/2021\/03\/aj0024_large.jpg\" alt=\"\u0110\u1ed3 Ch\u01a1i Ph\u00e1t S\u00e1ng 6 Mi\u1ebfng - Uncle Bills\" \/><\/p>\n<h4><strong>Th\u00f4ng tin s\u1ea3n ph\u1ea9m:<\/strong><\/h4>\n<p><span style=\"font-weight: 400;\">&#8211; C\u00f4ng d\u1ee5ng: \u0110\u1ed3 ch\u01a1i<\/span><\/p>\n<p><span style=\"font-weight: 400;\">&#8211; Th\u00e0nh ph\u1ea7n: Nh\u1ef1a<\/span><\/p>\n<p><span style=\"font-weight: 400;\">&#8211; Ch\u1ea5t li\u1ec7u an to\u00e0n cho tr\u1ebb<\/span><\/p>\n<p><span style=\"font-weight: 400;\">&#8211; S\u1ea3n ph\u1ea9m \u0111\u01b0\u1ee3c l\u00e0m t\u1eeb ch\u1ea5t ph\u00e1t s\u00e1ng \u0111\u01b0\u1ee3c b\u1ed9 y t\u1ebf cho ph\u00e9p s\u1eed d\u1ee5ng.<\/span><\/p>\n<p><span style=\"font-weight: 400;\">S\u1ea3n ph\u1ea9m hi\u1ec7n \u0111\u00e3 c\u00f3 m\u1eb7t t\u1ea1i Havamall.<\/span><\/p>","protected":false},"excerpt":{"rendered":"<p>Uncle Bills (UBL) cung c\u1ea5p h\u01a1n 1800 s\u1ea3n ph\u1ea9m ti\u00eau d\u00f9ng phi th\u01b0\u0323c ph\u00e2\u0309m h\u00e2\u0301p d\u00e2\u0303n, ti\u00ea\u0323n i\u0301ch, gia\u0301 ph\u1ea3i<\/p>","protected":false},"featured_media":18828,"comment_status":"open","ping_status":"closed","template":"","meta":[],"product_brand":[],"product_cat":[397,35],"product_tag":[],"class_list":{"0":"post-18827","1":"product","2":"type-product","3":"status-publish","4":"has-post-thumbnail","6":"product_cat-hang-me-be-do-choi","7":"product_cat-nha-cua-doi-song","8":"pa_brand-uncle-bills","10":"first","11":"instock","12":"sale","13":"shipping-taxable","14":"purchasable","15":"product-type-simple"},"_links":{"self":[{"href":"https:\/\/havamall.vn\/en\/wp-json\/wp\/v2\/product\/18827"}],"collection":[{"href":"https:\/\/havamall.vn\/en\/wp-json\/wp\/v2\/product"}],"about":[{"href":"https:\/\/havamall.vn\/en\/wp-json\/wp\/v2\/types\/product"}],"replies":[{"embeddable":true,"href":"https:\/\/havamall.vn\/en\/wp-json\/wp\/v2\/comments?post=18827"}],"version-history":[{"count":0,"href":"https:\/\/havamall.vn\/en\/wp-json\/wp\/v2\/product\/18827\/revisions"}],"wp:featuredmedia":[{"embeddable":true,"href":"https:\/\/havamall.vn\/en\/wp-json\/wp\/v2\/media\/18828"}],"wp:attachment":[{"href":"https:\/\/havamall.vn\/en\/wp-json\/wp\/v2\/media?parent=18827"}],"wp:term":[{"taxonomy":"product_brand","embeddable":true,"href":"https:\/\/havamall.vn\/en\/wp-json\/wp\/v2\/product_brand?post=18827"},{"taxonomy":"product_cat","embeddable":true,"href":"https:\/\/havamall.vn\/en\/wp-json\/wp\/v2\/product_cat?post=18827"},{"taxonomy":"product_tag","embeddable":true,"href":"https:\/\/havamall.vn\/en\/wp-json\/wp\/v2\/product_tag?post=18827"}],"curies":[{"name":"wp","href":"https:\/\/api.w.org\/{rel}","templated":true}]}}