{"id":18822,"date":"2021-03-12T11:56:55","date_gmt":"2021-03-12T04:56:55","guid":{"rendered":"https:\/\/havamall.vn\/?post_type=product&#038;p=18822"},"modified":"2021-03-16T11:53:37","modified_gmt":"2021-03-16T04:53:37","slug":"guong-soi-khong-bam-hoi-nuoc-uncle-bills","status":"publish","type":"product","link":"https:\/\/havamall.vn\/en\/shop\/guong-soi-khong-bam-hoi-nuoc-uncle-bills\/","title":{"rendered":"G\u01b0\u01a1ng Soi C\u00f3 Nam Ch\u00e2m Uncle Bills"},"content":{"rendered":"<p><span style=\"font-weight: 400\">Uncle Bills (UBL) cung c\u1ea5p h\u01a1n 1800 s\u1ea3n ph\u1ea9m ti\u00eau d\u00f9ng phi th\u01b0\u0323c ph\u00e2\u0309m h\u00e2\u0301p d\u00e2\u0303n, ti\u00ea\u0323n i\u0301ch, gia\u0301 ph\u1ea3i ch\u0103ng. S\u1ea3n ph\u1ea9m bao g\u1ed3m nhi\u1ec1u lo\u1ea1i ha\u0300ng ho\u0301a kh\u00e1c nhau, t\u1eeb \u0111\u1ed3 du\u0300ng nh\u00e0 b\u1ebfp, ch\u0103m s\u00f3c c\u00e1 nh\u00e2n, l\u00e0m s\u1ea1ch nha\u0300 c\u01b0\u0309a, \u0111\u00f4\u0300 l\u01b0u tr\u1eef, ca\u0301c loa\u0323i du\u0323ng cu\u0323, v\u00e2\u0323t du\u0323ng ngo\u00e0i tr\u1eddi v\u00e0 ca\u0309 cho tr\u1ebb em.\u00a0 UBL Lu\u00f4n lu\u00f4n c\u00e2\u0323p nh\u00e2\u0323t ca\u0301c sa\u0309n ph\u00e2\u0309m m\u01a1\u0301i.<\/span><\/p>\n<p><span style=\"font-weight: 400\">S\u1ea3n ph\u1ea9m UBL \u0111\u01b0\u1ee3c s\u1ea3n xu\u1ea5t theo ti\u00eau chu\u1ea9n ch\u1ea5t l\u01b0\u1ee3ng nghi\u00eam ng\u1eb7t c\u1ee7a UBL Hongkong v\u00e0 b\u00e1n t\u1ea1i h\u01a1n 50 qu\u1ed1c gia v\u01a1\u0301i h\u01a1n 10.000 c\u1eeda h\u00e0ng, bao g\u1ed3m ch\u00e2u \u00c2u, \u00dac, Ch\u00e2u \u00c1, Ch\u00e2u Phi. S\u1ee9 m\u1ec7nh c\u1ee7a UBL l\u00e0 cung c\u1ea5p nh\u1eefng s\u1ea3n ph\u1ea9m ti\u1ec7n \u00edch v\u00e0 h\u1ea5p d\u1eabn cho ng\u00f4i nh\u00e0 hi\u1ec7n \u0111\u1ea1i c\u1ee7a ng\u01b0\u1eddi Vi\u1ec7t Nam.<\/span><\/p>\n<p><img fetchpriority=\"high\" decoding=\"async\" class=\"aligncenter\" src=\"https:\/\/cf.shopee.vn\/file\/f6797de1ee745a2dc0d45cb02727d617\" alt=\"T\u00fai \u0110\u1ef1ng R\u00e1c Th\u00fa C\u01b0ng T\u1ef1 Ph\u00e2n H\u1ee7y Uncle Bills PA3372 | Shopee Vi\u1ec7t Nam\" width=\"531\" height=\"531\" \/><\/p>\n<p><span style=\"font-weight: 400\">V\u1edbi t\u00ednh n\u0103ng kh\u00f4ng b\u00e1m h\u01a1i n\u01b0\u1edbc, m\u1eb7t g\u01b0\u01a1ng lu\u00f4n lu\u00f4n s\u00e1ng r\u00f5, k\u00edch th\u01b0\u1edbc nh\u1ecf g\u1ecdn. G\u01b0\u01a1ng soi kh\u00f4ng b\u00e1m h\u01a1i n\u01b0\u1edbc UBL s\u1eed d\u1ee5ng t\u1ed1t m\u1ecdi l\u00fac m\u1ecdi n\u01a1i nh\u01b0 ph\u00f2ng t\u1eafm, ph\u00f2ng ng\u1ee7, mang theo khi \u0111i du l\u1ecbch.<\/span><\/p>\n<p><span style=\"font-weight: 400\">G\u01b0\u01a1ng soi kh\u00f4ng b\u00e1m h\u01a1i n\u01b0\u1edbc UBL ph\u00f9 h\u1ee3p s\u1eed d\u1ee5ng cho c\u1ea3 nam l\u1eabn n\u1eef d\u00f9ng\u00a0 khi trang \u0111i\u1ec3m, g\u1eafn len k\u00ednh \u00e1p tr\u00f2ng, d\u00f9ng nh\u00edp nh\u1ed5 ch\u00e2n m\u00e0y, c\u1ea1o r\u00e2u.\u00a0<\/span><\/p>\n<p><img decoding=\"async\" class=\"aligncenter\" src=\"http:\/\/img.websosanh.vn\/v2\/users\/root_product\/images\/guong-soi-khong-bam-hoi-nuoc\/mcdpys5phcc35.jpg\" alt=\"N\u01a1i b\u00e1n G\u01b0\u01a1ng soi kh\u00f4ng b\u00e1m h\u01a1i n\u01b0\u1edbc Uncle Bills BH0421 gi\u00e1 r\u1ebb nh\u1ea5t th\u00e1ng 03\/2021\" width=\"525\" height=\"466\" \/><\/p>\n<p><span style=\"font-weight: 400\">M\u1eb7t sau g\u01b0\u01a1ng c\u00f3 3 mi\u1ebfng d\u00e1n h\u00fat ch\u00e2n kh\u00f4ng, d\u1ec5 d\u00e0ng d\u00e1n v\u00e0o t\u01b0\u1eddng nh\u00e0 t\u1eafm, t\u1ee7 g\u1ed7 ho\u1eb7c nh\u1eefng n\u01a1i c\u00f3 d\u1ea1ng m\u1eb7t ph\u1eb3ng.<\/span><\/p>\n<p><span style=\"font-weight: 400\">G\u01b0\u01a1ng soi kh\u00f4ng b\u00e1m h\u01a1i n\u01b0\u1edbc UBL \u0111\u01b0\u1ee3c l\u00e0m t\u1eeb ch\u1ea5t li\u1ec7u nh\u1ef1a PS, PC, PVC v\u00e0 k\u00ednh, s\u1eed d\u1ee5ng b\u1ec1n kh\u00f4ng hoen g\u1ec9 khi s\u1eed d\u1ee5ng trong m\u00f4i tr\u01b0\u1eddng \u1ea9m \u01b0\u1edbt. L\u00fd t\u01b0\u1edfng soi khi trang \u0111i\u1ec3m, c\u1ea1o r\u00e2u, g\u1eafn k\u00ednh \u00e1p tr\u00f2ng, s\u1eed d\u1ee5ng nh\u00edp nh\u1ed5 ch\u00e2n m\u00e0y trong nh\u00e0 t\u1eafm.<\/span><\/p>\n<h4><strong>Th\u00f4ng tin s\u1ea3n ph\u1ea9m:<\/strong><\/h4>\n<p><span style=\"font-weight: 400\">\u2013 C\u00f4ng d\u1ee5ng: Ph\u1ee5 ki\u1ec7n trang \u0111i\u1ec3m<\/span><\/p>\n<p><span style=\"font-weight: 400\">\u2013 Th\u00e0nh ph\u1ea7n: Nh\u1ef1a PS<\/span><\/p>\n<p><span style=\"font-weight: 400\">\u2013 An to\u00e0n, kh\u00f4ng \u0111\u1ed9c h\u1ea1i<\/span><\/p>\n<p><span style=\"font-weight: 400\">\u2013 \u0110\u1ecbnh l\u01b0\u1ee3ng: 1 c\u00e1i\/b\u1ed9<\/span><\/p>\n<p><span style=\"font-weight: 400\">\u2013 B\u1ea3o qu\u1ea3n: N\u01a1i kh\u00f4 r\u00e1o, tr\u00e1nh va \u0111\u1eadp m\u1ea1nh<\/span><\/p>\n<p><span style=\"font-weight: 400\">S\u1ea3n ph\u1ea9m hi\u1ec7n \u0111\u00e3 c\u00f3 m\u1eb7t t\u1ea1i Havamall.<\/span><\/p>","protected":false},"excerpt":{"rendered":"<p>Uncle Bills (UBL) cung c\u1ea5p h\u01a1n 1800 s\u1ea3n ph\u1ea9m ti\u00eau d\u00f9ng phi th\u01b0\u0323c ph\u00e2\u0309m h\u00e2\u0301p d\u00e2\u0303n, ti\u00ea\u0323n i\u0301ch, gia\u0301 ph\u1ea3i<\/p>","protected":false},"featured_media":18823,"comment_status":"open","ping_status":"closed","template":"","meta":[],"product_brand":[],"product_cat":[396,35],"product_tag":[],"class_list":{"0":"post-18822","1":"product","2":"type-product","3":"status-publish","4":"has-post-thumbnail","6":"product_cat-suc-khoe-lam-dep","7":"product_cat-nha-cua-doi-song","8":"pa_brand-uncle-bills","10":"first","11":"instock","12":"sale","13":"shipping-taxable","14":"purchasable","15":"product-type-simple"},"_links":{"self":[{"href":"https:\/\/havamall.vn\/en\/wp-json\/wp\/v2\/product\/18822"}],"collection":[{"href":"https:\/\/havamall.vn\/en\/wp-json\/wp\/v2\/product"}],"about":[{"href":"https:\/\/havamall.vn\/en\/wp-json\/wp\/v2\/types\/product"}],"replies":[{"embeddable":true,"href":"https:\/\/havamall.vn\/en\/wp-json\/wp\/v2\/comments?post=18822"}],"version-history":[{"count":0,"href":"https:\/\/havamall.vn\/en\/wp-json\/wp\/v2\/product\/18822\/revisions"}],"wp:featuredmedia":[{"embeddable":true,"href":"https:\/\/havamall.vn\/en\/wp-json\/wp\/v2\/media\/18823"}],"wp:attachment":[{"href":"https:\/\/havamall.vn\/en\/wp-json\/wp\/v2\/media?parent=18822"}],"wp:term":[{"taxonomy":"product_brand","embeddable":true,"href":"https:\/\/havamall.vn\/en\/wp-json\/wp\/v2\/product_brand?post=18822"},{"taxonomy":"product_cat","embeddable":true,"href":"https:\/\/havamall.vn\/en\/wp-json\/wp\/v2\/product_cat?post=18822"},{"taxonomy":"product_tag","embeddable":true,"href":"https:\/\/havamall.vn\/en\/wp-json\/wp\/v2\/product_tag?post=18822"}],"curies":[{"name":"wp","href":"https:\/\/api.w.org\/{rel}","templated":true}]}}