{"id":18820,"date":"2021-03-12T11:40:34","date_gmt":"2021-03-12T04:40:34","guid":{"rendered":"https:\/\/havamall.vn\/?post_type=product&#038;p=18820"},"modified":"2021-04-28T15:31:15","modified_gmt":"2021-04-28T08:31:15","slug":"the-hanh-ly-thoi-trang-uncle-bills","status":"publish","type":"product","link":"https:\/\/havamall.vn\/en\/shop\/the-hanh-ly-thoi-trang-uncle-bills\/","title":{"rendered":"Th\u1ebb H\u00e0nh L\u00fd Th\u1eddi Trang Uncle Bills"},"content":{"rendered":"<p><span style=\"font-weight: 400\">Uncle Bills (UBL) cung c\u1ea5p h\u01a1n 1800 s\u1ea3n ph\u1ea9m ti\u00eau d\u00f9ng phi th\u01b0\u0323c ph\u00e2\u0309m h\u00e2\u0301p d\u00e2\u0303n, ti\u00ea\u0323n i\u0301ch, gia\u0301 ph\u1ea3i ch\u0103ng. S\u1ea3n ph\u1ea9m bao g\u1ed3m nhi\u1ec1u lo\u1ea1i ha\u0300ng ho\u0301a kh\u00e1c nhau, t\u1eeb \u0111\u1ed3 du\u0300ng nh\u00e0 b\u1ebfp, ch\u0103m s\u00f3c c\u00e1 nh\u00e2n, l\u00e0m s\u1ea1ch nha\u0300 c\u01b0\u0309a, \u0111\u00f4\u0300 l\u01b0u tr\u1eef, ca\u0301c loa\u0323i du\u0323ng cu\u0323, v\u00e2\u0323t du\u0323ng ngo\u00e0i tr\u1eddi v\u00e0 ca\u0309 cho tr\u1ebb em.\u00a0 UBL Lu\u00f4n lu\u00f4n c\u00e2\u0323p nh\u00e2\u0323t ca\u0301c sa\u0309n ph\u00e2\u0309m m\u01a1\u0301i.<\/span><\/p>\n<p><span style=\"font-weight: 400\">S\u1ea3n ph\u1ea9m UBL \u0111\u01b0\u1ee3c s\u1ea3n xu\u1ea5t theo ti\u00eau chu\u1ea9n ch\u1ea5t l\u01b0\u1ee3ng nghi\u00eam ng\u1eb7t c\u1ee7a UBL Hongkong v\u00e0 b\u00e1n t\u1ea1i h\u01a1n 50 qu\u1ed1c gia v\u01a1\u0301i h\u01a1n 10.000 c\u1eeda h\u00e0ng, bao g\u1ed3m ch\u00e2u \u00c2u, \u00dac, Ch\u00e2u \u00c1, Ch\u00e2u Phi. S\u1ee9 m\u1ec7nh c\u1ee7a UBL l\u00e0 cung c\u1ea5p nh\u1eefng s\u1ea3n ph\u1ea9m ti\u1ec7n \u00edch v\u00e0 h\u1ea5p d\u1eabn cho ng\u00f4i nh\u00e0 hi\u1ec7n \u0111\u1ea1i c\u1ee7a ng\u01b0\u1eddi Vi\u1ec7t Nam.<\/span><\/p>\n<p><img fetchpriority=\"high\" decoding=\"async\" class=\"aligncenter\" src=\"https:\/\/cf.shopee.vn\/file\/f6797de1ee745a2dc0d45cb02727d617\" alt=\"T\u00fai \u0110\u1ef1ng R\u00e1c Th\u00fa C\u01b0ng T\u1ef1 Ph\u00e2n H\u1ee7y Uncle Bills PA3372 | Shopee Vi\u1ec7t Nam\" width=\"552\" height=\"552\" \/><\/p>\n<p><span style=\"font-weight: 400\">Th\u1ebb h\u00e0nh l\u00fd Uncle Bills l\u00e0 s\u1ea3n ph\u1ea9m gi\u00fap cho b\u1ea1n d\u1ec5 d\u00e0ng x\u00e1c nh\u1eadn \u0111\u01b0\u1ee3c vali hay \u0111\u1ed3 d\u00f9ng, h\u00e0nh l\u00fd c\u00e1 nh\u00e2n c\u1ee7a m\u00ecnh trong v\u00f4 v\u00e0n nh\u1eefng h\u00e0nh l\u00fd c\u1ee7a nhi\u1ec1u ng\u01b0\u1eddi kh\u00e1c. \u0110\u1eb7c bi\u1ec7t, \u0111\u1ed1i v\u1edbi nh\u1eefng ng\u01b0\u1eddi hay ph\u1ea3i di chuy\u1ec3n b\u1eb1ng m\u00e1y bay, t\u00e0u xe,..s\u1ebd lu\u00f4n ph\u1ea3i trong t\u00ecnh tr\u1ea1ng k\u00fd g\u1eedi vali trong kho h\u00e0ng n\u00ean khi l\u1ea5y vali s\u1ebd r\u1ea5t m\u1ea5t th\u1eddi gian n\u1ebfu kh\u00f4ng c\u00f3 th\u1ebb \u0111eo h\u00e0nh l\u00fd n\u00e0y.<\/span><\/p>\n<p><img decoding=\"async\" class=\"aligncenter\" src=\"https:\/\/cf.shopee.vn\/file\/1070642c5269bbc2cfaf1bba397d4d08\" alt=\"Th\u1ebb H\u00e0nh L\u00fd Th\u1eddi Trang 2 Mi\u1ebfng UBL RG0085 gi\u1ea3m ch\u1ec9 c\u00f2n 87,000 \u0111\" width=\"568\" height=\"568\" \/><\/p>\n<h4><strong>C\u00e1c t\u00ednh n\u0103ng:<\/strong><\/h4>\n<p><span style=\"font-weight: 400\">&#8211; Th\u1ebb H\u00e0nh L\u00fd da \u0111\u01a1n gi\u1ea3n, ti\u1ec7n l\u1ee3i v\u00e0 thi\u1ebft th\u1ef1c.<\/span><\/p>\n<p><span style=\"font-weight: 400\">&#8211; Gi\u00fap b\u1ea1n nhanh ch\u00f3ng t\u00ecm th\u1ea5y h\u00e0nh l\u00fd c\u1ee7a m\u00ecnh trong r\u1ea5t nhi\u1ec1u h\u00e0nh l\u00fd khi \u0111i du l\u1ecbch ho\u1eb7c \u0111i c\u00f4ng t\u00e1c.<\/span><\/p>\n<p><span style=\"font-weight: 400\">&#8211; Kh\u00f4ng c\u1ea7n ph\u1ea3i lo l\u1eafng v\u1ec1 vi\u1ec7c nh\u1ea7m l\u1eabn c\u1ee7a ng\u01b0\u1eddi kh\u00e1c.<\/span><\/p>\n<p><span style=\"font-weight: 400\">&#8211; C\u00f3 m\u1ed9t t\u1edd gi\u1ea5y trong th\u1ebb \u0111\u1ec3 vi\u1ebft th\u00f4ng tin quan tr\u1ecdng c\u1ee7a b\u1ea1n, ch\u1ed1ng m\u1ea5t.<\/span><\/p>\n<p><span style=\"font-weight: 400\">&#8211; Khi b\u1ea1n v\u00f4 t\u00ecnh l\u00e0m r\u01a1i h\u00e0nh l\u00fd, Nh\u1eefng ng\u01b0\u1eddi kh\u00e1c c\u00f3 th\u1ec3 li\u00ean h\u1ec7 v\u1edbi b\u1ea1n theo th\u00f4ng tin tr\u00ean th\u1ebb.<\/span><\/p>\n<p><span style=\"font-weight: 400\">S\u1ea3n ph\u1ea9m hi\u1ec7n \u0111\u00e3 c\u00f3 m\u1eb7t t\u1ea1i Havamall.<\/span><\/p>","protected":false},"excerpt":{"rendered":"<p>Uncle Bills (UBL) cung c\u1ea5p h\u01a1n 1800 s\u1ea3n ph\u1ea9m ti\u00eau d\u00f9ng phi th\u01b0\u0323c ph\u00e2\u0309m h\u00e2\u0301p d\u00e2\u0303n, ti\u00ea\u0323n i\u0301ch, gia\u0301 ph\u1ea3i<\/p>","protected":false},"featured_media":19564,"comment_status":"open","ping_status":"closed","template":"","meta":[],"product_brand":[],"product_cat":[35],"product_tag":[],"class_list":{"0":"post-18820","1":"product","2":"type-product","3":"status-publish","4":"has-post-thumbnail","6":"product_cat-nha-cua-doi-song","7":"pa_brand-uncle-bills","9":"first","10":"instock","11":"sale","12":"shipping-taxable","13":"purchasable","14":"product-type-simple"},"_links":{"self":[{"href":"https:\/\/havamall.vn\/en\/wp-json\/wp\/v2\/product\/18820"}],"collection":[{"href":"https:\/\/havamall.vn\/en\/wp-json\/wp\/v2\/product"}],"about":[{"href":"https:\/\/havamall.vn\/en\/wp-json\/wp\/v2\/types\/product"}],"replies":[{"embeddable":true,"href":"https:\/\/havamall.vn\/en\/wp-json\/wp\/v2\/comments?post=18820"}],"version-history":[{"count":0,"href":"https:\/\/havamall.vn\/en\/wp-json\/wp\/v2\/product\/18820\/revisions"}],"wp:featuredmedia":[{"embeddable":true,"href":"https:\/\/havamall.vn\/en\/wp-json\/wp\/v2\/media\/19564"}],"wp:attachment":[{"href":"https:\/\/havamall.vn\/en\/wp-json\/wp\/v2\/media?parent=18820"}],"wp:term":[{"taxonomy":"product_brand","embeddable":true,"href":"https:\/\/havamall.vn\/en\/wp-json\/wp\/v2\/product_brand?post=18820"},{"taxonomy":"product_cat","embeddable":true,"href":"https:\/\/havamall.vn\/en\/wp-json\/wp\/v2\/product_cat?post=18820"},{"taxonomy":"product_tag","embeddable":true,"href":"https:\/\/havamall.vn\/en\/wp-json\/wp\/v2\/product_tag?post=18820"}],"curies":[{"name":"wp","href":"https:\/\/api.w.org\/{rel}","templated":true}]}}