{"id":18817,"date":"2021-03-12T11:17:59","date_gmt":"2021-03-12T04:17:59","guid":{"rendered":"https:\/\/havamall.vn\/?post_type=product&#038;p=18817"},"modified":"2021-10-26T17:02:15","modified_gmt":"2021-10-26T10:02:15","slug":"do-khui-hop-thong-minh-3-trong-1","status":"publish","type":"product","link":"https:\/\/havamall.vn\/en\/shop\/do-khui-hop-thong-minh-3-trong-1\/","title":{"rendered":"\u0110\u1ed3 Khui H\u1ed9p Th\u00f4ng Minh 3 Trong 1"},"content":{"rendered":"<p><span style=\"font-weight: 400\">Uncle Bills (UBL) cung c\u1ea5p h\u01a1n 1800 s\u1ea3n ph\u1ea9m ti\u00eau d\u00f9ng phi th\u01b0\u0323c ph\u00e2\u0309m h\u00e2\u0301p d\u00e2\u0303n, ti\u00ea\u0323n i\u0301ch, gia\u0301 ph\u1ea3i ch\u0103ng. S\u1ea3n ph\u1ea9m bao g\u1ed3m nhi\u1ec1u lo\u1ea1i ha\u0300ng ho\u0301a kh\u00e1c nhau, t\u1eeb \u0111\u1ed3 du\u0300ng nh\u00e0 b\u1ebfp, ch\u0103m s\u00f3c c\u00e1 nh\u00e2n, l\u00e0m s\u1ea1ch nha\u0300 c\u01b0\u0309a, \u0111\u00f4\u0300 l\u01b0u tr\u1eef, ca\u0301c loa\u0323i du\u0323ng cu\u0323, v\u00e2\u0323t du\u0323ng ngo\u00e0i tr\u1eddi v\u00e0 ca\u0309 cho tr\u1ebb em.\u00a0 UBL Lu\u00f4n lu\u00f4n c\u00e2\u0323p nh\u00e2\u0323t ca\u0301c sa\u0309n ph\u00e2\u0309m m\u01a1\u0301i.<\/span><\/p>\n<p><span style=\"font-weight: 400\">S\u1ea3n ph\u1ea9m UBL \u0111\u01b0\u1ee3c s\u1ea3n xu\u1ea5t theo ti\u00eau chu\u1ea9n ch\u1ea5t l\u01b0\u1ee3ng nghi\u00eam ng\u1eb7t c\u1ee7a UBL Hongkong v\u00e0 b\u00e1n t\u1ea1i h\u01a1n 50 qu\u1ed1c gia v\u01a1\u0301i h\u01a1n 10.000 c\u1eeda h\u00e0ng, bao g\u1ed3m ch\u00e2u \u00c2u, \u00dac, Ch\u00e2u \u00c1, Ch\u00e2u Phi. S\u1ee9 m\u1ec7nh c\u1ee7a UBL l\u00e0 cung c\u1ea5p nh\u1eefng s\u1ea3n ph\u1ea9m ti\u1ec7n \u00edch v\u00e0 h\u1ea5p d\u1eabn cho ng\u00f4i nh\u00e0 hi\u1ec7n \u0111\u1ea1i c\u1ee7a ng\u01b0\u1eddi Vi\u1ec7t Nam.<\/span><\/p>\n<p><img fetchpriority=\"high\" decoding=\"async\" class=\"aligncenter\" src=\"https:\/\/cf.shopee.vn\/file\/f6797de1ee745a2dc0d45cb02727d617\" alt=\"T\u00fai \u0110\u1ef1ng R\u00e1c Th\u00fa C\u01b0ng T\u1ef1 Ph\u00e2n H\u1ee7y Uncle Bills PA3372 | Shopee Vi\u1ec7t Nam\" width=\"527\" height=\"527\" \/><\/p>\n<p><span style=\"font-weight: 400\">\u0110\u1ed3 Khui H\u1ed9p Th\u00f4ng Minh 3 Trong 1 Uncle Bills l\u00e0 d\u1ee5ng c\u1ee5 gi\u00fap cho vi\u1ec7c khui c\u00e1c lo\u1ea1i th\u1ef1c ph\u1ea9m \u0111\u00f3ng h\u1ed9p, r\u01b0\u1ee3u\u2026m\u1ed9t c\u00e1ch d\u1ec5 d\u00e0ng v\u00e0 \u00edt t\u1ed1n s\u1ee9c h\u01a1n so v\u1edbi b\u00ecnh th\u01b0\u1eddng.<\/span><\/p>\n<p><span style=\"font-weight: 400\">\u0110\u1ed1i v\u1edbi khui n\u1eafp chai r\u01b0\u1ee3u, \u0110\u1ed3 Khui H\u1ed9p Th\u00f4ng Minh 3 Trong 1 Uncle Bills c\u0169ng r\u1ea5t d\u1ec5 s\u1eed d\u1ee5ng, b\u1ea1n ch\u1ec9 c\u1ea7n s\u1eed d\u1ee5ng hai ng\u00f3n tay \u0111\u1ec3 m\u1edf r\u01b0\u1ee3u, d\u00f9ng l\u1ef1c \u00edt h\u01a1n v\u00e0 \u0111\u1eb7c bi\u1ec7t kh\u00f4ng l\u00e0m h\u01b0 n\u1eafp chai.<\/span><\/p>\n<p><img decoding=\"async\" class=\"aligncenter\" src=\"https:\/\/havamall.vn\/wp-content\/uploads\/2021\/03\/a3c6529b6326fdbc3ee5394931a2dc09.jpg\" alt=\"\u0110\u1ed3 Khui H\u1ed9p Th\u00f4ng Minh 3 Trong 1 Uncle Bills KA0128 (New) | Tiki\" width=\"477\" height=\"477\" \/><\/p>\n<p><span style=\"font-weight: 400\">\u0110\u1ed3 khui \u0111\u01b0\u1ee3c l\u00e0m t\u1eeb ch\u1ea5t li\u1ec7u cao c\u1ea5p kh\u00f4ng g\u1ec9 s\u00e9t n\u00ean b\u1ea1n c\u00f3 th\u1ec3 v\u1ec7 sinh d\u1ec5 d\u00e0ng, r\u1ea5t an to\u00e0n khi s\u1eed d\u1ee5ng v\u00e0 tuy\u1ec7t \u0111\u1ed1i kh\u00f4ng l\u00e0m \u1ea3nh h\u01b0\u1edfng \u0111\u1ebfn th\u1ef1c ph\u1ea9m b\u00ean trong.<\/span><\/p>\n<p><span style=\"font-weight: 400\">Thi\u1ebft k\u1ebf c\u1ee7a \u0111\u1ed3 khui c\u00f3 l\u01b0\u1ee1i dao h\u00ecnh c\u1ea7u gi\u00fap bo tr\u00f2n tr\u00ean n\u1eafp h\u1ed9p \u0111\u1ec3 l\u01b0\u1ee1i dao b\u00e1m ch\u1eb7t v\u00e0o th\u00e0nh h\u1ed9p \u0111i s\u00e2u v\u00e0o b\u00ean trong v\u00e0 khui h\u1ed9p d\u1ec5 d\u00e0ng. B\u00e1nh r\u0103ng epicyclic gi\u00fap cho thao t\u00e1c tr\u1edf n\u00ean \u0111\u01a1n gi\u1ea3n v\u00e0 kh\u00f4ng m\u1ea5t s\u1ee9c v\u00e0 cho ra nh\u1eefng \u0111\u01b0\u1eddng c\u1eaft s\u1eafc n\u00e9t h\u01a1n tr\u00ean s\u1ea3n ph\u1ea9m.<\/span><\/p>\n<p><img decoding=\"async\" class=\"aligncenter\" src=\"https:\/\/cf.shopee.vn\/file\/52295d8d5eb08393afaacc1f023a5f04\" alt=\"\u0110\u1ed3 Khui H\u1ed9p Th\u00f4ng Minh 3 Trong 1 UBL KA0128 | Shopee Vi\u1ec7t Nam\" \/><\/p>\n<h4><strong>\u0110\u1eb7c \u0111i\u1ec3m n\u1ed5i b\u1eadt:<\/strong><\/h4>\n<p><span style=\"font-weight: 400\">&#8211; D\u1ec5 d\u00e0ng khui chai, h\u1ed9p,..<\/span><\/p>\n<p><span style=\"font-weight: 400\">&#8211; Thi\u1ebft k\u1ebf k\u1ebft h\u1ee3p ti\u1ec7n l\u1ee3i<\/span><\/p>\n<p><span style=\"font-weight: 400\">&#8211; Ch\u1ea5t li\u1ec7u cao c\u1ea5p<\/span><\/p>\n<p><span style=\"font-weight: 400\">S\u1ea3n ph\u1ea9m hi\u1ec7n \u0111\u00e3 c\u00f3 m\u1eb7t t\u1ea1i Havamall.<\/span><\/p>","protected":false},"excerpt":{"rendered":"<p>Uncle Bills (UBL) cung c\u1ea5p h\u01a1n 1800 s\u1ea3n ph\u1ea9m ti\u00eau d\u00f9ng phi th\u01b0\u0323c ph\u00e2\u0309m h\u00e2\u0301p d\u00e2\u0303n, ti\u00ea\u0323n i\u0301ch, gia\u0301 ph\u1ea3i<\/p>","protected":false},"featured_media":18818,"comment_status":"open","ping_status":"closed","template":"","meta":[],"product_brand":[],"product_cat":[393,35],"product_tag":[],"class_list":{"0":"post-18817","1":"product","2":"type-product","3":"status-publish","4":"has-post-thumbnail","6":"product_cat-bep-phong-an","7":"product_cat-nha-cua-doi-song","8":"pa_brand-uncle-bills","10":"first","11":"instock","12":"sale","13":"shipping-taxable","14":"purchasable","15":"product-type-simple"},"_links":{"self":[{"href":"https:\/\/havamall.vn\/en\/wp-json\/wp\/v2\/product\/18817"}],"collection":[{"href":"https:\/\/havamall.vn\/en\/wp-json\/wp\/v2\/product"}],"about":[{"href":"https:\/\/havamall.vn\/en\/wp-json\/wp\/v2\/types\/product"}],"replies":[{"embeddable":true,"href":"https:\/\/havamall.vn\/en\/wp-json\/wp\/v2\/comments?post=18817"}],"version-history":[{"count":0,"href":"https:\/\/havamall.vn\/en\/wp-json\/wp\/v2\/product\/18817\/revisions"}],"wp:featuredmedia":[{"embeddable":true,"href":"https:\/\/havamall.vn\/en\/wp-json\/wp\/v2\/media\/18818"}],"wp:attachment":[{"href":"https:\/\/havamall.vn\/en\/wp-json\/wp\/v2\/media?parent=18817"}],"wp:term":[{"taxonomy":"product_brand","embeddable":true,"href":"https:\/\/havamall.vn\/en\/wp-json\/wp\/v2\/product_brand?post=18817"},{"taxonomy":"product_cat","embeddable":true,"href":"https:\/\/havamall.vn\/en\/wp-json\/wp\/v2\/product_cat?post=18817"},{"taxonomy":"product_tag","embeddable":true,"href":"https:\/\/havamall.vn\/en\/wp-json\/wp\/v2\/product_tag?post=18817"}],"curies":[{"name":"wp","href":"https:\/\/api.w.org\/{rel}","templated":true}]}}