{"id":18814,"date":"2021-03-12T10:57:47","date_gmt":"2021-03-12T03:57:47","guid":{"rendered":"https:\/\/havamall.vn\/?post_type=product&#038;p=18814"},"modified":"2021-03-19T11:31:05","modified_gmt":"2021-03-19T04:31:05","slug":"yo-yo-co-giay-niu-mau-don-uncle-bills","status":"publish","type":"product","link":"https:\/\/havamall.vn\/en\/shop\/yo-yo-co-giay-niu-mau-don-uncle-bills\/","title":{"rendered":"Yo-Yo C\u00f3 Gi\u00e2y N\u00edu M\u00e0u \u0110\u01a1n Uncle Bills"},"content":{"rendered":"<p><span style=\"font-weight: 400\">Uncle Bills (UBL) cung c\u1ea5p h\u01a1n 1800 s\u1ea3n ph\u1ea9m ti\u00eau d\u00f9ng phi th\u01b0\u0323c ph\u00e2\u0309m h\u00e2\u0301p d\u00e2\u0303n, ti\u00ea\u0323n i\u0301ch, gia\u0301 ph\u1ea3i ch\u0103ng. S\u1ea3n ph\u1ea9m bao g\u1ed3m nhi\u1ec1u lo\u1ea1i ha\u0300ng ho\u0301a kh\u00e1c nhau, t\u1eeb \u0111\u1ed3 du\u0300ng nh\u00e0 b\u1ebfp, ch\u0103m s\u00f3c c\u00e1 nh\u00e2n, l\u00e0m s\u1ea1ch nha\u0300 c\u01b0\u0309a, \u0111\u00f4\u0300 l\u01b0u tr\u1eef, ca\u0301c loa\u0323i du\u0323ng cu\u0323, v\u00e2\u0323t du\u0323ng ngo\u00e0i tr\u1eddi v\u00e0 ca\u0309 cho tr\u1ebb em.\u00a0 UBL Lu\u00f4n lu\u00f4n c\u00e2\u0323p nh\u00e2\u0323t ca\u0301c sa\u0309n ph\u00e2\u0309m m\u01a1\u0301i.<\/span><\/p>\n<p><span style=\"font-weight: 400\">S\u1ea3n ph\u1ea9m UBL \u0111\u01b0\u1ee3c s\u1ea3n xu\u1ea5t theo ti\u00eau chu\u1ea9n ch\u1ea5t l\u01b0\u1ee3ng nghi\u00eam ng\u1eb7t c\u1ee7a UBL Hongkong v\u00e0 b\u00e1n t\u1ea1i h\u01a1n 50 qu\u1ed1c gia v\u01a1\u0301i h\u01a1n 10.000 c\u1eeda h\u00e0ng, bao g\u1ed3m ch\u00e2u \u00c2u, \u00dac, Ch\u00e2u \u00c1, Ch\u00e2u Phi. S\u1ee9 m\u1ec7nh c\u1ee7a UBL l\u00e0 cung c\u1ea5p nh\u1eefng s\u1ea3n ph\u1ea9m ti\u1ec7n \u00edch v\u00e0 h\u1ea5p d\u1eabn cho ng\u00f4i nh\u00e0 hi\u1ec7n \u0111\u1ea1i c\u1ee7a ng\u01b0\u1eddi Vi\u1ec7t Nam.<\/span><\/p>\n<p><img fetchpriority=\"high\" decoding=\"async\" class=\"aligncenter\" src=\"https:\/\/cf.shopee.vn\/file\/f6797de1ee745a2dc0d45cb02727d617\" alt=\"T\u00fai \u0110\u1ef1ng R\u00e1c Th\u00fa C\u01b0ng T\u1ef1 Ph\u00e2n H\u1ee7y Uncle Bills PA3372 | Shopee Vi\u1ec7t Nam\" width=\"478\" height=\"478\" \/><\/p>\n<p><span style=\"font-weight: 400\">\u0110\u1ed3 Ch\u01a1i Yo Yo Uncle Bills\u00a0 mang \u0111\u1ebfn c\u1ea3m gi\u00e1c &#8220;v\u1eeba l\u00f2ng&#8221; cho b\u1ea5t k\u1ef3 ai k\u1ebft duy\u00ean v\u1edbi m\u00f4n th\u1ec3 thao ngh\u1ec7 thu\u1eadt Yo-yo. V\u00f2ng quay b\u1eb1ng nh\u1ef1a gi\u00fap yoyo k\u00e9o d\u00e0i th\u1eddi gian quay, c\u1ee7ng c\u1ed1 s\u1ef1 v\u1eefng ch\u1eafc khi quay. Kho\u1ea3ng c\u00e1ch hai n\u1eafp r\u1ed9ng cho ph\u00e9p ng\u01b0\u1eddi ch\u01a1i d\u1ec5 d\u00e0ng b\u1eaft \u0111\u01b0\u1ee3c yoyo tr\u00ean s\u1ee3i d\u00e2y.<\/span><\/p>\n<p><span style=\"font-weight: 400\">B\u1ec1 m\u1eb7t yoyo b\u1ec1n \u0111\u1eb9p v\u00e0 s\u00e1ng b\u00f3ng. D\u00e2y l\u00e0m t\u1eeb ch\u1ea5t li\u1ec7u nylon c\u00f3 \u0111\u1ed9 d\u1ebbo dai, \u0111\u00e0n h\u1ed3i t\u1ed1t, kh\u00f4ng d\u1ec5 b\u1ecb m\u00e0i m\u00f2n<\/span><\/p>\n<p><img decoding=\"async\" class=\"aligncenter\" src=\"https:\/\/havamall.vn\/wp-content\/uploads\/2021\/03\/tm0192-2_1cd41a89-013a-45e7-4ed8-2952e329ca70_bb316b4b-1cc6-4778-4446-ed7c24718c01_large.jpg\" alt=\"Yo-Yo C\u00f3 Gi\u00e2y N\u00edu M\u00e0u \u0110\u01a1n - Uncle Bills\" \/><\/p>\n<p><span style=\"font-weight: 400\">\u0110\u00e2y l\u00e0 b\u1ed9 m\u00f4n th\u1ec3 thao ngh\u1ec7 thu\u1eadt gi\u00fap thu h\u00fat s\u1ef1 ch\u00fa \u00fd c\u1ee7a tr\u1ebb v\u00e0 n\u00e2ng cao ki\u1ebfn th\u1ee9c cho tr\u1ebb. C\u00e1ch s\u1eed d\u1ee5ng th\u00ec c\u00f4 c\u00f9ng \u0111\u01a1n gi\u1ea3n nh\u01b0ng mang \u0111\u1ebfn s\u1ef1 th\u00fa v\u1ecb cho b\u00e9. S\u1ebd c\u00f3 m\u1ed9t s\u1ee3i d\u00e2y g\u1eafn bu\u1ed9c quanh tr\u1ee5c tr\u00f2n c\u1ee7a Yoyo, m\u1ed9t tay b\u00e9 s\u1ebd k\u1eb9p \u0111\u1ea7u s\u1ee3i d\u00e2y c\u1ed1 \u0111\u1ecbnh v\u00e0 tung Yoyo r\u01a1i xu\u1ed1ng ho\u1eb7c v\u1ec1 ph\u00eda tr\u01b0\u1edbc. Sau \u0111\u00f3 th\u1eadt nhanh ch\u00f3ng b\u00e9 thu tay l\u1ea1i v\u00e0 k\u00e9o Yoyo v\u1ec1 quay v\u1ec1 tay m\u00ecnh.<\/span><\/p>\n<p><img decoding=\"async\" class=\"aligncenter\" src=\"https:\/\/cf.shopee.vn\/file\/0e9aa94e3738317474f36d5786eaba1e\" alt=\"Shopee Vi\u1ec7t Nam | Mua v\u00e0 B\u00e1n Tr\u00ean \u1ee8ng D\u1ee5ng Di \u0110\u1ed9ng Ho\u1eb7c Website\" width=\"478\" height=\"478\" \/><\/p>\n<p><span style=\"font-weight: 400\">Ngo\u00e0i l\u1ee3i \u00edch r\u00e8n luy\u1ec7n kh\u1ea3 n\u0103ng kh\u00e9o l\u00e9o, k\u1ef9 n\u0103ng ph\u1ed1i h\u1ee3p tay v\u00e0 m\u1eaft cho b\u00e9, tr\u00f2 ch\u01a1i c\u0169ng gi\u00fap cho b\u00e9 r\u00e8n luy\u1ec7n s\u1ef1 ki\u00ean tr\u00ec h\u01a1n trong qu\u00e1 tr\u00ecnh luy\u1ec7n t\u1eadp.<\/span><\/p>\n<p><span style=\"font-weight: 400\">S\u1ea3n ph\u1ea9m hi\u1ec7n \u0111\u00e3 c\u00f3 m\u1eb7t t\u1ea1i Havamall.<\/span><\/p>","protected":false},"excerpt":{"rendered":"<p>Uncle Bills (UBL) cung c\u1ea5p h\u01a1n 1800 s\u1ea3n ph\u1ea9m ti\u00eau d\u00f9ng phi th\u01b0\u0323c ph\u00e2\u0309m h\u00e2\u0301p d\u00e2\u0303n, ti\u00ea\u0323n i\u0301ch, gia\u0301 ph\u1ea3i<\/p>","protected":false},"featured_media":18815,"comment_status":"open","ping_status":"closed","template":"","meta":[],"product_brand":[],"product_cat":[397,35],"product_tag":[],"class_list":{"0":"post-18814","1":"product","2":"type-product","3":"status-publish","4":"has-post-thumbnail","6":"product_cat-hang-me-be-do-choi","7":"product_cat-nha-cua-doi-song","8":"pa_brand-uncle-bills","10":"first","11":"instock","12":"sale","13":"shipping-taxable","14":"purchasable","15":"product-type-simple"},"_links":{"self":[{"href":"https:\/\/havamall.vn\/en\/wp-json\/wp\/v2\/product\/18814"}],"collection":[{"href":"https:\/\/havamall.vn\/en\/wp-json\/wp\/v2\/product"}],"about":[{"href":"https:\/\/havamall.vn\/en\/wp-json\/wp\/v2\/types\/product"}],"replies":[{"embeddable":true,"href":"https:\/\/havamall.vn\/en\/wp-json\/wp\/v2\/comments?post=18814"}],"version-history":[{"count":0,"href":"https:\/\/havamall.vn\/en\/wp-json\/wp\/v2\/product\/18814\/revisions"}],"wp:featuredmedia":[{"embeddable":true,"href":"https:\/\/havamall.vn\/en\/wp-json\/wp\/v2\/media\/18815"}],"wp:attachment":[{"href":"https:\/\/havamall.vn\/en\/wp-json\/wp\/v2\/media?parent=18814"}],"wp:term":[{"taxonomy":"product_brand","embeddable":true,"href":"https:\/\/havamall.vn\/en\/wp-json\/wp\/v2\/product_brand?post=18814"},{"taxonomy":"product_cat","embeddable":true,"href":"https:\/\/havamall.vn\/en\/wp-json\/wp\/v2\/product_cat?post=18814"},{"taxonomy":"product_tag","embeddable":true,"href":"https:\/\/havamall.vn\/en\/wp-json\/wp\/v2\/product_tag?post=18814"}],"curies":[{"name":"wp","href":"https:\/\/api.w.org\/{rel}","templated":true}]}}