{"id":18810,"date":"2021-03-12T10:32:27","date_gmt":"2021-03-12T03:32:27","guid":{"rendered":"https:\/\/havamall.vn\/?post_type=product&#038;p=18810"},"modified":"2021-03-18T11:36:42","modified_gmt":"2021-03-18T04:36:42","slug":"chai-thuy-tinh-dung-thu-uncle-bills","status":"publish","type":"product","link":"https:\/\/havamall.vn\/en\/shop\/chai-thuy-tinh-dung-thu-uncle-bills\/","title":{"rendered":"Chai Th\u1ee7y Tinh \u0110\u1ef1ng Th\u01b0 Uncle Bills"},"content":{"rendered":"<p><span style=\"font-weight: 400\">Uncle Bills (UBL) cung c\u1ea5p h\u01a1n 1800 s\u1ea3n ph\u1ea9m ti\u00eau d\u00f9ng phi th\u01b0\u0323c ph\u00e2\u0309m h\u00e2\u0301p d\u00e2\u0303n, ti\u00ea\u0323n i\u0301ch, gia\u0301 ph\u1ea3i ch\u0103ng. S\u1ea3n ph\u1ea9m bao g\u1ed3m nhi\u1ec1u lo\u1ea1i ha\u0300ng ho\u0301a kh\u00e1c nhau, t\u1eeb \u0111\u1ed3 du\u0300ng nh\u00e0 b\u1ebfp, ch\u0103m s\u00f3c c\u00e1 nh\u00e2n, l\u00e0m s\u1ea1ch nha\u0300 c\u01b0\u0309a, \u0111\u00f4\u0300 l\u01b0u tr\u1eef, ca\u0301c loa\u0323i du\u0323ng cu\u0323, v\u00e2\u0323t du\u0323ng ngo\u00e0i tr\u1eddi v\u00e0 ca\u0309 cho tr\u1ebb em.\u00a0 UBL Lu\u00f4n lu\u00f4n c\u00e2\u0323p nh\u00e2\u0323t ca\u0301c sa\u0309n ph\u00e2\u0309m m\u01a1\u0301i.<\/span><\/p>\n<p><span style=\"font-weight: 400\">S\u1ea3n ph\u1ea9m UBL \u0111\u01b0\u1ee3c s\u1ea3n xu\u1ea5t theo ti\u00eau chu\u1ea9n ch\u1ea5t l\u01b0\u1ee3ng nghi\u00eam ng\u1eb7t c\u1ee7a UBL Hongkong v\u00e0 b\u00e1n t\u1ea1i h\u01a1n 50 qu\u1ed1c gia v\u01a1\u0301i h\u01a1n 10.000 c\u1eeda h\u00e0ng, bao g\u1ed3m ch\u00e2u \u00c2u, \u00dac, Ch\u00e2u \u00c1, Ch\u00e2u Phi. S\u1ee9 m\u1ec7nh c\u1ee7a UBL l\u00e0 cung c\u1ea5p nh\u1eefng s\u1ea3n ph\u1ea9m ti\u1ec7n \u00edch v\u00e0 h\u1ea5p d\u1eabn cho ng\u00f4i nh\u00e0 hi\u1ec7n \u0111\u1ea1i c\u1ee7a ng\u01b0\u1eddi Vi\u1ec7t Nam.<\/span><\/p>\n<p><img fetchpriority=\"high\" decoding=\"async\" class=\"aligncenter\" src=\"https:\/\/cf.shopee.vn\/file\/f6797de1ee745a2dc0d45cb02727d617\" alt=\"T\u00fai \u0110\u1ef1ng R\u00e1c Th\u00fa C\u01b0ng T\u1ef1 Ph\u00e2n H\u1ee7y Uncle Bills PA3372 | Shopee Vi\u1ec7t Nam\" width=\"543\" height=\"543\" \/><\/p>\n<p><span style=\"font-weight: 400\">Chai th\u1ee7y tinh UBL v\u1edbi thi\u1ebft k\u1ebf \u0111\u1ed9c \u0111\u00e1o, th\u00edch h\u1ee3p \u0111\u1ec3 \u0111\u1ef1ng nh\u1eefng l\u1eddi nh\u1eafn d\u1ec5 th\u01b0\u01a1ng d\u00e0nh cho b\u1ea1n b\u00e8, ho\u1eb7c \u0111\u1ef1ng \u0111i\u1ec1u \u01b0\u1edbc, ng\u00f4i sao, h\u1ea1c,\u2026<\/span><\/p>\n<p><span style=\"font-weight: 400\">Ngo\u00e0i ra, ch\u1ea5t th\u1ee7y tinh trong su\u1ed1t Uncle Bills s\u1ebd l\u00e0m cho nh\u1eefng v\u1eadt \u0111\u1ef1ng b\u00ean trong chai tr\u1edf n\u00ean lung linh v\u00e0 h\u1ea5p d\u1eabn h\u01a1n bao gi\u1edd h\u1ebft. B\u1ea1n c\u00f3 th\u1ec3 d\u00f9ng ch\u00fang \u0111\u1ec3 trang tr\u00ed b\u00e0n h\u1ecdc, ph\u00f2ng b\u1ebfp, t\u1ee7 k\u00ednh,\u2026hay l\u00e0m qu\u00e0 t\u1eb7ng b\u1ea1n \u0111\u1ec1u r\u1ea5t sang v\u00e0 \u0111\u1eb9p.<\/span><\/p>\n<p><img decoding=\"async\" class=\"aligncenter\" src=\"https:\/\/havamall.vn\/wp-content\/uploads\/2021\/03\/ya0025_grande.jpg\" alt=\"Chai th\u1ee7y tinh - Uncle Bills\" width=\"546\" height=\"546\" \/><\/p>\n<p><span style=\"font-weight: 400\">Chai Th\u1ee7y Tinh \u0110\u1ef1ng Th\u01b0 Uncle Bills v\u1edbi thi\u1ebft k\u1ebf d\u1ec5 th\u01b0\u01a1ng, <\/span><span style=\"font-weight: 400\">H\u1ed9p c\u00f3 m\u00e0u trong su\u1ed1t, d\u00e2y c\u1ed1i bu\u1ed9c \u0111\u1eb9p m\u1eaft. <\/span><span style=\"font-weight: 400\">Ch\u1ea5t li\u1ec7u cao c\u1ea5p, m\u00e0u s\u1eafc sinh \u0111\u1ed9ng, ph\u00f9 h\u1ee3p v\u1edbi kh\u00f4ng gian ti\u1ec7c gi\u00e1ng sinh.<\/span><\/p>\n<p><img decoding=\"async\" class=\"aligncenter\" src=\"https:\/\/havamall.vn\/wp-content\/uploads\/2021\/03\/starfish-beach-wedding-bottle-invitations.jpg\" alt=\"Watercolor Starfish Beach Bottle Wedding Invitations | Mospens Studio\" width=\"543\" height=\"576\" \/><\/p>\n<h4><strong>\u0110\u1eb7c \u0111i\u1ec3m n\u1ed5i b\u1eadt:<\/strong><\/h4>\n<p><span style=\"font-weight: 400\">&#8211; K\u00edch th\u01b0\u1edbc chai: \u0111\u01b0\u1eddng k\u00ednh 3.7, c\u1ed5 chai \u0111\u01b0\u1eddng k\u00ednh 2.6cm.<\/span><\/p>\n<p><span style=\"font-weight: 400\">&#8211; Thi\u1ebft k\u1ebf d\u1ec5 th\u01b0\u01a1ng, m\u00e0u s\u1eafc sinh \u0111\u1ed9ng<\/span><\/p>\n<p><span style=\"font-weight: 400\">&#8211; Th\u00edch h\u1ee3p trong c\u00e1c bu\u1ed5i ti\u1ec7c gi\u00e1ng sinh, t\u0103ng th\u00eam kh\u00f4ng kh\u00ed trang ho\u00e0ng cho bu\u1ed5i ti\u1ec7c.<\/span><\/p>\n<p><span style=\"font-weight: 400\">&#8211; L\u00e0m b\u1eb1ng ch\u1ea5t li\u1ec7u kh\u00f4ng \u0111\u1ed9c h\u1ea1i, an to\u00e0n v\u1edbi ng\u01b0\u1eddi s\u1eed d\u1ee5ng<\/span><\/p>\n<p><span style=\"font-weight: 400\">S\u1ea3n ph\u1ea9m hi\u1ec7n \u0111\u00e3 c\u00f3 m\u1eb7t t\u1ea1i Havamall.<\/span><\/p>","protected":false},"excerpt":{"rendered":"<p>Uncle Bills (UBL) cung c\u1ea5p h\u01a1n 1800 s\u1ea3n ph\u1ea9m ti\u00eau d\u00f9ng phi th\u01b0\u0323c ph\u00e2\u0309m h\u00e2\u0301p d\u00e2\u0303n, ti\u00ea\u0323n i\u0301ch, gia\u0301 ph\u1ea3i<\/p>","protected":false},"featured_media":18811,"comment_status":"open","ping_status":"closed","template":"","meta":[],"product_brand":[],"product_cat":[394,35],"product_tag":[],"class_list":{"0":"post-18810","1":"product","2":"type-product","3":"status-publish","4":"has-post-thumbnail","6":"product_cat-trang-tri-nha-cua","7":"product_cat-nha-cua-doi-song","8":"pa_brand-uncle-bills","10":"first","11":"instock","12":"sale","13":"shipping-taxable","14":"purchasable","15":"product-type-simple"},"_links":{"self":[{"href":"https:\/\/havamall.vn\/en\/wp-json\/wp\/v2\/product\/18810"}],"collection":[{"href":"https:\/\/havamall.vn\/en\/wp-json\/wp\/v2\/product"}],"about":[{"href":"https:\/\/havamall.vn\/en\/wp-json\/wp\/v2\/types\/product"}],"replies":[{"embeddable":true,"href":"https:\/\/havamall.vn\/en\/wp-json\/wp\/v2\/comments?post=18810"}],"version-history":[{"count":0,"href":"https:\/\/havamall.vn\/en\/wp-json\/wp\/v2\/product\/18810\/revisions"}],"wp:featuredmedia":[{"embeddable":true,"href":"https:\/\/havamall.vn\/en\/wp-json\/wp\/v2\/media\/18811"}],"wp:attachment":[{"href":"https:\/\/havamall.vn\/en\/wp-json\/wp\/v2\/media?parent=18810"}],"wp:term":[{"taxonomy":"product_brand","embeddable":true,"href":"https:\/\/havamall.vn\/en\/wp-json\/wp\/v2\/product_brand?post=18810"},{"taxonomy":"product_cat","embeddable":true,"href":"https:\/\/havamall.vn\/en\/wp-json\/wp\/v2\/product_cat?post=18810"},{"taxonomy":"product_tag","embeddable":true,"href":"https:\/\/havamall.vn\/en\/wp-json\/wp\/v2\/product_tag?post=18810"}],"curies":[{"name":"wp","href":"https:\/\/api.w.org\/{rel}","templated":true}]}}