{"id":18807,"date":"2021-03-12T10:15:54","date_gmt":"2021-03-12T03:15:54","guid":{"rendered":"https:\/\/havamall.vn\/?post_type=product&#038;p=18807"},"modified":"2022-05-10T09:52:00","modified_gmt":"2022-05-10T02:52:00","slug":"dong-ho-dien-tu-canh-thoi-gian-che-bien-thuc-pham-co-nam-cham-uncle-bills","status":"publish","type":"product","link":"https:\/\/havamall.vn\/en\/shop\/dong-ho-dien-tu-canh-thoi-gian-che-bien-thuc-pham-co-nam-cham-uncle-bills\/","title":{"rendered":"\u0110\u1ed3ng H\u1ed3 \u0110i\u1ec7n T\u1eed Canh Th\u1eddi Gian Ch\u1ebf Bi\u1ebfn Th\u1ef1c Ph\u1ea9m C\u00f3 Nam Ch\u00e2m Uncle Bills"},"content":{"rendered":"<p><span style=\"font-weight: 400\">Uncle Bills (UBL) cung c\u1ea5p h\u01a1n 1800 s\u1ea3n ph\u1ea9m ti\u00eau d\u00f9ng phi th\u01b0\u0323c ph\u00e2\u0309m h\u00e2\u0301p d\u00e2\u0303n, ti\u00ea\u0323n i\u0301ch, gia\u0301 ph\u1ea3i ch\u0103ng. S\u1ea3n ph\u1ea9m bao g\u1ed3m nhi\u1ec1u lo\u1ea1i ha\u0300ng ho\u0301a kh\u00e1c nhau, t\u1eeb \u0111\u1ed3 du\u0300ng nh\u00e0 b\u1ebfp, ch\u0103m s\u00f3c c\u00e1 nh\u00e2n, l\u00e0m s\u1ea1ch nha\u0300 c\u01b0\u0309a, \u0111\u00f4\u0300 l\u01b0u tr\u1eef, ca\u0301c loa\u0323i du\u0323ng cu\u0323, v\u00e2\u0323t du\u0323ng ngo\u00e0i tr\u1eddi v\u00e0 ca\u0309 cho tr\u1ebb em.\u00a0 UBL Lu\u00f4n lu\u00f4n c\u00e2\u0323p nh\u00e2\u0323t ca\u0301c sa\u0309n ph\u00e2\u0309m m\u01a1\u0301i.<\/span><\/p>\n<p><span style=\"font-weight: 400\">S\u1ea3n ph\u1ea9m UBL \u0111\u01b0\u1ee3c s\u1ea3n xu\u1ea5t theo ti\u00eau chu\u1ea9n ch\u1ea5t l\u01b0\u1ee3ng nghi\u00eam ng\u1eb7t c\u1ee7a UBL Hongkong v\u00e0 b\u00e1n t\u1ea1i h\u01a1n 50 qu\u1ed1c gia v\u01a1\u0301i h\u01a1n 10.000 c\u1eeda h\u00e0ng, bao g\u1ed3m ch\u00e2u \u00c2u, \u00dac, Ch\u00e2u \u00c1, Ch\u00e2u Phi. S\u1ee9 m\u1ec7nh c\u1ee7a UBL l\u00e0 cung c\u1ea5p nh\u1eefng s\u1ea3n ph\u1ea9m ti\u1ec7n \u00edch v\u00e0 h\u1ea5p d\u1eabn cho ng\u00f4i nh\u00e0 hi\u1ec7n \u0111\u1ea1i c\u1ee7a ng\u01b0\u1eddi Vi\u1ec7t Nam.<\/span><\/p>\n<p><img fetchpriority=\"high\" decoding=\"async\" class=\"aligncenter\" src=\"https:\/\/cf.shopee.vn\/file\/f6797de1ee745a2dc0d45cb02727d617\" alt=\"T\u00fai \u0110\u1ef1ng R\u00e1c Th\u00fa C\u01b0ng T\u1ef1 Ph\u00e2n H\u1ee7y Uncle Bills PA3372 | Shopee Vi\u1ec7t Nam\" width=\"509\" height=\"509\" \/><\/p>\n<p><span style=\"font-weight: 400\">Nh\u1eefng m\u00f3n \u0111\u1ed3 \u0103n t\u1ed1n nhi\u1ec1u th\u1eddi gian ch\u1ebf bi\u1ebfn th\u01b0\u1eddng khi\u1ebfn b\u1ea1n m\u1ec7t m\u1ecfi v\u1edbi vi\u1ec7c canh th\u1eddi gian ch\u00ednh x\u00e1c \u0111\u1ec3 m\u00f3n \u0103n v\u1eeba ch\u00edn v\u1eeba t\u1edbi, gi\u1eef nguy\u00ean v\u1ecb ngon c\u1ee7a m\u00f3n \u0103n. <\/span><span style=\"font-weight: 400\">\u0110\u1ed3ng H\u1ed3 \u0110i\u1ec7n T\u1eed Canh Th\u1eddi Gian Ch\u1ebf Bi\u1ebfn Th\u1ef1c Ph\u1ea9m C\u00f3 Nam Ch\u00e2m Uncle Bills s\u1ebd gi\u00fap cho vi\u1ec7c canh th\u1eddi gian ch\u00ednh x\u00e1c \u0111\u1ec3 m\u00f3n \u0103n v\u1eeba ch\u00edn t\u1edbi, gi\u1eef nguy\u00ean v\u1ecb ngon cho m\u00f3n \u0103n. \u0110\u1ed3ng h\u1ed3 \u0111i\u1ec7n t\u1eed canh th\u1eddi gian ch\u1ebf bi\u1ebfn th\u1ef1c ph\u1ea9m c\u00f3 nam ch\u00e2m l\u00e0 s\u1ef1 l\u1ef1a ch\u1ecdn ho\u00e0n h\u1ea3o d\u00e0nh cho ng\u01b0\u1eddi n\u1ed9i tr\u1ee3 th\u00f4ng minh.<\/span><\/p>\n<p><img decoding=\"async\" class=\"aligncenter\" src=\"https:\/\/cf.shopee.vn\/file\/62e31f21160e59418793cddc7000548c\" alt=\"\u0110\u1ed3ng h\u1ed3 \u0111i\u1ec7n t\u1eed canh th\u1eddi gian ch\u1ebf bi\u1ebfn th\u1ef1c ph\u1ea9m Uncle Bill KA0188, Gi\u00e1 th\u00e1ng 12\/2020\" width=\"502\" height=\"502\" \/><\/p>\n<p><span style=\"font-weight: 400\">B\u1ea1n s\u1ebd y\u00ean t\u00e2m \u0111\u1eb7t ch\u1ebf \u0111\u1ed9 n\u1ea5u ph\u00f9 h\u1ee3p v\u00e0 d\u00e0nh th\u1eddi gian \u0111\u1ec3 ho\u00e0n th\u00e0nh c\u00e1c c\u00f4ng vi\u1ec7c kh\u00e1c, ti\u1ebft ki\u1ec7m th\u1eddi gian m\u00e0 v\u1eabn \u0111\u1ea3m b\u1ea3o s\u1ef1 th\u01a1m ngon cho t\u1ea5t c\u1ea3 c\u00e1c m\u00f3n \u0103n.\u00a0<\/span><\/p>\n<p><span style=\"font-weight: 400\">Ch\u1ea5t li\u1ec7u li\u1ec7u nh\u1ef1a ABS c\u00f3 t\u00ednh ch\u1ea5t c\u01a1 h\u1ecdc t\u1ed1t, \u0111\u1eb7c bi\u1ec7t c\u00f3 \u0111\u1ed9 b\u1ec1n v\u00e0 ch\u1ecbu \u0111\u01b0\u1ee3c va \u0111\u1eadp cao. V\u00ec v\u1eady, b\u1ea1n kh\u00f4ng ph\u1ea3i lo l\u1eafng qu\u00e1 nhi\u1ec1u v\u1ec1 vi\u1ec7c l\u1ee1 tay l\u00e0m r\u01a1i \u0111\u1ed3ng h\u1ed3 xu\u1ed1ng s\u00e0n.<\/span><\/p>\n<p><img decoding=\"async\" class=\"aligncenter\" src=\"https:\/\/havamall.vn\/wp-content\/uploads\/2021\/03\/D_NQ_NP_630857-MCO44597279748_012021-O.jpg\" alt=\"Timer Digital Ubl | Mercado Libre\" \/><\/p>\n<p><span style=\"font-weight: 400\">\u0110\u1ed3ng h\u1ed3 c\u00f3 m\u00e0n h\u00ecnh LCD \u0111\u1ec3 hi\u1ec3n th\u1ecb th\u1eddi gian v\u00e0 pin \u0111\u01b0\u1ee3c g\u1eafn s\u1eb5n b\u00ean trong t\u1ea1o s\u1ef1 ti\u1ec7n l\u1ee3i cho b\u1ea1n khi s\u1eed d\u1ee5ng.\u00a0 \u0110\u1eb7c bi\u1ec7t \u0111\u1ed3ng h\u1ed3 c\u00f3 ph\u1ea7n nam ch\u00e2m \u0111\u00ednh ph\u00eda sau, n\u00ean d\u00ednh d\u1ec5 d\u00e0ng v\u00e0 linh ho\u1ea1t tr\u00ean nhi\u1ec1u b\u1ec1 m\u1eb7t kh\u00e1c nhau ho\u1eb7c d\u00e1n l\u00ean t\u1ee7 l\u1ea1nh. B\u1ea1n kh\u00f4ng c\u1ea7n ph\u1ea3i lo l\u1eafng v\u1ec1 kh\u00f4ng gian \u0111\u1ec3 \u0111\u1eb7t \u0111\u1ed3ng h\u1ed3.<\/span><\/p>\n<h4><strong>\u0110\u1eb7c \u0111i\u1ec3m s\u1ea3n ph\u1ea9m:<\/strong><\/h4>\n<p><span style=\"font-weight: 400\">&#8211; Ch\u1ea5t li\u1ec7u nh\u1ef1a ABS b\u1ec1n, t\u00ednh c\u01a1 h\u1ecdc t\u1ed1t<\/span><\/p>\n<p><span style=\"font-weight: 400\">&#8211; C\u00f3 m\u00e0n h\u00ecnh LCD hi\u1ec3n th\u1ecb, c\u00f3 pin, c\u00f3 nam ch\u00e2m s\u1eb5n s\u00e0ng cho b\u1ea1n s\u1eed d\u1ee5ng ngay, ti\u1ec7n \u00edch<\/span><\/p>\n<p><span style=\"font-weight: 400\">&#8211; B\u1ed9 s\u1ea3n ph\u1ea9m bao g\u1ed3m: 1 x 1 \u0110\u1ed3ng h\u1ed3 \u0111i\u1ec7n t\u1eed canh th\u1eddi gian ch\u1ebf bi\u1ebfn th\u1ef1c ph\u1ea9m<\/span><\/p>\n<p><span style=\"font-weight: 400\">S\u1ea3n ph\u1ea9m hi\u1ec7n \u0111\u00e3 c\u00f3 m\u1eb7t t\u1ea1i Havamall.<\/span><\/p>","protected":false},"excerpt":{"rendered":"<p>Uncle Bills (UBL) cung c\u1ea5p h\u01a1n 1800 s\u1ea3n ph\u1ea9m ti\u00eau d\u00f9ng phi th\u01b0\u0323c ph\u00e2\u0309m h\u00e2\u0301p d\u00e2\u0303n, ti\u00ea\u0323n i\u0301ch, gia\u0301 ph\u1ea3i<\/p>","protected":false},"featured_media":18808,"comment_status":"open","ping_status":"closed","template":"","meta":[],"product_brand":[],"product_cat":[393,255,35],"product_tag":[],"class_list":{"0":"post-18807","1":"product","2":"type-product","3":"status-publish","4":"has-post-thumbnail","6":"product_cat-bep-phong-an","7":"product_cat-nguyen-lieu-lam-banh","8":"product_cat-nha-cua-doi-song","9":"pa_brand-uncle-bills","11":"first","12":"instock","13":"sale","14":"shipping-taxable","15":"purchasable","16":"product-type-simple"},"_links":{"self":[{"href":"https:\/\/havamall.vn\/en\/wp-json\/wp\/v2\/product\/18807"}],"collection":[{"href":"https:\/\/havamall.vn\/en\/wp-json\/wp\/v2\/product"}],"about":[{"href":"https:\/\/havamall.vn\/en\/wp-json\/wp\/v2\/types\/product"}],"replies":[{"embeddable":true,"href":"https:\/\/havamall.vn\/en\/wp-json\/wp\/v2\/comments?post=18807"}],"version-history":[{"count":0,"href":"https:\/\/havamall.vn\/en\/wp-json\/wp\/v2\/product\/18807\/revisions"}],"wp:featuredmedia":[{"embeddable":true,"href":"https:\/\/havamall.vn\/en\/wp-json\/wp\/v2\/media\/18808"}],"wp:attachment":[{"href":"https:\/\/havamall.vn\/en\/wp-json\/wp\/v2\/media?parent=18807"}],"wp:term":[{"taxonomy":"product_brand","embeddable":true,"href":"https:\/\/havamall.vn\/en\/wp-json\/wp\/v2\/product_brand?post=18807"},{"taxonomy":"product_cat","embeddable":true,"href":"https:\/\/havamall.vn\/en\/wp-json\/wp\/v2\/product_cat?post=18807"},{"taxonomy":"product_tag","embeddable":true,"href":"https:\/\/havamall.vn\/en\/wp-json\/wp\/v2\/product_tag?post=18807"}],"curies":[{"name":"wp","href":"https:\/\/api.w.org\/{rel}","templated":true}]}}