{"id":18803,"date":"2021-03-12T10:01:55","date_gmt":"2021-03-12T03:01:55","guid":{"rendered":"https:\/\/havamall.vn\/?post_type=product&#038;p=18803"},"modified":"2021-03-18T13:42:38","modified_gmt":"2021-03-18T06:42:38","slug":"bo-so-cuu-20-mieng-tien-loi-uncle-bills","status":"publish","type":"product","link":"https:\/\/havamall.vn\/en\/shop\/bo-so-cuu-20-mieng-tien-loi-uncle-bills\/","title":{"rendered":"B\u1ed9 S\u01a1 C\u1ee9u 20 Mi\u1ebfng Ti\u1ec7n L\u1ee3i Uncle Bills"},"content":{"rendered":"<p><span style=\"font-weight: 400\">Uncle Bills (UBL) cung c\u1ea5p h\u01a1n 1800 s\u1ea3n ph\u1ea9m ti\u00eau d\u00f9ng phi th\u01b0\u0323c ph\u00e2\u0309m h\u00e2\u0301p d\u00e2\u0303n, ti\u00ea\u0323n i\u0301ch, gia\u0301 ph\u1ea3i ch\u0103ng. S\u1ea3n ph\u1ea9m bao g\u1ed3m nhi\u1ec1u lo\u1ea1i ha\u0300ng ho\u0301a kh\u00e1c nhau, t\u1eeb \u0111\u1ed3 du\u0300ng nh\u00e0 b\u1ebfp, ch\u0103m s\u00f3c c\u00e1 nh\u00e2n, l\u00e0m s\u1ea1ch nha\u0300 c\u01b0\u0309a, \u0111\u00f4\u0300 l\u01b0u tr\u1eef, ca\u0301c loa\u0323i du\u0323ng cu\u0323, v\u00e2\u0323t du\u0323ng ngo\u00e0i tr\u1eddi v\u00e0 ca\u0309 cho tr\u1ebb em.\u00a0 UBL Lu\u00f4n lu\u00f4n c\u00e2\u0323p nh\u00e2\u0323t ca\u0301c sa\u0309n ph\u00e2\u0309m m\u01a1\u0301i.<\/span><\/p>\n<p><span style=\"font-weight: 400\">S\u1ea3n ph\u1ea9m UBL \u0111\u01b0\u1ee3c s\u1ea3n xu\u1ea5t theo ti\u00eau chu\u1ea9n ch\u1ea5t l\u01b0\u1ee3ng nghi\u00eam ng\u1eb7t c\u1ee7a UBL Hongkong v\u00e0 b\u00e1n t\u1ea1i h\u01a1n 50 qu\u1ed1c gia v\u01a1\u0301i h\u01a1n 10.000 c\u1eeda h\u00e0ng, bao g\u1ed3m ch\u00e2u \u00c2u, \u00dac, Ch\u00e2u \u00c1, Ch\u00e2u Phi. S\u1ee9 m\u1ec7nh c\u1ee7a UBL l\u00e0 cung c\u1ea5p nh\u1eefng s\u1ea3n ph\u1ea9m ti\u1ec7n \u00edch v\u00e0 h\u1ea5p d\u1eabn cho ng\u00f4i nh\u00e0 hi\u1ec7n \u0111\u1ea1i c\u1ee7a ng\u01b0\u1eddi Vi\u1ec7t Nam.<\/span><\/p>\n<p><img fetchpriority=\"high\" decoding=\"async\" class=\"aligncenter\" src=\"https:\/\/cf.shopee.vn\/file\/f6797de1ee745a2dc0d45cb02727d617\" alt=\"T\u00fai \u0110\u1ef1ng R\u00e1c Th\u00fa C\u01b0ng T\u1ef1 Ph\u00e2n H\u1ee7y Uncle Bills PA3372 | Shopee Vi\u1ec7t Nam\" width=\"543\" height=\"543\" \/><\/p>\n<p><span style=\"font-weight: 400\">B\u1ed9 S\u01a1 C\u1ee9u Y T\u1ebf Uncle Bills 20 M\u00f3n \u0111\u01b0\u1ee3c s\u1ea3n xu\u1ea5t theo quy tr\u00ecnh hi\u1ec7n \u0111\u1ea1i, c\u00e1c v\u1eadt d\u1ee5ng \u0111\u01b0\u1ee3c \u0111\u1ea3m b\u1ea3o ti\u1ec7t tr\u00f9ng, an to\u00e0n khi s\u1eed d\u1ee5ng. V\u1edbi k\u00edch th\u01b0\u1edbc nh\u1ecf g\u1ecdn, \u0111\u1ec3 trong h\u1ed9p g\u1ecdn g\u00e0ng b\u1ea1n c\u00f3 th\u1ec3 d\u1ec5 d\u00e0ng b\u1ea3o qu\u1ea3n v\u00e0 thu\u1eadn ti\u1ec7n mang theo b\u00ean ngo\u00e0i khi c\u1ea7n thi\u1ebft.\u00a0<\/span><\/p>\n<p><img decoding=\"async\" class=\"aligncenter\" src=\"https:\/\/havamall.vn\/wp-content\/uploads\/2021\/03\/43321_-_1_1200x1200.jpg\" alt=\"First Aid Box | Asters Maldives\" width=\"548\" height=\"548\" \/><\/p>\n<p><span style=\"font-weight: 400\">B\u1ed9 S\u01a1 C\u1ee9u Y T\u1ebf Uncle Bills \u0111\u01b0\u1ee3c s\u1ea3n xu\u1ea5t theo quy tr\u00ecnh hi\u1ec7n \u0111\u1ea1i, \u0111\u01b0\u1ee3c l\u00e0m t\u1eeb c\u00e1c ch\u1ea5t li\u1ec7u an to\u00e0n, \u0111\u1ea3m b\u1ea3o ti\u1ec7t tr\u00f9ng s\u1ea1ch s\u1ebd mang \u0111\u1ebfn s\u1ef1 y\u00ean t\u00e2m v\u00e0 tinh t\u01b0\u1edfng cho ng\u01b0\u1eddi s\u1eed d\u1ee5ng.<\/span><\/p>\n<p><span style=\"font-weight: 400\">S\u1ea3n ph\u1ea9m g\u1ed3m c\u00e1c v\u1eadt d\u1ee5ng h\u1eefu \u00edch gi\u00fap b\u1ea1n c\u00f3 th\u1ec3 nhanh ch\u00f3ng s\u01a1 c\u1ee9u trong nh\u1eefng tr\u01b0\u1eddng h\u1ee3p kh\u1ea9n c\u1ea5p nh\u01b0: b\u0103ng g\u1ea1c, b\u0103ng c\u00e1 nh\u00e2n, k\u00e9o, mi\u1ebfng b\u0103ng v\u1ebft th\u01b0\u01a1ng&#8230;<\/span><\/p>\n<p><img decoding=\"async\" class=\"aligncenter\" src=\"https:\/\/havamall.vn\/wp-content\/uploads\/2021\/03\/rg00713.u2569.d20160715.t105906.jpg\" alt=\"B\u1ed9 S\u01a1 C\u1ee9u Y T\u1ebf Uncle Bills RG0071 20 M\u00f3n | Tiki\" width=\"553\" height=\"553\" \/><\/p>\n<p><span style=\"font-weight: 400\">B\u1ed9 s\u01a1 c\u1ee9u c\u00f3 thi\u1ebft k\u1ebf nh\u1ecf g\u1ecdn, k\u00edch th\u01b0\u1edbc ch\u1ec9 12.5 x 9.4 cm \u0111\u1ec3 b\u1ea1n thu\u1eadn ti\u1ec7n mang theo khi \u0111i du l\u1ecbch, c\u00f4ng t\u00e1c&#8230; \u0110\u00e2y ch\u1eafc ch\u1eafn\u00a0 l\u00e0 s\u1ea3n ph\u1ea9m c\u1ea7n thi\u1ebft trong t\u1ee7 thu\u1ed1c c\u1ee7a gia \u0111\u00ecnh b\u1ea1n.<\/span><\/p>\n<p><img loading=\"lazy\" decoding=\"async\" class=\"aligncenter\" src=\"https:\/\/cf.shopee.vn\/file\/f00fef1e52a4e0900d1f44c971dbc4bf\" alt=\"Shopee Vi\u1ec7t Nam | Mua v\u00e0 B\u00e1n Tr\u00ean \u1ee8ng D\u1ee5ng Di \u0110\u1ed9ng Ho\u1eb7c Website\" width=\"548\" height=\"548\" \/><\/p>\n<h4><strong>\u0110\u1eb7c \u0111i\u1ec3m n\u1ed5i b\u1eadt:<\/strong><\/h4>\n<p><span style=\"font-weight: 400\">&#8211; S\u1ea3n ph\u1ea9m \u0111\u01b0\u1ee3c c\u1ea5u t\u1ea1o t\u1eeb nh\u1ef1a, kh\u00f4ng \u0111\u1ed9c t\u1ed1 n\u00ean r\u1ea5t an to\u00e0n cho s\u1ee9c kh\u1ecfe ng\u01b0\u1eddi ti\u00eau d\u00f9ng.<\/span><\/p>\n<p><span style=\"font-weight: 400\">&#8211; Thi\u1ebft k\u1ebf linh ho\u1ea1t<\/span><\/p>\n<p><span style=\"font-weight: 400\">&#8211; V\u1edbi thi\u1ebft k\u1ebf \u0111\u1eb9p m\u1eaft v\u00e0 nh\u1ecf g\u1ecdn<\/span><\/p>\n<p><span style=\"font-weight: 400\">&#8211; Ch\u1ea5t li\u1ec7u nh\u1ef1a<\/span><\/p>\n<p><span style=\"font-weight: 400\">&#8211; B\u1ed9 g\u1ed3m 20 m\u00f3n<\/span><\/p>\n<p><span style=\"font-weight: 400\">C\u00f4ng d\u1ee5ng: Ch\u0103m s\u00f3c v\u1ebft th\u01b0\u01a1ng<\/span><\/p>\n<p><span style=\"font-weight: 400\">S\u1ea3n ph\u1ea9m hi\u1ec7n \u0111\u00e3 c\u00f3 m\u1eb7t t\u1ea1i Havamall.<\/span><\/p>","protected":false},"excerpt":{"rendered":"<p>Uncle Bills (UBL) cung c\u1ea5p h\u01a1n 1800 s\u1ea3n ph\u1ea9m ti\u00eau d\u00f9ng phi th\u01b0\u0323c ph\u00e2\u0309m h\u00e2\u0301p d\u00e2\u0303n, ti\u00ea\u0323n i\u0301ch, gia\u0301 ph\u1ea3i<\/p>","protected":false},"featured_media":18804,"comment_status":"open","ping_status":"closed","template":"","meta":[],"product_brand":[],"product_cat":[35],"product_tag":[],"class_list":{"0":"post-18803","1":"product","2":"type-product","3":"status-publish","4":"has-post-thumbnail","6":"product_cat-nha-cua-doi-song","7":"pa_brand-uncle-bills","9":"first","10":"instock","11":"sale","12":"shipping-taxable","13":"purchasable","14":"product-type-simple"},"_links":{"self":[{"href":"https:\/\/havamall.vn\/en\/wp-json\/wp\/v2\/product\/18803"}],"collection":[{"href":"https:\/\/havamall.vn\/en\/wp-json\/wp\/v2\/product"}],"about":[{"href":"https:\/\/havamall.vn\/en\/wp-json\/wp\/v2\/types\/product"}],"replies":[{"embeddable":true,"href":"https:\/\/havamall.vn\/en\/wp-json\/wp\/v2\/comments?post=18803"}],"version-history":[{"count":0,"href":"https:\/\/havamall.vn\/en\/wp-json\/wp\/v2\/product\/18803\/revisions"}],"wp:featuredmedia":[{"embeddable":true,"href":"https:\/\/havamall.vn\/en\/wp-json\/wp\/v2\/media\/18804"}],"wp:attachment":[{"href":"https:\/\/havamall.vn\/en\/wp-json\/wp\/v2\/media?parent=18803"}],"wp:term":[{"taxonomy":"product_brand","embeddable":true,"href":"https:\/\/havamall.vn\/en\/wp-json\/wp\/v2\/product_brand?post=18803"},{"taxonomy":"product_cat","embeddable":true,"href":"https:\/\/havamall.vn\/en\/wp-json\/wp\/v2\/product_cat?post=18803"},{"taxonomy":"product_tag","embeddable":true,"href":"https:\/\/havamall.vn\/en\/wp-json\/wp\/v2\/product_tag?post=18803"}],"curies":[{"name":"wp","href":"https:\/\/api.w.org\/{rel}","templated":true}]}}