{"id":18790,"date":"2021-03-11T17:49:57","date_gmt":"2021-03-11T10:49:57","guid":{"rendered":"https:\/\/havamall.vn\/?post_type=product&#038;p=18790"},"modified":"2021-10-26T17:02:20","modified_gmt":"2021-10-26T10:02:20","slug":"tui-keo-giu-thuc-pham-uncle-bills","status":"publish","type":"product","link":"https:\/\/havamall.vn\/en\/shop\/tui-keo-giu-thuc-pham-uncle-bills\/","title":{"rendered":"T\u00fai K\u00e9o Gi\u1eef Th\u1ef1c Ph\u1ea9m Uncle Bills"},"content":{"rendered":"<p><span style=\"font-weight: 400\">Uncle Bills (UBL) cung c\u1ea5p h\u01a1n 1800 s\u1ea3n ph\u1ea9m ti\u00eau d\u00f9ng phi th\u01b0\u0323c ph\u00e2\u0309m h\u00e2\u0301p d\u00e2\u0303n, ti\u00ea\u0323n i\u0301ch, gia\u0301 ph\u1ea3i ch\u0103ng. S\u1ea3n ph\u1ea9m bao g\u1ed3m nhi\u1ec1u lo\u1ea1i ha\u0300ng ho\u0301a kh\u00e1c nhau, t\u1eeb \u0111\u1ed3 du\u0300ng nh\u00e0 b\u1ebfp, ch\u0103m s\u00f3c c\u00e1 nh\u00e2n, l\u00e0m s\u1ea1ch nha\u0300 c\u01b0\u0309a, \u0111\u00f4\u0300 l\u01b0u tr\u1eef, ca\u0301c loa\u0323i du\u0323ng cu\u0323, v\u00e2\u0323t du\u0323ng ngo\u00e0i tr\u1eddi v\u00e0 ca\u0309 cho tr\u1ebb em.\u00a0 UBL Lu\u00f4n lu\u00f4n c\u00e2\u0323p nh\u00e2\u0323t ca\u0301c sa\u0309n ph\u00e2\u0309m m\u01a1\u0301i.<\/span><\/p>\n<p><span style=\"font-weight: 400\">S\u1ea3n ph\u1ea9m UBL \u0111\u01b0\u1ee3c s\u1ea3n xu\u1ea5t theo ti\u00eau chu\u1ea9n ch\u1ea5t l\u01b0\u1ee3ng nghi\u00eam ng\u1eb7t c\u1ee7a UBL Hongkong v\u00e0 b\u00e1n t\u1ea1i h\u01a1n 50 qu\u1ed1c gia v\u01a1\u0301i h\u01a1n 10.000 c\u1eeda h\u00e0ng, bao g\u1ed3m ch\u00e2u \u00c2u, \u00dac, Ch\u00e2u \u00c1, Ch\u00e2u Phi. S\u1ee9 m\u1ec7nh c\u1ee7a UBL l\u00e0 cung c\u1ea5p nh\u1eefng s\u1ea3n ph\u1ea9m ti\u1ec7n \u00edch v\u00e0 h\u1ea5p d\u1eabn cho ng\u00f4i nh\u00e0 hi\u1ec7n \u0111\u1ea1i c\u1ee7a ng\u01b0\u1eddi Vi\u1ec7t Nam.<\/span><\/p>\n<p><img fetchpriority=\"high\" decoding=\"async\" class=\"aligncenter\" src=\"https:\/\/cf.shopee.vn\/file\/f6797de1ee745a2dc0d45cb02727d617\" alt=\"T\u00fai \u0110\u1ef1ng R\u00e1c Th\u00fa C\u01b0ng T\u1ef1 Ph\u00e2n H\u1ee7y Uncle Bills PA3372 | Shopee Vi\u1ec7t Nam\" width=\"473\" height=\"473\" \/><\/p>\n<p><span style=\"font-weight: 400\">T\u00fai k\u00e9o gi\u1eef th\u1ef1c ph\u1ea9m Uncle Bills \u0111\u01b0\u1ee3c l\u00e0m t\u1eeb nh\u1ef1a PP cao c\u1ea5p, kh\u00f4ng ch\u1ee9a ch\u1ea5t \u0111\u1ed9c h\u1ea1i, an to\u00e0n cho s\u1ee9c kh\u1ecfe ng\u01b0\u1eddi s\u1eed d\u1ee5ng. T\u00fai c\u00f3 m\u00e0u s\u1eafc n\u1ed5i b\u1eadt, cho kh\u00f4ng gian nh\u00e0 b\u1ebfp th\u00eam sinh \u0111\u1ed9ng.<\/span><\/p>\n<p><span style=\"font-weight: 400\">B\u1ed9 12 D\u1ee5ng c\u1ee5 kh\u00f3a t\u00fai th\u1ef1c ph\u1ea9m gi\u00fap b\u1ea1n kh\u00f3a k\u00edn c\u00e1c lo\u1ea1i t\u00fai \u0111\u1ef1ng th\u1ee9c \u0103n, gia v\u1ecb\u00a0 sau khi khui nh\u01b0 \u0111\u01b0\u1eddng, mu\u1ed1i, b\u1ed9t, c\u00e1c lo\u1ea1i h\u1ea1t. Gi\u1eef k\u00edn kh\u00f4ng cho kh\u00f4ng kh\u00ed, h\u01a1i \u1ea9m x\u00e2m nh\u1eadp. \u0110\u1ed3ng th\u1eddi h\u1ea1n ch\u1ebf t\u00ecnh tr\u1ea1ng r\u01a1i r\u1edbt c\u00e1c lo\u1ea1i gia v\u1ecb th\u1ef1c ph\u1ea9m ra kh\u1ecfi t\u00fai.<\/span><\/p>\n<p><img decoding=\"async\" class=\"aligncenter\" src=\"https:\/\/havamall.vn\/wp-content\/uploads\/-000\/\/1\/1.jpg\" alt=\"12X REUSABLE ASSORTED BAG CLIPS FRESH FOOD FRIDGE FREEZER SEALING STORAGE | eBay\" width=\"481\" height=\"480\" \/><\/p>\n<p><span style=\"font-weight: 400\">T\u00fai thi\u1ebft k\u1ebf d\u1ea1ng k\u00e9o, gi\u00fap th\u1ef1c ph\u1ea9m tra\u0301nh ti\u00ea\u0301p xu\u0301c tr\u01b0\u0323c ti\u00ea\u0301p v\u01a1\u0301i m\u00f4i tr\u01b0\u01a1\u0300ng kh\u00f4ng khi\u0301 \u00e2\u0309m \u01b0\u01a1\u0301t, nhi\u00ea\u0300u vi khu\u00e2\u0309n, gi\u01b0\u0303 th\u01b0\u0323c ph\u00e2\u0309m \u0111\u01b0\u01a1\u0323c t\u01b0\u01a1i l\u00e2u h\u01a1n.<\/span><\/p>\n<p><span style=\"font-weight: 400\">B\u1ed9 s\u1ea3n ph\u1ea9m g\u1ed3m 12 c\u00e1i v\u01a1\u0301i nhi\u00ea\u0300u ma\u0300u s\u0103\u0301c kha\u0301c nhau, phu\u0300 h\u01a1\u0323p v\u01a1\u0301i t\u01b0\u0300ng s\u01a1\u0309 thi\u0301ch cu\u0309a ca\u0301c tha\u0300nh vi\u00ean trong gia \u0111i\u0300nh.<\/span><\/p>\n<p><img decoding=\"async\" class=\"aligncenter\" src=\"https:\/\/havamall.vn\/wp-content\/uploads\/-000\/\/1\/Image1.jpg\" alt=\"keep fresh bag clips x 12 \u2013 Shiploads\" width=\"498\" height=\"374\" \/><\/p>\n<p><span style=\"font-weight: 400\">S\u1ea3n ph\u1ea9m hi\u1ec7n \u0111\u00e3 c\u00f3 m\u1eb7t t\u1ea1i Havamall.<\/span><\/p>","protected":false},"excerpt":{"rendered":"<p>Uncle Bills (UBL) cung c\u1ea5p h\u01a1n 1800 s\u1ea3n ph\u1ea9m ti\u00eau d\u00f9ng phi th\u01b0\u0323c ph\u00e2\u0309m h\u00e2\u0301p d\u00e2\u0303n, ti\u00ea\u0323n i\u0301ch, gia\u0301 ph\u1ea3i<\/p>","protected":false},"featured_media":18791,"comment_status":"open","ping_status":"closed","template":"","meta":[],"product_brand":[],"product_cat":[393,35],"product_tag":[],"class_list":{"0":"post-18790","1":"product","2":"type-product","3":"status-publish","4":"has-post-thumbnail","6":"product_cat-bep-phong-an","7":"product_cat-nha-cua-doi-song","8":"pa_brand-uncle-bills","10":"first","11":"instock","12":"sale","13":"shipping-taxable","14":"purchasable","15":"product-type-simple"},"_links":{"self":[{"href":"https:\/\/havamall.vn\/en\/wp-json\/wp\/v2\/product\/18790"}],"collection":[{"href":"https:\/\/havamall.vn\/en\/wp-json\/wp\/v2\/product"}],"about":[{"href":"https:\/\/havamall.vn\/en\/wp-json\/wp\/v2\/types\/product"}],"replies":[{"embeddable":true,"href":"https:\/\/havamall.vn\/en\/wp-json\/wp\/v2\/comments?post=18790"}],"version-history":[{"count":0,"href":"https:\/\/havamall.vn\/en\/wp-json\/wp\/v2\/product\/18790\/revisions"}],"wp:featuredmedia":[{"embeddable":true,"href":"https:\/\/havamall.vn\/en\/wp-json\/wp\/v2\/media\/18791"}],"wp:attachment":[{"href":"https:\/\/havamall.vn\/en\/wp-json\/wp\/v2\/media?parent=18790"}],"wp:term":[{"taxonomy":"product_brand","embeddable":true,"href":"https:\/\/havamall.vn\/en\/wp-json\/wp\/v2\/product_brand?post=18790"},{"taxonomy":"product_cat","embeddable":true,"href":"https:\/\/havamall.vn\/en\/wp-json\/wp\/v2\/product_cat?post=18790"},{"taxonomy":"product_tag","embeddable":true,"href":"https:\/\/havamall.vn\/en\/wp-json\/wp\/v2\/product_tag?post=18790"}],"curies":[{"name":"wp","href":"https:\/\/api.w.org\/{rel}","templated":true}]}}