{"id":18787,"date":"2021-03-11T17:36:52","date_gmt":"2021-03-11T10:36:52","guid":{"rendered":"https:\/\/havamall.vn\/?post_type=product&#038;p=18787"},"modified":"2021-06-24T15:22:52","modified_gmt":"2021-06-24T08:22:52","slug":"nen-thom-tron-nho-uncle-bills","status":"publish","type":"product","link":"https:\/\/havamall.vn\/en\/shop\/nen-thom-tron-nho-uncle-bills\/","title":{"rendered":"N\u1ebfn Th\u01a1m Tr\u00f2n Nh\u1ecf Uncle Bills"},"content":{"rendered":"<p><span style=\"font-weight: 400\">Uncle Bills (UBL) cung c\u1ea5p h\u01a1n 1800 s\u1ea3n ph\u1ea9m ti\u00eau d\u00f9ng phi th\u01b0\u0323c ph\u00e2\u0309m h\u00e2\u0301p d\u00e2\u0303n, ti\u00ea\u0323n i\u0301ch, gia\u0301 ph\u1ea3i ch\u0103ng. S\u1ea3n ph\u1ea9m bao g\u1ed3m nhi\u1ec1u lo\u1ea1i ha\u0300ng ho\u0301a kh\u00e1c nhau, t\u1eeb \u0111\u1ed3 du\u0300ng nh\u00e0 b\u1ebfp, ch\u0103m s\u00f3c c\u00e1 nh\u00e2n, l\u00e0m s\u1ea1ch nha\u0300 c\u01b0\u0309a, \u0111\u00f4\u0300 l\u01b0u tr\u1eef, ca\u0301c loa\u0323i du\u0323ng cu\u0323, v\u00e2\u0323t du\u0323ng ngo\u00e0i tr\u1eddi v\u00e0 ca\u0309 cho tr\u1ebb em.\u00a0 UBL Lu\u00f4n lu\u00f4n c\u00e2\u0323p nh\u00e2\u0323t ca\u0301c sa\u0309n ph\u00e2\u0309m m\u01a1\u0301i.<\/span><\/p>\n<p><span style=\"font-weight: 400\">S\u1ea3n ph\u1ea9m UBL \u0111\u01b0\u1ee3c s\u1ea3n xu\u1ea5t theo ti\u00eau chu\u1ea9n ch\u1ea5t l\u01b0\u1ee3ng nghi\u00eam ng\u1eb7t c\u1ee7a UBL Hongkong v\u00e0 b\u00e1n t\u1ea1i h\u01a1n 50 qu\u1ed1c gia v\u01a1\u0301i h\u01a1n 10.000 c\u1eeda h\u00e0ng, bao g\u1ed3m ch\u00e2u \u00c2u, \u00dac, Ch\u00e2u \u00c1, Ch\u00e2u Phi. S\u1ee9 m\u1ec7nh c\u1ee7a UBL l\u00e0 cung c\u1ea5p nh\u1eefng s\u1ea3n ph\u1ea9m ti\u1ec7n \u00edch v\u00e0 h\u1ea5p d\u1eabn cho ng\u00f4i nh\u00e0 hi\u1ec7n \u0111\u1ea1i c\u1ee7a ng\u01b0\u1eddi Vi\u1ec7t Nam.<\/span><\/p>\n<p><img fetchpriority=\"high\" decoding=\"async\" class=\"aligncenter\" src=\"https:\/\/cf.shopee.vn\/file\/f6797de1ee745a2dc0d45cb02727d617\" alt=\"T\u00fai \u0110\u1ef1ng R\u00e1c Th\u00fa C\u01b0ng T\u1ef1 Ph\u00e2n H\u1ee7y Uncle Bills PA3372 | Shopee Vi\u1ec7t Nam\" width=\"464\" height=\"464\" \/><\/p>\n<p>N\u1ebfn h\u01b0\u01a1ng tr\u00f2n nh\u1ecf Uncle Bills <span style=\"font-weight: 400\">\u0111\u01b0\u1ee3c l\u00e0m t\u1eeb s\u00e1p n\u1ebfn an to\u00e0n, kh\u00f4ng ch\u1ee9a h\u00f3a ch\u1ea5t \u0111\u1ed9c h\u1ea1i cho s\u1ee9c kh\u1ecfe ng\u01b0\u1eddi d\u00f9ng. M\u00f9i h\u01b0\u01a1ng hoa h\u1ed3ng d\u1ecbu nh\u1eb9 tinh t\u1ebf c\u1ee7a n\u1ebfn <\/span>Uncle Bills<span style=\"font-weight: 400\"> s\u1ebd \u0111\u00e1nh th\u1ee9c c\u00e1c gi\u00e1c quan c\u1ee7a b\u1ea1n, gi\u00fap gi\u1ea3i t\u1ecfa stress, cho b\u1ea1n c\u1ea3m gi\u00e1c th\u01b0 gi\u00e3n tuy\u1ec7t v\u1eddi sau m\u1ed9t ng\u00e0y d\u00e0i l\u00e0m vi\u1ec7c, h\u1ecdc t\u1eadp.\u00a0<\/span><\/p>\n<p><img decoding=\"async\" class=\"aligncenter\" src=\"https:\/\/havamall.vn\/wp-content\/uploads\/2021\/03\/candle-magic-7-key-questions-answered.jpeg\" alt=\"9 Important Candle Magick Questions Answered \u2013 Wicca Now \u2013 Everything You Need To Know About Wicca\" width=\"470\" height=\"314\" \/><\/p>\n<p>N\u1ebfn th\u01a1m Uncle Bills <span style=\"font-weight: 400\">d\u00f9ng \u0111\u1ec3 trang tr\u00ed v\u00e0 th\u1eafp s\u00e1ng cho kh\u00f4ng gian gia \u0111\u00ecnh b\u1ea1n th\u00eam lung linh v\u00e0 \u1ea5m \u00e1p.<\/span><\/p>\n<p><span style=\"font-weight: 400\">B\u1ea1n c\u00f3 bi\u1ebft m\u1ed9t b\u1eefa t\u1ed1i v\u1edbi \u00e1nh n\u1ebfn lung linh kh\u00f4ng nh\u1eefng ch\u1ec9 mang \u0111\u1ebfn s\u1ef1 l\u00e3ng m\u1ea1n, \u1ea5m c\u00fang m\u00e0 n\u00f3 c\u00f2n r\u1ea5t t\u1ed1t cho tim m\u1ea1ch.\u00a0<\/span><\/p>\n<p><img decoding=\"async\" class=\"aligncenter\" src=\"https:\/\/cf.shopee.vn\/file\/d21aee49a9409efbd03864978e9fb19f\" alt=\"10 C\u00e2y N\u1ebfn H\u01b0\u01a1ng Tr\u00f2n Nh\u1ecf 14g UBL DH0005 | Shopee Vi\u1ec7t Nam\" width=\"477\" height=\"477\" \/><\/p>\n<p>N\u1ebfn th\u01a1m Uncle Bills<span style=\"font-weight: 400\"> gi\u00fap th\u1eafp s\u00e1ng c\u0169ng nh\u01b0 trang tr\u00ed ph\u00f2ng ng\u1ee7, ph\u00f2ng kh\u00e1ch c\u1ee7a b\u1ea1n \u0111\u01b0\u1ee3c sang tr\u1ecdng, \u1ea5m c\u00fang h\u01a1n.<\/span><\/p>\n<p><span style=\"font-weight: 400\">S\u1ea3n ph\u1ea9m hi\u1ec7n \u0111\u00e3 c\u00f3 m\u1eb7t t\u1ea1i Havamall.<\/span><\/p>","protected":false},"excerpt":{"rendered":"<p>Uncle Bills (UBL) cung c\u1ea5p h\u01a1n 1800 s\u1ea3n ph\u1ea9m ti\u00eau d\u00f9ng phi th\u01b0\u0323c ph\u00e2\u0309m h\u00e2\u0301p d\u00e2\u0303n, ti\u00ea\u0323n i\u0301ch, gia\u0301 ph\u1ea3i<\/p>","protected":false},"featured_media":18788,"comment_status":"open","ping_status":"closed","template":"","meta":[],"product_brand":[],"product_cat":[394,35],"product_tag":[],"class_list":{"0":"post-18787","1":"product","2":"type-product","3":"status-publish","4":"has-post-thumbnail","6":"product_cat-trang-tri-nha-cua","7":"product_cat-nha-cua-doi-song","8":"pa_brand-uncle-bills","10":"first","11":"outofstock","12":"sale","13":"shipping-taxable","14":"purchasable","15":"product-type-simple"},"_links":{"self":[{"href":"https:\/\/havamall.vn\/en\/wp-json\/wp\/v2\/product\/18787"}],"collection":[{"href":"https:\/\/havamall.vn\/en\/wp-json\/wp\/v2\/product"}],"about":[{"href":"https:\/\/havamall.vn\/en\/wp-json\/wp\/v2\/types\/product"}],"replies":[{"embeddable":true,"href":"https:\/\/havamall.vn\/en\/wp-json\/wp\/v2\/comments?post=18787"}],"version-history":[{"count":0,"href":"https:\/\/havamall.vn\/en\/wp-json\/wp\/v2\/product\/18787\/revisions"}],"wp:featuredmedia":[{"embeddable":true,"href":"https:\/\/havamall.vn\/en\/wp-json\/wp\/v2\/media\/18788"}],"wp:attachment":[{"href":"https:\/\/havamall.vn\/en\/wp-json\/wp\/v2\/media?parent=18787"}],"wp:term":[{"taxonomy":"product_brand","embeddable":true,"href":"https:\/\/havamall.vn\/en\/wp-json\/wp\/v2\/product_brand?post=18787"},{"taxonomy":"product_cat","embeddable":true,"href":"https:\/\/havamall.vn\/en\/wp-json\/wp\/v2\/product_cat?post=18787"},{"taxonomy":"product_tag","embeddable":true,"href":"https:\/\/havamall.vn\/en\/wp-json\/wp\/v2\/product_tag?post=18787"}],"curies":[{"name":"wp","href":"https:\/\/api.w.org\/{rel}","templated":true}]}}