{"id":18785,"date":"2021-03-11T17:20:37","date_gmt":"2021-03-11T10:20:37","guid":{"rendered":"https:\/\/havamall.vn\/?post_type=product&#038;p=18785"},"modified":"2021-11-30T09:11:48","modified_gmt":"2021-11-30T02:11:48","slug":"ru-bic-phep-thuat-uncle-bills","status":"publish","type":"product","link":"https:\/\/havamall.vn\/en\/shop\/ru-bic-phep-thuat-uncle-bills\/","title":{"rendered":"Ru-B\u00edc Ph\u00e9p Thu\u1eadt Uncle Bills"},"content":{"rendered":"<p><span style=\"font-weight: 400\">Uncle Bills (UBL) cung c\u1ea5p h\u01a1n 1800 s\u1ea3n ph\u1ea9m ti\u00eau d\u00f9ng phi th\u01b0\u0323c ph\u00e2\u0309m h\u00e2\u0301p d\u00e2\u0303n, ti\u00ea\u0323n i\u0301ch, gia\u0301 ph\u1ea3i ch\u0103ng. S\u1ea3n ph\u1ea9m bao g\u1ed3m nhi\u1ec1u lo\u1ea1i ha\u0300ng ho\u0301a kh\u00e1c nhau, t\u1eeb \u0111\u1ed3 du\u0300ng nh\u00e0 b\u1ebfp, ch\u0103m s\u00f3c c\u00e1 nh\u00e2n, l\u00e0m s\u1ea1ch nha\u0300 c\u01b0\u0309a, \u0111\u00f4\u0300 l\u01b0u tr\u1eef, ca\u0301c loa\u0323i du\u0323ng cu\u0323, v\u00e2\u0323t du\u0323ng ngo\u00e0i tr\u1eddi v\u00e0 ca\u0309 cho tr\u1ebb em.\u00a0 UBL Lu\u00f4n lu\u00f4n c\u00e2\u0323p nh\u00e2\u0323t ca\u0301c sa\u0309n ph\u00e2\u0309m m\u01a1\u0301i.<\/span><\/p>\n<p><span style=\"font-weight: 400\">S\u1ea3n ph\u1ea9m UBL \u0111\u01b0\u1ee3c s\u1ea3n xu\u1ea5t theo ti\u00eau chu\u1ea9n ch\u1ea5t l\u01b0\u1ee3ng nghi\u00eam ng\u1eb7t c\u1ee7a UBL Hongkong v\u00e0 b\u00e1n t\u1ea1i h\u01a1n 50 qu\u1ed1c gia v\u01a1\u0301i h\u01a1n 10.000 c\u1eeda h\u00e0ng, bao g\u1ed3m ch\u00e2u \u00c2u, \u00dac, Ch\u00e2u \u00c1, Ch\u00e2u Phi. S\u1ee9 m\u1ec7nh c\u1ee7a UBL l\u00e0 cung c\u1ea5p nh\u1eefng s\u1ea3n ph\u1ea9m ti\u1ec7n \u00edch v\u00e0 h\u1ea5p d\u1eabn cho ng\u00f4i nh\u00e0 hi\u1ec7n \u0111\u1ea1i c\u1ee7a ng\u01b0\u1eddi Vi\u1ec7t Nam.<\/span><\/p>\n<p><img fetchpriority=\"high\" decoding=\"async\" class=\"aligncenter\" src=\"https:\/\/cf.shopee.vn\/file\/f6797de1ee745a2dc0d45cb02727d617\" alt=\"T\u00fai \u0110\u1ef1ng R\u00e1c Th\u00fa C\u01b0ng T\u1ef1 Ph\u00e2n H\u1ee7y Uncle Bills PA3372 | Shopee Vi\u1ec7t Nam\" width=\"507\" height=\"507\" \/><\/p>\n<p><span style=\"font-weight: 400\">Rubik Ph\u00e9p Thu\u1eadt Uncle Bills l\u00e0 m\u1ed9t lo\u1ea1i \u0111\u1ed3 ch\u01a1i th\u00f4ng minh, k\u00edch th\u00edch tr\u00ed tu\u1ec7 tr\u1ebb ph\u00e1t tri\u1ec3n.Rubik l\u00e0 1 kh\u1ed1i l\u1eadp ph\u01b0\u01a1ng c\u00f3 t\u1ea5t c\u1ea3 6 m\u1eb7t, m\u1ed7i m\u1eb7t 1 m\u00e0u s\u1eafc ri\u00eang bi\u1ec7t. Khi c\u00e1c kh\u1ed1i vu\u00f4ng nh\u1ecf b\u1ecb x\u00e1o tr\u1ed9n, nhi\u1ec7m v\u1ee5 c\u1ee7a ng\u01b0\u1eddi ch\u01a1i l\u00e0 \u0111\u01b0a c\u00e1c m\u1eb7t c\u1ee7a rubik v\u1ec1 1 m\u00e0u \u0111\u1ed3ng nh\u1ea5t.<\/span><\/p>\n<p><img decoding=\"async\" class=\"aligncenter\" src=\"https:\/\/cf.shopee.vn\/file\/4e95c33dac8a1d0bbab6dde28e616e4d\" alt=\"Ru-B\u00edc Ph\u00e9p Thu\u1eadt UBL TE0099 | Shopee Vi\u1ec7t Nam\" width=\"526\" height=\"526\" \/><\/p>\n<p><span style=\"font-weight: 400\">Qu\u00e1 tr\u00ecnh n\u00e0y \u0111\u00f2i h\u1ecfi ng\u01b0\u1eddi ch\u01a1i ph\u1ea3i t\u01b0 duy logic, r\u00e8n luy\u1ec7n kh\u1ea3 n\u0103ng ph\u00e1n \u0111o\u00e1n c\u0169ng nh\u01b0 s\u1ef1 s\u00e1ng t\u1ea1o c\u1ee7a m\u00ecnh. Kh\u00f4ng nh\u1eefng th\u1ebf, ch\u01a1i ru-b\u00edc th\u01b0\u1eddng xuy\u00ean c\u00f2n gi\u00fap t\u0103ng kh\u1ea3 n\u0103ng ph\u1ed1i h\u1ee3p gi\u1eefa tay v\u00e0 m\u1eaft, r\u00e8n luy\u1ec7n s\u1ef1 nhanh nh\u1eb9n c\u1ee7a \u0111\u00f4i tay, t\u0103ng kh\u1ea3 n\u0103ng quan s\u00e1t.<\/span><\/p>\n<p><span style=\"font-weight: 400\">Rubik Ph\u00e9p Thu\u1eadt Uncle Bills s\u1eed d\u1ee5ng ch\u1ea5t li\u1ec7u nh\u1ef1a b\u1ec1n, c\u1ee9ng c\u00e1p, ch\u1ecbu va \u0111\u1eadp t\u1ed1t, \u0111\u1ea3m b\u1ea3o \u0111\u1ed9 b\u1ec1n l\u00e2u d\u00e0i v\u1edbi th\u1eddi gian, l\u00e0 \u0111\u1ed3 ch\u01a1i b\u1ed5 \u00edch ph\u00f9 h\u1ee3p v\u1edbi c\u00e1c ng\u01b0\u1eddi l\u1edbn l\u1eabn tr\u1ebb em tr\u00ean 6 tu\u1ed5i.<\/span><\/p>\n<p><img decoding=\"async\" class=\"aligncenter\" src=\"https:\/\/cf.shopee.vn\/file\/7dad0aaaf7305ef423524f156a7df59d\" alt=\"Ru-B\u00edc Ph\u00e9p Thu\u1eadt UBL TE0099 | Shopee Vi\u1ec7t Nam\" width=\"515\" height=\"515\" \/><\/p>\n<h4><strong>\u0110\u1eb7c \u0111i\u1ec3m n\u1ed5i b\u1eadt:<\/strong><\/h4>\n<p><span style=\"font-weight: 400\">&#8211; S\u1ea3n ph\u1ea9m l\u00e0m b\u1eb1ng nh\u1ef1a, c\u00f3 nhi\u1ec1u m\u00e0u b\u1eaft m\u1eaft.<\/span><\/p>\n<p><span style=\"font-weight: 400\">&#8211; Ph\u00f9 h\u1ee3p cho tr\u1ebb em v\u00e0 ng\u01b0\u1eddi l\u1edbn<\/span><\/p>\n<p><span style=\"font-weight: 400\">&#8211; k\u00edch th\u00edch t\u00ednh s\u00e1ng t\u1ea1o, tr\u00ed th\u00f4ng minh v\u00e0 nhanh nh\u1ea1y.<\/span><\/p>\n<p><span style=\"font-weight: 400\">&#8211; D\u1ee5ng c\u1ee5 h\u1ecdc t\u1eadp v\u00e0 vui ch\u01a1i mang t\u00ednh gi\u1ea3i tr\u00ed th\u00edch th\u00fa.<\/span><\/p>\n<p><span style=\"font-weight: 400\">&#8211; Ch\u1ea5t li\u1ec7u nh\u1ef1a b\u1ec1n b\u1ec9<\/span><\/p>\n<p><span style=\"font-weight: 400\">&#8211; Gi\u00fap t\u0103ng kh\u1ea3 n\u0103ng ph\u1ed1i h\u1ee3p gi\u1eefa tay v\u00e0 m\u1eaft<\/span><\/p>\n<p><span style=\"font-weight: 400\">S\u1ea3n ph\u1ea9m hi\u1ec7n \u0111\u00e3 c\u00f3 m\u1eb7t t\u1ea1i Havamall.<\/span><\/p>","protected":false},"excerpt":{"rendered":"<p>Uncle Bills (UBL) cung c\u1ea5p h\u01a1n 1800 s\u1ea3n ph\u1ea9m ti\u00eau d\u00f9ng phi th\u01b0\u0323c ph\u00e2\u0309m h\u00e2\u0301p d\u00e2\u0303n, ti\u00ea\u0323n i\u0301ch, gia\u0301 ph\u1ea3i<\/p>","protected":false},"featured_media":18786,"comment_status":"open","ping_status":"closed","template":"","meta":[],"product_brand":[],"product_cat":[397,35],"product_tag":[],"class_list":{"0":"post-18785","1":"product","2":"type-product","3":"status-publish","4":"has-post-thumbnail","6":"product_cat-hang-me-be-do-choi","7":"product_cat-nha-cua-doi-song","8":"pa_brand-uncle-bills","10":"first","11":"outofstock","12":"sale","13":"shipping-taxable","14":"purchasable","15":"product-type-simple"},"_links":{"self":[{"href":"https:\/\/havamall.vn\/en\/wp-json\/wp\/v2\/product\/18785"}],"collection":[{"href":"https:\/\/havamall.vn\/en\/wp-json\/wp\/v2\/product"}],"about":[{"href":"https:\/\/havamall.vn\/en\/wp-json\/wp\/v2\/types\/product"}],"replies":[{"embeddable":true,"href":"https:\/\/havamall.vn\/en\/wp-json\/wp\/v2\/comments?post=18785"}],"version-history":[{"count":0,"href":"https:\/\/havamall.vn\/en\/wp-json\/wp\/v2\/product\/18785\/revisions"}],"wp:featuredmedia":[{"embeddable":true,"href":"https:\/\/havamall.vn\/en\/wp-json\/wp\/v2\/media\/18786"}],"wp:attachment":[{"href":"https:\/\/havamall.vn\/en\/wp-json\/wp\/v2\/media?parent=18785"}],"wp:term":[{"taxonomy":"product_brand","embeddable":true,"href":"https:\/\/havamall.vn\/en\/wp-json\/wp\/v2\/product_brand?post=18785"},{"taxonomy":"product_cat","embeddable":true,"href":"https:\/\/havamall.vn\/en\/wp-json\/wp\/v2\/product_cat?post=18785"},{"taxonomy":"product_tag","embeddable":true,"href":"https:\/\/havamall.vn\/en\/wp-json\/wp\/v2\/product_tag?post=18785"}],"curies":[{"name":"wp","href":"https:\/\/api.w.org\/{rel}","templated":true}]}}