{"id":18782,"date":"2021-03-11T17:10:57","date_gmt":"2021-03-11T10:10:57","guid":{"rendered":"https:\/\/havamall.vn\/?post_type=product&#038;p=18782"},"modified":"2025-10-09T16:30:31","modified_gmt":"2025-10-09T09:30:31","slug":"mieng-lot-khay-nuong-banh-bang-silicon-uncle-bill","status":"publish","type":"product","link":"https:\/\/havamall.vn\/en\/shop\/mieng-lot-khay-nuong-banh-bang-silicon-uncle-bill\/","title":{"rendered":"Mi\u1ebfng L\u00f3t Khay N\u01b0\u1edbng B\u00e1nh B\u1eb1ng Silicon Uncle Bill"},"content":{"rendered":"<p><span style=\"font-weight: 400\">Uncle Bills (UBL) cung c\u1ea5p h\u01a1n 1800 s\u1ea3n ph\u1ea9m ti\u00eau d\u00f9ng phi th\u01b0\u0323c ph\u00e2\u0309m h\u00e2\u0301p d\u00e2\u0303n, ti\u00ea\u0323n i\u0301ch, gia\u0301 ph\u1ea3i ch\u0103ng. S\u1ea3n ph\u1ea9m bao g\u1ed3m nhi\u1ec1u lo\u1ea1i ha\u0300ng ho\u0301a kh\u00e1c nhau, t\u1eeb \u0111\u1ed3 du\u0300ng nh\u00e0 b\u1ebfp, ch\u0103m s\u00f3c c\u00e1 nh\u00e2n, l\u00e0m s\u1ea1ch nha\u0300 c\u01b0\u0309a, \u0111\u00f4\u0300 l\u01b0u tr\u1eef, ca\u0301c loa\u0323i du\u0323ng cu\u0323, v\u00e2\u0323t du\u0323ng ngo\u00e0i tr\u1eddi v\u00e0 ca\u0309 cho tr\u1ebb em.\u00a0 UBL Lu\u00f4n lu\u00f4n c\u00e2\u0323p nh\u00e2\u0323t ca\u0301c sa\u0309n ph\u00e2\u0309m m\u01a1\u0301i.<\/span><\/p>\n<p><span style=\"font-weight: 400\">S\u1ea3n ph\u1ea9m UBL \u0111\u01b0\u1ee3c s\u1ea3n xu\u1ea5t theo ti\u00eau chu\u1ea9n ch\u1ea5t l\u01b0\u1ee3ng nghi\u00eam ng\u1eb7t c\u1ee7a UBL Hongkong v\u00e0 b\u00e1n t\u1ea1i h\u01a1n 50 qu\u1ed1c gia v\u01a1\u0301i h\u01a1n 10.000 c\u1eeda h\u00e0ng, bao g\u1ed3m ch\u00e2u \u00c2u, \u00dac, Ch\u00e2u \u00c1, Ch\u00e2u Phi. S\u1ee9 m\u1ec7nh c\u1ee7a UBL l\u00e0 cung c\u1ea5p nh\u1eefng s\u1ea3n ph\u1ea9m ti\u1ec7n \u00edch v\u00e0 h\u1ea5p d\u1eabn cho ng\u00f4i nh\u00e0 hi\u1ec7n \u0111\u1ea1i c\u1ee7a ng\u01b0\u1eddi Vi\u1ec7t Nam.<\/span><\/p>\n<p><img fetchpriority=\"high\" decoding=\"async\" class=\"aligncenter\" src=\"https:\/\/havamall.com\/wp-content\/uploads\/2025\/10\/f6797de1ee745a2dc0d45cb02727d617.jpg\" alt=\"T\u00fai \u0110\u1ef1ng R\u00e1c Th\u00fa C\u01b0ng T\u1ef1 Ph\u00e2n H\u1ee7y Uncle Bills PA3372 | Shopee Vi\u1ec7t Nam\" width=\"567\" height=\"567\" \/><\/p>\n<p><span style=\"font-weight: 400\">T\u1ea1i sao c\u00e1c d\u1ee5ng c\u1ee5 nh\u00e0 b\u1ebfp b\u1eb1ng Silicon l\u1ea1i \u0111\u01b0\u1ee3c \u01b0a chu\u1ed9ng v\u00e0 s\u1eed d\u1ee5ng r\u1ed9ng r\u00e3i t\u1ea1i c\u00e1c nh\u00e0 h\u00e0ng, \u0111\u01b0\u1ee3c c\u00e1c \u0111\u1ea7u b\u1ebfp chuy\u00ean nghi\u1ec7p y\u00eau th\u00edch? \u0110\u00f3 ch\u00ednh l\u00e0 nh\u1edd t\u00ednh an to\u00e0n, ti\u1ec7n l\u1ee3i v\u00e0 b\u1ec1n b\u1ec9 m\u00e0 d\u1ee5ng c\u1ee5 b\u1eb1ng Silicon mang l\u1ea1i.\u00a0<\/span><span style=\"font-weight: 400\">L\u00f3t khay n\u01b0\u1edbng b\u1eb1ng silicon Uncle Bills l\u00e0 s\u1ea3n ph\u1ea9m l\u00e0m t\u1eeb silicon v\u1edbi nhi\u1ec1u t\u00ednh n\u0103ng v\u01b0\u1ee3t tr\u1ed9i.\u00a0<\/span><\/p>\n<p><span style=\"font-weight: 400\">Mi\u1ebfng l\u00f3t b\u1ec1n, Ch\u1ecbu \u0111\u01b0\u1ee3c nhi\u1ec7t \u0111\u1ed9 t\u1eeb 40oC \u0111\u1ebfn +220oC, s\u1eed d\u1ee5ng t\u1ed1t trong l\u00f2 vi s\u00f3ng, l\u00f2 n\u01b0\u1edbng, t\u1ee7 l\u1ea1nh, m\u00e1y r\u1eeda ch\u00e9n.<\/span><\/p>\n<p><img decoding=\"async\" class=\"aligncenter\" src=\"https:\/\/tikicdn.com\/media\/catalog\/product\/k\/c\/kc0019.u504.d20160614.t112455.jpg\" alt=\"L\u00f3t Khay N\u01b0\u1edbng B\u00e1nh B\u1eb1ng Silicon Uncle Bills KC0019\" width=\"590\" height=\"449\" \/><\/p>\n<p><span style=\"font-weight: 400\">Mi\u1ebfng l\u00f3t khay n\u01b0\u1edbng b\u1eb1ng Silicon Uncle Bills s\u1ebd kh\u00f4ng d\u1eabn nhi\u1ec7t nh\u01b0 c\u00e1c lo\u1ea1i khay n\u01b0\u1edbng th\u00f4ng th\u01b0\u1eddng n\u00ean b\u1ea1n ch\u1ec9 vi\u1ec7c \u0111\u1eb7t th\u1ee9c \u0103n l\u00ean l\u00e0 n\u01b0\u1edbng. B\u1ea1n s\u1ebd ho\u00e0n to\u00e0n y\u00ean t\u00e2m v\u1ec1 ph\u1ea7n th\u1ee9c \u0103n ti\u1ebfp x\u00fac v\u1edbi mi\u1ebfng l\u00f3t s\u1ebd kh\u00f4ng b\u1ecb qu\u00e1 v\u00e0ng ho\u1eb7c ch\u00e1y, th\u1ee9c \u0103n s\u1ebd lu\u00f4n ch\u00edn v\u00e0 v\u00e0ng \u0111\u1ec1u.<\/span><\/p>\n<p><img decoding=\"async\" class=\"aligncenter\" src=\"https:\/\/havamall.com\/wp-content\/uploads\/2025\/10\/6049ecb1c859f_maxresdefault.jpg\" alt=\"OXO Silicone Baking Mat - YouTube\" width=\"590\" height=\"332\" \/><\/p>\n<p><span style=\"font-weight: 400\">S\u1ea3n ph\u1ea9m d\u00f9ng l\u00e0m \u0111\u1ebf l\u00f3t l\u00ean m\u1eb7t b\u00e0n khi n\u1eb7n b\u1ed9t, nh\u00e0o b\u1ed9t, l\u0103n b\u1ed9t, c\u00e1n b\u1ed9t ho\u1eb7c l\u00e0m mi\u1ebfng l\u00f3t c\u00e1ch nhi\u1ec7t khu\u00f4n b\u00e1nh v\u1edbi m\u1eb7t b\u00e0n, ho\u1eb7c \u0111\u1eb7t b\u00e1nh tr\u1ef1c ti\u1ebfp l\u00ean khi n\u1eb7n t\u1ea1o h\u00ecnh cho b\u00e1nh v\u00e0 khi b\u00e1nh ch\u00edn\u2026<\/span><\/p>\n<p><span style=\"font-weight: 400\">Ch\u1ea5t li\u1ec7u Silicon d\u1ec5 d\u00e0ng ch\u00f9i r\u1eeda, kh\u00f4ng l\u00e0m t\u1ed1n k\u00e9m th\u1eddi gian v\u1ec7 sinh c\u1ee7a b\u1ea1n. Mi\u1ebfng l\u00f3t khay n\u01b0\u1edbng b\u1eb1ng Silicon l\u00e0 m\u1ed9t d\u1ee5ng c\u1ee5 kh\u00f4ng th\u1ec3 thi\u1ebfu trong nh\u00e0 b\u1ebfp.<\/span><\/p>\n<p><span style=\"font-weight: 400\">S\u1ea3n ph\u1ea9m hi\u1ec7n \u0111\u00e3 c\u00f3 m\u1eb7t t\u1ea1i Havamall.<\/span><\/p>","protected":false},"excerpt":{"rendered":"<p>Uncle Bills (UBL) cung c\u1ea5p h\u01a1n 1800 s\u1ea3n ph\u1ea9m ti\u00eau d\u00f9ng phi th\u01b0\u0323c ph\u00e2\u0309m h\u00e2\u0301p d\u00e2\u0303n, ti\u00ea\u0323n i\u0301ch, gia\u0301 ph\u1ea3i<\/p>","protected":false},"featured_media":18783,"comment_status":"open","ping_status":"closed","template":"","meta":[],"product_brand":[],"product_cat":[393,255,35],"product_tag":[],"class_list":{"0":"post-18782","1":"product","2":"type-product","3":"status-publish","4":"has-post-thumbnail","6":"product_cat-bep-phong-an","7":"product_cat-nguyen-lieu-lam-banh","8":"product_cat-nha-cua-doi-song","9":"pa_brand-uncle-bills","11":"first","12":"outofstock","13":"sale","14":"shipping-taxable","15":"purchasable","16":"product-type-simple"},"_links":{"self":[{"href":"https:\/\/havamall.vn\/en\/wp-json\/wp\/v2\/product\/18782"}],"collection":[{"href":"https:\/\/havamall.vn\/en\/wp-json\/wp\/v2\/product"}],"about":[{"href":"https:\/\/havamall.vn\/en\/wp-json\/wp\/v2\/types\/product"}],"replies":[{"embeddable":true,"href":"https:\/\/havamall.vn\/en\/wp-json\/wp\/v2\/comments?post=18782"}],"version-history":[{"count":0,"href":"https:\/\/havamall.vn\/en\/wp-json\/wp\/v2\/product\/18782\/revisions"}],"wp:featuredmedia":[{"embeddable":true,"href":"https:\/\/havamall.vn\/en\/wp-json\/wp\/v2\/media\/18783"}],"wp:attachment":[{"href":"https:\/\/havamall.vn\/en\/wp-json\/wp\/v2\/media?parent=18782"}],"wp:term":[{"taxonomy":"product_brand","embeddable":true,"href":"https:\/\/havamall.vn\/en\/wp-json\/wp\/v2\/product_brand?post=18782"},{"taxonomy":"product_cat","embeddable":true,"href":"https:\/\/havamall.vn\/en\/wp-json\/wp\/v2\/product_cat?post=18782"},{"taxonomy":"product_tag","embeddable":true,"href":"https:\/\/havamall.vn\/en\/wp-json\/wp\/v2\/product_tag?post=18782"}],"curies":[{"name":"wp","href":"https:\/\/api.w.org\/{rel}","templated":true}]}}