{"id":18779,"date":"2021-03-11T16:52:16","date_gmt":"2021-03-11T09:52:16","guid":{"rendered":"https:\/\/havamall.vn\/?post_type=product&#038;p=18779"},"modified":"2021-03-11T16:52:16","modified_gmt":"2021-03-11T09:52:16","slug":"o-khoa-hanh-ly-4-mau-uncle-bills","status":"publish","type":"product","link":"https:\/\/havamall.vn\/en\/shop\/o-khoa-hanh-ly-4-mau-uncle-bills\/","title":{"rendered":"\u1ed4 Kh\u00f3a H\u00e0nh L\u00fd 4 M\u00e0u Uncle Bills"},"content":{"rendered":"<p><span style=\"font-weight: 400\">Uncle Bills (UBL) cung c\u1ea5p h\u01a1n 1800 s\u1ea3n ph\u1ea9m ti\u00eau d\u00f9ng phi th\u01b0\u0323c ph\u00e2\u0309m h\u00e2\u0301p d\u00e2\u0303n, ti\u00ea\u0323n i\u0301ch, gia\u0301 ph\u1ea3i ch\u0103ng. S\u1ea3n ph\u1ea9m bao g\u1ed3m nhi\u1ec1u lo\u1ea1i ha\u0300ng ho\u0301a kh\u00e1c nhau, t\u1eeb \u0111\u1ed3 du\u0300ng nh\u00e0 b\u1ebfp, ch\u0103m s\u00f3c c\u00e1 nh\u00e2n, l\u00e0m s\u1ea1ch nha\u0300 c\u01b0\u0309a, \u0111\u00f4\u0300 l\u01b0u tr\u1eef, ca\u0301c loa\u0323i du\u0323ng cu\u0323, v\u00e2\u0323t du\u0323ng ngo\u00e0i tr\u1eddi v\u00e0 ca\u0309 cho tr\u1ebb em.\u00a0 UBL Lu\u00f4n lu\u00f4n c\u00e2\u0323p nh\u00e2\u0323t ca\u0301c sa\u0309n ph\u00e2\u0309m m\u01a1\u0301i.<\/span><\/p>\n<p><span style=\"font-weight: 400\">S\u1ea3n ph\u1ea9m UBL \u0111\u01b0\u1ee3c s\u1ea3n xu\u1ea5t theo ti\u00eau chu\u1ea9n ch\u1ea5t l\u01b0\u1ee3ng nghi\u00eam ng\u1eb7t c\u1ee7a UBL Hongkong v\u00e0 b\u00e1n t\u1ea1i h\u01a1n 50 qu\u1ed1c gia v\u01a1\u0301i h\u01a1n 10.000 c\u1eeda h\u00e0ng, bao g\u1ed3m ch\u00e2u \u00c2u, \u00dac, Ch\u00e2u \u00c1, Ch\u00e2u Phi. S\u1ee9 m\u1ec7nh c\u1ee7a UBL l\u00e0 cung c\u1ea5p nh\u1eefng s\u1ea3n ph\u1ea9m ti\u1ec7n \u00edch v\u00e0 h\u1ea5p d\u1eabn cho ng\u00f4i nh\u00e0 hi\u1ec7n \u0111\u1ea1i c\u1ee7a ng\u01b0\u1eddi Vi\u1ec7t Nam.<\/span><\/p>\n<p><img fetchpriority=\"high\" decoding=\"async\" class=\"aligncenter\" src=\"https:\/\/cf.shopee.vn\/file\/f6797de1ee745a2dc0d45cb02727d617\" alt=\"T\u00fai \u0110\u1ef1ng R\u00e1c Th\u00fa C\u01b0ng T\u1ef1 Ph\u00e2n H\u1ee7y Uncle Bills PA3372 | Shopee Vi\u1ec7t Nam\" width=\"486\" height=\"486\" \/><\/p>\n<p><span style=\"font-weight: 400\">B\u1ed9 2 \u1ed4 Kh\u00f3a H\u00e0nh L\u00fd Uncle Bills \u0111\u01b0\u1ee3c l\u00e0m t\u1eeb ch\u1ea5t li\u1ec7u th\u00e9p cao c\u1ea5p \u0111em \u0111\u1ebfn \u0111\u1ed9 b\u1ec1n d\u00e0i l\u00e2u. Ch\u1ea5t li\u1ec7u kh\u00f4ng b\u1ecb \u1ea3nh h\u01b0\u1edfng tr\u1ef1c ti\u1ebfp c\u1ee7a kh\u00f4ng kh\u00ed, gi\u1eef \u1ed5 kh\u00f3a kh\u00f4ng b\u1ecb g\u1ec9 s\u00e9t trong th\u1eddi gian s\u1eed d\u1ee5ng. \u1ed4 kh\u00f3a h\u00e0nh l\u00fd k\u00e8m theo ch\u00eca kh\u00f3a c\u00f3 thi\u1ebft k\u1ebf nh\u1ecf g\u1ecdn, ti\u1ec7n l\u1ee3i, d\u1ec5 d\u00e0ng mang theo.<\/span><\/p>\n<p><img decoding=\"async\" class=\"aligncenter\" src=\"https:\/\/cf.shopee.vn\/file\/830c71acbf4a2fe7af0211b7c42a450d\" alt=\"Shopee Vi\u1ec7t Nam | Mua v\u00e0 B\u00e1n Tr\u00ean \u1ee8ng D\u1ee5ng Di \u0110\u1ed9ng Ho\u1eb7c Website\" width=\"502\" height=\"502\" \/><\/p>\n<p><span style=\"font-weight: 400\">B\u1ed9 hai \u1ed5 kh\u00f3a h\u00e0nh l\u00fd UBL ti\u1ec7n \u00edch v\u00e0 c\u1ef1c k\u1ef3 an to\u00e0n th\u00edch h\u1ee3p v\u1edbi c\u00e1c lo\u1ea1i balo, vali nhi\u1ec1u ki\u1ec3u d\u00e1ng kh\u00e1c nhau. B\u1ed9 hai \u1ed5 kh\u00f3a h\u00e0nh l\u00fd UBL s\u1ebd l\u00e0 nh\u1eefng v\u1ec7 s\u0129 nh\u00ed gi\u00fap b\u1ea3o v\u1ec7 an to\u00e0n cho t\u00e0i s\u1ea3n c\u1ee7a b\u1ea1n khi \u0111i du l\u1ecbch, \u0111i c\u00f4ng t\u00e1c xa.<\/span><\/p>\n<p><span style=\"font-weight: 400\">B\u1ed9 hai \u1ed5 kh\u00f3a h\u00e0nh l\u00fd UBL ti\u00ea\u0323n l\u01a1\u0323i \u0111\u01b0\u1ee3c s\u1ea3n xu\u1ea5t theo c\u00f4ng ngh\u1ec7 ti\u00ean ti\u1ebfn v\u1edbi ki\u1ec3u d\u00e1ng xinh x\u1eafn v\u00e0 m\u00e0u s\u1eafc th\u1eddi trang. Ngo\u00e0i t\u00e1c d\u1ee5ng b\u1ea3o v\u1ec7 t\u00e0i s\u1ea3n c\u00e1 nh\u00e2n, chi\u1ebfc \u1ed5 kh\u00f3a h\u00e0nh l\u00fd UBL xinh x\u1eafn n\u00e0y c\u00f2n l\u00e0 v\u1eadt trang tr\u00ed, m\u00f3c treo ng\u1ed9 ngh\u0129nh.<\/span><\/p>\n<p><img decoding=\"async\" class=\"aligncenter\" src=\"https:\/\/havamall.vn\/wp-content\/uploads\/2021\/03\/rg0078_1_large.jpg\" alt='\u1ed4 kh\u00f3a h\u00e0nh l\u00fd UBL - Uncle Bills' \/><\/p>\n<h4><strong>\u0110\u1eb7c \u0111i\u1ec3m n\u1ed5i b\u1eadt:<\/strong><\/h4>\n<p><span style=\"font-weight: 400\">&#8211; B\u1ea3o v\u1ec7 an to\u00e0n cho t\u00e0i s\u1ea3n c\u1ee7a b\u1ea1n khi \u0111i du l\u1ecbch, \u0111i c\u00f4ng t\u00e1c xa<\/span><\/p>\n<p><span style=\"font-weight: 400\">&#8211; Ch\u1ea5t li\u1ec7u th\u00e9p cao c\u1ea5p kh\u00f4ng g\u1ec9 s\u00e9t khi \u1edf ngo\u00e0i tr\u1eddi trong \u0111i\u1ec1u ki\u1ec7n th\u1eddi ti\u1ebft x\u1ea5u<\/span><\/p>\n<p><span style=\"font-weight: 400\">&#8211; C\u00f3 th\u1ec3 kh\u00f3a t\u1ea5t c\u1ea3 t\u00fai x\u00e1ch, c\u1eb7p, ba l\u00f4 du l\u1ecbch, s\u1ed5 nh\u1eadt k\u00fd, ng\u0103n t\u1ee7, ng\u0103n k\u00e9o<\/span><\/p>\n<p><span style=\"font-weight: 400\">&#8211; K\u00edch th\u01b0\u1edbc 2,5 x 1 cm ti\u1ec7n mang theo b\u00ean m\u00ecnh<\/span><\/p>\n<p><span style=\"font-weight: 400\">S\u1ea3n ph\u1ea9m hi\u1ec7n \u0111\u00e3 c\u00f3 m\u1eb7t t\u1ea1i Havamall.<\/span><\/p>","protected":false},"excerpt":{"rendered":"<p>Uncle Bills (UBL) cung c\u1ea5p h\u01a1n 1800 s\u1ea3n ph\u1ea9m ti\u00eau d\u00f9ng phi th\u01b0\u0323c ph\u00e2\u0309m h\u00e2\u0301p d\u00e2\u0303n, ti\u00ea\u0323n i\u0301ch, gia\u0301 ph\u1ea3i<\/p>","protected":false},"featured_media":18780,"comment_status":"open","ping_status":"closed","template":"","meta":[],"product_brand":[],"product_cat":[35],"product_tag":[],"class_list":{"0":"post-18779","1":"product","2":"type-product","3":"status-publish","4":"has-post-thumbnail","6":"product_cat-nha-cua-doi-song","7":"pa_brand-uncle-bills","9":"first","10":"instock","11":"sale","12":"shipping-taxable","13":"purchasable","14":"product-type-simple"},"_links":{"self":[{"href":"https:\/\/havamall.vn\/en\/wp-json\/wp\/v2\/product\/18779"}],"collection":[{"href":"https:\/\/havamall.vn\/en\/wp-json\/wp\/v2\/product"}],"about":[{"href":"https:\/\/havamall.vn\/en\/wp-json\/wp\/v2\/types\/product"}],"replies":[{"embeddable":true,"href":"https:\/\/havamall.vn\/en\/wp-json\/wp\/v2\/comments?post=18779"}],"version-history":[{"count":0,"href":"https:\/\/havamall.vn\/en\/wp-json\/wp\/v2\/product\/18779\/revisions"}],"wp:featuredmedia":[{"embeddable":true,"href":"https:\/\/havamall.vn\/en\/wp-json\/wp\/v2\/media\/18780"}],"wp:attachment":[{"href":"https:\/\/havamall.vn\/en\/wp-json\/wp\/v2\/media?parent=18779"}],"wp:term":[{"taxonomy":"product_brand","embeddable":true,"href":"https:\/\/havamall.vn\/en\/wp-json\/wp\/v2\/product_brand?post=18779"},{"taxonomy":"product_cat","embeddable":true,"href":"https:\/\/havamall.vn\/en\/wp-json\/wp\/v2\/product_cat?post=18779"},{"taxonomy":"product_tag","embeddable":true,"href":"https:\/\/havamall.vn\/en\/wp-json\/wp\/v2\/product_tag?post=18779"}],"curies":[{"name":"wp","href":"https:\/\/api.w.org\/{rel}","templated":true}]}}