{"id":18771,"date":"2021-03-11T16:21:07","date_gmt":"2021-03-11T09:21:07","guid":{"rendered":"https:\/\/havamall.vn\/?post_type=product&#038;p=18771"},"modified":"2024-05-02T17:01:35","modified_gmt":"2024-05-02T10:01:35","slug":"da-vien-giu-lanh-tai-su-dung-bo-30-vien-uncle-bills","status":"publish","type":"product","link":"https:\/\/havamall.vn\/en\/shop\/da-vien-giu-lanh-tai-su-dung-bo-30-vien-uncle-bills\/","title":{"rendered":"\u0110\u00e1 Vi\u00ean Gi\u1eef L\u1ea1nh T\u00e1i S\u1eed D\u1ee5ng B\u1ed9 30 Vi\u00ean Uncle Bills"},"content":{"rendered":"<p><span style=\"font-weight: 400;\">Uncle Bills (UBL) cung c\u1ea5p h\u01a1n 1800 s\u1ea3n ph\u1ea9m ti\u00eau d\u00f9ng phi th\u01b0\u0323c ph\u00e2\u0309m h\u00e2\u0301p d\u00e2\u0303n, ti\u00ea\u0323n i\u0301ch, gia\u0301 ph\u1ea3i ch\u0103ng. S\u1ea3n ph\u1ea9m bao g\u1ed3m nhi\u1ec1u lo\u1ea1i ha\u0300ng ho\u0301a kh\u00e1c nhau, t\u1eeb \u0111\u1ed3 du\u0300ng nh\u00e0 b\u1ebfp, ch\u0103m s\u00f3c c\u00e1 nh\u00e2n, l\u00e0m s\u1ea1ch nha\u0300 c\u01b0\u0309a, \u0111\u00f4\u0300 l\u01b0u tr\u1eef, ca\u0301c loa\u0323i du\u0323ng cu\u0323, v\u00e2\u0323t du\u0323ng ngo\u00e0i tr\u1eddi v\u00e0 ca\u0309 cho tr\u1ebb em.\u00a0 UBL Lu\u00f4n lu\u00f4n c\u00e2\u0323p nh\u00e2\u0323t ca\u0301c sa\u0309n ph\u00e2\u0309m m\u01a1\u0301i.<\/span><\/p>\n<p><span style=\"font-weight: 400;\">S\u1ea3n ph\u1ea9m UBL \u0111\u01b0\u1ee3c s\u1ea3n xu\u1ea5t theo ti\u00eau chu\u1ea9n ch\u1ea5t l\u01b0\u1ee3ng nghi\u00eam ng\u1eb7t c\u1ee7a UBL Hongkong v\u00e0 b\u00e1n t\u1ea1i h\u01a1n 50 qu\u1ed1c gia v\u01a1\u0301i h\u01a1n 10.000 c\u1eeda h\u00e0ng, bao g\u1ed3m ch\u00e2u \u00c2u, \u00dac, Ch\u00e2u \u00c1, Ch\u00e2u Phi. S\u1ee9 m\u1ec7nh c\u1ee7a UBL l\u00e0 cung c\u1ea5p nh\u1eefng s\u1ea3n ph\u1ea9m ti\u1ec7n \u00edch v\u00e0 h\u1ea5p d\u1eabn cho ng\u00f4i nh\u00e0 hi\u1ec7n \u0111\u1ea1i c\u1ee7a ng\u01b0\u1eddi Vi\u1ec7t Nam.<\/span><\/p>\n<p><img fetchpriority=\"high\" decoding=\"async\" class=\"aligncenter\" src=\"https:\/\/cf.shopee.vn\/file\/f6797de1ee745a2dc0d45cb02727d617\" alt=\"T\u00fai \u0110\u1ef1ng R\u00e1c Th\u00fa C\u01b0ng T\u1ef1 Ph\u00e2n H\u1ee7y Uncle Bills PA3372 | Shopee Vi\u1ec7t Nam\" width=\"802\" height=\"801\" \/><\/p>\n<p><span style=\"font-weight: 400;\">\u0110\u00e1 vi\u00ean gi\u1eef l\u1ea1nh t\u00e1i s\u1eed d\u1ee5ng b\u1ed9 30 g\u00f3i Uncle Bills <\/span><span style=\"font-weight: 400;\">kh\u00f4ng tan c\u00f3 th\u1ec3 s\u1eed d\u1ee5ng h\u1ea7u h\u1ebft \u0111\u1ed1i v\u1edbi c\u00e1c lo\u1ea1i \u0111\u1ed3 u\u1ed1ng kh\u00e1c nhau. \u0110\u00e2y l\u00e0 lo\u1ea1i \u0111\u00e1 s\u1eed d\u1ee5ng th\u00edch h\u1ee3p nh\u1ea5t cho r\u01b0\u1ee3u v\u00e0 cocktail. \u0110\u00e1 l\u1ea1nh kh\u00f4ng tan s\u1ebd gi\u1eef h\u01b0\u01a1ng v\u1ecb r\u01b0\u1ee3u t\u1ed1t h\u01a1n, ngon h\u01a1n, kh\u00f4ng b\u1ecb lo\u00e3ng. S\u1ea3n ph\u1ea9m c\u00f2n th\u00edch h\u1ee3p trong vi\u1ec7c gi\u1eef l\u1ea1nh th\u1ee9c \u0103n, \u0111\u1ed3 u\u1ed1ng, t\u00fai l\u00e0m m\u00e1t, t\u00fai ch\u01b0\u1eddm.<\/span><\/p>\n<p><img decoding=\"async\" class=\"aligncenter\" src=\"https:\/\/havamall.vn\/wp-content\/uploads\/2021\/03\/77999a0e0ed618800c3fe0d3dc26d1d3.jpg\" alt=\"10 vi\u00ean \u0110\u00e1 L\u1ea1nh Kh\u00f4ng Tan Ice Cube nh\u1eadp kh\u1ea9u Nh\u1eadt B\u1ea3n - Ph\u1ee5 ki\u1ec7n ph\u00f2ng \u0103n kh\u00e1c Nh\u00e3n hi\u1ec7u OEM | VatDungNhaBep.com\" \/><\/p>\n<p><span style=\"font-weight: 400;\">V\u1edbi nguy\u00ean li\u1ec7u an to\u00e0n cho ng\u01b0\u1eddi s\u1eed d\u1ee5ng t\u00fai \u0111\u00e1 thay th\u1ebf tuy\u1ec7t v\u1eddi cho c\u00e1c vi\u00ean \u0111\u00e1 th\u1ef1c, m\u1eb7t h\u00e0ng n\u00e0y s\u1ebd kh\u00f4ng l\u00e0m h\u1ecfng h\u01b0\u01a1ng v\u1ecb ban \u0111\u1ea7u c\u1ee7a th\u1ee9c u\u1ed1ng.<\/span><\/p>\n<p><img decoding=\"async\" class=\"aligncenter\" src=\"https:\/\/havamall.vn\/wp-content\/uploads\/2021\/03\/f40a6a4f952bc1f4b04e53045a4d12b7.jpg\" alt=\"10 vi\u00ean \u0110\u00e1 L\u1ea1nh Kh\u00f4ng Tan Ice Cube nh\u1eadp kh\u1ea9u Nh\u1eadt B\u1ea3n - Ph\u1ee5 ki\u1ec7n ph\u00f2ng \u0103n kh\u00e1c Nh\u00e3n hi\u1ec7u OEM | VatDungNhaBep.com\" width=\"792\" height=\"793\" \/><\/p>\n<h4><strong>\u01afu \u0110i\u1ec3m:<\/strong><\/h4>\n<p><span style=\"font-weight: 400;\">&#8211; L\u00e0m l\u1ea1nh nhanh , gi\u1eef l\u1ea1nh l\u00e2u.<\/span><\/p>\n<p><span style=\"font-weight: 400;\">&#8211; T\u00e1i s\u1eed d\u1ee5ng.<\/span><\/p>\n<p><span style=\"font-weight: 400;\">&#8211; \u0110\u1ea3m b\u1ea3o v\u1ec7 sinh an to\u00e0n th\u1ef1c ph\u1ea9m.<\/span><\/p>\n<p><span style=\"font-weight: 400;\">&#8211; Th\u1ec3 hi\u1ec7n s\u1ef1 tinh t\u1ebf v\u00e0 sang tr\u1ecdng c\u1ee7a ng\u01b0\u1eddi s\u1eed d\u1ee5ng.\u00a0<\/span><\/p>\n<p><span style=\"font-weight: 400;\">&#8211; Size 1 vi\u00ean: 2.5\u00d72.5\u00d72.5 cm<\/span><\/p>\n<p><span style=\"font-weight: 400;\">&#8211; Th\u00e0nh ph\u1ea7n: Nh\u1ef1a cao c\u1ea5p.<\/span><\/p>\n<p><span style=\"font-weight: 400;\">&#8211; H\u1ed9p: 30 vi\u00ean\/h\u1ed9p\u00a0<\/span><\/p>\n<p><img decoding=\"async\" class=\"wp-image-19070 aligncenter\" src=\"https:\/\/havamall.vn\/wp-content\/uploads\/2021\/03\/maxresdefault-4-300x188.jpg\" alt=\"\" width=\"800\" height=\"502\" srcset=\"https:\/\/havamall.vn\/wp-content\/uploads\/2021\/03\/maxresdefault-4-300x188.jpg 300w, https:\/\/havamall.vn\/wp-content\/uploads\/2021\/03\/maxresdefault-4-430x269.jpg 430w, https:\/\/havamall.vn\/wp-content\/uploads\/2021\/03\/maxresdefault-4-150x94.jpg 150w, https:\/\/havamall.vn\/wp-content\/uploads\/2021\/03\/maxresdefault-4-700x438.jpg 700w, https:\/\/havamall.vn\/wp-content\/uploads\/2021\/03\/maxresdefault-4-1024x641.jpg 1024w\" sizes=\"(max-width: 800px) 100vw, 800px\" \/><\/p>\n<h4><strong>C\u00e1ch s\u1eed d\u1ee5ng :<\/strong><\/h4>\n<p>&#8211; C\u1ea5u t\u1ea1o c\u1ee7a nh\u1eefng vi\u00ean \u0111\u00e1 kh\u00f4ng tan l\u00e0 n\u01b0\u1edbc c\u1ea5t \u0111\u01b0\u1ee3c b\u1ecdc b\u1edfi l\u1edbp nh\u1ef1a PE an to\u00e0n s\u1eed d\u1ee5ng.<\/p>\n<p>&#8211; Ch\u1ec9 c\u1ea7n l\u00e0m \u0111\u00f4ng vi\u00ean \u0111\u00e1 kh\u00f4ng tan trong ng\u0103n \u0111\u00f4ng t\u1ee7 l\u1ea1nh, cho v\u00e0o th\u1ee9c u\u1ed1ng \u0111\u1ec3 l\u00e0m l\u1ea1nh \u0111\u1ed3 u\u1ed1ng thay th\u1ebf cho n\u01b0\u1edbc \u0111\u00e1 th\u00f4ng th\u01b0\u1eddng.<\/p>\n<p>&#8211; Vi\u00ean \u0111\u00e1 kh\u00f4ng tan, kh\u00f4ng ch\u1ea3y n\u01b0\u1edbc, kh\u00f4ng l\u00e0m lo\u00e3ng th\u1ee9c u\u1ed1ng, gi\u00fap th\u01b0\u1edfng th\u1ee9c tr\u1ecdn v\u1eb9n h\u01b0\u01a1ng v\u1ecb c\u1ee7a th\u1ee9c u\u1ed1ng.<\/p>\n<p>&#8211; Ch\u00fang ta c\u00f3 th\u1ec3 t\u00e1i s\u1eed d\u1ee5ng \u0111\u00e1 kh\u00f4ng tan nhi\u1ec1u l\u1ea7n, ti\u1ebft ki\u1ec7m chi ph\u00ed.<\/p>\n<p><span style=\"font-weight: 400;\">S\u1ea3n ph\u1ea9m hi\u1ec7n \u0111\u00e3 c\u00f3 m\u1eb7t t\u1ea1i Havamall.<\/span><\/p>","protected":false},"excerpt":{"rendered":"<p>Uncle Bills (UBL) cung c\u1ea5p h\u01a1n 1800 s\u1ea3n ph\u1ea9m ti\u00eau d\u00f9ng phi th\u01b0\u0323c ph\u00e2\u0309m h\u00e2\u0301p d\u00e2\u0303n, ti\u00ea\u0323n i\u0301ch, gia\u0301 ph\u1ea3i<\/p>","protected":false},"featured_media":18772,"comment_status":"open","ping_status":"closed","template":"","meta":[],"product_brand":[],"product_cat":[393,35],"product_tag":[],"class_list":{"0":"post-18771","1":"product","2":"type-product","3":"status-publish","4":"has-post-thumbnail","6":"product_cat-bep-phong-an","7":"product_cat-nha-cua-doi-song","8":"pa_brand-uncle-bills","10":"first","11":"instock","12":"sale","13":"shipping-taxable","14":"purchasable","15":"product-type-simple"},"_links":{"self":[{"href":"https:\/\/havamall.vn\/en\/wp-json\/wp\/v2\/product\/18771"}],"collection":[{"href":"https:\/\/havamall.vn\/en\/wp-json\/wp\/v2\/product"}],"about":[{"href":"https:\/\/havamall.vn\/en\/wp-json\/wp\/v2\/types\/product"}],"replies":[{"embeddable":true,"href":"https:\/\/havamall.vn\/en\/wp-json\/wp\/v2\/comments?post=18771"}],"version-history":[{"count":0,"href":"https:\/\/havamall.vn\/en\/wp-json\/wp\/v2\/product\/18771\/revisions"}],"wp:featuredmedia":[{"embeddable":true,"href":"https:\/\/havamall.vn\/en\/wp-json\/wp\/v2\/media\/18772"}],"wp:attachment":[{"href":"https:\/\/havamall.vn\/en\/wp-json\/wp\/v2\/media?parent=18771"}],"wp:term":[{"taxonomy":"product_brand","embeddable":true,"href":"https:\/\/havamall.vn\/en\/wp-json\/wp\/v2\/product_brand?post=18771"},{"taxonomy":"product_cat","embeddable":true,"href":"https:\/\/havamall.vn\/en\/wp-json\/wp\/v2\/product_cat?post=18771"},{"taxonomy":"product_tag","embeddable":true,"href":"https:\/\/havamall.vn\/en\/wp-json\/wp\/v2\/product_tag?post=18771"}],"curies":[{"name":"wp","href":"https:\/\/api.w.org\/{rel}","templated":true}]}}