{"id":18766,"date":"2021-03-11T15:59:51","date_gmt":"2021-03-11T08:59:51","guid":{"rendered":"https:\/\/havamall.vn\/?post_type=product&#038;p=18766"},"modified":"2021-03-11T15:59:51","modified_gmt":"2021-03-11T08:59:51","slug":"keo-bay-kien-3-cai-khong-doc-hai-uncle-bills","status":"publish","type":"product","link":"https:\/\/havamall.vn\/en\/shop\/keo-bay-kien-3-cai-khong-doc-hai-uncle-bills\/","title":{"rendered":"Keo B\u1eaby Ki\u1ebfn 3 C\u00e1i Kh\u00f4ng \u0110\u1ed9c H\u1ea1i Uncle Bills"},"content":{"rendered":"<p><span style=\"font-weight: 400\">Uncle Bills (UBL) cung c\u1ea5p h\u01a1n 1800 s\u1ea3n ph\u1ea9m ti\u00eau d\u00f9ng phi th\u01b0\u0323c ph\u00e2\u0309m h\u00e2\u0301p d\u00e2\u0303n, ti\u00ea\u0323n i\u0301ch, gia\u0301 ph\u1ea3i ch\u0103ng. S\u1ea3n ph\u1ea9m bao g\u1ed3m nhi\u1ec1u lo\u1ea1i ha\u0300ng ho\u0301a kh\u00e1c nhau, t\u1eeb \u0111\u1ed3 du\u0300ng nh\u00e0 b\u1ebfp, ch\u0103m s\u00f3c c\u00e1 nh\u00e2n, l\u00e0m s\u1ea1ch nha\u0300 c\u01b0\u0309a, \u0111\u00f4\u0300 l\u01b0u tr\u1eef, ca\u0301c loa\u0323i du\u0323ng cu\u0323, v\u00e2\u0323t du\u0323ng ngo\u00e0i tr\u1eddi v\u00e0 ca\u0309 cho tr\u1ebb em.\u00a0 UBL Lu\u00f4n lu\u00f4n c\u00e2\u0323p nh\u00e2\u0323t ca\u0301c sa\u0309n ph\u00e2\u0309m m\u01a1\u0301i.<\/span><\/p>\n<p><span style=\"font-weight: 400\">S\u1ea3n ph\u1ea9m UBL \u0111\u01b0\u1ee3c s\u1ea3n xu\u1ea5t theo ti\u00eau chu\u1ea9n ch\u1ea5t l\u01b0\u1ee3ng nghi\u00eam ng\u1eb7t c\u1ee7a UBL Hongkong v\u00e0 b\u00e1n t\u1ea1i h\u01a1n 50 qu\u1ed1c gia v\u01a1\u0301i h\u01a1n 10.000 c\u1eeda h\u00e0ng, bao g\u1ed3m ch\u00e2u \u00c2u, \u00dac, Ch\u00e2u \u00c1, Ch\u00e2u Phi. S\u1ee9 m\u1ec7nh c\u1ee7a UBL l\u00e0 cung c\u1ea5p nh\u1eefng s\u1ea3n ph\u1ea9m ti\u1ec7n \u00edch v\u00e0 h\u1ea5p d\u1eabn cho ng\u00f4i nh\u00e0 hi\u1ec7n \u0111\u1ea1i c\u1ee7a ng\u01b0\u1eddi Vi\u1ec7t Nam.<\/span><\/p>\n<p><img fetchpriority=\"high\" decoding=\"async\" class=\"aligncenter\" src=\"https:\/\/cf.shopee.vn\/file\/f6797de1ee745a2dc0d45cb02727d617\" alt=\"T\u00fai \u0110\u1ef1ng R\u00e1c Th\u00fa C\u01b0ng T\u1ef1 Ph\u00e2n H\u1ee7y Uncle Bills PA3372 | Shopee Vi\u1ec7t Nam\" width=\"505\" height=\"505\" \/><\/p>\n<p><span style=\"font-weight: 400\">Keo b\u1eaby ki\u1ebfn UBL \u0111\u01b0\u1ee3c l\u00e0m b\u1eb1ng ch\u1ea5t li\u1ec7u kh\u00f4ng ch\u1ee9a c\u00e1c h\u00f3a ch\u1ea5t g\u00e2y h\u1ea1i, \u0111\u1ea3m b\u1ea3o an to\u00e0n cho s\u1ee9c kh\u1ecfe c\u1ee7a ng\u01b0\u1eddi d\u00f9ng, v\u1eadt nu\u00f4i v\u00e0 m\u00f4i tr\u01b0\u1eddng xung quanh.<\/span><\/p>\n<p><span style=\"font-weight: 400\">Keo b\u1eaby ki\u1ebfn Uncle Bills \u0111\u01b0\u1ee3c s\u1ea3n xu\u1ea5t b\u1eb1ng c\u00f4ng ngh\u1ec7 hi\u1ec7n \u0111\u1ea1i, hi\u1ec7u qu\u1ea3 t\u1ed1i \u01b0u<\/span><\/p>\n<p><img decoding=\"async\" class=\"aligncenter\" src=\"https:\/\/havamall.vn\/wp-content\/uploads\/2021\/03\/6049dc08422c1_upload_5117c962e8de4ef7a64084941f095c18.jpg\" alt='Ant Glue Traps 3Pk' width=\"494\" height=\"494\" \/><\/p>\n<p><span style=\"font-weight: 400\">Keo b\u1eaby ki\u1ebfn UBL\u00a0 Mang \u0111\u1ebfn kh\u1ea3 n\u0103ng di\u1ec7t ki\u1ebfn t\u1ed1i \u01b0u, h\u1ea1n ch\u1ebf t\u00ecnh tr\u1ea1ng ki\u1ebfn b\u00f2 v\u00e0o th\u1ee9c \u0103n g\u00e2y h\u01b0 h\u1ecfng ho\u1eb7c t\u1ea5n c\u00f4ng ng\u01b0\u1eddi v\u00e0 v\u1eadt nu\u00f4i. B\u1eb1ng c\u00e1ch s\u1eed d\u1ee5ng \u0111\u01a1n gi\u1ea3n, b\u1ea1n h\u00e3y \u0111\u1eb7t b\u1eaby \u1edf n\u01a1i m\u00e0 b\u1ea1n nh\u00ecn th\u1ea5y ki\u1ebfn, \u0111\u1ed3ng th\u1eddi \u0111\u1eb7t nhi\u1ec1u b\u1eaby \u0111\u1ec3 b\u1ea1n c\u00f3 th\u1ec3 x\u00e1c \u0111\u1ecbnh \u0111\u01b0\u1ee3c di\u1ec7n t\u00edch \u1ea3nh h\u01b0\u1edfng v\u00e0 xu\u1ea5t hi\u1ec7n c\u1ee7a ki\u1ebfn nh\u1ea5t.<\/span><\/p>\n<p><span style=\"font-weight: 400\">Cho kh\u00f4ng gian s\u1ed1ng c\u1ee7a gia \u0111\u00ecnh lu\u00f4n \u0111\u01b0\u1ee3c an to\u00e0n, s\u1ea1ch s\u1ebd v\u00e0 tho\u1ea3i m\u00e1i nh\u1ea5t.<\/span><\/p>\n<p><img decoding=\"async\" class=\"aligncenter\" src=\"https:\/\/havamall.vn\/wp-content\/uploads\/2021\/03\/bj0060-1_large.jpg\" alt='Keo B\u1eaby Ki\u1ebfn 3 c\u00e1i - Uncle Bills' width=\"502\" height=\"502\" \/><\/p>\n<p><b>T\u00e1c h\u1ea1i v\u00e0 nguy c\u01a1 t\u1eeb ki\u1ebfn:<\/b><\/p>\n<p><span style=\"font-weight: 400\">&#8211; Ki\u1ebfn l\u00e0 lo\u1ea1i c\u00f4n tr\u00f9ng s\u1ed1ng th\u00e0nh t\u1eebng b\u1ea7y ch\u00fang kh\u00f4ng ch\u1ec9 g\u00e2y kh\u00f3 ch\u1ecbu khi b\u00f2 v\u00e0o th\u1ee9c \u0103n m\u00e0 ki\u1ebfn c\u00f2n t\u1ea5n c\u00f4ng ng\u01b0\u1eddi. M\u1ed9t s\u1ed1 lo\u00e0i ki\u1ebfn c\u1eafn r\u1ea5t \u0111au v\u00e0 n\u1ecdc c\u1ee7a ch\u00fang c\u00f3 th\u1ec3 g\u00e2y d\u1ecb \u1ee9ng nghi\u00eam tr\u1ecdng.<\/span><\/p>\n<p><span style=\"font-weight: 400\">&#8211; \u0110\u1ed1i t\u01b0\u1ee3ng ki\u1ebfn th\u01b0\u1eddng t\u1ea5n c\u00f4ng l\u00e0 tr\u1ebb em trong gia \u0111\u00ecnh. B\u00ean c\u1ea1nh \u0111\u00f3; ki\u1ebfn l\u00e0 t\u00e1c nh\u00e2n g\u00e2y nhi\u1ec1u b\u1ec7nh truy\u1ec1n nhi\u1ec5m nh\u01b0 b\u1ec7nh ti\u00eau ch\u1ea3y; \u0111\u1eadu m\u00f9a&#8230;<\/span><\/p>\n<p><span style=\"font-weight: 400\">&#8211; Khi ki\u1ebfn b\u00f2 v\u00e0o th\u1ee9c \u0103n c\u00f3 th\u1ec3 \u0111em theo nhi\u1ec1u ch\u1ea5t \u0111\u1ed9c h\u1ea1i g\u00e2y ng\u1ed9 \u0111\u1ed9c th\u1ee9c \u0103n. Do \u0111\u00f3 b\u1ea1n lu\u00f4n mu\u1ed1n t\u00ecm m\u1ecdi c\u00e1ch \u0111\u1ec3 di\u1ec7t ki\u1ebfn t\u1eadn g\u1ed1c.\u00a0<\/span><\/p>\n<p><img loading=\"lazy\" decoding=\"async\" class=\"aligncenter\" src=\"https:\/\/havamall.vn\/wp-content\/uploads\/2021\/03\/how-do-ant-traps-work.jpg\" alt='How Do Ant Traps Work and How to Use Them - Dengarden - Home and Garden' width=\"500\" height=\"375\" \/><\/p>\n<p><span style=\"font-weight: 400\">S\u1ea3n ph\u1ea9m keo b\u1eaby ki\u1ebfn UBL g\u1ed3m 3 c\u00e1i l\u00e0 c\u00e1ch di\u1ec7t ki\u1ebfn \u0111\u01a1n gi\u1ea3n v\u00e0 hi\u1ec7u qu\u1ea3 kh\u00f4ng c\u00f3 ho\u00e1 ch\u1ea5t \u0111\u1ed9c h\u1ea1i n\u00ean an to\u00e0n tuy\u1ec7t \u0111\u1ed1i cho gia \u0111\u00ecnh b\u1ea1n \u0111\u1eb7c bi\u1ec7t l\u00e0 gia \u0111\u00ecnh c\u00f3 tr\u1ebb nh\u1ecf. B\u1ea1n s\u1ebd an t\u00e2m di\u1ec7t ki\u1ebfn trong nh\u00e0 m\u00e0 kh\u00f4ng s\u1ee3 \u1ea3nh h\u01b0\u1edfng \u0111\u1ebfn c\u00e1c b\u00e9 nh\u00e0 m\u00ecnh.<\/span><\/p>\n<p><span style=\"font-weight: 400\">S\u1ea3n ph\u1ea9m hi\u1ec7n \u0111\u00e3 c\u00f3 m\u1eb7t t\u1ea1i Havamall.<\/span><\/p>","protected":false},"excerpt":{"rendered":"<p>Uncle Bills (UBL) cung c\u1ea5p h\u01a1n 1800 s\u1ea3n ph\u1ea9m ti\u00eau d\u00f9ng phi th\u01b0\u0323c ph\u00e2\u0309m h\u00e2\u0301p d\u00e2\u0303n, ti\u00ea\u0323n i\u0301ch, gia\u0301 ph\u1ea3i<\/p>","protected":false},"featured_media":18767,"comment_status":"open","ping_status":"closed","template":"","meta":[],"product_brand":[],"product_cat":[35],"product_tag":[],"class_list":{"0":"post-18766","1":"product","2":"type-product","3":"status-publish","4":"has-post-thumbnail","6":"product_cat-nha-cua-doi-song","7":"pa_brand-uncle-bills","9":"first","10":"instock","11":"sale","12":"shipping-taxable","13":"purchasable","14":"product-type-simple"},"_links":{"self":[{"href":"https:\/\/havamall.vn\/en\/wp-json\/wp\/v2\/product\/18766"}],"collection":[{"href":"https:\/\/havamall.vn\/en\/wp-json\/wp\/v2\/product"}],"about":[{"href":"https:\/\/havamall.vn\/en\/wp-json\/wp\/v2\/types\/product"}],"replies":[{"embeddable":true,"href":"https:\/\/havamall.vn\/en\/wp-json\/wp\/v2\/comments?post=18766"}],"version-history":[{"count":0,"href":"https:\/\/havamall.vn\/en\/wp-json\/wp\/v2\/product\/18766\/revisions"}],"wp:featuredmedia":[{"embeddable":true,"href":"https:\/\/havamall.vn\/en\/wp-json\/wp\/v2\/media\/18767"}],"wp:attachment":[{"href":"https:\/\/havamall.vn\/en\/wp-json\/wp\/v2\/media?parent=18766"}],"wp:term":[{"taxonomy":"product_brand","embeddable":true,"href":"https:\/\/havamall.vn\/en\/wp-json\/wp\/v2\/product_brand?post=18766"},{"taxonomy":"product_cat","embeddable":true,"href":"https:\/\/havamall.vn\/en\/wp-json\/wp\/v2\/product_cat?post=18766"},{"taxonomy":"product_tag","embeddable":true,"href":"https:\/\/havamall.vn\/en\/wp-json\/wp\/v2\/product_tag?post=18766"}],"curies":[{"name":"wp","href":"https:\/\/api.w.org\/{rel}","templated":true}]}}