{"id":18758,"date":"2021-03-11T15:32:07","date_gmt":"2021-03-11T08:32:07","guid":{"rendered":"https:\/\/havamall.vn\/?post_type=product&#038;p=18758"},"modified":"2021-03-11T15:32:07","modified_gmt":"2021-03-11T08:32:07","slug":"goi-bom-du-lich-uncle-bills","status":"publish","type":"product","link":"https:\/\/havamall.vn\/en\/shop\/goi-bom-du-lich-uncle-bills\/","title":{"rendered":"G\u1ed1i B\u01a1m Du L\u1ecbch Uncle Bills"},"content":{"rendered":"<p><span style=\"font-weight: 400\">Uncle Bills (UBL) cung c\u1ea5p h\u01a1n 1800 s\u1ea3n ph\u1ea9m ti\u00eau d\u00f9ng phi th\u01b0\u0323c ph\u00e2\u0309m h\u00e2\u0301p d\u00e2\u0303n, ti\u00ea\u0323n i\u0301ch, gia\u0301 ph\u1ea3i ch\u0103ng. S\u1ea3n ph\u1ea9m bao g\u1ed3m nhi\u1ec1u lo\u1ea1i ha\u0300ng ho\u0301a kh\u00e1c nhau, t\u1eeb \u0111\u1ed3 du\u0300ng nh\u00e0 b\u1ebfp, ch\u0103m s\u00f3c c\u00e1 nh\u00e2n, l\u00e0m s\u1ea1ch nha\u0300 c\u01b0\u0309a, \u0111\u00f4\u0300 l\u01b0u tr\u1eef, ca\u0301c loa\u0323i du\u0323ng cu\u0323, v\u00e2\u0323t du\u0323ng ngo\u00e0i tr\u1eddi v\u00e0 ca\u0309 cho tr\u1ebb em.\u00a0 UBL Lu\u00f4n lu\u00f4n c\u00e2\u0323p nh\u00e2\u0323t ca\u0301c sa\u0309n ph\u00e2\u0309m m\u01a1\u0301i.<\/span><\/p>\n<p><span style=\"font-weight: 400\">S\u1ea3n ph\u1ea9m UBL \u0111\u01b0\u1ee3c s\u1ea3n xu\u1ea5t theo ti\u00eau chu\u1ea9n ch\u1ea5t l\u01b0\u1ee3ng nghi\u00eam ng\u1eb7t c\u1ee7a UBL Hongkong v\u00e0 b\u00e1n t\u1ea1i h\u01a1n 50 qu\u1ed1c gia v\u01a1\u0301i h\u01a1n 10.000 c\u1eeda h\u00e0ng, bao g\u1ed3m ch\u00e2u \u00c2u, \u00dac, Ch\u00e2u \u00c1, Ch\u00e2u Phi. S\u1ee9 m\u1ec7nh c\u1ee7a UBL l\u00e0 cung c\u1ea5p nh\u1eefng s\u1ea3n ph\u1ea9m ti\u1ec7n \u00edch v\u00e0 h\u1ea5p d\u1eabn cho ng\u00f4i nh\u00e0 hi\u1ec7n \u0111\u1ea1i c\u1ee7a ng\u01b0\u1eddi Vi\u1ec7t Nam.<\/span><\/p>\n<p><img fetchpriority=\"high\" decoding=\"async\" class=\"aligncenter\" src=\"https:\/\/cf.shopee.vn\/file\/f6797de1ee745a2dc0d45cb02727d617\" alt=\"T\u00fai \u0110\u1ef1ng R\u00e1c Th\u00fa C\u01b0ng T\u1ef1 Ph\u00e2n H\u1ee7y Uncle Bills PA3372 | Shopee Vi\u1ec7t Nam\" width=\"553\" height=\"553\" \/><\/p>\n<p><span style=\"font-weight: 400\">G\u1ed1i b\u01a1m du l\u1ecbch Uncle Bills <\/span><span style=\"font-weight: 400\">ti\u1ec7n d\u1ee5ng, khi kh\u00f4ng s\u1eed d\u1ee5ng b\u1ea1n c\u00f3 th\u1ec3 x\u1ea3 h\u01a1i, g\u1ea5p g\u1ecdn v\u00e0 cho v\u00e0o t\u00fai \u0111\u1ec3 l\u01b0u tr\u1eef. Th\u00edch h\u1ee3p \u0111\u1ec3 mang theo \u0111i du l\u1ecbch m\u00e0 kh\u00f4ng chi\u1ebfm di\u1ec7n t\u00edch h\u00e0nh l\u00fd<\/span><\/p>\n<p><span style=\"font-weight: 400\">V\u1edbi thi\u1ebft k\u1ebf \u00f4m s\u00e1t c\u1ed5, vai, g\u00e1y, g\u1ed1i gi\u00fap cho b\u1ea1n c\u00f3 \u0111\u01b0\u1ee3c gi\u1ea5c ng\u1ee7 ngon, c\u1ea3m gi\u00e1c tho\u1ea3i m\u00e1i, tinh th\u1ea7n s\u1ea3ng kho\u00e1i trong m\u1ed7i chuy\u1ebfn \u0111i.<\/span><\/p>\n<p><img decoding=\"async\" class=\"aligncenter\" src=\"https:\/\/havamall.vn\/wp-content\/uploads\/2021\/03\/eb8d16e6cb5c1ac38e05d511870fb77f.jpg\" alt='G\u1ed1i t\u1ef1a c\u1ed5 du l\u1ecbch Uncle Bills RG0083 - G\u1ed1i t\u1ef1a c\u1ed5 | SieuThiChoLon.com' width=\"565\" height=\"565\" \/><\/p>\n<p><span style=\"font-weight: 400\">K\u00edch th\u01b0\u1edbc nh\u1ecf g\u1ecdn, th\u00edch h\u1ee3p \u0111\u1ec3 mang theo m\u1ed7i khi \u0111i du l\u1ecbch, \u0111i t\u00e0u xe ho\u1eb7c s\u1eed d\u1ee5ng t\u1ea1i v\u0103n ph\u00f2ng l\u00e0m vi\u1ec7c. B\u1ea1n s\u1ebd c\u00f3 m\u1ed9t gi\u1ea5c ng\u1ee7 d\u1ec5 ch\u1ecbu v\u00e0 tho\u1ea3i m\u00e1i nh\u1ea5t d\u00f9 kh\u00f4ng \u1edf t\u1ea1i nh\u00e0.<\/span><span style=\"font-weight: 400\"> S\u1ea3n ph\u1ea9m c\u00f2n \u0111\u01b0\u1ee3c nhi\u1ec1u nh\u00e2n vi\u00ean c\u00f4ng s\u1edf ch\u1ecdn l\u00e0 gi\u1ea3i ph\u00e1p cho nh\u1eefng gi\u1ea5c ng\u1ee7 tr\u01b0a ng\u1eafn t\u1ea1i v\u0103n ph\u00f2ng.<\/span><\/p>\n<p><span style=\"font-weight: 400\">G\u1ed1i b\u01a1m du l\u1ecbch Uncle Bills <\/span><span style=\"font-weight: 400\">\u0111\u01b0\u1ee3c l\u00e0m t\u1eeb v\u1ea3i b\u00f4ng v\u00e0 v\u1ea3i nh\u00e2n t\u1ea1o \u00eam \u00e1i, kh\u00f4ng g\u00e2y k\u00edch \u1ee9ng da, an to\u00e0n v\u1edbi s\u1ee9c kh\u1ecfe ng\u01b0\u1eddi s\u1eed d\u1ee5ng.<\/span><\/p>\n<p><img decoding=\"async\" class=\"aligncenter\" src=\"https:\/\/havamall.vn\/wp-content\/uploads\/2021\/03\/g_e1_bb_91i_20b_c6_a1m_20du_20l_e1_bb_8bch_20_3__grande.jpg\" alt='G\u1ed1i B\u01a1m Du L\u1ecbch - Uncle Bills' width=\"533\" height=\"533\" \/><\/p>\n<h4><strong>\u0110\u1eb7c \u0111i\u1ec3m s\u1ea3n ph\u1ea9m:<\/strong><\/h4>\n<p><span style=\"font-weight: 400\">&#8211; B\u00f4ng v\u1ea3i v\u00e0 v\u1ea3i nh\u00e2n t\u1ea1o \u00eam \u00e1i<\/span><\/p>\n<p><span style=\"font-weight: 400\">&#8211; Thi\u1ebft k\u1ebf ch\u1eef U \u00f4m s\u00e1t c\u1ed5<\/span><\/p>\n<p><span style=\"font-weight: 400\">&#8211; K\u00edch th\u01b0\u1edbc nh\u1ecf g\u1ecdn, ti\u1ec7n mang theo khi du l\u1ecbch<\/span><\/p>\n<p><span style=\"font-weight: 400\">S\u1ea3n ph\u1ea9m hi\u1ec7n \u0111\u00e3 c\u00f3 m\u1eb7t t\u1ea1i Havamall.<\/span><\/p>","protected":false},"excerpt":{"rendered":"<p>Uncle Bills (UBL) cung c\u1ea5p h\u01a1n 1800 s\u1ea3n ph\u1ea9m ti\u00eau d\u00f9ng phi th\u01b0\u0323c ph\u00e2\u0309m h\u00e2\u0301p d\u00e2\u0303n, ti\u00ea\u0323n i\u0301ch, gia\u0301 ph\u1ea3i<\/p>","protected":false},"featured_media":18759,"comment_status":"open","ping_status":"closed","template":"","meta":[],"product_brand":[],"product_cat":[396,35],"product_tag":[],"class_list":{"0":"post-18758","1":"product","2":"type-product","3":"status-publish","4":"has-post-thumbnail","6":"product_cat-suc-khoe-lam-dep","7":"product_cat-nha-cua-doi-song","8":"pa_brand-uncle-bills","10":"first","11":"instock","12":"sale","13":"shipping-taxable","14":"purchasable","15":"product-type-simple"},"_links":{"self":[{"href":"https:\/\/havamall.vn\/en\/wp-json\/wp\/v2\/product\/18758"}],"collection":[{"href":"https:\/\/havamall.vn\/en\/wp-json\/wp\/v2\/product"}],"about":[{"href":"https:\/\/havamall.vn\/en\/wp-json\/wp\/v2\/types\/product"}],"replies":[{"embeddable":true,"href":"https:\/\/havamall.vn\/en\/wp-json\/wp\/v2\/comments?post=18758"}],"version-history":[{"count":0,"href":"https:\/\/havamall.vn\/en\/wp-json\/wp\/v2\/product\/18758\/revisions"}],"wp:featuredmedia":[{"embeddable":true,"href":"https:\/\/havamall.vn\/en\/wp-json\/wp\/v2\/media\/18759"}],"wp:attachment":[{"href":"https:\/\/havamall.vn\/en\/wp-json\/wp\/v2\/media?parent=18758"}],"wp:term":[{"taxonomy":"product_brand","embeddable":true,"href":"https:\/\/havamall.vn\/en\/wp-json\/wp\/v2\/product_brand?post=18758"},{"taxonomy":"product_cat","embeddable":true,"href":"https:\/\/havamall.vn\/en\/wp-json\/wp\/v2\/product_cat?post=18758"},{"taxonomy":"product_tag","embeddable":true,"href":"https:\/\/havamall.vn\/en\/wp-json\/wp\/v2\/product_tag?post=18758"}],"curies":[{"name":"wp","href":"https:\/\/api.w.org\/{rel}","templated":true}]}}