{"id":18751,"date":"2021-03-11T15:03:50","date_gmt":"2021-03-11T08:03:50","guid":{"rendered":"https:\/\/havamall.vn\/?post_type=product&#038;p=18751"},"modified":"2021-03-11T15:03:50","modified_gmt":"2021-03-11T08:03:50","slug":"nen-happy-birthday-mau-bac-uncle-bills","status":"publish","type":"product","link":"https:\/\/havamall.vn\/en\/shop\/nen-happy-birthday-mau-bac-uncle-bills\/","title":{"rendered":"N\u1ebfn Happy Birthday M\u00e0u B\u1ea1c Uncle Bills"},"content":{"rendered":"<p><span style=\"font-weight: 400\">Uncle Bills (UBL) cung c\u1ea5p h\u01a1n 1800 s\u1ea3n ph\u1ea9m ti\u00eau d\u00f9ng phi th\u01b0\u0323c ph\u00e2\u0309m h\u00e2\u0301p d\u00e2\u0303n, ti\u00ea\u0323n i\u0301ch, gia\u0301 ph\u1ea3i ch\u0103ng. S\u1ea3n ph\u1ea9m bao g\u1ed3m nhi\u1ec1u lo\u1ea1i ha\u0300ng ho\u0301a kh\u00e1c nhau, t\u1eeb \u0111\u1ed3 du\u0300ng nh\u00e0 b\u1ebfp, ch\u0103m s\u00f3c c\u00e1 nh\u00e2n, l\u00e0m s\u1ea1ch nha\u0300 c\u01b0\u0309a, \u0111\u00f4\u0300 l\u01b0u tr\u1eef, ca\u0301c loa\u0323i du\u0323ng cu\u0323, v\u00e2\u0323t du\u0323ng ngo\u00e0i tr\u1eddi v\u00e0 ca\u0309 cho tr\u1ebb em.\u00a0 UBL Lu\u00f4n lu\u00f4n c\u00e2\u0323p nh\u00e2\u0323t ca\u0301c sa\u0309n ph\u00e2\u0309m m\u01a1\u0301i.<\/span><\/p>\n<p><span style=\"font-weight: 400\">S\u1ea3n ph\u1ea9m UBL \u0111\u01b0\u1ee3c s\u1ea3n xu\u1ea5t theo ti\u00eau chu\u1ea9n ch\u1ea5t l\u01b0\u1ee3ng nghi\u00eam ng\u1eb7t c\u1ee7a UBL Hongkong v\u00e0 b\u00e1n t\u1ea1i h\u01a1n 50 qu\u1ed1c gia v\u01a1\u0301i h\u01a1n 10.000 c\u1eeda h\u00e0ng, bao g\u1ed3m ch\u00e2u \u00c2u, \u00dac, Ch\u00e2u \u00c1, Ch\u00e2u Phi. S\u1ee9 m\u1ec7nh c\u1ee7a UBL l\u00e0 cung c\u1ea5p nh\u1eefng s\u1ea3n ph\u1ea9m ti\u1ec7n \u00edch v\u00e0 h\u1ea5p d\u1eabn cho ng\u00f4i nh\u00e0 hi\u1ec7n \u0111\u1ea1i c\u1ee7a ng\u01b0\u1eddi Vi\u1ec7t Nam.<\/span><\/p>\n<p><img fetchpriority=\"high\" decoding=\"async\" class=\"aligncenter\" src=\"https:\/\/cf.shopee.vn\/file\/f6797de1ee745a2dc0d45cb02727d617\" alt=\"T\u00fai \u0110\u1ef1ng R\u00e1c Th\u00fa C\u01b0ng T\u1ef1 Ph\u00e2n H\u1ee7y Uncle Bills PA3372 | Shopee Vi\u1ec7t Nam\" width=\"485\" height=\"485\" \/><\/p>\n<p><span style=\"font-weight: 400\">\u0110\u1ec3 chi\u1ebfc b\u00e1nh sinh nh\u1eadt lung linh v\u00e0 \u0111\u1eb9p m\u1eaft h\u01a1n th\u00ec ch\u1eafc ch\u1eafn kh\u00f4ng th\u1ec3 thi\u1ebfu nh\u1eefng c\u00e2y n\u1ebfn sinh nh\u1eadt. <\/span><span style=\"font-weight: 400\">N\u1ebfn Happy Birthday m\u00e0u b\u1ea1c <\/span><span style=\"font-weight: 400\">Uncle Bills v\u1edbi ki\u1ec3u d\u00e1ng xinh x\u1eafn gi\u00fap bu\u1ed5i ti\u1ec7c sinh nh\u1eadt tr\u1edf n\u00ean \u0111\u1eb7c bi\u1ec7t v\u00e0 c\u00f3 \u00fd ngh\u0129a h\u01a1n, v\u1edbi ch\u1ea5t li\u1ec7u an to\u00e0n, ki\u1ec3u d\u00e1ng xinh x\u1eafn s\u1ebd l\u00e0 m\u00f3n \u0111\u1ed3 kh\u00f4ng th\u1ec3 thi\u1ebfu trong d\u1ecbp sinh nh\u1eadt.<\/span><\/p>\n<p><img decoding=\"async\" class=\"aligncenter\" src=\"https:\/\/havamall.vn\/wp-content\/uploads\/2021\/03\/6049cee6c3d3b_ya0085.jpg\" alt='N\u1ebfn Happy Birthday m\u00e0u b\u1ea1c' width=\"484\" height=\"484\" \/><\/p>\n<p><span style=\"font-weight: 400\">N\u1ebfn ch\u1eef <\/span><span style=\"font-weight: 400\">Happy Birthday <\/span><span style=\"font-weight: 400\">\u00e1nh kim c\u1ef1c \u0111\u1eb9p v\u00e0 sang gi\u00fap trang tr\u00ed b\u00e1nh sinh nh\u1eadt c\u1ee7a b\u1ea1n th\u00eam lung linh v\u00e0 \u0111\u1eb9p m\u1eaft&#8230;.<\/span><\/p>\n<p><img decoding=\"async\" class=\"aligncenter\" src=\"https:\/\/havamall.vn\/wp-content\/uploads\/2021\/03\/320-2.jpg\" width=\"487\" height=\"487\" \/><\/p>\n<h4><strong>Th\u00f4ng tin s\u1ea3n ph\u1ea9m:<\/strong><\/h4>\n<p><span style=\"font-weight: 400\">\u2013 C\u00f4ng d\u1ee5ng: trang tr\u00ed ti\u1ec7c<\/span><\/p>\n<p><span style=\"font-weight: 400\">\u2013 Th\u00e0nh ph\u1ea7n: S\u00e1p cao c\u1ea5p, nh\u1ef1a PP, s\u01a1n nh\u0169<\/span><\/p>\n<p><span style=\"font-weight: 400\">\u2013 An to\u00e0n, kh\u00f4ng \u0111\u1ed9c h\u1ea1i<\/span><\/p>\n<p><span style=\"font-weight: 400\">\u2013 \u0110\u1ecbnh l\u01b0\u1ee3ng: 1 g\u00f3i\/b\u1ed9<\/span><\/p>\n<p><span style=\"font-weight: 400\">\u2013 B\u1ea3o qu\u1ea3n: N\u01a1i kh\u00f4 r\u00e1o, tr\u00e1nh va \u0111\u1eadp m\u1ea1nh<\/span><\/p>\n<p><span style=\"font-weight: 400\">S\u1ea3n ph\u1ea9m hi\u1ec7n \u0111\u00e3 c\u00f3 m\u1eb7t t\u1ea1i Havamall.<\/span><\/p>","protected":false},"excerpt":{"rendered":"<p>Uncle Bills (UBL) cung c\u1ea5p h\u01a1n 1800 s\u1ea3n ph\u1ea9m ti\u00eau d\u00f9ng phi th\u01b0\u0323c ph\u00e2\u0309m h\u00e2\u0301p d\u00e2\u0303n, ti\u00ea\u0323n i\u0301ch, gia\u0301 ph\u1ea3i<\/p>","protected":false},"featured_media":18752,"comment_status":"open","ping_status":"closed","template":"","meta":[],"product_brand":[],"product_cat":[35],"product_tag":[],"class_list":{"0":"post-18751","1":"product","2":"type-product","3":"status-publish","4":"has-post-thumbnail","6":"product_cat-nha-cua-doi-song","7":"pa_brand-uncle-bills","9":"first","10":"instock","11":"sale","12":"shipping-taxable","13":"purchasable","14":"product-type-simple"},"_links":{"self":[{"href":"https:\/\/havamall.vn\/en\/wp-json\/wp\/v2\/product\/18751"}],"collection":[{"href":"https:\/\/havamall.vn\/en\/wp-json\/wp\/v2\/product"}],"about":[{"href":"https:\/\/havamall.vn\/en\/wp-json\/wp\/v2\/types\/product"}],"replies":[{"embeddable":true,"href":"https:\/\/havamall.vn\/en\/wp-json\/wp\/v2\/comments?post=18751"}],"version-history":[{"count":0,"href":"https:\/\/havamall.vn\/en\/wp-json\/wp\/v2\/product\/18751\/revisions"}],"wp:featuredmedia":[{"embeddable":true,"href":"https:\/\/havamall.vn\/en\/wp-json\/wp\/v2\/media\/18752"}],"wp:attachment":[{"href":"https:\/\/havamall.vn\/en\/wp-json\/wp\/v2\/media?parent=18751"}],"wp:term":[{"taxonomy":"product_brand","embeddable":true,"href":"https:\/\/havamall.vn\/en\/wp-json\/wp\/v2\/product_brand?post=18751"},{"taxonomy":"product_cat","embeddable":true,"href":"https:\/\/havamall.vn\/en\/wp-json\/wp\/v2\/product_cat?post=18751"},{"taxonomy":"product_tag","embeddable":true,"href":"https:\/\/havamall.vn\/en\/wp-json\/wp\/v2\/product_tag?post=18751"}],"curies":[{"name":"wp","href":"https:\/\/api.w.org\/{rel}","templated":true}]}}