{"id":18733,"date":"2021-03-11T13:49:37","date_gmt":"2021-03-11T06:49:37","guid":{"rendered":"https:\/\/havamall.vn\/?post_type=product&#038;p=18733"},"modified":"2021-09-15T09:44:37","modified_gmt":"2021-09-15T02:44:37","slug":"giay-bac-boc-thuc-pham-30m-uncle-bills","status":"publish","type":"product","link":"https:\/\/havamall.vn\/en\/shop\/giay-bac-boc-thuc-pham-30m-uncle-bills\/","title":{"rendered":"Gi\u1ea5y B\u1ea1c B\u1ecdc Th\u1ef1c Ph\u1ea9m 30M Uncle Bills"},"content":{"rendered":"<p><span style=\"font-weight: 400\">Uncle Bills (UBL) cung c\u1ea5p h\u01a1n 1800 s\u1ea3n ph\u1ea9m ti\u00eau d\u00f9ng phi th\u01b0\u0323c ph\u00e2\u0309m h\u00e2\u0301p d\u00e2\u0303n, ti\u00ea\u0323n i\u0301ch, gia\u0301 ph\u1ea3i ch\u0103ng. S\u1ea3n ph\u1ea9m bao g\u1ed3m nhi\u1ec1u lo\u1ea1i ha\u0300ng ho\u0301a kh\u00e1c nhau, t\u1eeb \u0111\u1ed3 du\u0300ng nh\u00e0 b\u1ebfp, ch\u0103m s\u00f3c c\u00e1 nh\u00e2n, l\u00e0m s\u1ea1ch nha\u0300 c\u01b0\u0309a, \u0111\u00f4\u0300 l\u01b0u tr\u1eef, ca\u0301c loa\u0323i du\u0323ng cu\u0323, v\u00e2\u0323t du\u0323ng ngo\u00e0i tr\u1eddi v\u00e0 ca\u0309 cho tr\u1ebb em.\u00a0 UBL Lu\u00f4n lu\u00f4n c\u00e2\u0323p nh\u00e2\u0323t ca\u0301c sa\u0309n ph\u00e2\u0309m m\u01a1\u0301i.<\/span><\/p>\n<p><span style=\"font-weight: 400\">S\u1ea3n ph\u1ea9m UBL \u0111\u01b0\u1ee3c s\u1ea3n xu\u1ea5t theo ti\u00eau chu\u1ea9n ch\u1ea5t l\u01b0\u1ee3ng nghi\u00eam ng\u1eb7t c\u1ee7a UBL Hongkong v\u00e0 b\u00e1n t\u1ea1i h\u01a1n 50 qu\u1ed1c gia v\u01a1\u0301i h\u01a1n 10.000 c\u1eeda h\u00e0ng, bao g\u1ed3m ch\u00e2u \u00c2u, \u00dac, Ch\u00e2u \u00c1, Ch\u00e2u Phi. S\u1ee9 m\u1ec7nh c\u1ee7a UBL l\u00e0 cung c\u1ea5p nh\u1eefng s\u1ea3n ph\u1ea9m ti\u1ec7n \u00edch v\u00e0 h\u1ea5p d\u1eabn cho ng\u00f4i nh\u00e0 hi\u1ec7n \u0111\u1ea1i c\u1ee7a ng\u01b0\u1eddi Vi\u1ec7t Nam.<\/span><\/p>\n<p><img fetchpriority=\"high\" decoding=\"async\" class=\"aligncenter\" src=\"https:\/\/cf.shopee.vn\/file\/f6797de1ee745a2dc0d45cb02727d617\" alt=\"T\u00fai \u0110\u1ef1ng R\u00e1c Th\u00fa C\u01b0ng T\u1ef1 Ph\u00e2n H\u1ee7y Uncle Bills PA3372 | Shopee Vi\u1ec7t Nam\" width=\"587\" height=\"587\" \/><\/p>\n<p><span style=\"font-weight: 400\">Gi\u1ea5y b\u1ea1c b\u1ecdc th\u1ef1c ph\u1ea9m Uncle Bills (UBL) c\u00f2n \u0111\u01b0\u1ee3c d\u00f9ng \u0111\u1ec3 b\u1ecdc mi\u1ec7ng ch\u00e9n, d\u0129a \u0111\u1ef1ng th\u1ee9c \u0103n \u0111\u1ec3 gi\u1eef cho th\u1ef1c ph\u1ea9m n\u00f3ng l\u00e2u h\u01a1n, \u0111em l\u1ea1i s\u1ef1 ti\u1ec7n l\u1ee3i cho ng\u01b0\u1eddi s\u1eed d\u1ee5ng.<\/span><\/p>\n<p><span style=\"font-weight: 400\">Gi\u1ea5y b\u1ea1c b\u1ecdc th\u1ef1c ph\u1ea9m Uncle Bills l\u00e0<\/span><span style=\"font-weight: 400\"> v\u1eadt d\u1ee5ng h\u1eefu d\u1ee5ng khi b\u1ea1n c\u1ea7n n\u01b0\u1edbng th\u1ef1c ph\u1ea9m. V\u1edbi ch\u1ea5t li\u1ec7u m\u1ecfng c\u00f3 t\u00ednh d\u1eabn nhi\u1ec7t cao, b\u1ea1n c\u00f3 th\u1ec3 b\u1ecdc th\u1ef1c ph\u1ea9m khi n\u01b0\u1edbng \u0111\u1ec3 l\u00e0m th\u1ef1c ph\u1ea9m ch\u00edn nhanh, \u0111\u1ec1u, gi\u00f2n h\u01a1n, gi\u1eef nguy\u00ean h\u01b0\u01a1ng v\u1ecb th\u01a1m ngon v\u00e0 b\u1ea3o \u0111\u1ea3m v\u1ec7 sinh khi n\u01b0\u1edbng. Kh\u1ed5 gi\u1ea5y \u0111\u1ee7 r\u1ed9ng \u0111\u1ec3 b\u1ecdc th\u1ecbt, c\u00e1, s\u01b0\u1eddn khi n\u01b0\u1edbng tr\u00ean b\u1ebfp than, b\u1ebfp gas hay l\u00f2 vi s\u00f3ng.<\/span><\/p>\n<p><img decoding=\"async\" class=\"wp-image-20328 aligncenter\" src=\"https:\/\/havamall.vn\/wp-content\/uploads\/2021\/03\/118692878_2659408234275243_513-300x225.png\" alt=\"\" width=\"590\" height=\"443\" srcset=\"https:\/\/havamall.vn\/wp-content\/uploads\/2021\/03\/118692878_2659408234275243_513-300x225.png 300w, https:\/\/havamall.vn\/wp-content\/uploads\/2021\/03\/118692878_2659408234275243_513-430x323.png 430w, https:\/\/havamall.vn\/wp-content\/uploads\/2021\/03\/118692878_2659408234275243_513-150x113.png 150w, https:\/\/havamall.vn\/wp-content\/uploads\/2021\/03\/118692878_2659408234275243_513-700x525.png 700w, https:\/\/havamall.vn\/wp-content\/uploads\/2021\/03\/118692878_2659408234275243_513-768x576.png 768w, https:\/\/havamall.vn\/wp-content\/uploads\/2021\/03\/118692878_2659408234275243_513-1024x768.png 1024w, https:\/\/havamall.vn\/wp-content\/uploads\/2021\/03\/118692878_2659408234275243_513.png 1200w, https:\/\/havamall.vn\/wp-content\/uploads\/2021\/03\/118692878_2659408234275243_513-600x450.png 600w\" sizes=\"(max-width: 590px) 100vw, 590px\" \/><\/p>\n<p><span style=\"font-weight: 400\">Gi\u1ea5y b\u1ea1c b\u1ecdc th\u1ef1c ph\u1ea9m Uncle Bills<\/span><span style=\"font-weight: 400\"> ch\u1ecbu \u0111\u01b0\u1ee3c nhi\u1ec7t \u0111\u1ed9 cao, b\u1ea3o v\u1ec7 th\u1ee9c \u0103n gi\u00fap gi\u1eef h\u01a1i n\u01b0\u1edbc b\u00ean trong khay th\u1ee9c \u0103n, kh\u00f4ng b\u1ecb bay h\u01a1i hay m\u1ea5t m\u00f9i v\u00e0 kh\u00f4ng b\u1ecb ch\u00e1y.\u00a0<\/span><span style=\"font-weight: 400\">Th\u00e0nh ph\u1ea9m \u0111\u1ea3m b\u1ea3o kh\u00f4ng t\u1eeb ch\u1ea5t \u0111\u1ed9c h\u1ea1i, \u0111\u1ea3m b\u1ea3o an to\u00e0n cho ng\u01b0\u1eddi s\u1eed d\u1ee5ng.<\/span><\/p>\n<p><img decoding=\"async\" class=\"aligncenter\" src=\"https:\/\/havamall.vn\/wp-content\/uploads\/2021\/03\/s\u1eed-d\u1ee5ng-gi\u1ea5y-b\u1ea1c-\u0111\u1ec3-n\u01b0\u1edbng-c\u00e1-c\u00f3-h\u1ea1i-cho-s\u1ee9c-kh\u1ecfe-kh\u00f4ng.jpg\" alt=\"D\u00f9ng Bao B\u00ec Nh\u00f4m Tr\u1eef Th\u1ef1c Ph\u1ea9m - R\u1ee7i Ro Ti\u1ec1m \u1ea8n V\u1edbi S\u1ee9c Kh\u1ecfe - BAOBIVIETNAM.NET\" width=\"579\" height=\"362\" \/><\/p>\n<h4><strong>\u0110\u1eb7c \u0111i\u1ec3m s\u1ea3n ph\u1ea9m:<\/strong><\/h4>\n<p><span style=\"font-weight: 400\">&#8211; D\u00f9ng \u0111\u1ec3 ch\u1ebf bi\u1ebfn v\u00e0 b\u1ea3o qu\u1ea3n th\u1ee9c \u0103n<\/span><\/p>\n<p><span style=\"font-weight: 400\">&#8211; Gi\u00fap gi\u1eef h\u01a1i n\u01b0\u1edbc b\u00ean trong khay th\u1ee9c \u0103n<\/span><\/p>\n<p><span style=\"font-weight: 400\">&#8211; Gi\u1eef nguy\u00ean h\u01b0\u01a1ng v\u1ecb th\u1ef1c ph\u1ea9m khi ch\u1ebf bi\u1ebfn<\/span><\/p>\n<p><span style=\"font-weight: 400\">&#8211; K\u00edch th\u01b0\u1edbc: 30M<\/span><\/p>\n<p><span style=\"font-weight: 400\">&#8211; B\u1ea3o qu\u1ea3n n\u01a1i kh\u00f4 m\u00e1t sau khi s\u1eed d\u1ee5ng, tr\u00e1nh n\u01a1i kh\u00f4 n\u00f3ng<\/span><\/p>\n<p><span style=\"font-weight: 400\">S\u1ea3n ph\u1ea9m hi\u1ec7n \u0111\u00e3 c\u00f3 m\u1eb7t t\u1ea1i Havamall.<\/span><\/p>","protected":false},"excerpt":{"rendered":"<p>Uncle Bills (UBL) cung c\u1ea5p h\u01a1n 1800 s\u1ea3n ph\u1ea9m ti\u00eau d\u00f9ng phi th\u01b0\u0323c ph\u00e2\u0309m h\u00e2\u0301p d\u00e2\u0303n, ti\u00ea\u0323n i\u0301ch, gia\u0301 ph\u1ea3i<\/p>","protected":false},"featured_media":18734,"comment_status":"open","ping_status":"closed","template":"","meta":[],"product_brand":[],"product_cat":[393,35],"product_tag":[],"class_list":{"0":"post-18733","1":"product","2":"type-product","3":"status-publish","4":"has-post-thumbnail","6":"product_cat-bep-phong-an","7":"product_cat-nha-cua-doi-song","8":"pa_brand-uncle-bills","10":"first","11":"outofstock","12":"sale","13":"shipping-taxable","14":"purchasable","15":"product-type-simple"},"_links":{"self":[{"href":"https:\/\/havamall.vn\/en\/wp-json\/wp\/v2\/product\/18733"}],"collection":[{"href":"https:\/\/havamall.vn\/en\/wp-json\/wp\/v2\/product"}],"about":[{"href":"https:\/\/havamall.vn\/en\/wp-json\/wp\/v2\/types\/product"}],"replies":[{"embeddable":true,"href":"https:\/\/havamall.vn\/en\/wp-json\/wp\/v2\/comments?post=18733"}],"version-history":[{"count":0,"href":"https:\/\/havamall.vn\/en\/wp-json\/wp\/v2\/product\/18733\/revisions"}],"wp:featuredmedia":[{"embeddable":true,"href":"https:\/\/havamall.vn\/en\/wp-json\/wp\/v2\/media\/18734"}],"wp:attachment":[{"href":"https:\/\/havamall.vn\/en\/wp-json\/wp\/v2\/media?parent=18733"}],"wp:term":[{"taxonomy":"product_brand","embeddable":true,"href":"https:\/\/havamall.vn\/en\/wp-json\/wp\/v2\/product_brand?post=18733"},{"taxonomy":"product_cat","embeddable":true,"href":"https:\/\/havamall.vn\/en\/wp-json\/wp\/v2\/product_cat?post=18733"},{"taxonomy":"product_tag","embeddable":true,"href":"https:\/\/havamall.vn\/en\/wp-json\/wp\/v2\/product_tag?post=18733"}],"curies":[{"name":"wp","href":"https:\/\/api.w.org\/{rel}","templated":true}]}}