{"id":18729,"date":"2021-03-11T13:33:02","date_gmt":"2021-03-11T06:33:02","guid":{"rendered":"https:\/\/havamall.vn\/?post_type=product&#038;p=18729"},"modified":"2021-03-11T13:33:02","modified_gmt":"2021-03-11T06:33:02","slug":"keo-bay-con-trung-2-cai-bo","status":"publish","type":"product","link":"https:\/\/havamall.vn\/en\/shop\/keo-bay-con-trung-2-cai-bo\/","title":{"rendered":"Keo B\u1eaby c\u00f4n tr\u00f9ng 2 c\u00e1i\/b\u1ed9"},"content":{"rendered":"<p><span style=\"font-weight: 400\">Uncle Bills (UBL) cung c\u1ea5p h\u01a1n 1800 s\u1ea3n ph\u1ea9m ti\u00eau d\u00f9ng phi th\u01b0\u0323c ph\u00e2\u0309m h\u00e2\u0301p d\u00e2\u0303n, ti\u00ea\u0323n i\u0301ch, gia\u0301 ph\u1ea3i ch\u0103ng. S\u1ea3n ph\u1ea9m bao g\u1ed3m nhi\u1ec1u lo\u1ea1i ha\u0300ng ho\u0301a kh\u00e1c nhau, t\u1eeb \u0111\u1ed3 du\u0300ng nh\u00e0 b\u1ebfp, ch\u0103m s\u00f3c c\u00e1 nh\u00e2n, l\u00e0m s\u1ea1ch nha\u0300 c\u01b0\u0309a, \u0111\u00f4\u0300 l\u01b0u tr\u1eef, ca\u0301c loa\u0323i du\u0323ng cu\u0323, v\u00e2\u0323t du\u0323ng ngo\u00e0i tr\u1eddi v\u00e0 ca\u0309 cho tr\u1ebb em.\u00a0 UBL Lu\u00f4n lu\u00f4n c\u00e2\u0323p nh\u00e2\u0323t ca\u0301c sa\u0309n ph\u00e2\u0309m m\u01a1\u0301i.<\/span><\/p>\n<p><span style=\"font-weight: 400\">S\u1ea3n ph\u1ea9m UBL \u0111\u01b0\u1ee3c s\u1ea3n xu\u1ea5t theo ti\u00eau chu\u1ea9n ch\u1ea5t l\u01b0\u1ee3ng nghi\u00eam ng\u1eb7t c\u1ee7a UBL Hongkong v\u00e0 b\u00e1n t\u1ea1i h\u01a1n 50 qu\u1ed1c gia v\u01a1\u0301i h\u01a1n 10.000 c\u1eeda h\u00e0ng, bao g\u1ed3m ch\u00e2u \u00c2u, \u00dac, Ch\u00e2u \u00c1, Ch\u00e2u Phi. S\u1ee9 m\u1ec7nh c\u1ee7a UBL l\u00e0 cung c\u1ea5p nh\u1eefng s\u1ea3n ph\u1ea9m ti\u1ec7n \u00edch v\u00e0 h\u1ea5p d\u1eabn cho ng\u00f4i nh\u00e0 hi\u1ec7n \u0111\u1ea1i c\u1ee7a ng\u01b0\u1eddi Vi\u1ec7t Nam.<\/span><\/p>\n<p><img fetchpriority=\"high\" decoding=\"async\" class=\"aligncenter\" src=\"https:\/\/cf.shopee.vn\/file\/f6797de1ee745a2dc0d45cb02727d617\" alt=\"T\u00fai \u0110\u1ef1ng R\u00e1c Th\u00fa C\u01b0ng T\u1ef1 Ph\u00e2n H\u1ee7y Uncle Bills PA3372 | Shopee Vi\u1ec7t Nam\" width=\"475\" height=\"475\" \/><\/p>\n<p><span style=\"font-weight: 400\">Keo B\u1eaby C\u00f4n Tr\u00f9ng (2 C\u00e1i\/B\u1ed9) \u0111\u01b0\u1ee3c l\u00e0m b\u1eb1ng ch\u1ea5t li\u1ec7u gi\u1ea5y c\u00f3 \u0111\u1ed9 b\u1ec1n cao, kh\u00f4ng s\u1ea3n sinh ra c\u00e1c h\u00f3a ch\u1ea5t \u0111\u1ed9c h\u1ea1i g\u00e2y h\u1ea1i \u0111\u1ebfn c\u00e2y l\u00e1, rau qu\u1ea3 c\u0169ng nh\u01b0 ng\u01b0\u1eddi s\u1eed d\u1ee5ng.<\/span><\/p>\n<p><span style=\"font-weight: 400\">Keo b\u1eaby c\u00f4n tr\u00f9ng Uncle Bills <\/span><span style=\"font-weight: 400\">Keo b\u1eaby c\u00f4n tr\u00f9ng 2 c\u00e1i\/b\u1ed9 c\u00f3 \u0111\u1ed9 d\u00ednh tuy\u1ec7t v\u1eddi, an to\u00e0n cho ng\u01b0\u1eddi s\u1eed d\u1ee5ng, kh\u00f4ng \u0111\u1ed9c h\u1ea1i, thu h\u00fat c\u00f4n tr\u00f9ng nh\u01b0 ki\u1ebfn, gi\u00e1n, ru\u1ed3i, mu\u1ed7i,&#8230;<\/span><span style=\"font-weight: 400\">b\u1ecb d\u00ednh ch\u1eb7t v\u00e0o mi\u1ebfng d\u00e1n. M\u00e9p mi\u1ebfng d\u00e1n c\u00f3 c\u00e1c l\u1ed7 nh\u1ecf, b\u1ea1n c\u00f3 th\u1ec3 x\u1ecf d\u00e2y ho\u1eb7c m\u00f3c \u0111\u1ec3 treo l\u00ean b\u1ea5t c\u1ee9 v\u1ecb tr\u00ed n\u00e0o r\u1ea5t d\u1ec5 d\u00e0ng.<\/span><\/p>\n<p><img decoding=\"async\" class=\"aligncenter\" src=\"https:\/\/havamall.vn\/wp-content\/uploads\/2021\/03\/6049b99e9a7f1_b65da45c43bafcfb09442e6b77305004.jpg\" alt='Keo B\u1eaby C\u00f4n Tr\u00f9ng (2 C\u00e1i\/B\u1ed9) Uncle Bills | Tiki' \/><\/p>\n<p><span style=\"font-weight: 400\">C\u00f3 th\u1ec3 treo \u1edf nhi\u1ec1u v\u1ecb tr\u00ed kh\u00e1c nhau B\u1ea1n c\u00f3 th\u1ec3 treo s\u1ea3n ph\u1ea9m \u1edf trong nh\u00e0, ngo\u00e0i v\u01b0\u1eddn hay ch\u1ed7 tr\u1ebb nh\u1ecf th\u01b0\u1eddng vui ch\u01a1i \u0111\u1ec3 \u0111u\u1ed5i c\u00f4n tr\u00f9ng g\u00e2y h\u1ea1i. V\u1edbi t\u00ednh n\u0103ng ti\u1ec7n l\u1ee3i, keo b\u1eaby c\u00f4n tr\u00f9ng 2 c\u00e1i Uncle Bills s\u1ebd l\u00e0 v\u1eadt d\u1ee5ng h\u1eefu \u00edch cho cu\u1ed9c s\u1ed1ng c\u1ee7a gia \u0111\u00ecnh b\u1ea1n.<\/span><\/p>\n<p><span style=\"font-weight: 400\">S\u1ea3n ph\u1ea9m th\u00edch h\u1ee3p cho c\u00e1c h\u1ed9 gia \u0111\u00ecnh, nh\u00e0 \u0103n, nh\u00e0 h\u00e0ng, kh\u00e1ch s\u1ea1n, qu\u00e1n cafe,&#8230; kh\u00f4ng mu\u1ed1n s\u1eed d\u1ee5ng h\u00f3a ch\u1ea5t x\u1eed l\u00fd.<\/span><\/p>\n<p><img decoding=\"async\" class=\"aligncenter\" src=\"https:\/\/havamall.vn\/wp-content\/uploads\/2021\/03\/43259_-_1_1200x1200.jpg\" alt='Insect Glue Trap (2 PCs) | Asters Maldives' width=\"450\" height=\"450\" \/><\/p>\n<h4><strong>\u0110\u1eb7c \u0111i\u1ec3m s\u1ea3n ph\u1ea9m:<\/strong><\/h4>\n<p><span style=\"font-weight: 400\">&#8211; S\u1eed d\u1ee5ng ch\u1ea5t li\u1ec7u cao c\u1ea5p, b\u1ec1n b\u1ec9<\/span><\/p>\n<p><span style=\"font-weight: 400\">&#8211; D\u1ec5 d\u00e0ng ti\u00eau di\u1ec7t c\u00e1c lo\u1ea1i c\u00f4n tr\u00f9ng g\u00e2y h\u1ea1i<\/span><\/p>\n<p><span style=\"font-weight: 400\">&#8211; C\u00f3 th\u1ec3 treo \u1edf nhi\u1ec1u v\u1ecb tr\u00ed kh\u00e1c nhau<\/span><\/p>\n<p><span style=\"font-weight: 400\">&#8211; \u0110\u01a1n gi\u1ea3n, ti\u1ec7n l\u1ee3i &amp; d\u1ec5 s\u1eed d\u1ee5ng.<\/span><\/p>\n<p><span style=\"font-weight: 400\">&#8211; S\u1ea3n ph\u1ea9m c\u00f3 \u0111\u1ed9 d\u00ednh cao, kh\u00f4ng b\u1ecb ch\u1ea3y khi tr\u1eddi n\u1eafng, kh\u00f4ng b\u1ecb se kh\u00f4 khi tr\u1eddi l\u1ea1nh.<\/span><\/p>\n<p><span style=\"font-weight: 400\">S\u1ea3n ph\u1ea9m hi\u1ec7n \u0111\u00e3 c\u00f3 m\u1eb7t t\u1ea1i Havamall.<\/span><\/p>","protected":false},"excerpt":{"rendered":"<p>Uncle Bills (UBL) cung c\u1ea5p h\u01a1n 1800 s\u1ea3n ph\u1ea9m ti\u00eau d\u00f9ng phi th\u01b0\u0323c ph\u00e2\u0309m h\u00e2\u0301p d\u00e2\u0303n, ti\u00ea\u0323n i\u0301ch, gia\u0301 ph\u1ea3i<\/p>","protected":false},"featured_media":18730,"comment_status":"open","ping_status":"closed","template":"","meta":[],"product_brand":[],"product_cat":[393,35],"product_tag":[],"class_list":{"0":"post-18729","1":"product","2":"type-product","3":"status-publish","4":"has-post-thumbnail","6":"product_cat-bep-phong-an","7":"product_cat-nha-cua-doi-song","8":"pa_brand-uncle-bills","10":"first","11":"instock","12":"sale","13":"shipping-taxable","14":"purchasable","15":"product-type-simple"},"_links":{"self":[{"href":"https:\/\/havamall.vn\/en\/wp-json\/wp\/v2\/product\/18729"}],"collection":[{"href":"https:\/\/havamall.vn\/en\/wp-json\/wp\/v2\/product"}],"about":[{"href":"https:\/\/havamall.vn\/en\/wp-json\/wp\/v2\/types\/product"}],"replies":[{"embeddable":true,"href":"https:\/\/havamall.vn\/en\/wp-json\/wp\/v2\/comments?post=18729"}],"version-history":[{"count":0,"href":"https:\/\/havamall.vn\/en\/wp-json\/wp\/v2\/product\/18729\/revisions"}],"wp:featuredmedia":[{"embeddable":true,"href":"https:\/\/havamall.vn\/en\/wp-json\/wp\/v2\/media\/18730"}],"wp:attachment":[{"href":"https:\/\/havamall.vn\/en\/wp-json\/wp\/v2\/media?parent=18729"}],"wp:term":[{"taxonomy":"product_brand","embeddable":true,"href":"https:\/\/havamall.vn\/en\/wp-json\/wp\/v2\/product_brand?post=18729"},{"taxonomy":"product_cat","embeddable":true,"href":"https:\/\/havamall.vn\/en\/wp-json\/wp\/v2\/product_cat?post=18729"},{"taxonomy":"product_tag","embeddable":true,"href":"https:\/\/havamall.vn\/en\/wp-json\/wp\/v2\/product_tag?post=18729"}],"curies":[{"name":"wp","href":"https:\/\/api.w.org\/{rel}","templated":true}]}}