{"id":18725,"date":"2021-03-11T11:57:21","date_gmt":"2021-03-11T04:57:21","guid":{"rendered":"https:\/\/havamall.vn\/?post_type=product&#038;p=18725"},"modified":"2021-03-11T11:57:21","modified_gmt":"2021-03-11T04:57:21","slug":"bo-son-bot-bien-6-cai-uncle-bills","status":"publish","type":"product","link":"https:\/\/havamall.vn\/en\/shop\/bo-son-bot-bien-6-cai-uncle-bills\/","title":{"rendered":"B\u1ed9 S\u01a1n &amp; B\u1ecdt Bi\u1ec3n 6 C\u00e1i Uncle Bills"},"content":{"rendered":"<p><span style=\"font-weight: 400\">Uncle Bills (UBL) cung c\u1ea5p h\u01a1n 1800 s\u1ea3n ph\u1ea9m ti\u00eau d\u00f9ng phi th\u01b0\u0323c ph\u00e2\u0309m h\u00e2\u0301p d\u00e2\u0303n, ti\u00ea\u0323n i\u0301ch, gia\u0301 ph\u1ea3i ch\u0103ng. S\u1ea3n ph\u1ea9m bao g\u1ed3m nhi\u1ec1u lo\u1ea1i ha\u0300ng ho\u0301a kh\u00e1c nhau, t\u1eeb \u0111\u1ed3 du\u0300ng nh\u00e0 b\u1ebfp, ch\u0103m s\u00f3c c\u00e1 nh\u00e2n, l\u00e0m s\u1ea1ch nha\u0300 c\u01b0\u0309a, \u0111\u00f4\u0300 l\u01b0u tr\u1eef, ca\u0301c loa\u0323i du\u0323ng cu\u0323, v\u00e2\u0323t du\u0323ng ngo\u00e0i tr\u1eddi v\u00e0 ca\u0309 cho tr\u1ebb em.\u00a0 UBL Lu\u00f4n lu\u00f4n c\u00e2\u0323p nh\u00e2\u0323t ca\u0301c sa\u0309n ph\u00e2\u0309m m\u01a1\u0301i.<\/span><\/p>\n<p><span style=\"font-weight: 400\">S\u1ea3n ph\u1ea9m UBL \u0111\u01b0\u1ee3c s\u1ea3n xu\u1ea5t theo ti\u00eau chu\u1ea9n ch\u1ea5t l\u01b0\u1ee3ng nghi\u00eam ng\u1eb7t c\u1ee7a UBL Hongkong v\u00e0 b\u00e1n t\u1ea1i h\u01a1n 50 qu\u1ed1c gia v\u01a1\u0301i h\u01a1n 10.000 c\u1eeda h\u00e0ng, bao g\u1ed3m ch\u00e2u \u00c2u, \u00dac, Ch\u00e2u \u00c1, Ch\u00e2u Phi. S\u1ee9 m\u1ec7nh c\u1ee7a UBL l\u00e0 cung c\u1ea5p nh\u1eefng s\u1ea3n ph\u1ea9m ti\u1ec7n \u00edch v\u00e0 h\u1ea5p d\u1eabn cho ng\u00f4i nh\u00e0 hi\u1ec7n \u0111\u1ea1i c\u1ee7a ng\u01b0\u1eddi Vi\u1ec7t Nam.<\/span><\/p>\n<p><img fetchpriority=\"high\" decoding=\"async\" class=\"aligncenter\" src=\"https:\/\/cf.shopee.vn\/file\/f6797de1ee745a2dc0d45cb02727d617\" alt=\"T\u00fai \u0110\u1ef1ng R\u00e1c Th\u00fa C\u01b0ng T\u1ef1 Ph\u00e2n H\u1ee7y Uncle Bills PA3372 | Shopee Vi\u1ec7t Nam\" width=\"547\" height=\"547\" \/><\/p>\n<p><span style=\"font-weight: 400\">B\u1ed9 S\u01a1n &amp; B\u1ecdt Bi\u1ec3n 6 C\u00e1i Uncle bao g\u1ed3m h\u1eefng mi\u1ebfng b\u1ecdt bi\u1ec3n b\u1eb1ng x\u1ed1p r\u1ea5t nh\u1eb9 cho tr\u1ebb em c\u00f3 th\u1ec3 v\u1ebd m\u00e0 kh\u00f4ng c\u1ea7n \u0111eo s\u1ed1 li\u1ec7u.\u00a0<\/span><span style=\"font-weight: 400\">Bao g\u1ed3m 6 l\u1ecd s\u01a1n v\u00e0 6 mi\u1ebfng b\u1ecdt bi\u1ec3n v\u1edbi 6 h\u00ecnh kh\u00e1c nhau, tr\u1ebb em c\u00f3 th\u1ec3 th\u1ecfa th\u00edch s\u00e1ng t\u1ea1o nh\u1eefng h\u00ecnh v\u1ebd kh\u00e1c nhau.<\/span><\/p>\n<p><img decoding=\"async\" class=\"aligncenter\" src=\"https:\/\/havamall.vn\/wp-content\/uploads\/2021\/03\/UBST39282_740x.jpg\" alt='Paint Sets | Itsy Bitsy' width=\"530\" height=\"530\" \/><\/p>\n<p><span style=\"font-weight: 400\">Mi\u1ebfng b\u1ecdt bi\u1ec3n c\u00f3 th\u1ec3 t\u00e1i s\u1eed d\u1ee5ng v\u00e0 gi\u1eb7t \u0111\u01b0\u1ee3c.\u00a0<\/span><span style=\"font-weight: 400\">B\u1ed9 S\u01a1n &amp; B\u1ecdt Bi\u1ec3n 6 C\u00e1i Uncle l\u00e0 m\u00f3n qu\u00e0 ho\u00e0n h\u1ea3o cho tr\u1ebb em \u0111\u1ec3 truy\u1ec1n c\u1ea3m h\u1ee9ng cho tr\u00ed th\u00f4ng minh v\u00e0 c\u1ea3i thi\u1ec7n kh\u1ea3 n\u0103ng th\u1ef1c h\u00e0nh.<\/span><\/p>\n<p><img decoding=\"async\" class=\"aligncenter\" src=\"https:\/\/havamall.vn\/wp-content\/uploads\/2021\/03\/manualidad-infantil-pintar-estampar-2.jpg\" alt='Pintamos?: 10 maneras diferentes y divertidas de pintar - Club Peques  Lectores: cuentos y creatividad infantil' width=\"539\" height=\"613\" \/><\/p>\n<h4><strong>\u0110\u1eb7c \u0111i\u1ec3m s\u1ea3n ph\u1ea9m:<\/strong><\/h4>\n<p><span style=\"font-weight: 400\">&#8211; \u0110\u1ecbnh l\u01b0\u1ee3ng: 6 c\u00e1i\/b\u1ed9<\/span><\/p>\n<p><span style=\"font-weight: 400\">&#8211; Th\u00e0nh ph\u1ea7n: X\u1ed1p, nh\u1ef1a PP<\/span><\/p>\n<p><span style=\"font-weight: 400\">&#8211; C\u00f4ng d\u1ee5ng: D\u1ee5ng c\u1ee5 v\u1ebd<\/span><\/p>\n<p><span style=\"font-weight: 400\">&#8211; B\u1ea3o qu\u1ea3n: b\u1ea3o qu\u1ea3n n\u01a1i kh\u00f4 r\u00e1o, tr\u00e1nh va \u0111\u1eadp m\u1ea1nh<\/span><\/p>\n<p><span style=\"font-weight: 400\">S\u1ea3n ph\u1ea9m hi\u1ec7n \u0111\u00e3 c\u00f3 m\u1eb7t t\u1ea1i Havamall.<\/span><\/p>","protected":false},"excerpt":{"rendered":"<p>Uncle Bills (UBL) cung c\u1ea5p h\u01a1n 1800 s\u1ea3n ph\u1ea9m ti\u00eau d\u00f9ng phi th\u01b0\u0323c ph\u00e2\u0309m h\u00e2\u0301p d\u00e2\u0303n, ti\u00ea\u0323n i\u0301ch, gia\u0301 ph\u1ea3i<\/p>","protected":false},"featured_media":18726,"comment_status":"open","ping_status":"closed","template":"","meta":[],"product_brand":[],"product_cat":[397,35],"product_tag":[],"class_list":{"0":"post-18725","1":"product","2":"type-product","3":"status-publish","4":"has-post-thumbnail","6":"product_cat-hang-me-be-do-choi","7":"product_cat-nha-cua-doi-song","8":"pa_brand-uncle-bills","10":"first","11":"instock","12":"sale","13":"shipping-taxable","14":"purchasable","15":"product-type-simple"},"_links":{"self":[{"href":"https:\/\/havamall.vn\/en\/wp-json\/wp\/v2\/product\/18725"}],"collection":[{"href":"https:\/\/havamall.vn\/en\/wp-json\/wp\/v2\/product"}],"about":[{"href":"https:\/\/havamall.vn\/en\/wp-json\/wp\/v2\/types\/product"}],"replies":[{"embeddable":true,"href":"https:\/\/havamall.vn\/en\/wp-json\/wp\/v2\/comments?post=18725"}],"version-history":[{"count":0,"href":"https:\/\/havamall.vn\/en\/wp-json\/wp\/v2\/product\/18725\/revisions"}],"wp:featuredmedia":[{"embeddable":true,"href":"https:\/\/havamall.vn\/en\/wp-json\/wp\/v2\/media\/18726"}],"wp:attachment":[{"href":"https:\/\/havamall.vn\/en\/wp-json\/wp\/v2\/media?parent=18725"}],"wp:term":[{"taxonomy":"product_brand","embeddable":true,"href":"https:\/\/havamall.vn\/en\/wp-json\/wp\/v2\/product_brand?post=18725"},{"taxonomy":"product_cat","embeddable":true,"href":"https:\/\/havamall.vn\/en\/wp-json\/wp\/v2\/product_cat?post=18725"},{"taxonomy":"product_tag","embeddable":true,"href":"https:\/\/havamall.vn\/en\/wp-json\/wp\/v2\/product_tag?post=18725"}],"curies":[{"name":"wp","href":"https:\/\/api.w.org\/{rel}","templated":true}]}}