{"id":18721,"date":"2021-03-11T11:33:58","date_gmt":"2021-03-11T04:33:58","guid":{"rendered":"https:\/\/havamall.vn\/?post_type=product&#038;p=18721"},"modified":"2021-03-19T16:22:46","modified_gmt":"2021-03-19T09:22:46","slug":"cuc-tay-hinh-thu-ngo-nghinh-12-cai-uncle-bills","status":"publish","type":"product","link":"https:\/\/havamall.vn\/en\/shop\/cuc-tay-hinh-thu-ngo-nghinh-12-cai-uncle-bills\/","title":{"rendered":"C\u1ee5c T\u1ea9y H\u00ecnh Th\u00fa Ng\u1ed9 Ngh\u0129nh 12 C\u00e1i Uncle bills"},"content":{"rendered":"<p><span style=\"font-weight: 400\">Uncle Bills (UBL) cung c\u1ea5p h\u01a1n 1800 s\u1ea3n ph\u1ea9m ti\u00eau d\u00f9ng phi th\u01b0\u0323c ph\u00e2\u0309m h\u00e2\u0301p d\u00e2\u0303n, ti\u00ea\u0323n i\u0301ch, gia\u0301 ph\u1ea3i ch\u0103ng. S\u1ea3n ph\u1ea9m bao g\u1ed3m nhi\u1ec1u lo\u1ea1i ha\u0300ng ho\u0301a kh\u00e1c nhau, t\u1eeb \u0111\u1ed3 du\u0300ng nh\u00e0 b\u1ebfp, ch\u0103m s\u00f3c c\u00e1 nh\u00e2n, l\u00e0m s\u1ea1ch nha\u0300 c\u01b0\u0309a, \u0111\u00f4\u0300 l\u01b0u tr\u1eef, ca\u0301c loa\u0323i du\u0323ng cu\u0323, v\u00e2\u0323t du\u0323ng ngo\u00e0i tr\u1eddi v\u00e0 ca\u0309 cho tr\u1ebb em. UBL Lu\u00f4n lu\u00f4n c\u00e2\u0323p nh\u00e2\u0323t ca\u0301c sa\u0309n ph\u00e2\u0309m m\u01a1\u0301i.<\/span><\/p>\n<p><span style=\"font-weight: 400\">S\u1ea3n ph\u1ea9m UBL \u0111\u01b0\u1ee3c s\u1ea3n xu\u1ea5t theo ti\u00eau chu\u1ea9n ch\u1ea5t l\u01b0\u1ee3ng nghi\u00eam ng\u1eb7t c\u1ee7a UBL Hongkong v\u00e0 b\u00e1n t\u1ea1i h\u01a1n 50 qu\u1ed1c gia v\u01a1\u0301i h\u01a1n 10.000 c\u1eeda h\u00e0ng, bao g\u1ed3m ch\u00e2u \u00c2u, \u00dac, Ch\u00e2u \u00c1, Ch\u00e2u Phi. S\u1ee9 m\u1ec7nh c\u1ee7a UBL l\u00e0 cung c\u1ea5p nh\u1eefng s\u1ea3n ph\u1ea9m ti\u1ec7n \u00edch v\u00e0 h\u1ea5p d\u1eabn cho ng\u00f4i nh\u00e0 hi\u1ec7n \u0111\u1ea1i c\u1ee7a ng\u01b0\u1eddi Vi\u1ec7t Nam.<\/span><\/p>\n<p><img fetchpriority=\"high\" decoding=\"async\" class=\"aligncenter\" src=\"https:\/\/cf.shopee.vn\/file\/f6797de1ee745a2dc0d45cb02727d617\" alt=\"T\u00fai \u0110\u1ef1ng R\u00e1c Th\u00fa C\u01b0ng T\u1ef1 Ph\u00e2n H\u1ee7y Uncle Bills PA3372 | Shopee Vi\u1ec7t Nam\" width=\"506\" height=\"506\" \/><\/p>\n<p><span style=\"font-weight: 400\">C\u1ee5c t\u1ea9y tr\u1eafng h\u00ecnh th\u00fa 12 c\u00e1i Uncle Bills l\u00e0 d\u1ee5ng c\u1ee5 h\u1ecdc t\u1eadp y\u00eau th\u00edch c\u1ee7a c\u00e1c b\u00e9, c\u1ee5c t\u1ea9y c\u00f3 thi\u1ebft k\u1ebf h\u00ecnh th\u00fa ng\u1ed9 ngh\u0129nh, \u0111\u00e1ng y\u00eau. V\u1eeba d\u00f9ng \u0111\u1ec3 t\u1ea9y v\u1eeba d\u00f9ng \u0111\u1ec3 l\u00e0m \u0111\u1ed3 ch\u01a1i ho\u1eb7c \u0111\u1ed3 trang tr\u00ed.<\/span><\/p>\n<p><img decoding=\"async\" class=\"aligncenter\" src=\"https:\/\/havamall.vn\/wp-content\/uploads\/2021\/03\/5b11f8193a9a4-SG0035.jpg\" alt=\"C\u1ee5c t\u1ea9y tr\u1eafng h\u00ecnh vui 12 c\u00e1i UBL SG0035 - Nhi\u1ec1u m\u00e0u - Shop VnExpress\" width=\"490\" height=\"490\" \/><\/p>\n<p><span style=\"font-weight: 400\">Khi n\u00f3i \u0111\u1ebfn chi\u1ebfc t\u1ea9y, ng\u01b0\u1eddi ta th\u01b0\u1eddng ngh\u0129 \u0111\u1ebfn \u0111\u1ed3 v\u0103n ph\u00f2ng ph\u1ea9m m\u00e0u tr\u1eafng c\u00f3 th\u1ec3 t\u1ea9y x\u00f3a \u0111\u01b0\u1ee3c. <\/span><span style=\"font-weight: 400\">C\u1ee5c t\u1ea9y tr\u1eafng h\u00ecnh th\u00fa 12 c\u00e1i Uncle Bills l\u00e0 nh\u1eefng <\/span><span style=\"font-weight: 400\">chi\u1ebfc t\u1ea9y th\u00fa v\u1ecb\u201d \u0111\u1ea7y d\u1ec5 th\u01b0\u01a1ng, m\u00e0u s\u1eafc, th\u00e2n thi\u1ec7n v\u1edbi tr\u1ebb nh\u1ecf.\u00a0<\/span><\/p>\n<p><span style=\"font-weight: 400\">To\u00e0n b\u1ed9 nguy\u00ean li\u1ec7u \u0111\u1ec1u r\u1ea5t an to\u00e0n, th\u00e2n thi\u1ec7n v\u1edbi m\u00f4i tr\u01b0\u1eddng n\u00ean ngay c\u1ea3 em b\u00e9 c\u0169ng c\u00f3 th\u1ec3 c\u1ea7m trong tay.<\/span><\/p>\n<p><img decoding=\"async\" class=\"aligncenter\" src=\"https:\/\/havamall.vn\/wp-content\/uploads\/2021\/03\/sg0035_480x480.jpg\" alt=\"Funky Erasers 12pk \u2013 Dollar Outlet\" \/><\/p>\n<h4><strong>\u0110\u1eb7c \u0111i\u1ec3m s\u1ea3n ph\u1ea9m:<\/strong><\/h4>\n<p><span style=\"font-weight: 400\">&#8211; \u0110\u1ecbnh l\u01b0\u1ee3ng: 12 c\u00e1i\/b\u1ed9<\/span><\/p>\n<p><span style=\"font-weight: 400\">&#8211; Th\u00e0nh ph\u1ea7n: Nh\u1ef1c PVC<\/span><\/p>\n<p><span style=\"font-weight: 400\">&#8211; C\u00f4ng d\u1ee5ng: D\u1ee5ng c\u1ee5 h\u1ecdc t\u1eadp tr\u1ebb em<\/span><\/p>\n<p><span style=\"font-weight: 400\">S\u1ea3n ph\u1ea9m hi\u1ec7n \u0111\u00e3 c\u00f3 m\u1eb7t t\u1ea1i Havamall.<\/span><\/p>","protected":false},"excerpt":{"rendered":"<p>Uncle Bills (UBL) cung c\u1ea5p h\u01a1n 1800 s\u1ea3n ph\u1ea9m ti\u00eau d\u00f9ng phi th\u01b0\u0323c ph\u00e2\u0309m h\u00e2\u0301p d\u00e2\u0303n, ti\u00ea\u0323n i\u0301ch, gia\u0301 ph\u1ea3i<\/p>","protected":false},"featured_media":18722,"comment_status":"open","ping_status":"closed","template":"","meta":[],"product_brand":[],"product_cat":[397,35],"product_tag":[],"class_list":{"0":"post-18721","1":"product","2":"type-product","3":"status-publish","4":"has-post-thumbnail","6":"product_cat-hang-me-be-do-choi","7":"product_cat-nha-cua-doi-song","8":"pa_brand-uncle-bills","10":"first","11":"instock","12":"sale","13":"shipping-taxable","14":"purchasable","15":"product-type-simple"},"_links":{"self":[{"href":"https:\/\/havamall.vn\/en\/wp-json\/wp\/v2\/product\/18721"}],"collection":[{"href":"https:\/\/havamall.vn\/en\/wp-json\/wp\/v2\/product"}],"about":[{"href":"https:\/\/havamall.vn\/en\/wp-json\/wp\/v2\/types\/product"}],"replies":[{"embeddable":true,"href":"https:\/\/havamall.vn\/en\/wp-json\/wp\/v2\/comments?post=18721"}],"version-history":[{"count":0,"href":"https:\/\/havamall.vn\/en\/wp-json\/wp\/v2\/product\/18721\/revisions"}],"wp:featuredmedia":[{"embeddable":true,"href":"https:\/\/havamall.vn\/en\/wp-json\/wp\/v2\/media\/18722"}],"wp:attachment":[{"href":"https:\/\/havamall.vn\/en\/wp-json\/wp\/v2\/media?parent=18721"}],"wp:term":[{"taxonomy":"product_brand","embeddable":true,"href":"https:\/\/havamall.vn\/en\/wp-json\/wp\/v2\/product_brand?post=18721"},{"taxonomy":"product_cat","embeddable":true,"href":"https:\/\/havamall.vn\/en\/wp-json\/wp\/v2\/product_cat?post=18721"},{"taxonomy":"product_tag","embeddable":true,"href":"https:\/\/havamall.vn\/en\/wp-json\/wp\/v2\/product_tag?post=18721"}],"curies":[{"name":"wp","href":"https:\/\/api.w.org\/{rel}","templated":true}]}}