{"id":18713,"date":"2021-03-11T10:27:55","date_gmt":"2021-03-11T03:27:55","guid":{"rendered":"https:\/\/havamall.vn\/?post_type=product&#038;p=18713"},"modified":"2022-01-09T23:28:44","modified_gmt":"2022-01-09T16:28:44","slug":"co-ve-hoa-si-25-cai-uncle-bills","status":"publish","type":"product","link":"https:\/\/havamall.vn\/en\/shop\/co-ve-hoa-si-25-cai-uncle-bills\/","title":{"rendered":"C\u1ecd V\u1ebd H\u1ecda S\u0129 25 C\u00e1i Uncle Bills"},"content":{"rendered":"<p><span style=\"font-weight: 400;\">Uncle Bills (UBL) cung c\u1ea5p h\u01a1n 1800 s\u1ea3n ph\u1ea9m ti\u00eau d\u00f9ng phi th\u01b0\u0323c ph\u00e2\u0309m h\u00e2\u0301p d\u00e2\u0303n, ti\u00ea\u0323n i\u0301ch, gia\u0301 ph\u1ea3i ch\u0103ng. S\u1ea3n ph\u1ea9m bao g\u1ed3m nhi\u1ec1u lo\u1ea1i ha\u0300ng ho\u0301a kh\u00e1c nhau, t\u1eeb \u0111\u1ed3 du\u0300ng nh\u00e0 b\u1ebfp, ch\u0103m s\u00f3c c\u00e1 nh\u00e2n, l\u00e0m s\u1ea1ch nha\u0300 c\u01b0\u0309a, \u0111\u00f4\u0300 l\u01b0u tr\u1eef, ca\u0301c loa\u0323i du\u0323ng cu\u0323, v\u00e2\u0323t du\u0323ng ngo\u00e0i tr\u1eddi v\u00e0 ca\u0309 cho tr\u1ebb em.\u00a0 UBL Lu\u00f4n lu\u00f4n c\u00e2\u0323p nh\u00e2\u0323t ca\u0301c sa\u0309n ph\u00e2\u0309m m\u01a1\u0301i.<\/span><\/p>\n<p><span style=\"font-weight: 400;\">S\u1ea3n ph\u1ea9m UBL \u0111\u01b0\u1ee3c s\u1ea3n xu\u1ea5t theo ti\u00eau chu\u1ea9n ch\u1ea5t l\u01b0\u1ee3ng nghi\u00eam ng\u1eb7t c\u1ee7a UBL Hongkong v\u00e0 b\u00e1n t\u1ea1i h\u01a1n 50 qu\u1ed1c gia v\u01a1\u0301i h\u01a1n 10.000 c\u1eeda h\u00e0ng, bao g\u1ed3m ch\u00e2u \u00c2u, \u00dac, Ch\u00e2u \u00c1, Ch\u00e2u Phi. S\u1ee9 m\u1ec7nh c\u1ee7a UBL l\u00e0 cung c\u1ea5p nh\u1eefng s\u1ea3n ph\u1ea9m ti\u1ec7n \u00edch v\u00e0 h\u1ea5p d\u1eabn cho ng\u00f4i nh\u00e0 hi\u1ec7n \u0111\u1ea1i c\u1ee7a ng\u01b0\u1eddi Vi\u1ec7t Nam.<\/span><\/p>\n<p><img fetchpriority=\"high\" decoding=\"async\" class=\"aligncenter\" src=\"https:\/\/cf.shopee.vn\/file\/f6797de1ee745a2dc0d45cb02727d617\" alt=\"T\u00fai \u0110\u1ef1ng R\u00e1c Th\u00fa C\u01b0ng T\u1ef1 Ph\u00e2n H\u1ee7y Uncle Bills PA3372 | Shopee Vi\u1ec7t Nam\" width=\"519\" height=\"519\" \/><\/p>\n<p><span style=\"font-weight: 400;\">Ngay nay, nhu c\u1ea7u s\u1eed d\u1ee5ng m\u00e0u n\u01b0\u1edbc c\u00e0ng ng\u00e0y c\u00e0ng nhi\u1ec1u . M\u00e0u n\u01b0\u1edbc \u0111\u01b0\u1ee3c s\u1eed d\u1ee5ng ph\u1ed5 bi\u1ebfn cho nhi\u1ec1u \u0111\u1ed1i t\u01b0\u1ee3ng, h\u1ecda s\u0129, sinh vi\u00ean, h\u1ecdc sinh, nh\u1eefng ng\u01b0\u1eddi m\u1edbi h\u1ecdc v\u1ebd. \u0110i k\u00e8m v\u1edbi n\u00f3 kh\u00f4ng th\u1ec3 thi\u1ebfu c\u1ecd v\u1ebd , b\u00fat v\u1ebd m\u00e0u n\u01b0\u1edbc.<\/span><\/p>\n<p><span style=\"font-weight: 400;\">C\u1ecd V\u1ebd H\u1ecda S\u0129 25 C\u00e1i Uncle Bills<\/span><span style=\"font-weight: 400;\"> v\u00f4 c\u00f9ng ti\u1ec7n l\u1ee3i, cho ra nhi\u1ec1u s\u1ea3n ph\u1ea9m \u0111\u1eb9p m\u1eaft, c\u00f3 t\u00ednh s\u00e1ng t\u1ea1o cao. D\u1ec5 d\u00e0ng mang theo khi \u0111i ch\u01a1i, \u0111i du l\u1ecbch, \u0111i h\u1ecdc.\u00a0<\/span><\/p>\n<p><img decoding=\"async\" class=\"aligncenter\" src=\"https:\/\/havamall.vn\/wp-content\/uploads\/2021\/03\/e047cf6fa40f4fc4650ddd5fdbe3af6d.jpg\" alt=\"C\u1ecd v\u1ebd h\u1ecda s\u0129 25 c\u00e1i UBL QA0308 - C\u1ecd V\u1ebd - M\u00e0u N\u01b0\u1edbc T\u00e1c gi\u1ea3 Uncle Bills | NhaSachHoaSen.com\" width=\"535\" height=\"301\" \/><\/p>\n<p><span style=\"font-weight: 400;\">C\u1ecd V\u1ebd H\u1ecda S\u0129 25 C\u00e1i Uncle Bills s\u1ebd ch\u1eafp c\u00e1nh cho nh\u1eefng<\/span><span style=\"font-weight: 400;\"> t\u01b0\u1edfng t\u01b0\u1ee3ng, \u00f3c s\u00e1ng t\u1ea1o c\u1ee7a b\u1ea1n v\u01b0\u01a1n xa h\u01a1n b\u1edfi c\u00e1c t\u00e1c ph\u1ea9m \u0111\u1eb9p b\u1ea1n \u1ea5p \u1ee7 qua c\u00e1c b\u1ee9c tranh, \u0111\u00f3 l\u00e0 n\u1ec1n t\u1ea3ng cho nh\u1eefng s\u00e1ng t\u1ea1o trong t\u01b0\u01a1ng lai sau n\u00e0y.<\/span><\/p>\n<p><img decoding=\"async\" class=\"aligncenter\" src=\"https:\/\/havamall.vn\/wp-content\/uploads\/2021\/03\/b8592d7c6846533faa7396b3485a0dc7.jpg_720x720q80.jpg_.webp\" alt=\"25 C\u00e1i\/b\u1ed9 C\u00e1n G\u1ed7 S\u01a1n D\u1ea7u Ngu\u1ed3n Cung C\u1ea5p Ngh\u1ec7 Thu\u1eadt B\u1ed9 C\u1ecd V\u1ebd Ngh\u1ec7 Thu\u1eadt C\u1ea7m Tay \u0110a N\u0103ng Nylon T\u00f3c M\u00e0u N\u01b0\u1edbc | Lazada.vn\" width=\"528\" height=\"528\" \/><\/p>\n<h4><strong>\u0110\u1eb7c \u0111i\u1ec3m s\u1ea3n ph\u1ea9m:<\/strong><\/h4>\n<p><span style=\"font-weight: 400;\">&gt;B\u1ed9 s\u1ea3n ph\u1ea9m c\u00f3 \u0111\u1ebfn 25 m\u00f3n v\u1edbi lo\u1ea1i c\u1ecd kh\u00e1c nhau, cho b\u1ea1n nh\u1eefng n\u00e9t v\u1ebd th\u1eadt chu\u1ea9n x\u00e1c.<\/span><\/p>\n<p><span style=\"font-weight: 400;\">&gt;Ch\u1ea5t li\u1ec7u nh\u1ef1a cao c\u1ea5p , s\u1eed d\u1ee5ng \u0111\u01b0\u1ee3c r\u1ea5t nhi\u1ec1u l\u1ea7n.<\/span><\/p>\n<p><span style=\"font-weight: 400;\">&gt;L\u00f4ng B\u00fat : m\u1ec1m, m\u1ecbn, n\u00e9t v\u1ebd chu\u1ea9n \u0111\u1eb9p, v\u1edbi \u0111\u1ee7 h\u00ecnh d\u1ea1ng \u0111\u1ea7u l\u00f4ng c\u1ea7n thi\u1ebft.<\/span><\/p>\n<p><span style=\"font-weight: 400;\">&gt;K\u00edch th\u01b0\u1edbc v\u1eeba tay, d\u1ec5 s\u1eed d\u1ee5ng.<\/span><\/p>\n<p><span style=\"font-weight: 400;\">&gt;S\u1ea3n ph\u1ea9m kh\u00f4ng ch\u1ee9a ch\u1ea5t \u0111\u1ed9c h\u1ea1i, an to\u00e0n khi s\u1eed d\u1ee5ng<\/span><\/p>\n<p><span style=\"font-weight: 400;\">S\u1ea3n ph\u1ea9m hi\u1ec7n \u0111\u00e3 c\u00f3 m\u1eb7t t\u1ea1i Havamall.<\/span><\/p>","protected":false},"excerpt":{"rendered":"<p>Uncle Bills (UBL) cung c\u1ea5p h\u01a1n 1800 s\u1ea3n ph\u1ea9m ti\u00eau d\u00f9ng phi th\u01b0\u0323c ph\u00e2\u0309m h\u00e2\u0301p d\u00e2\u0303n, ti\u00ea\u0323n i\u0301ch, gia\u0301 ph\u1ea3i<\/p>","protected":false},"featured_media":18714,"comment_status":"open","ping_status":"closed","template":"","meta":[],"product_brand":[],"product_cat":[35],"product_tag":[],"class_list":{"0":"post-18713","1":"product","2":"type-product","3":"status-publish","4":"has-post-thumbnail","6":"product_cat-nha-cua-doi-song","7":"pa_brand-uncle-bills","9":"first","10":"instock","11":"sale","12":"shipping-taxable","13":"purchasable","14":"product-type-simple"},"_links":{"self":[{"href":"https:\/\/havamall.vn\/en\/wp-json\/wp\/v2\/product\/18713"}],"collection":[{"href":"https:\/\/havamall.vn\/en\/wp-json\/wp\/v2\/product"}],"about":[{"href":"https:\/\/havamall.vn\/en\/wp-json\/wp\/v2\/types\/product"}],"replies":[{"embeddable":true,"href":"https:\/\/havamall.vn\/en\/wp-json\/wp\/v2\/comments?post=18713"}],"version-history":[{"count":0,"href":"https:\/\/havamall.vn\/en\/wp-json\/wp\/v2\/product\/18713\/revisions"}],"wp:featuredmedia":[{"embeddable":true,"href":"https:\/\/havamall.vn\/en\/wp-json\/wp\/v2\/media\/18714"}],"wp:attachment":[{"href":"https:\/\/havamall.vn\/en\/wp-json\/wp\/v2\/media?parent=18713"}],"wp:term":[{"taxonomy":"product_brand","embeddable":true,"href":"https:\/\/havamall.vn\/en\/wp-json\/wp\/v2\/product_brand?post=18713"},{"taxonomy":"product_cat","embeddable":true,"href":"https:\/\/havamall.vn\/en\/wp-json\/wp\/v2\/product_cat?post=18713"},{"taxonomy":"product_tag","embeddable":true,"href":"https:\/\/havamall.vn\/en\/wp-json\/wp\/v2\/product_tag?post=18713"}],"curies":[{"name":"wp","href":"https:\/\/api.w.org\/{rel}","templated":true}]}}