{"id":18701,"date":"2021-03-11T09:48:26","date_gmt":"2021-03-11T02:48:26","guid":{"rendered":"https:\/\/havamall.vn\/?post_type=product&#038;p=18701"},"modified":"2021-08-17T19:19:47","modified_gmt":"2021-08-17T12:19:47","slug":"dat-set-nan-hinh-18-mieng-cho-be-uncle-bills","status":"publish","type":"product","link":"https:\/\/havamall.vn\/en\/shop\/dat-set-nan-hinh-18-mieng-cho-be-uncle-bills\/","title":{"rendered":"\u0110\u1ea5t S\u00e9t N\u1eb7n H\u00ecnh 18 Mi\u1ebfng Cho B\u00e9 Uncle Bills"},"content":{"rendered":"<p><span style=\"font-weight: 400\">Uncle Bills (UBL) cung c\u1ea5p h\u01a1n 1800 s\u1ea3n ph\u1ea9m ti\u00eau d\u00f9ng phi th\u01b0\u0323c ph\u00e2\u0309m h\u00e2\u0301p d\u00e2\u0303n, ti\u00ea\u0323n i\u0301ch, gia\u0301 ph\u1ea3i ch\u0103ng. S\u1ea3n ph\u1ea9m bao g\u1ed3m nhi\u1ec1u lo\u1ea1i ha\u0300ng ho\u0301a kh\u00e1c nhau, t\u1eeb \u0111\u1ed3 du\u0300ng nh\u00e0 b\u1ebfp, ch\u0103m s\u00f3c c\u00e1 nh\u00e2n, l\u00e0m s\u1ea1ch nha\u0300 c\u01b0\u0309a, \u0111\u00f4\u0300 l\u01b0u tr\u1eef, ca\u0301c loa\u0323i du\u0323ng cu\u0323, v\u00e2\u0323t du\u0323ng ngo\u00e0i tr\u1eddi v\u00e0 ca\u0309 cho tr\u1ebb em.\u00a0 UBL Lu\u00f4n lu\u00f4n c\u00e2\u0323p nh\u00e2\u0323t ca\u0301c sa\u0309n ph\u00e2\u0309m m\u01a1\u0301i.<\/span><\/p>\n<p><span style=\"font-weight: 400\">S\u1ea3n ph\u1ea9m UBL \u0111\u01b0\u1ee3c s\u1ea3n xu\u1ea5t theo ti\u00eau chu\u1ea9n ch\u1ea5t l\u01b0\u1ee3ng nghi\u00eam ng\u1eb7t c\u1ee7a UBL Hongkong v\u00e0 b\u00e1n t\u1ea1i h\u01a1n 50 qu\u1ed1c gia v\u01a1\u0301i h\u01a1n 10.000 c\u1eeda h\u00e0ng, bao g\u1ed3m ch\u00e2u \u00c2u, \u00dac, Ch\u00e2u \u00c1, Ch\u00e2u Phi. S\u1ee9 m\u1ec7nh c\u1ee7a UBL l\u00e0 cung c\u1ea5p nh\u1eefng s\u1ea3n ph\u1ea9m ti\u1ec7n \u00edch v\u00e0 h\u1ea5p d\u1eabn cho ng\u00f4i nh\u00e0 hi\u1ec7n \u0111\u1ea1i c\u1ee7a ng\u01b0\u1eddi Vi\u1ec7t Nam.<\/span><\/p>\n<p><img fetchpriority=\"high\" decoding=\"async\" class=\"aligncenter\" src=\"https:\/\/cf.shopee.vn\/file\/f6797de1ee745a2dc0d45cb02727d617\" alt=\"T\u00fai \u0110\u1ef1ng R\u00e1c Th\u00fa C\u01b0ng T\u1ef1 Ph\u00e2n H\u1ee7y Uncle Bills PA3372 | Shopee Vi\u1ec7t Nam\" width=\"484\" height=\"484\" \/><\/p>\n<p><span style=\"font-weight: 400\">Kh\u00f4ng ch\u1ec9 l\u00e0 m\u00f3n \u0111\u1ed3 ch\u01a1i nhi\u1ec1u m\u00e0u s\u1eafc v\u00e0 \u0111\u1ea7y th\u00fa v\u1ecb cho con tr\u1ebb, \u0111\u1ea5t n\u1eb7n c\u00f2n \u0111\u01b0\u1ee3c khoa h\u1ecdc ch\u1ee9ng minh l\u00e0 c\u00f4ng c\u1ee5 h\u1eefu \u00edch gi\u00fap b\u00e9 ph\u00e1t tri\u1ec3n tr\u00ed n\u00e3o r\u1ea5t hi\u1ec7u qu\u1ea3 nh\u01b0: ph\u00e1t tri\u1ec3n kh\u1ea3 n\u0103ng quan s\u00e1t, ph\u00e1t tri\u1ec3n kh\u1ea3 n\u0103ng c\u1ea3m th\u1ee5 m\u00e0u s\u1eafc, ph\u00e1t tri\u1ec3n t\u01b0 duy v\u00e0 tr\u00ed t\u01b0\u1edfng t\u01b0\u1ee3ng, d\u1ea1t b\u00e9 bi\u1ebft tr\u00e2n tr\u1ecdng \u0111\u1ed3 ch\u01a1i v\u00e0 th\u00e0nh qu\u1ea3.<\/span><\/p>\n<p><img decoding=\"async\" class=\"aligncenter\" src=\"https:\/\/havamall.vn\/wp-content\/uploads\/2021\/03\/f4f5dc8b92aa56733bdf19ce75836d0d.jpg\" alt='D\u1ea1y b\u00e9 c\u00e1c con v\u1eadt N\u1eb7n \u0111\u1ea5t s\u00e9t h\u00ecnh nh\u1eefng con v\u1eadt cho b\u00e9 T\u1ed4NG H\u1ee2P 50 CO...  | \u0110\u1ea5t s\u00e9t polymer, \u0110\u1ea5t s\u00e9t, Play doh' \/><\/p>\n<p><span style=\"font-weight: 400\">\u0110\u1ea5t S\u00e9t N\u1eb7n H\u00ecnh 18 Mi\u1ebfng Uncle Bills m\u1ed9t tr\u00f2 ch\u01a1i ph\u00e1t tri\u1ec3n tr\u00ed tu\u1ec7 cho b\u00e9 con c\u1ee7a b\u1ea1n. H\u00e3y cho b\u00e9 t\u1ef1 kh\u00e1m ph\u00e1 kh\u1ea3 n\u0103ng n\u1eb7n h\u00ecnh t\u1ea1o v\u1eadt c\u1ee7a m\u00ecnh. \u0110\u1ea5t s\u00e9t n\u1eb7n h\u00ecnh 18 mi\u1ebfng Uncle Bills cho b\u00e9 th\u1ecfa th\u00edch s\u00e1ng t\u1ea1o, ph\u00e1t huy tr\u00ed t\u01b0\u1edfng t\u01b0\u1ee3ng khi vui ch\u01a1i.<\/span><\/p>\n<p><img decoding=\"async\" class=\"wp-image-18707 aligncenter\" src=\"https:\/\/havamall.vn\/wp-content\/uploads\/2021\/03\/191495-dat-set-body-5-300x261.png\" alt=\"\" width=\"489\" height=\"425\" srcset=\"https:\/\/havamall.vn\/wp-content\/uploads\/2021\/03\/191495-dat-set-body-5-300x261.png 300w, https:\/\/havamall.vn\/wp-content\/uploads\/2021\/03\/191495-dat-set-body-5-430x374.png 430w, https:\/\/havamall.vn\/wp-content\/uploads\/2021\/03\/191495-dat-set-body-5-150x131.png 150w, https:\/\/havamall.vn\/wp-content\/uploads\/2021\/03\/191495-dat-set-body-5.png 600w\" sizes=\"(max-width: 489px) 100vw, 489px\" \/><\/p>\n<p><span style=\"font-weight: 400\">\u0110\u1ea5t s\u00e9t nhi\u1ec1u m\u00e0u, m\u1ec1m, d\u1ebbo, kh\u00f4ng d\u00ednh b\u1ebft, d\u1ec5 t\u1ea1o h\u00ecnh. \u0110\u1ea5t s\u00e9t t\u00e1i s\u1eed d\u1ee5ng \u0111\u01b0\u1ee3c. Khi \u0111\u1ea5t n\u1eb7n c\u1ee9ng, ch\u1ec9 c\u1ea7n th\u00eam m\u1ed9t \u00edt n\u01b0\u1edbc v\u00e0 nh\u1ed3i l\u1ea1i l\u00e0 b\u00e9 c\u00f3 th\u1ec3 ti\u1ebfp t\u1ee5c s\u1eed d\u1ee5ng nh\u01b0 b\u00ecnh th\u01b0\u1eddng.<\/span><\/p>\n<p><span style=\"font-weight: 400\">\u0110\u1ea5t n\u1eb7n thu\u1ed9c lo\u1ea1i c\u00f3 d\u1ea7u n\u00ean c\u00f3 \u0111\u1ed9 d\u1ebbo t\u1ef1 nhi\u00ean, m\u1ec1m, m\u1ecbn v\u00e0 kh\u00f4ng v\u00f3n c\u1ee5c hay g\u00e2y d\u00ednh tay khi b\u00e9 vui ch\u01a1i. \u0110\u1ea5t n\u1eb7n c\u00f3 th\u1ec3 \u0111\u01b0\u1ee3c s\u1eed d\u1ee5ng nhi\u1ec1u l\u1ea7n.<\/span><\/p>\n<p><span style=\"font-weight: 400\">S\u1ea3n ph\u1ea9m hi\u1ec7n \u0111\u00e3 c\u00f3 m\u1eb7t t\u1ea1i Havamall.<\/span><\/p>","protected":false},"excerpt":{"rendered":"<p>Uncle Bills (UBL) cung c\u1ea5p h\u01a1n 1800 s\u1ea3n ph\u1ea9m ti\u00eau d\u00f9ng phi th\u01b0\u0323c ph\u00e2\u0309m h\u00e2\u0301p d\u00e2\u0303n, ti\u00ea\u0323n i\u0301ch, gia\u0301 ph\u1ea3i<\/p>","protected":false},"featured_media":18706,"comment_status":"open","ping_status":"closed","template":"","meta":[],"product_brand":[],"product_cat":[397,35],"product_tag":[],"class_list":{"0":"post-18701","1":"product","2":"type-product","3":"status-publish","4":"has-post-thumbnail","6":"product_cat-hang-me-be-do-choi","7":"product_cat-nha-cua-doi-song","8":"pa_brand-uncle-bills","10":"first","11":"outofstock","12":"sale","13":"shipping-taxable","14":"purchasable","15":"product-type-simple"},"_links":{"self":[{"href":"https:\/\/havamall.vn\/en\/wp-json\/wp\/v2\/product\/18701"}],"collection":[{"href":"https:\/\/havamall.vn\/en\/wp-json\/wp\/v2\/product"}],"about":[{"href":"https:\/\/havamall.vn\/en\/wp-json\/wp\/v2\/types\/product"}],"replies":[{"embeddable":true,"href":"https:\/\/havamall.vn\/en\/wp-json\/wp\/v2\/comments?post=18701"}],"version-history":[{"count":0,"href":"https:\/\/havamall.vn\/en\/wp-json\/wp\/v2\/product\/18701\/revisions"}],"wp:featuredmedia":[{"embeddable":true,"href":"https:\/\/havamall.vn\/en\/wp-json\/wp\/v2\/media\/18706"}],"wp:attachment":[{"href":"https:\/\/havamall.vn\/en\/wp-json\/wp\/v2\/media?parent=18701"}],"wp:term":[{"taxonomy":"product_brand","embeddable":true,"href":"https:\/\/havamall.vn\/en\/wp-json\/wp\/v2\/product_brand?post=18701"},{"taxonomy":"product_cat","embeddable":true,"href":"https:\/\/havamall.vn\/en\/wp-json\/wp\/v2\/product_cat?post=18701"},{"taxonomy":"product_tag","embeddable":true,"href":"https:\/\/havamall.vn\/en\/wp-json\/wp\/v2\/product_tag?post=18701"}],"curies":[{"name":"wp","href":"https:\/\/api.w.org\/{rel}","templated":true}]}}