{"id":18679,"date":"2021-03-10T16:02:57","date_gmt":"2021-03-10T09:02:57","guid":{"rendered":"https:\/\/havamall.vn\/?post_type=product&#038;p=18679"},"modified":"2021-04-23T14:46:09","modified_gmt":"2021-04-23T07:46:09","slug":"tui-dung-ta-lot-co-huong-thom-uncle-bills","status":"publish","type":"product","link":"https:\/\/havamall.vn\/en\/shop\/tui-dung-ta-lot-co-huong-thom-uncle-bills\/","title":{"rendered":"T\u00fai \u0110\u1ef1ng T\u00e3 L\u00f3t C\u00f3 H\u01b0\u01a1ng Th\u01a1m Uncle Bills"},"content":{"rendered":"<p><span style=\"font-weight: 400\">Uncle Bills (UBL) cung c\u1ea5p h\u01a1n 1800 s\u1ea3n ph\u1ea9m ti\u00eau d\u00f9ng phi th\u01b0\u0323c ph\u00e2\u0309m h\u00e2\u0301p d\u00e2\u0303n, ti\u00ea\u0323n i\u0301ch, gia\u0301 ph\u1ea3i ch\u0103ng. S\u1ea3n ph\u1ea9m bao g\u1ed3m nhi\u1ec1u lo\u1ea1i ha\u0300ng ho\u0301a kh\u00e1c nhau, t\u1eeb \u0111\u1ed3 du\u0300ng nh\u00e0 b\u1ebfp, ch\u0103m s\u00f3c c\u00e1 nh\u00e2n, l\u00e0m s\u1ea1ch nha\u0300 c\u01b0\u0309a, \u0111\u00f4\u0300 l\u01b0u tr\u1eef, ca\u0301c loa\u0323i du\u0323ng cu\u0323, v\u00e2\u0323t du\u0323ng ngo\u00e0i tr\u1eddi v\u00e0 ca\u0309 cho tr\u1ebb em.\u00a0 UBL Lu\u00f4n lu\u00f4n c\u00e2\u0323p nh\u00e2\u0323t ca\u0301c sa\u0309n ph\u00e2\u0309m m\u01a1\u0301i.<\/span><\/p>\n<p><span style=\"font-weight: 400\">S\u1ea3n ph\u1ea9m UBL \u0111\u01b0\u1ee3c s\u1ea3n xu\u1ea5t theo ti\u00eau chu\u1ea9n ch\u1ea5t l\u01b0\u1ee3ng nghi\u00eam ng\u1eb7t c\u1ee7a UBL Hongkong v\u00e0 b\u00e1n t\u1ea1i h\u01a1n 50 qu\u1ed1c gia v\u01a1\u0301i h\u01a1n 10.000 c\u1eeda h\u00e0ng, bao g\u1ed3m ch\u00e2u \u00c2u, \u00dac, Ch\u00e2u \u00c1, Ch\u00e2u Phi. S\u1ee9 m\u1ec7nh c\u1ee7a UBL l\u00e0 cung c\u1ea5p nh\u1eefng s\u1ea3n ph\u1ea9m ti\u1ec7n \u00edch v\u00e0 h\u1ea5p d\u1eabn cho ng\u00f4i nh\u00e0 hi\u1ec7n \u0111\u1ea1i c\u1ee7a ng\u01b0\u1eddi Vi\u1ec7t Nam.<\/span><\/p>\n<p><img fetchpriority=\"high\" decoding=\"async\" class=\"aligncenter\" src=\"https:\/\/cf.shopee.vn\/file\/f6797de1ee745a2dc0d45cb02727d617\" alt=\"T\u00fai \u0110\u1ef1ng R\u00e1c Th\u00fa C\u01b0ng T\u1ef1 Ph\u00e2n H\u1ee7y Uncle Bills PA3372 | Shopee Vi\u1ec7t Nam\" width=\"490\" height=\"490\" \/><\/p>\n<p><span style=\"font-weight: 400\">Da tr\u1ebb s\u01a1 sinh r\u1ea5t nh\u1ea1y c\u1ea3m, c\u1ea7n \u0111\u01b0\u1ee3c b\u1ea3o v\u1ec7 v\u00e0 ch\u0103m s\u00f3c tuy\u1ec7t \u0111\u1ed1i. \u0110\u1eb7c bi\u1ec7t v\u1edbi c\u00e1c v\u1eadt d\u1ee5ng cho b\u00e9 b\u1ea1n c\u1ea7n ph\u1ea3i l\u1ef1a ch\u1ecdn nh\u1eefng s\u1ea3n ph\u1ea9m an to\u00e0n, v\u00ec da b\u00e9 r\u1ea5t nh\u1ea1y c\u1ea3m, nh\u1ea5t l\u00e0 d\u1ee5ng c\u1ee5 \u0111\u1ec3 \u0111\u1ef1ng t\u00e3 l\u00f3t cho b\u00e9. T\u00fai \u0111\u1ef1ng t\u00e3 cho tr\u1ebb s\u01a1 sinh c\u1ee7a Uncle Bills v\u1edbi nh\u1eefng \u01b0u \u0111i\u1ec3m n\u1ed5i tr\u1ed9i, s\u1ebd l\u00e0 v\u1eadt d\u1ee5ng kh\u00f4ng th\u1ec3 thi\u1ebfu d\u00e0nh cho b\u1ea1n.<\/span><\/p>\n<p><img decoding=\"async\" class=\"aligncenter\" src=\"https:\/\/havamall.vn\/wp-content\/uploads\/2021\/03\/upload_0db1af537dea40d8b2a10bd96a27227e_large.jpg\" alt=\"Nappy Bag Scented 100Pk 2Asst\" \/><\/p>\n<p><span style=\"font-weight: 400\">T\u00fai c\u00f3 h\u01b0\u01a1ng th\u01a1m \u00eam d\u1ecbu, gi\u00fap h\u1ea1n ch\u1ebf nh\u1eefng m\u00f9i kh\u00f3 ch\u1ecbu v\u00e0 \u0111em l\u1ea1i s\u1ef1 tho\u1ea3i m\u00e1i cho ng\u01b0\u1eddi d\u00f9ng. S\u1ea3n ph\u1ea9m \u0111\u01b0\u1ee3c l\u00e0m t\u1eeb ch\u1ea5t li\u1ec7u an to\u00e0n, kh\u00f4ng \u0111\u1ed9c t\u1ed1 n\u00ean tuy\u1ec7t \u0111\u1ed1i an to\u00e0n khi \u0111\u1ef1ng t\u00e3 gi\u1ea5y cho tr\u1ebb. H\u00e3y t\u1eadn h\u01b0\u1edfng m\u1ed9t cu\u1ed9c s\u1ed1ng \u0111\u1ea7y ti\u1ec7n \u00edch v\u1edbi t\u00fai \u0111\u1ef1ng t\u00e3 c\u00f3 h\u01b0\u01a1ng th\u01a1m.<\/span><\/p>\n<p><img decoding=\"async\" class=\"aligncenter\" src=\"https:\/\/havamall.vn\/wp-content\/uploads\/2021\/03\/upload_3c6e32b21dbf4341a8286a30cc34dfda_large.jpg\" alt=\"T\u00fai \u0111\u1ef1ng t\u1ea3 l\u00f3t c\u00f3 h\u01b0\u01a1ng th\u01a1m\" \/><\/p>\n<p><span style=\"font-weight: 400\">S\u1ea3n ph\u1ea9m \u0111\u01b0\u1ee3c l\u00e0m t\u1eeb nh\u1ef1a PE, kh\u00f4ng \u0111\u1ed9c t\u1ed1 n\u00ean r\u1ea5t an to\u00e0n cho s\u1ee9c kh\u1ecfe ng\u01b0\u1eddi ti\u00eau d\u00f9ng, \u0111\u1eb7c bi\u1ec7t l\u00e0 tr\u1ebb s\u01a1 sinh,<\/span><\/p>\n<p><span style=\"font-weight: 400\">S\u1edf h\u1eefu h\u01b0\u01a1ng th\u01a1m \u00eam d\u1ecbu, s\u1ea3n ph\u1ea9m gi\u00fap kh\u1eed b\u1edbt m\u00f9i h\u0103ng, \u1ea9m, \u0111em l\u1ea1i s\u1ef1 d\u1ec5 ch\u1ecbu cho ng\u01b0\u1eddi d\u00f9ng. S\u1ea3n ph\u1ea9m ti\u1ec7n l\u1ee3i, an to\u00e0n. Kh\u00f4ng ch\u1ee9a h\u00f3a ch\u1ea5t \u0111\u1ed9c h\u1ea1i. C\u1ef1c k\u1ef3 an to\u00e0n v\u00e0 ph\u00f9 h\u1ee3p cho tr\u1ebb s\u01a1 sinh.<\/span><\/p>\n<p><span style=\"font-weight: 400\">S\u1ea3n ph\u1ea9m hi\u1ec7n \u0111\u00e3 c\u00f3 m\u1eb7t t\u1ea1i Havamall.<\/span><\/p>","protected":false},"excerpt":{"rendered":"<p>Uncle Bills (UBL) cung c\u1ea5p h\u01a1n 1800 s\u1ea3n ph\u1ea9m ti\u00eau d\u00f9ng phi th\u01b0\u0323c ph\u00e2\u0309m h\u00e2\u0301p d\u00e2\u0303n, ti\u00ea\u0323n i\u0301ch, gia\u0301 ph\u1ea3i<\/p>","protected":false},"featured_media":18680,"comment_status":"open","ping_status":"closed","template":"","meta":[],"product_brand":[],"product_cat":[397,35],"product_tag":[],"class_list":{"0":"post-18679","1":"product","2":"type-product","3":"status-publish","4":"has-post-thumbnail","6":"product_cat-hang-me-be-do-choi","7":"product_cat-nha-cua-doi-song","8":"pa_brand-uncle-bills","10":"first","11":"instock","12":"sale","13":"shipping-taxable","14":"purchasable","15":"product-type-simple"},"_links":{"self":[{"href":"https:\/\/havamall.vn\/en\/wp-json\/wp\/v2\/product\/18679"}],"collection":[{"href":"https:\/\/havamall.vn\/en\/wp-json\/wp\/v2\/product"}],"about":[{"href":"https:\/\/havamall.vn\/en\/wp-json\/wp\/v2\/types\/product"}],"replies":[{"embeddable":true,"href":"https:\/\/havamall.vn\/en\/wp-json\/wp\/v2\/comments?post=18679"}],"version-history":[{"count":0,"href":"https:\/\/havamall.vn\/en\/wp-json\/wp\/v2\/product\/18679\/revisions"}],"wp:featuredmedia":[{"embeddable":true,"href":"https:\/\/havamall.vn\/en\/wp-json\/wp\/v2\/media\/18680"}],"wp:attachment":[{"href":"https:\/\/havamall.vn\/en\/wp-json\/wp\/v2\/media?parent=18679"}],"wp:term":[{"taxonomy":"product_brand","embeddable":true,"href":"https:\/\/havamall.vn\/en\/wp-json\/wp\/v2\/product_brand?post=18679"},{"taxonomy":"product_cat","embeddable":true,"href":"https:\/\/havamall.vn\/en\/wp-json\/wp\/v2\/product_cat?post=18679"},{"taxonomy":"product_tag","embeddable":true,"href":"https:\/\/havamall.vn\/en\/wp-json\/wp\/v2\/product_tag?post=18679"}],"curies":[{"name":"wp","href":"https:\/\/api.w.org\/{rel}","templated":true}]}}