{"id":18675,"date":"2021-03-10T15:52:15","date_gmt":"2021-03-10T08:52:15","guid":{"rendered":"https:\/\/havamall.vn\/?post_type=product&#038;p=18675"},"modified":"2022-01-09T23:31:07","modified_gmt":"2022-01-09T16:31:07","slug":"moc-dan-oval-di-dong-3-cai-uncle-bills","status":"publish","type":"product","link":"https:\/\/havamall.vn\/en\/shop\/moc-dan-oval-di-dong-3-cai-uncle-bills\/","title":{"rendered":"M\u00f3c D\u00e1n Oval Di \u0110\u1ed9ng 3 C\u00e1i Uncle Bills"},"content":{"rendered":"<p><span style=\"font-weight: 400;\">Uncle Bills (UBL) cung c\u1ea5p h\u01a1n 1800 s\u1ea3n ph\u1ea9m ti\u00eau d\u00f9ng phi th\u01b0\u0323c ph\u00e2\u0309m h\u00e2\u0301p d\u00e2\u0303n, ti\u00ea\u0323n i\u0301ch, gia\u0301 ph\u1ea3i ch\u0103ng. S\u1ea3n ph\u1ea9m bao g\u1ed3m nhi\u1ec1u lo\u1ea1i ha\u0300ng ho\u0301a kh\u00e1c nhau, t\u1eeb \u0111\u1ed3 du\u0300ng nh\u00e0 b\u1ebfp, ch\u0103m s\u00f3c c\u00e1 nh\u00e2n, l\u00e0m s\u1ea1ch nha\u0300 c\u01b0\u0309a, \u0111\u00f4\u0300 l\u01b0u tr\u1eef, ca\u0301c loa\u0323i du\u0323ng cu\u0323, v\u00e2\u0323t du\u0323ng ngo\u00e0i tr\u1eddi v\u00e0 ca\u0309 cho tr\u1ebb em.\u00a0 UBL Lu\u00f4n lu\u00f4n c\u00e2\u0323p nh\u00e2\u0323t ca\u0301c sa\u0309n ph\u00e2\u0309m m\u01a1\u0301i.<\/span><\/p>\n<p><span style=\"font-weight: 400;\">S\u1ea3n ph\u1ea9m UBL \u0111\u01b0\u1ee3c s\u1ea3n xu\u1ea5t theo ti\u00eau chu\u1ea9n ch\u1ea5t l\u01b0\u1ee3ng nghi\u00eam ng\u1eb7t c\u1ee7a UBL Hongkong v\u00e0 b\u00e1n t\u1ea1i h\u01a1n 50 qu\u1ed1c gia v\u01a1\u0301i h\u01a1n 10.000 c\u1eeda h\u00e0ng, bao g\u1ed3m ch\u00e2u \u00c2u, \u00dac, Ch\u00e2u \u00c1, Ch\u00e2u Phi. S\u1ee9 m\u1ec7nh c\u1ee7a UBL l\u00e0 cung c\u1ea5p nh\u1eefng s\u1ea3n ph\u1ea9m ti\u1ec7n \u00edch v\u00e0 h\u1ea5p d\u1eabn cho ng\u00f4i nh\u00e0 hi\u1ec7n \u0111\u1ea1i c\u1ee7a ng\u01b0\u1eddi Vi\u1ec7t Nam.<\/span><\/p>\n<p><img fetchpriority=\"high\" decoding=\"async\" class=\"aligncenter\" src=\"https:\/\/cf.shopee.vn\/file\/f6797de1ee745a2dc0d45cb02727d617\" alt=\"T\u00fai \u0110\u1ef1ng R\u00e1c Th\u00fa C\u01b0ng T\u1ef1 Ph\u00e2n H\u1ee7y Uncle Bills PA3372 | Shopee Vi\u1ec7t Nam\" width=\"462\" height=\"462\" \/><\/p>\n<p><span style=\"font-weight: 400;\">M\u00f3c d\u00e1n oval di \u0111\u1ed9ng 3 C\u00e1i Uncle Bills d\u00f9ng \u0111\u1ec3 <\/span><span style=\"font-weight: 400;\">d\u00e1n l\u00ean t\u01b0\u1eddng, g\u1ea1ch men m\u00e0 kh\u00f4ng l\u00e0m h\u01b0 t\u01b0\u1eddng nh\u00e0 b\u1ea1n, thi\u1ebft k\u1ebf \u0111\u1eb9p m\u1eaft, \u0111\u01a1n gi\u1ea3n d\u1ec5 s\u1eed d\u1ee5ng. M\u1ed7i m\u00f3c treo \u0111\u01b0\u1ee3c \u0111\u1ed3 d\u00f9ng c\u00f3 tr\u1ecdng l\u01b0\u1ee3ng t\u1ed1i \u0111a 400g<\/span><\/p>\n<p><img decoding=\"async\" class=\"aligncenter\" src=\"https:\/\/havamall.vn\/wp-content\/uploads\/2021\/03\/bff818ad306282a5f3cbcfeda89466ed.jpeg\" alt=\"M\u00f3c D\u00e1n T\u01b0\u1eddng UBL HY0191: Mua b\u00e1n tr\u1ef1c tuy\u1ebfn M\u00f3c treo &amp; K\u1eb9p qu\u1ea7n \u00e1o v\u1edbi gi\u00e1 r\u1ebb | Lazada.vn\" width=\"450\" height=\"512\" \/><\/p>\n<p><span style=\"font-weight: 400;\">D\u00f9ng \u0111\u1ec3 treo ch\u00eca kh\u00f3a, \u00e1o kho\u00e1c, n\u00f3n, qu\u1ea7n \u00e1o, \u0111\u1ed3 nh\u00e0 b\u1ebfp, v\u1eadt d\u1ee5ng gia \u0111\u00ecnh,..C\u00f3 th\u1ec3 d\u00e1n \u1edf m\u1ecdi n\u01a1i trong nh\u00e0 t\u1eeb nh\u00e0 b\u1ebfp, ph\u00f2ng kh\u00e1ch, ph\u00f2ng ng\u1ee7 \u0111\u1ebfn ph\u00f2ng t\u1eafm<\/span><\/p>\n<p><span style=\"font-weight: 400;\">C\u00f3 k\u00e8m theo mi\u1ebfng keo d\u00e1n ti\u1ec7n l\u1ee3i \u0111\u1ec3 thay th\u1ebf khi b\u1ea1n s\u1eed d\u1ee5ng l\u00e2u ph\u1ea7n keo c\u1ee7a m\u00f3c kh\u00f4ng c\u00f2n \u0111\u01b0\u1ee3c nh\u01b0 ban \u0111\u1ea7u.<\/span><\/p>\n<p><img decoding=\"async\" class=\"aligncenter\" src=\"https:\/\/havamall.vn\/wp-content\/uploads\/2021\/03\/67322.jpg\" alt=\"Universal Windows Doors | Chef Aid Medium Oval Self Adhesive Hooks 4Pack\" width=\"420\" height=\"420\" \/><\/p>\n<h4><strong>Th\u00f4ng tin s\u1ea3n ph\u1ea9m:<\/strong><\/h4>\n<p><span style=\"font-weight: 400;\">&#8211; C\u00f4ng d\u1ee5ng: d\u00e1n t\u01b0\u1eddng \u0111\u1ec3 m\u00f3c qu\u1ea7n \u00e1o<\/span><\/p>\n<p><span style=\"font-weight: 400;\">&#8211; Th\u00e0nh ph\u1ea7n: Nh\u1ef1a v\u00e0 keo d\u00e1n<\/span><\/p>\n<p><span style=\"font-weight: 400;\">&#8211; \u0110\u1ecbnh l\u01b0\u1ee3ng: 3 c\u00e1c\/b\u1ed9<\/span><\/p>\n<p><span style=\"font-weight: 400;\">&#8211; B\u1ea3o qu\u1ea3n: B\u1ea3o qu\u1ea3n n\u01a1i kho r\u00e1o, tr\u00e1nh va \u0111\u1eadp m\u1ea1nh<\/span><\/p>\n<p><span style=\"font-weight: 400;\">S\u1ea3n ph\u1ea9m hi\u1ec7n \u0111\u00e3 c\u00f3 m\u1eb7t t\u1ea1i Havamall.<\/span><\/p>","protected":false},"excerpt":{"rendered":"<p>Uncle Bills (UBL) cung c\u1ea5p h\u01a1n 1800 s\u1ea3n ph\u1ea9m ti\u00eau d\u00f9ng phi th\u01b0\u0323c ph\u00e2\u0309m h\u00e2\u0301p d\u00e2\u0303n, ti\u00ea\u0323n i\u0301ch, gia\u0301 ph\u1ea3i<\/p>","protected":false},"featured_media":18676,"comment_status":"open","ping_status":"closed","template":"","meta":[],"product_brand":[],"product_cat":[35],"product_tag":[],"class_list":{"0":"post-18675","1":"product","2":"type-product","3":"status-publish","4":"has-post-thumbnail","6":"product_cat-nha-cua-doi-song","7":"pa_brand-uncle-bills","9":"first","10":"instock","11":"sale","12":"shipping-taxable","13":"purchasable","14":"product-type-simple"},"_links":{"self":[{"href":"https:\/\/havamall.vn\/en\/wp-json\/wp\/v2\/product\/18675"}],"collection":[{"href":"https:\/\/havamall.vn\/en\/wp-json\/wp\/v2\/product"}],"about":[{"href":"https:\/\/havamall.vn\/en\/wp-json\/wp\/v2\/types\/product"}],"replies":[{"embeddable":true,"href":"https:\/\/havamall.vn\/en\/wp-json\/wp\/v2\/comments?post=18675"}],"version-history":[{"count":0,"href":"https:\/\/havamall.vn\/en\/wp-json\/wp\/v2\/product\/18675\/revisions"}],"wp:featuredmedia":[{"embeddable":true,"href":"https:\/\/havamall.vn\/en\/wp-json\/wp\/v2\/media\/18676"}],"wp:attachment":[{"href":"https:\/\/havamall.vn\/en\/wp-json\/wp\/v2\/media?parent=18675"}],"wp:term":[{"taxonomy":"product_brand","embeddable":true,"href":"https:\/\/havamall.vn\/en\/wp-json\/wp\/v2\/product_brand?post=18675"},{"taxonomy":"product_cat","embeddable":true,"href":"https:\/\/havamall.vn\/en\/wp-json\/wp\/v2\/product_cat?post=18675"},{"taxonomy":"product_tag","embeddable":true,"href":"https:\/\/havamall.vn\/en\/wp-json\/wp\/v2\/product_tag?post=18675"}],"curies":[{"name":"wp","href":"https:\/\/api.w.org\/{rel}","templated":true}]}}