{"id":18671,"date":"2021-03-10T15:31:11","date_gmt":"2021-03-10T08:31:11","guid":{"rendered":"https:\/\/havamall.vn\/?post_type=product&#038;p=18671"},"modified":"2021-12-21T09:51:19","modified_gmt":"2021-12-21T02:51:19","slug":"bo-son-nuoc-kem-but-ve-uncle-bills","status":"publish","type":"product","link":"https:\/\/havamall.vn\/en\/shop\/bo-son-nuoc-kem-but-ve-uncle-bills\/","title":{"rendered":"B\u1ed9 S\u01a1n N\u01b0\u1edbc K\u00e8m B\u00fat V\u1ebd Uncle Bills"},"content":{"rendered":"<p><span style=\"font-weight: 400\">Uncle Bills (UBL) cung c\u1ea5p h\u01a1n 1800 s\u1ea3n ph\u1ea9m ti\u00eau d\u00f9ng phi th\u01b0\u0323c ph\u00e2\u0309m h\u00e2\u0301p d\u00e2\u0303n, ti\u00ea\u0323n i\u0301ch, gia\u0301 ph\u1ea3i ch\u0103ng. S\u1ea3n ph\u1ea9m bao g\u1ed3m nhi\u1ec1u lo\u1ea1i ha\u0300ng ho\u0301a kh\u00e1c nhau, t\u1eeb \u0111\u1ed3 du\u0300ng nh\u00e0 b\u1ebfp, ch\u0103m s\u00f3c c\u00e1 nh\u00e2n, l\u00e0m s\u1ea1ch nha\u0300 c\u01b0\u0309a, \u0111\u00f4\u0300 l\u01b0u tr\u1eef, ca\u0301c loa\u0323i du\u0323ng cu\u0323, v\u00e2\u0323t du\u0323ng ngo\u00e0i tr\u1eddi v\u00e0 ca\u0309 cho tr\u1ebb em.\u00a0 UBL Lu\u00f4n lu\u00f4n c\u00e2\u0323p nh\u00e2\u0323t ca\u0301c sa\u0309n ph\u00e2\u0309m m\u01a1\u0301i.<\/span><\/p>\n<p><span style=\"font-weight: 400\">S\u1ea3n ph\u1ea9m UBL \u0111\u01b0\u1ee3c s\u1ea3n xu\u1ea5t theo ti\u00eau chu\u1ea9n ch\u1ea5t l\u01b0\u1ee3ng nghi\u00eam ng\u1eb7t c\u1ee7a UBL Hongkong v\u00e0 b\u00e1n t\u1ea1i h\u01a1n 50 qu\u1ed1c gia v\u01a1\u0301i h\u01a1n 10.000 c\u1eeda h\u00e0ng, bao g\u1ed3m ch\u00e2u \u00c2u, \u00dac, Ch\u00e2u \u00c1, Ch\u00e2u Phi. S\u1ee9 m\u1ec7nh c\u1ee7a UBL l\u00e0 cung c\u1ea5p nh\u1eefng s\u1ea3n ph\u1ea9m ti\u1ec7n \u00edch v\u00e0 h\u1ea5p d\u1eabn cho ng\u00f4i nh\u00e0 hi\u1ec7n \u0111\u1ea1i c\u1ee7a ng\u01b0\u1eddi Vi\u1ec7t Nam.<\/span><\/p>\n<p><img fetchpriority=\"high\" decoding=\"async\" class=\"aligncenter\" src=\"https:\/\/cf.shopee.vn\/file\/f6797de1ee745a2dc0d45cb02727d617\" alt=\"T\u00fai \u0110\u1ef1ng R\u00e1c Th\u00fa C\u01b0ng T\u1ef1 Ph\u00e2n H\u1ee7y Uncle Bills PA3372 | Shopee Vi\u1ec7t Nam\" width=\"544\" height=\"544\" \/><\/p>\n<p><span style=\"font-weight: 400\">B\u1ed9 S\u01a1n N\u01b0\u1edbc K\u00e8m B\u00fat V\u1ebd Uncle Bills SK0006 g\u1ed3m 18 m\u00e0u s\u1eafc sinh \u0111\u1ed9ng, t\u01b0\u01a1i s\u00e1ng \u0111i k\u00e8m 1 b\u00fat v\u1ebd, cho b\u1ea1n th\u1ecfa s\u1ee9c s\u00e1ng t\u1ea1o. <\/span><span style=\"font-weight: 400\">B\u1ed9 s\u01a1n n\u01b0\u1edbc k\u00e8m b\u00fat v\u1ebd g\u1ed3m nhi\u1ec1u m\u00e0u s\u1eafc th\u00f4ng d\u1ee5ng, d\u00f9ng \u0111\u1ec3 v\u1ebd tranh, ch\u00e2n dung, phong c\u1ea3nh\u2026<\/span><\/p>\n<p><img decoding=\"async\" class=\"wp-image-18672 aligncenter\" src=\"https:\/\/havamall.vn\/wp-content\/uploads\/2021\/03\/147162-bo-son-nuoc-cuc-tay-trang-0-body-2-300x168.jpg\" alt=\"\" width=\"536\" height=\"300\" srcset=\"https:\/\/havamall.vn\/wp-content\/uploads\/2021\/03\/147162-bo-son-nuoc-cuc-tay-trang-0-body-2-300x168.jpg 300w, https:\/\/havamall.vn\/wp-content\/uploads\/2021\/03\/147162-bo-son-nuoc-cuc-tay-trang-0-body-2-430x241.jpg 430w, https:\/\/havamall.vn\/wp-content\/uploads\/2021\/03\/147162-bo-son-nuoc-cuc-tay-trang-0-body-2-150x84.jpg 150w, https:\/\/havamall.vn\/wp-content\/uploads\/2021\/03\/147162-bo-son-nuoc-cuc-tay-trang-0-body-2-700x392.jpg 700w, https:\/\/havamall.vn\/wp-content\/uploads\/2021\/03\/147162-bo-son-nuoc-cuc-tay-trang-0-body-2-600x336.jpg 600w, https:\/\/havamall.vn\/wp-content\/uploads\/2021\/03\/147162-bo-son-nuoc-cuc-tay-trang-0-body-2.jpg 710w\" sizes=\"(max-width: 536px) 100vw, 536px\" \/><\/p>\n<p><span style=\"font-weight: 400\">M\u00e0u n\u01b0\u1edbc \u0111\u01b0\u1ee3c l\u00e0m t\u1eeb ch\u1ea5t li\u1ec7u an to\u00e0n, kh\u00f4ng ch\u1ee9a ch\u1ea5t \u0111\u1ed9c h\u1ea1i. Khi t\u00f4 l\u00ean m\u1eb7t gi\u1ea5y, m\u00e0u r\u1ea5t b\u00f3ng v\u00e0 nhanh kh\u00f4.\u00a0<\/span><span style=\"font-weight: 400\">H\u01a1n n\u1eefa, v\u1edbi nh\u1eefng \u00f4 m\u00e0u n\u00e0y, b\u1ea1n c\u00f3 th\u1ec3 pha tr\u1ed9n th\u00e0nh nhi\u1ec1u m\u00e0u s\u1eafc sinh \u0111\u1ed9ng kh\u00e1c nhau.\u00a0<\/span><span style=\"font-weight: 400\">B\u1ea3ng m\u00e0u c\u00f3 n\u1eafp \u0111\u1eady ti\u1ec7n l\u1ee3i, c\u00f3 th\u1ec3 mang theo s\u1eed d\u1ee5ng b\u1ea5t k\u1ef3 khi n\u00e0o.<\/span><\/p>\n<p><img decoding=\"async\" class=\"aligncenter\" src=\"https:\/\/havamall.vn\/wp-content\/uploads\/2021\/03\/z4WRCv.jpg\" alt=\"M\u00e0u N\u01b0\u1edbc UBL SK0006, Gi\u00e1 th\u00e1ng 2\/2021\" width=\"531\" height=\"531\" \/><\/p>\n<h4><strong>\u0110\u1eb7c \u0111i\u1ec3m s\u1ea3n ph\u1ea9m:<\/strong><\/h4>\n<p><span style=\"font-weight: 400\">&#8211; Ch\u1ea5t li\u1ec7u an to\u00e0n, m\u1eabu m\u00e3 \u0111\u1eb9p, b\u1eaft m\u1eaft.<\/span><\/p>\n<p><span style=\"font-weight: 400\">&#8211; 18 m\u00e0u s\u1eafc sinh \u0111\u1ed9ng, t\u01b0\u01a1i s\u00e1ng<\/span><\/p>\n<p><span style=\"font-weight: 400\">&#8211; Kh\u00f4ng ch\u1ee9a ch\u1ea5t \u0111\u1ed9c h\u1ea1i<\/span><\/p>\n<p><span style=\"font-weight: 400\">&#8211; Khi t\u00f4 m\u00e0u r\u1ea5t b\u00f3ng v\u00e0 nhanh kh\u00f4<\/span><\/p>\n<p><span style=\"font-weight: 400\">S\u1ea3n ph\u1ea9m hi\u1ec7n \u0111\u00e3 c\u00f3 m\u1eb7t t\u1ea1i Havamall.<\/span><\/p>","protected":false},"excerpt":{"rendered":"<p>Uncle Bills (UBL) cung c\u1ea5p h\u01a1n 1800 s\u1ea3n ph\u1ea9m ti\u00eau d\u00f9ng phi th\u01b0\u0323c ph\u00e2\u0309m h\u00e2\u0301p d\u00e2\u0303n, ti\u00ea\u0323n i\u0301ch, gia\u0301 ph\u1ea3i<\/p>","protected":false},"featured_media":18673,"comment_status":"open","ping_status":"closed","template":"","meta":[],"product_brand":[],"product_cat":[397,35],"product_tag":[],"class_list":{"0":"post-18671","1":"product","2":"type-product","3":"status-publish","4":"has-post-thumbnail","6":"product_cat-hang-me-be-do-choi","7":"product_cat-nha-cua-doi-song","8":"pa_brand-uncle-bills","10":"first","11":"outofstock","12":"sale","13":"shipping-taxable","14":"purchasable","15":"product-type-simple"},"_links":{"self":[{"href":"https:\/\/havamall.vn\/en\/wp-json\/wp\/v2\/product\/18671"}],"collection":[{"href":"https:\/\/havamall.vn\/en\/wp-json\/wp\/v2\/product"}],"about":[{"href":"https:\/\/havamall.vn\/en\/wp-json\/wp\/v2\/types\/product"}],"replies":[{"embeddable":true,"href":"https:\/\/havamall.vn\/en\/wp-json\/wp\/v2\/comments?post=18671"}],"version-history":[{"count":0,"href":"https:\/\/havamall.vn\/en\/wp-json\/wp\/v2\/product\/18671\/revisions"}],"wp:featuredmedia":[{"embeddable":true,"href":"https:\/\/havamall.vn\/en\/wp-json\/wp\/v2\/media\/18673"}],"wp:attachment":[{"href":"https:\/\/havamall.vn\/en\/wp-json\/wp\/v2\/media?parent=18671"}],"wp:term":[{"taxonomy":"product_brand","embeddable":true,"href":"https:\/\/havamall.vn\/en\/wp-json\/wp\/v2\/product_brand?post=18671"},{"taxonomy":"product_cat","embeddable":true,"href":"https:\/\/havamall.vn\/en\/wp-json\/wp\/v2\/product_cat?post=18671"},{"taxonomy":"product_tag","embeddable":true,"href":"https:\/\/havamall.vn\/en\/wp-json\/wp\/v2\/product_tag?post=18671"}],"curies":[{"name":"wp","href":"https:\/\/api.w.org\/{rel}","templated":true}]}}