{"id":18658,"date":"2021-03-10T14:27:55","date_gmt":"2021-03-10T07:27:55","guid":{"rendered":"https:\/\/havamall.vn\/?post_type=product&#038;p=18658"},"modified":"2021-03-10T14:27:56","modified_gmt":"2021-03-10T07:27:56","slug":"bo-bai-va-suc-sac-giai-tri-uncle-bills","status":"publish","type":"product","link":"https:\/\/havamall.vn\/en\/shop\/bo-bai-va-suc-sac-giai-tri-uncle-bills\/","title":{"rendered":"B\u1ed9 B\u00e0i V\u00e0 S\u00fac S\u1eafc Gi\u1ea3i Tr\u00ed Uncle Bills"},"content":{"rendered":"<p><span style=\"font-weight: 400\">Uncle Bills (UBL) cung c\u1ea5p h\u01a1n 1800 s\u1ea3n ph\u1ea9m ti\u00eau d\u00f9ng phi th\u01b0\u0323c ph\u00e2\u0309m h\u00e2\u0301p d\u00e2\u0303n, ti\u00ea\u0323n i\u0301ch, gia\u0301 ph\u1ea3i ch\u0103ng. S\u1ea3n ph\u1ea9m bao g\u1ed3m nhi\u1ec1u lo\u1ea1i ha\u0300ng ho\u0301a kh\u00e1c nhau, t\u1eeb \u0111\u1ed3 du\u0300ng nh\u00e0 b\u1ebfp, ch\u0103m s\u00f3c c\u00e1 nh\u00e2n, l\u00e0m s\u1ea1ch nha\u0300 c\u01b0\u0309a, \u0111\u00f4\u0300 l\u01b0u tr\u1eef, ca\u0301c loa\u0323i du\u0323ng cu\u0323, v\u00e2\u0323t du\u0323ng ngo\u00e0i tr\u1eddi v\u00e0 ca\u0309 cho tr\u1ebb em.\u00a0 UBL Lu\u00f4n lu\u00f4n c\u00e2\u0323p nh\u00e2\u0323t ca\u0301c sa\u0309n ph\u00e2\u0309m m\u01a1\u0301i.<\/span><\/p>\n<p><span style=\"font-weight: 400\">S\u1ea3n ph\u1ea9m UBL \u0111\u01b0\u1ee3c s\u1ea3n xu\u1ea5t theo ti\u00eau chu\u1ea9n ch\u1ea5t l\u01b0\u1ee3ng nghi\u00eam ng\u1eb7t c\u1ee7a UBL Hongkong v\u00e0 b\u00e1n t\u1ea1i h\u01a1n 50 qu\u1ed1c gia v\u01a1\u0301i h\u01a1n 10.000 c\u1eeda h\u00e0ng, bao g\u1ed3m ch\u00e2u \u00c2u, \u00dac, Ch\u00e2u \u00c1, Ch\u00e2u Phi. S\u1ee9 m\u1ec7nh c\u1ee7a UBL l\u00e0 cung c\u1ea5p nh\u1eefng s\u1ea3n ph\u1ea9m ti\u1ec7n \u00edch v\u00e0 h\u1ea5p d\u1eabn cho ng\u00f4i nh\u00e0 hi\u1ec7n \u0111\u1ea1i c\u1ee7a ng\u01b0\u1eddi Vi\u1ec7t Nam.<\/span><\/p>\n<p><img fetchpriority=\"high\" decoding=\"async\" class=\"aligncenter\" src=\"https:\/\/cf.shopee.vn\/file\/f6797de1ee745a2dc0d45cb02727d617\" alt=\"T\u00fai \u0110\u1ef1ng R\u00e1c Th\u00fa C\u01b0ng T\u1ef1 Ph\u00e2n H\u1ee7y Uncle Bills PA3372 | Shopee Vi\u1ec7t Nam\" width=\"539\" height=\"539\" \/><\/p>\n<p><span style=\"font-weight: 400\">Sau m\u1ed9t ng\u00e0y l\u00e0m vi\u1ec7c v\u1ea5t v\u1ea3, c\u0103ng th\u1eb3ng ch\u1eafc h\u1eb3n ai c\u0169ng mong mu\u1ed1n \u0111\u01b0\u1ee3c ngh\u1ec9 ng\u01a1i, vui ch\u01a1i, gi\u1ea3i tr\u00ed l\u00e0nh m\u1ea1nh. Combo 2 B\u1ed9 b\u00e0i v\u00e0 s\u00fac s\u1eafc UBL s\u1ebd gi\u00fap b\u1ea1n v\u00e0 gia \u0111\u00ecnh c\u00f3 nh\u1eefng gi\u00e2y ph\u00fat vui ch\u01a1i vui v\u1ebb b\u00ean nhau.<\/span><\/p>\n<p><img decoding=\"async\" class=\"aligncenter\" src=\"https:\/\/havamall.vn\/wp-content\/uploads\/2021\/03\/3.jpg\" alt='Poker Card And Dice Set 5 x Dice 2 x decks of Cards Poker Night Gamble  Spiele Kartenspiele' width=\"534\" height=\"534\" \/><\/p>\n<p><span style=\"font-weight: 400\">B\u1ed9 B\u00e0i V\u00e0 X\u00fac X\u1eafc Uncle Bills s\u1ebd t\u1ea1o n\u00ean nh\u1eefng gi\u1edd ph\u00fat gi\u1ea3i tr\u00ed \u0111\u1ea7y th\u00fa v\u1ecb v\u00e0 l\u00e0nh m\u1ea1nh d\u00e0nh cho b\u1ea1n c\u00f9ng gia \u0111\u00ecnh, b\u1ea1n b\u00e8. B\u00e0i v\u00e0 x\u00fac x\u1eafc \u0111\u01b0\u1ee3c l\u00e0m t\u1eeb gi\u1ea5y v\u00e0 nh\u1ef1a PVC kh\u00f4ng ch\u1ee9a ch\u1ea5t \u0111\u1ed9c h\u1ea1i, an to\u00e0n cho ng\u01b0\u1eddi ch\u01a1i. V\u1edbi c\u00e1ch ch\u01a1i \u0111\u01a1n gi\u1ea3n, s\u1ea3n ph\u1ea9m ph\u00f9 h\u1ee3p v\u1edbi nhi\u1ec1u \u0111\u1ed1i t\u01b0\u1ee3ng ng\u01b0\u1eddi ch\u01a1i.<\/span><\/p>\n<p><img decoding=\"async\" class=\"aligncenter\" src=\"https:\/\/havamall.vn\/wp-content\/uploads\/2021\/03\/cards-and-dice-tim-greene.jpg\" alt='Cards and Dice Photograph by Tim Greene' width=\"544\" height=\"427\" \/><\/p>\n<p><span style=\"font-weight: 400\">b\u1ed9 b\u00e0i l\u00e0m t\u1eeb gi\u1ea5y \u0111\u01b0\u1ee3c in m\u00e0u t\u01b0\u01a1i s\u00e1ng, h\u1ea1n ch\u1ebf lem m\u00e0u sau th\u1eddi gian d\u00e0i s\u1eed d\u1ee5ng. X\u00fac x\u1eafc \u0111\u01b0\u1ee3c c\u1ea5u t\u1ea1o t\u1eeb nh\u1ef1a PVC b\u1ec1n \u0111\u1eb9p, c\u00e1c d\u1ea5u ch\u1ea5m \u0111\u01b0\u1ee3c in r\u00f5 r\u00e0ng c\u00f9ng m\u00e0u s\u01a1n s\u00e1ng b\u00f3ng. C\u00e1c ch\u1ea5t li\u1ec7u n\u00e0y \u0111\u1ec1u kh\u00f4ng ch\u1ee9a ch\u1ea5t \u0111\u1ed9c h\u1ea1i n\u00ean r\u1ea5t an to\u00e0n cho ng\u01b0\u1eddi ch\u01a1i.\u00a0<\/span><\/p>\n<p><img loading=\"lazy\" decoding=\"async\" class=\"wp-image-18660 aligncenter\" src=\"https:\/\/havamall.vn\/wp-content\/uploads\/2021\/03\/LG0105-300x224.jpg\" alt=\"\" width=\"549\" height=\"410\" srcset=\"https:\/\/havamall.vn\/wp-content\/uploads\/2021\/03\/LG0105-300x224.jpg 300w, https:\/\/havamall.vn\/wp-content\/uploads\/2021\/03\/LG0105-430x320.jpg 430w, https:\/\/havamall.vn\/wp-content\/uploads\/2021\/03\/LG0105-150x112.jpg 150w, https:\/\/havamall.vn\/wp-content\/uploads\/2021\/03\/LG0105-700x522.jpg 700w, https:\/\/havamall.vn\/wp-content\/uploads\/2021\/03\/LG0105-768x572.jpg 768w, https:\/\/havamall.vn\/wp-content\/uploads\/2021\/03\/LG0105-600x447.jpg 600w, https:\/\/havamall.vn\/wp-content\/uploads\/2021\/03\/LG0105.jpg 875w\" sizes=\"(max-width: 549px) 100vw, 549px\" \/><\/p>\n<p><span style=\"font-weight: 400\">M\u00e0u s\u1eafc t\u01b0\u01a1i t\u1eafn t\u1ea1o c\u1ea3m gi\u00e1c th\u00edch th\u00fa khi ch\u01a1i. M\u1ed9t b\u1ed9 c\u00f3 5 con s\u00fac s\u1eafc v\u00e0 1 b\u1ed9 b\u00e0i 52 l\u00e1. <\/span><span style=\"font-weight: 400\">M\u1ecdi th\u00e0nh vi\u00ean trong gia \u0111\u00ecnh b\u1ea1n \u0111\u1ec1u c\u00f3 th\u1ec3 c\u00f9ng ch\u01a1i v\u1edbi nhau v\u00ec s\u1ea3n ph\u1ea9m c\u00f3 c\u00e1ch ch\u01a1i r\u1ea5t \u0111\u01a1n gi\u1ea3n, ph\u00f9 h\u1ee3p v\u1edbi nhi\u1ec1u l\u1ee9a tu\u1ed5i.<\/span><\/p>\n<p><span style=\"font-weight: 400\">S\u1ea3n ph\u1ea9m hi\u1ec7n \u0111\u00e3 c\u00f3 m\u1eb7t t\u1ea1i Havamall.<\/span><\/p>","protected":false},"excerpt":{"rendered":"<p>Uncle Bills (UBL) cung c\u1ea5p h\u01a1n 1800 s\u1ea3n ph\u1ea9m ti\u00eau d\u00f9ng phi th\u01b0\u0323c ph\u00e2\u0309m h\u00e2\u0301p d\u00e2\u0303n, ti\u00ea\u0323n i\u0301ch, gia\u0301 ph\u1ea3i<\/p>","protected":false},"featured_media":18659,"comment_status":"open","ping_status":"closed","template":"","meta":[],"product_brand":[],"product_cat":[35],"product_tag":[],"class_list":{"0":"post-18658","1":"product","2":"type-product","3":"status-publish","4":"has-post-thumbnail","6":"product_cat-nha-cua-doi-song","7":"pa_brand-uncle-bills","9":"first","10":"instock","11":"sale","12":"shipping-taxable","13":"purchasable","14":"product-type-simple"},"_links":{"self":[{"href":"https:\/\/havamall.vn\/en\/wp-json\/wp\/v2\/product\/18658"}],"collection":[{"href":"https:\/\/havamall.vn\/en\/wp-json\/wp\/v2\/product"}],"about":[{"href":"https:\/\/havamall.vn\/en\/wp-json\/wp\/v2\/types\/product"}],"replies":[{"embeddable":true,"href":"https:\/\/havamall.vn\/en\/wp-json\/wp\/v2\/comments?post=18658"}],"version-history":[{"count":0,"href":"https:\/\/havamall.vn\/en\/wp-json\/wp\/v2\/product\/18658\/revisions"}],"wp:featuredmedia":[{"embeddable":true,"href":"https:\/\/havamall.vn\/en\/wp-json\/wp\/v2\/media\/18659"}],"wp:attachment":[{"href":"https:\/\/havamall.vn\/en\/wp-json\/wp\/v2\/media?parent=18658"}],"wp:term":[{"taxonomy":"product_brand","embeddable":true,"href":"https:\/\/havamall.vn\/en\/wp-json\/wp\/v2\/product_brand?post=18658"},{"taxonomy":"product_cat","embeddable":true,"href":"https:\/\/havamall.vn\/en\/wp-json\/wp\/v2\/product_cat?post=18658"},{"taxonomy":"product_tag","embeddable":true,"href":"https:\/\/havamall.vn\/en\/wp-json\/wp\/v2\/product_tag?post=18658"}],"curies":[{"name":"wp","href":"https:\/\/api.w.org\/{rel}","templated":true}]}}