{"id":18656,"date":"2021-03-10T13:58:34","date_gmt":"2021-03-10T06:58:34","guid":{"rendered":"https:\/\/havamall.vn\/?post_type=product&#038;p=18656"},"modified":"2021-03-17T14:48:48","modified_gmt":"2021-03-17T07:48:48","slug":"bong-bong-tao-hinh-thu-ngo-nghinh-voi-ong-bom-bo-20-cai-uncle-bills","status":"publish","type":"product","link":"https:\/\/havamall.vn\/en\/shop\/bong-bong-tao-hinh-thu-ngo-nghinh-voi-ong-bom-bo-20-cai-uncle-bills\/","title":{"rendered":"Bong B\u00f3ng T\u1ea1o H\u00ecnh Th\u00fa Ng\u1ed9 Ngh\u0129nh V\u1edbi \u1ed0ng B\u01a1m B\u1ed9 20 C\u00e1i Uncle Bills"},"content":{"rendered":"<p><span style=\"font-weight: 400\">Uncle Bills (UBL) cung c\u1ea5p h\u01a1n 1800 s\u1ea3n ph\u1ea9m ti\u00eau d\u00f9ng phi th\u01b0\u0323c ph\u00e2\u0309m h\u00e2\u0301p d\u00e2\u0303n, ti\u00ea\u0323n i\u0301ch, gia\u0301 ph\u1ea3i ch\u0103ng. S\u1ea3n ph\u1ea9m bao g\u1ed3m nhi\u1ec1u lo\u1ea1i ha\u0300ng ho\u0301a kh\u00e1c nhau, t\u1eeb \u0111\u1ed3 du\u0300ng nh\u00e0 b\u1ebfp, ch\u0103m s\u00f3c c\u00e1 nh\u00e2n, l\u00e0m s\u1ea1ch nha\u0300 c\u01b0\u0309a, \u0111\u00f4\u0300 l\u01b0u tr\u1eef, ca\u0301c loa\u0323i du\u0323ng cu\u0323, v\u00e2\u0323t du\u0323ng ngo\u00e0i tr\u1eddi v\u00e0 ca\u0309 cho tr\u1ebb em.\u00a0 UBL Lu\u00f4n lu\u00f4n c\u00e2\u0323p nh\u00e2\u0323t ca\u0301c sa\u0309n ph\u00e2\u0309m m\u01a1\u0301i.<\/span><\/p>\n<p><span style=\"font-weight: 400\">S\u1ea3n ph\u1ea9m UBL \u0111\u01b0\u1ee3c s\u1ea3n xu\u1ea5t theo ti\u00eau chu\u1ea9n ch\u1ea5t l\u01b0\u1ee3ng nghi\u00eam ng\u1eb7t c\u1ee7a UBL Hongkong v\u00e0 b\u00e1n t\u1ea1i h\u01a1n 50 qu\u1ed1c gia v\u01a1\u0301i h\u01a1n 10.000 c\u1eeda h\u00e0ng, bao g\u1ed3m ch\u00e2u \u00c2u, \u00dac, Ch\u00e2u \u00c1, Ch\u00e2u Phi. S\u1ee9 m\u1ec7nh c\u1ee7a UBL l\u00e0 cung c\u1ea5p nh\u1eefng s\u1ea3n ph\u1ea9m ti\u1ec7n \u00edch v\u00e0 h\u1ea5p d\u1eabn cho ng\u00f4i nh\u00e0 hi\u1ec7n \u0111\u1ea1i c\u1ee7a ng\u01b0\u1eddi Vi\u1ec7t Nam.<\/span><\/p>\n<p><img fetchpriority=\"high\" decoding=\"async\" class=\"aligncenter\" src=\"https:\/\/cf.shopee.vn\/file\/f6797de1ee745a2dc0d45cb02727d617\" alt=\"T\u00fai \u0110\u1ef1ng R\u00e1c Th\u00fa C\u01b0ng T\u1ef1 Ph\u00e2n H\u1ee7y Uncle Bills PA3372 | Shopee Vi\u1ec7t Nam\" width=\"513\" height=\"513\" \/><\/p>\n<p><span style=\"font-weight: 400\">Bong B\u00f3ng T\u1ea1o H\u00ecnh Th\u00fa V\u1edbi \u1ed0ng B\u01a1m B\u1ed9 20 C\u00e1i Uncle Bills<\/span><span style=\"font-weight: 400\"> l\u00e0 m\u1ed9t b\u1ed9 s\u01b0u t\u1eadp v\u01b0\u1eddn th\u00fa \u0111\u00e1ng y\u00eau. C\u00e1c con v\u1eadt ng\u1ed9 ngh\u0129nh c\u00f3 m\u00e0u s\u1eafc t\u01b0\u01a1i s\u00e1ng s\u1ebd t\u1ea1o \u0111i\u1ec3m nh\u1ea5n \u1ea5n t\u01b0\u1ee3ng cho gian ph\u00f2ng hay c\u00e1c b\u1eefa ti\u1ec7c ngo\u00e0i tr\u1eddi.<\/span><\/p>\n<p><img decoding=\"async\" class=\"aligncenter\" src=\"https:\/\/cf.shopee.vn\/file\/03a2827785c6f5d82e2d2a8bcb95d622\" alt=\"Bong B\u00f3ng T\u1ea1o H\u00ecnh Th\u00fa V\u1edbi \u1ed0ng B\u01a1m B\u1ed9 20 C\u00e1i UBL SC0144 | Shopee Vi\u1ec7t Nam\" width=\"505\" height=\"505\" \/><\/p>\n<p><span style=\"font-weight: 400\">S\u1ea3n ph\u1ea9m g\u1ed3m 20 tr\u00e1i b\u00f3ng cho b\u1ea1n th\u1ecfa s\u1ee9c trang ho\u00e0ng cho c\u00e1c b\u1eefa ti\u1ec7c, h\u1ed9i ngh\u1ecb hay s\u1ef1 ki\u1ec7n. <\/span><span style=\"font-weight: 400\">Bong b\u00f3ng t\u1ea1o h\u00ecnh UBL \u0111em L\u1ea1i Gi\u00e2y Ph\u00fat Th\u01b0 Gi\u00e3n Cho Tr\u1ebb. Gi\u00fap Tr\u1ebb Ph\u00e1t Tri\u1ec3n S\u1ef1 S\u00e1ng T\u1ea1o. G\u00f3p ph\u1ea7n t\u0103ng th\u00eam s\u1eafc m\u00e0u lung linh trong vi\u1ec7c trang tr\u00ed kh\u00f4ng gian c\u1ee7a b\u1eefa ti\u1ec7c.<\/span><\/p>\n<p><img decoding=\"async\" class=\"aligncenter\" src=\"https:\/\/havamall.vn\/wp-content\/uploads\/2021\/03\/day tao hinh bong bong nt.JPG\" alt='D\u1ea1y t\u1ea1o h\u00ecnh bong bong ngh\u1ec7 thu\u1eadt t\u1ea1i nh\u00e0' \/><\/p>\n<h4><strong>Th\u00f4ng tin s\u1ea3n ph\u1ea9m:<\/strong><\/h4>\n<p><span style=\"font-weight: 400\">\u2013 Th\u00e0nh ph\u1ea7n: cao su, nh\u1ef1a m\u1ee7<\/span><\/p>\n<p><span style=\"font-weight: 400\">\u2013 K\u00edch th\u01b0\u1edbc 9-10cm khi x\u1eb9p.<\/span><\/p>\n<p><span style=\"font-weight: 400\">\u2013 K\u00edch th\u01b0\u1edbc 23cm khi b\u01a1m ph\u1ed3ng.<\/span><\/p>\n<p><span style=\"font-weight: 400\">\u2013 Tr\u1ecdng l\u01b0\u1ee3ng 2gr\/c\u00e1i.<\/span><\/p>\n<p><span style=\"font-weight: 400\">S\u1ea3n ph\u1ea9m hi\u1ec7n \u0111\u00e3 c\u00f3 m\u1eb7t t\u1ea1i Havamall.<\/span><\/p>","protected":false},"excerpt":{"rendered":"<p>Uncle Bills (UBL) cung c\u1ea5p h\u01a1n 1800 s\u1ea3n ph\u1ea9m ti\u00eau d\u00f9ng phi th\u01b0\u0323c ph\u00e2\u0309m h\u00e2\u0301p d\u00e2\u0303n, ti\u00ea\u0323n i\u0301ch, gia\u0301 ph\u1ea3i<\/p>","protected":false},"featured_media":18657,"comment_status":"open","ping_status":"closed","template":"","meta":[],"product_brand":[],"product_cat":[397,35],"product_tag":[],"class_list":{"0":"post-18656","1":"product","2":"type-product","3":"status-publish","4":"has-post-thumbnail","6":"product_cat-hang-me-be-do-choi","7":"product_cat-nha-cua-doi-song","8":"pa_brand-uncle-bills","10":"first","11":"instock","12":"sale","13":"shipping-taxable","14":"purchasable","15":"product-type-simple"},"_links":{"self":[{"href":"https:\/\/havamall.vn\/en\/wp-json\/wp\/v2\/product\/18656"}],"collection":[{"href":"https:\/\/havamall.vn\/en\/wp-json\/wp\/v2\/product"}],"about":[{"href":"https:\/\/havamall.vn\/en\/wp-json\/wp\/v2\/types\/product"}],"replies":[{"embeddable":true,"href":"https:\/\/havamall.vn\/en\/wp-json\/wp\/v2\/comments?post=18656"}],"version-history":[{"count":0,"href":"https:\/\/havamall.vn\/en\/wp-json\/wp\/v2\/product\/18656\/revisions"}],"wp:featuredmedia":[{"embeddable":true,"href":"https:\/\/havamall.vn\/en\/wp-json\/wp\/v2\/media\/18657"}],"wp:attachment":[{"href":"https:\/\/havamall.vn\/en\/wp-json\/wp\/v2\/media?parent=18656"}],"wp:term":[{"taxonomy":"product_brand","embeddable":true,"href":"https:\/\/havamall.vn\/en\/wp-json\/wp\/v2\/product_brand?post=18656"},{"taxonomy":"product_cat","embeddable":true,"href":"https:\/\/havamall.vn\/en\/wp-json\/wp\/v2\/product_cat?post=18656"},{"taxonomy":"product_tag","embeddable":true,"href":"https:\/\/havamall.vn\/en\/wp-json\/wp\/v2\/product_tag?post=18656"}],"curies":[{"name":"wp","href":"https:\/\/api.w.org\/{rel}","templated":true}]}}