{"id":18643,"date":"2021-03-10T11:33:37","date_gmt":"2021-03-10T04:33:37","guid":{"rendered":"https:\/\/havamall.vn\/?post_type=product&#038;p=18643"},"modified":"2021-03-17T16:36:48","modified_gmt":"2021-03-17T09:36:48","slug":"do-khui-nap-lo-4-mau-tien-loi-uncle-bills","status":"publish","type":"product","link":"https:\/\/havamall.vn\/en\/shop\/do-khui-nap-lo-4-mau-tien-loi-uncle-bills\/","title":{"rendered":"\u0110\u1ed3 Khui N\u1eafp L\u1ecd 4 M\u00e0u Ti\u1ec7n L\u1ee3i Uncle Bills"},"content":{"rendered":"<p><span style=\"font-weight: 400\">Uncle Bills (UBL) cung c\u1ea5p h\u01a1n 1800 s\u1ea3n ph\u1ea9m ti\u00eau d\u00f9ng phi th\u01b0\u0323c ph\u00e2\u0309m h\u00e2\u0301p d\u00e2\u0303n, ti\u00ea\u0323n i\u0301ch, gia\u0301 ph\u1ea3i ch\u0103ng. S\u1ea3n ph\u1ea9m bao g\u1ed3m nhi\u1ec1u lo\u1ea1i ha\u0300ng ho\u0301a kh\u00e1c nhau, t\u1eeb \u0111\u1ed3 du\u0300ng nh\u00e0 b\u1ebfp, ch\u0103m s\u00f3c c\u00e1 nh\u00e2n, l\u00e0m s\u1ea1ch nha\u0300 c\u01b0\u0309a, \u0111\u00f4\u0300 l\u01b0u tr\u1eef, ca\u0301c loa\u0323i du\u0323ng cu\u0323, v\u00e2\u0323t du\u0323ng ngo\u00e0i tr\u1eddi v\u00e0 ca\u0309 cho tr\u1ebb em. UBL Lu\u00f4n lu\u00f4n c\u00e2\u0323p nh\u00e2\u0323t ca\u0301c sa\u0309n ph\u00e2\u0309m m\u01a1\u0301i.<\/span><\/p>\n<p><span style=\"font-weight: 400\">S\u1ea3n ph\u1ea9m UBL \u0111\u01b0\u1ee3c s\u1ea3n xu\u1ea5t theo ti\u00eau chu\u1ea9n ch\u1ea5t l\u01b0\u1ee3ng nghi\u00eam ng\u1eb7t c\u1ee7a UBL Hongkong v\u00e0 b\u00e1n t\u1ea1i h\u01a1n 50 qu\u1ed1c gia v\u01a1\u0301i h\u01a1n 10.000 c\u1eeda h\u00e0ng, bao g\u1ed3m ch\u00e2u \u00c2u, \u00dac, Ch\u00e2u \u00c1, Ch\u00e2u Phi. S\u1ee9 m\u1ec7nh c\u1ee7a UBL l\u00e0 cung c\u1ea5p nh\u1eefng s\u1ea3n ph\u1ea9m ti\u1ec7n \u00edch v\u00e0 h\u1ea5p d\u1eabn cho ng\u00f4i nh\u00e0 hi\u1ec7n \u0111\u1ea1i c\u1ee7a ng\u01b0\u1eddi Vi\u1ec7t Nam.<\/span><\/p>\n<p><img fetchpriority=\"high\" decoding=\"async\" class=\"aligncenter\" src=\"https:\/\/cf.shopee.vn\/file\/f6797de1ee745a2dc0d45cb02727d617\" alt=\"T\u00fai \u0110\u1ef1ng R\u00e1c Th\u00fa C\u01b0ng T\u1ef1 Ph\u00e2n H\u1ee7y Uncle Bills PA3372 | Shopee Vi\u1ec7t Nam\" width=\"604\" height=\"604\" \/><\/p>\n<p><span style=\"font-weight: 400\">D\u1ee5ng c\u1ee5 m\u1edf l\u1ecd Uncle Bills ph\u00f9 h\u1ee3p v\u1edbi t\u1ea5t c\u1ea3 c\u00e1c l\u1ecd b\u1ea3o qu\u1ea3n n\u1eafp b\u1eadt v\u00e0 kh\u00f4ng xo\u1eafn nh\u01b0 l\u1ecd \u0111\u1ef1ng m\u1ee9t, l\u1ecd gia v\u1ecb&#8230; V\u1edbi 4 m\u00e0u \u0111\u1eb7c s\u1eafc, k\u00edch th\u01b0\u1edbc v\u1eeba v\u00e0 nh\u1eb9, gi\u00fap b\u1ea1n s\u1eed d\u1ee5ng d\u1ec5 d\u00e0ng m\u00e0 kh\u00f4ng m\u1ea5t nhi\u1ec1u l\u1ef1c.\u00a0<\/span><\/p>\n<div class=\"ZUo4Ze\"><img decoding=\"async\" class=\"wp-image-18644 aligncenter\" src=\"https:\/\/havamall.vn\/wp-content\/uploads\/2021\/03\/e5455adce1b122ca6a1ba5aeaeb9d0f9-300x161.jpg\" alt=\"\" width=\"593\" height=\"318\" srcset=\"https:\/\/havamall.vn\/wp-content\/uploads\/2021\/03\/e5455adce1b122ca6a1ba5aeaeb9d0f9-300x161.jpg 300w, https:\/\/havamall.vn\/wp-content\/uploads\/2021\/03\/e5455adce1b122ca6a1ba5aeaeb9d0f9-430x230.jpg 430w, https:\/\/havamall.vn\/wp-content\/uploads\/2021\/03\/e5455adce1b122ca6a1ba5aeaeb9d0f9-150x80.jpg 150w, https:\/\/havamall.vn\/wp-content\/uploads\/2021\/03\/e5455adce1b122ca6a1ba5aeaeb9d0f9-700x375.jpg 700w, https:\/\/havamall.vn\/wp-content\/uploads\/2021\/03\/e5455adce1b122ca6a1ba5aeaeb9d0f9-768x411.jpg 768w, https:\/\/havamall.vn\/wp-content\/uploads\/2021\/03\/e5455adce1b122ca6a1ba5aeaeb9d0f9.jpg 1024w, https:\/\/havamall.vn\/wp-content\/uploads\/2021\/03\/e5455adce1b122ca6a1ba5aeaeb9d0f9-600x321.jpg 600w\" sizes=\"(max-width: 593px) 100vw, 593px\" \/><\/div>\n<p><span style=\"font-weight: 400\">D\u1ee5ng c\u1ee5 m\u1edf l\u1ecd UBL \u0111\u01b0\u1ee3c \u0111\u1eb7t tr\u00ean n\u1eafp c\u1ee7a b\u00ecnh, v\u00e0 v\u1edbi m\u1ed9t l\u1ef1c n\u00e2ng nh\u1eb9, con d\u1ea5u ch\u00e2n kh\u00f4ng \u0111\u01b0\u1ee3c gi\u1ea3i ph\u00f3ng v\u00e0 b\u00e2y gi\u1edd n\u1eafp c\u00f3 th\u1ec3 d\u1ec5 d\u00e0ng th\u00e1o ra.\u0110\u01b0\u1ee3c ch\u1ebf t\u1ea1o t\u1eeb nh\u1ef1a ABS m\u1eadt \u0111\u1ed9 cao, d\u1ee5ng c\u1ee5 m\u1edf b\u00ecnh kh\u00f4ng c\u1ea1nh ho\u1eb7c \u0111i\u1ec3m s\u1eafc n\u00e9t, kh\u00f4ng c\u00f3 b\u1ed9 ph\u1eadn chuy\u1ec3n \u0111\u1ed9ng v\u00e0 c\u1ef1c k\u1ef3 b\u1ec1n.\u00a0<\/span><\/p>\n<p><img decoding=\"async\" class=\"aligncenter\" src=\"https:\/\/cf.shopee.vn\/file\/9cbfe2ab9e0e56c61189ee126b1ef600\" alt=\"D\u1ee5ng c\u1ee5 m\u1edf l\u1ecd 4 m\u00e0u UBL KA0832 | Shopee Vi\u1ec7t Nam\" width=\"577\" height=\"577\" \/><\/p>\n<h4><strong>Th\u00f4ng tin s\u1ea3n ph\u1ea9m:<\/strong><\/h4>\n<p><span style=\"font-weight: 400\">&#8211; M\u1edf n\u1eafp t\u1ea5t c\u1ea3 c\u00e1c l\u1ecd n\u1eafp b\u1eadt v\u00e0 kh\u00f4ng xo\u1eafn nh\u01b0 l\u1ecd m\u1ee9c, gia v\u1ecb&#8230;<\/span><\/p>\n<p><span style=\"font-weight: 400\">&#8211; Ch\u1ea5t li\u1ec7u: nh\u1ef1a ABS m\u1eadt \u0111\u1ed9 cao, \u0111\u1ed9 b\u1ec1n cao.\u00a0<\/span><\/p>\n<p><span style=\"font-weight: 400\">&#8211; D\u1ec5 d\u00e0ng s\u1eed d\u1ee5ng v\u1edbi l\u1ef1c m\u1edf nh\u1eb9.\u00a0<\/span><\/p>\n<p><span style=\"font-weight: 400\">&#8211; 4 M\u00e0u : \u0111\u1ecf, tr\u1eafng, v\u00e0ng, xanh. K\u00edch th\u01b0\u1edbc: 14&#215;4.9&#215;2.5cm, 30g.\u00a0<\/span><\/p>\n<p>S\u1ea3n ph\u1ea9m hi\u1ec7n \u0111\u00e3 c\u00f3 m\u1eb7t t\u1ea1i Havamall.<\/p>","protected":false},"excerpt":{"rendered":"<p>Uncle Bills (UBL) cung c\u1ea5p h\u01a1n 1800 s\u1ea3n ph\u1ea9m ti\u00eau d\u00f9ng phi th\u01b0\u0323c ph\u00e2\u0309m h\u00e2\u0301p d\u00e2\u0303n, ti\u00ea\u0323n i\u0301ch, gia\u0301 ph\u1ea3i<\/p>","protected":false},"featured_media":18645,"comment_status":"open","ping_status":"closed","template":"","meta":[],"product_brand":[],"product_cat":[393,35],"product_tag":[],"class_list":{"0":"post-18643","1":"product","2":"type-product","3":"status-publish","4":"has-post-thumbnail","6":"product_cat-bep-phong-an","7":"product_cat-nha-cua-doi-song","9":"first","10":"instock","11":"sale","12":"shipping-taxable","13":"purchasable","14":"product-type-simple"},"_links":{"self":[{"href":"https:\/\/havamall.vn\/en\/wp-json\/wp\/v2\/product\/18643"}],"collection":[{"href":"https:\/\/havamall.vn\/en\/wp-json\/wp\/v2\/product"}],"about":[{"href":"https:\/\/havamall.vn\/en\/wp-json\/wp\/v2\/types\/product"}],"replies":[{"embeddable":true,"href":"https:\/\/havamall.vn\/en\/wp-json\/wp\/v2\/comments?post=18643"}],"version-history":[{"count":0,"href":"https:\/\/havamall.vn\/en\/wp-json\/wp\/v2\/product\/18643\/revisions"}],"wp:featuredmedia":[{"embeddable":true,"href":"https:\/\/havamall.vn\/en\/wp-json\/wp\/v2\/media\/18645"}],"wp:attachment":[{"href":"https:\/\/havamall.vn\/en\/wp-json\/wp\/v2\/media?parent=18643"}],"wp:term":[{"taxonomy":"product_brand","embeddable":true,"href":"https:\/\/havamall.vn\/en\/wp-json\/wp\/v2\/product_brand?post=18643"},{"taxonomy":"product_cat","embeddable":true,"href":"https:\/\/havamall.vn\/en\/wp-json\/wp\/v2\/product_cat?post=18643"},{"taxonomy":"product_tag","embeddable":true,"href":"https:\/\/havamall.vn\/en\/wp-json\/wp\/v2\/product_tag?post=18643"}],"curies":[{"name":"wp","href":"https:\/\/api.w.org\/{rel}","templated":true}]}}