{"id":18640,"date":"2021-03-10T11:07:19","date_gmt":"2021-03-10T04:07:19","guid":{"rendered":"https:\/\/havamall.vn\/?post_type=product&#038;p=18640"},"modified":"2021-03-10T11:07:19","modified_gmt":"2021-03-10T04:07:19","slug":"nen-hinh-keo-mut-4-cai-xinh-xan-uncle-bills","status":"publish","type":"product","link":"https:\/\/havamall.vn\/en\/shop\/nen-hinh-keo-mut-4-cai-xinh-xan-uncle-bills\/","title":{"rendered":"N\u1ebfn H\u00ecnh K\u1eb9o M\u00fat 4 C\u00e1i Xinh X\u1eafn Uncle Bills"},"content":{"rendered":"<p><span style=\"font-weight: 400\">Uncle Bills (UBL) cung c\u1ea5p h\u01a1n 1800 s\u1ea3n ph\u1ea9m ti\u00eau d\u00f9ng phi th\u01b0\u0323c ph\u00e2\u0309m h\u00e2\u0301p d\u00e2\u0303n, ti\u00ea\u0323n i\u0301ch, gia\u0301 ph\u1ea3i ch\u0103ng. S\u1ea3n ph\u1ea9m bao g\u1ed3m nhi\u1ec1u lo\u1ea1i ha\u0300ng ho\u0301a kh\u00e1c nhau, t\u1eeb \u0111\u1ed3 du\u0300ng nh\u00e0 b\u1ebfp, ch\u0103m s\u00f3c c\u00e1 nh\u00e2n, l\u00e0m s\u1ea1ch nha\u0300 c\u01b0\u0309a, \u0111\u00f4\u0300 l\u01b0u tr\u1eef, ca\u0301c loa\u0323i du\u0323ng cu\u0323, v\u00e2\u0323t du\u0323ng ngo\u00e0i tr\u1eddi v\u00e0 ca\u0309 cho tr\u1ebb em. UBL Lu\u00f4n lu\u00f4n c\u00e2\u0323p nh\u00e2\u0323t ca\u0301c sa\u0309n ph\u00e2\u0309m m\u01a1\u0301i.<\/span><\/p>\n<p><span style=\"font-weight: 400\">S\u1ea3n ph\u1ea9m UBL \u0111\u01b0\u1ee3c s\u1ea3n xu\u1ea5t theo ti\u00eau chu\u1ea9n ch\u1ea5t l\u01b0\u1ee3ng nghi\u00eam ng\u1eb7t c\u1ee7a UBL Hongkong v\u00e0 b\u00e1n t\u1ea1i h\u01a1n 50 qu\u1ed1c gia v\u01a1\u0301i h\u01a1n 10.000 c\u1eeda h\u00e0ng, bao g\u1ed3m ch\u00e2u \u00c2u, \u00dac, Ch\u00e2u \u00c1, Ch\u00e2u Phi. S\u1ee9 m\u1ec7nh c\u1ee7a UBL l\u00e0 cung c\u1ea5p nh\u1eefng s\u1ea3n ph\u1ea9m ti\u1ec7n \u00edch v\u00e0 h\u1ea5p d\u1eabn cho ng\u00f4i nh\u00e0 hi\u1ec7n \u0111\u1ea1i c\u1ee7a ng\u01b0\u1eddi Vi\u1ec7t Nam.<\/span><\/p>\n<p><img fetchpriority=\"high\" decoding=\"async\" class=\"aligncenter\" src=\"https:\/\/cf.shopee.vn\/file\/f6797de1ee745a2dc0d45cb02727d617\" alt=\"T\u00fai \u0110\u1ef1ng R\u00e1c Th\u00fa C\u01b0ng T\u1ef1 Ph\u00e2n H\u1ee7y Uncle Bills PA3372 | Shopee Vi\u1ec7t Nam\" width=\"552\" height=\"552\" \/><\/p>\n<p><span style=\"font-weight: 400\">\u0110\u1ec3 chi\u1ebfc b\u00e1nh sinh nh\u1eadt lung linh v\u00e0 \u0111\u1eb9p m\u1eaft h\u01a1n th\u00ec ch\u1eafc ch\u1eafn kh\u00f4ng th\u1ec3 thi\u1ebfu nh\u1eefng c\u00e2y n\u1ebfn sinh nh\u1eadt. <\/span><span style=\"font-weight: 400\">N\u1ebfn h\u00ecnh k\u1eb9o m\u00fat nhi\u1ec1u m\u00e0u <\/span><span style=\"font-weight: 400\">Uncle Bills <\/span><span style=\"font-weight: 400\">v\u1edbi ki\u1ec3u d\u00e1ng xinh x\u1eafn<\/span><span style=\"font-weight: 400\"> gi\u00fap bu\u1ed5i ti\u1ec7c sinh nh\u1eadt tr\u1edf n\u00ean \u0111\u1eb7c bi\u1ec7t v\u00e0 c\u00f3 \u00fd ngh\u0129a h\u01a1n, v\u1edbi ch\u1ea5t li\u1ec7u an to\u00e0n, ki\u1ec3u d\u00e1ng xinh x\u1eafn s\u1ebd l\u00e0 m\u00f3n \u0111\u1ed3 kh\u00f4ng th\u1ec3 thi\u1ebfu trong nh\u1eefng d\u1ecbp sinh nh\u1eadt.<\/span><\/p>\n<p><img decoding=\"async\" class=\"aligncenter\" src=\"https:\/\/havamall.vn\/wp-content\/uploads\/2021\/03\/604845f832c26_52f617b0194ee0eaba9190157bbb93dd.jpg\" alt='N\u1ebfn h\u00ecnh k\u1eb9o m\u00fat nhi\u1ec1u m\u00e0u b\u1ed9 4 c\u00e1i Uncle Bills YA0094 | Tiki' width=\"542\" height=\"542\" \/><\/p>\n<p><span style=\"font-weight: 400\">M\u1ed9t trong nh\u1eefng ng\u00e0y \u0111\u01b0\u1ee3c mong ch\u1edd nh\u1ea5t trong n\u0103m c\u00f3 l\u1ebd ch\u00ednh l\u00e0 ng\u00e0y sinh nh\u1eadt. Con ng\u01b0\u1eddi tin r\u1eb1ng trong c\u00e1c ng\u1ecdn n\u1ebfn \u0111\u01b0\u1ee3c th\u1eafp s\u00e1ng c\u00f3 m\u1ed9t s\u1ee9c m\u1ea1nh th\u1ea7n b\u00ed n\u00e0o \u0111\u00f3 v\u00e0 khi th\u1ed5i t\u1eaft c\u00e1c ng\u1ecdn n\u1ebfn th\u00ec m\u1ecdi \u01b0\u1edbc nguy\u1ec7n s\u1ebd tr\u1edf th\u00e0nh hi\u1ec7n th\u1ef1c. N\u1ebfn h\u00ecnh k\u1eb9o m\u00fat nhi\u1ec1u m\u00e0u<\/span><span style=\"font-weight: 400\">\u00a0v\u1edbi ki\u1ec3u d\u00e1ng xinh x\u1eafn, gi\u00fap cho bu\u1ed5i ti\u1ec7c sinh nh\u1eadt th\u00eam ho\u00e0nh tr\u00e1ng v\u00e0 \u00fd ngh\u0129a.<\/span><\/p>\n<p><img decoding=\"async\" class=\"aligncenter\" src=\"https:\/\/cf.shopee.vn\/file\/1aae2f3e16a9b08e7b6d1bf5b989bff8\" alt=\"Shopee Vi\u1ec7t Nam | Mua v\u00e0 B\u00e1n Tr\u00ean \u1ee8ng D\u1ee5ng Di \u0110\u1ed9ng Ho\u1eb7c Website\" width=\"535\" height=\"535\" \/><\/p>\n<h4><strong>Th\u00f4ng tin s\u1ea3n ph\u1ea9m:<\/strong><\/h4>\n<p><span style=\"font-weight: 400\">&#8211; C\u00f4ng d\u1ee5ng: trang tr\u00ed ti\u1ec7c<\/span><\/p>\n<p><span style=\"font-weight: 400\">&#8211; Th\u00e0nh ph\u1ea7n: <\/span><span style=\"font-weight: 400\">S\u00e1p cao c\u1ea5p<\/span><\/p>\n<p><span style=\"font-weight: 400\">&#8211; An to\u00e0n, kh\u00f4ng \u0111\u1ed9c h\u1ea1i<\/span><\/p>\n<p><span style=\"font-weight: 400\">&#8211; \u0110\u1ecbnh l\u01b0\u1ee3ng: 4 c\u00e1c\/b\u1ed9<\/span><\/p>\n<p><span style=\"font-weight: 400\">&#8211; B\u1ea3o qu\u1ea3n: N\u01a1i kh\u00f4 r\u00e1o, tr\u00e1nh va \u0111\u1eadp m\u1ea1nh<\/span><\/p>","protected":false},"excerpt":{"rendered":"<p>Uncle Bills (UBL) cung c\u1ea5p h\u01a1n 1800 s\u1ea3n ph\u1ea9m ti\u00eau d\u00f9ng phi th\u01b0\u0323c ph\u00e2\u0309m h\u00e2\u0301p d\u00e2\u0303n, ti\u00ea\u0323n i\u0301ch, gia\u0301 ph\u1ea3i<\/p>","protected":false},"featured_media":18641,"comment_status":"open","ping_status":"closed","template":"","meta":[],"product_brand":[],"product_cat":[394,35],"product_tag":[],"class_list":{"0":"post-18640","1":"product","2":"type-product","3":"status-publish","4":"has-post-thumbnail","6":"product_cat-trang-tri-nha-cua","7":"product_cat-nha-cua-doi-song","8":"pa_brand-uncle-bills","10":"first","11":"instock","12":"sale","13":"shipping-taxable","14":"purchasable","15":"product-type-simple"},"_links":{"self":[{"href":"https:\/\/havamall.vn\/en\/wp-json\/wp\/v2\/product\/18640"}],"collection":[{"href":"https:\/\/havamall.vn\/en\/wp-json\/wp\/v2\/product"}],"about":[{"href":"https:\/\/havamall.vn\/en\/wp-json\/wp\/v2\/types\/product"}],"replies":[{"embeddable":true,"href":"https:\/\/havamall.vn\/en\/wp-json\/wp\/v2\/comments?post=18640"}],"version-history":[{"count":0,"href":"https:\/\/havamall.vn\/en\/wp-json\/wp\/v2\/product\/18640\/revisions"}],"wp:featuredmedia":[{"embeddable":true,"href":"https:\/\/havamall.vn\/en\/wp-json\/wp\/v2\/media\/18641"}],"wp:attachment":[{"href":"https:\/\/havamall.vn\/en\/wp-json\/wp\/v2\/media?parent=18640"}],"wp:term":[{"taxonomy":"product_brand","embeddable":true,"href":"https:\/\/havamall.vn\/en\/wp-json\/wp\/v2\/product_brand?post=18640"},{"taxonomy":"product_cat","embeddable":true,"href":"https:\/\/havamall.vn\/en\/wp-json\/wp\/v2\/product_cat?post=18640"},{"taxonomy":"product_tag","embeddable":true,"href":"https:\/\/havamall.vn\/en\/wp-json\/wp\/v2\/product_tag?post=18640"}],"curies":[{"name":"wp","href":"https:\/\/api.w.org\/{rel}","templated":true}]}}