{"id":18574,"date":"2021-03-08T17:43:16","date_gmt":"2021-03-08T10:43:16","guid":{"rendered":"https:\/\/havamall.vn\/?post_type=product&#038;p=18574"},"modified":"2022-11-29T09:58:12","modified_gmt":"2022-11-29T02:58:12","slug":"socola-den-khong-duong-sweetory-dark-cacao-no-sugar-100g","status":"publish","type":"product","link":"https:\/\/havamall.vn\/en\/shop\/socola-den-khong-duong-sweetory-dark-cacao-no-sugar-100g\/","title":{"rendered":"Socola \u0110en Kh\u00f4ng \u0110\u01b0\u1eddng &#8211; Sweetory Dark Cacao No Sugar 100g"},"content":{"rendered":"<table>\n<tbody>\n<tr>\n<td>Th\u01b0\u01a1ng hi\u1ec7u<\/td>\n<td>Sweetory<\/td>\n<\/tr>\n<tr>\n<td>Xu\u1ea5t x\u1ee9<\/td>\n<td>H\u00e0n Qu\u1ed1c<\/td>\n<\/tr>\n<tr>\n<td>Th\u00e0nh ph\u1ea7n<\/td>\n<td>Cacao 72% (socola, b\u1ed9t cacao New Zealand), ch\u00e2t tao ng\u1ecdt t\u1ef1 nhi\u00ean,&#8230;<\/td>\n<\/tr>\n<tr>\n<td>H\u1ea1n s\u1eed d\u1ee5ng<\/td>\n<td>12 th\u00e1ng k\u1ec3 t\u1eeb ng\u00e0y s\u1ea3n xu\u1ea5t.<\/td>\n<\/tr>\n<tr>\n<td>B\u1ea3o qu\u1ea3n<\/td>\n<td>\u0110\u1ec3 n\u01a1i kh\u00f4 r\u00e1o, tho\u00e1ng m\u00e1t, tr\u00e1nh \u00e1nh n\u1eafng tr\u1ef1c ti\u1ebfp<\/td>\n<\/tr>\n<tr>\n<td>Kh\u1ed1i l\u01b0\u1ee3ng t\u1ecbnh<\/td>\n<td>100g<\/td>\n<\/tr>\n<\/tbody>\n<\/table>\n<p><span style=\"font-weight: 400\">K\u1eb9o Socola \u0111en kh\u00f4ng \u0111\u01b0\u1eddng Sweetory<\/span><span style=\"font-weight: 400\"> chi\u1ebfm \u0111\u1ebfn 72% ca cao. Cung c\u1ea5p d\u1ed3i d\u00e0o n\u0103ng l\u01b0\u1ee3ng. <\/span><span style=\"font-weight: 400\">K\u1eb9o Socola \u0111en kh\u00f4ng \u0111\u01b0\u1eddng Sweetory 100% kh\u00f4ng \u0111\u01b0\u1eddng t\u1ed1t cho s\u1ee9c kh\u1ecfe, th\u01a1m ngon.<\/span><\/p>\n<p><span style=\"font-weight: 400\">K\u1eb9o Socola \u0111en kh\u00f4ng \u0111\u01b0\u1eddng Sweetor c\u00f3 d\u1ea1ng h\u1ee7 100gr gi\u00fap b\u1ea1n d\u1ec5 d\u00e0ng, ti\u1ec7n l\u1ee3i b\u1ecf t\u00fai mang theo khi \u0111i du l\u1ecbch \u0111i l\u00e0m hay \u0111i ch\u01a1i v\u1edbi b\u1ea1n b\u00e8.\u00a0<\/span><span style=\"font-weight: 400\">S\u1ea3n ph\u1ea9m \u0111\u01b0\u1ee3c \u0111\u00f3ng trong h\u1ed9p nh\u1ef1a, \u0111\u1ea3m b\u1ea3o v\u1ec7 Sinh an to\u00e0n th\u1ef1c ph\u1ea9m theo quy dinh c\u1ee7a B\u1ed9 Y T\u1ebf.<\/span><\/p>\n<p><img fetchpriority=\"high\" decoding=\"async\" class=\"aligncenter\" src=\"https:\/\/havamall.vn\/wp-content\/uploads\/2021\/03\/iNF90IYVTG8hBA1AA9sH.jpg\" alt=\"COMBO 6 H\u1ed8P K\u1eb8O SOCOLA \u0110EN KH\u00d4NG \u0110\u01af\u1edcNG SWEETORY 100G - socoladen2\" width=\"610\" height=\"495\" \/><\/p>\n<p><span style=\"font-weight: 400\">Socola \u0111en ch\u1ee9a m\u1ed9t s\u1ed1 h\u1ee3p ch\u1ea5t c\u00f3 t\u00e1c d\u1ee5ng ch\u1ed1ng oxy h\u00f3a r\u1ea5t m\u1ea1nh m\u1ebd. \u0110i\u1ec3n h\u00ecnh nh\u1ea5t l\u00e0 polyphenol v\u00e0 flavanol. C\u00e1c ch\u1ea5t n\u00e0y c\u00f3 kh\u1ea3 n\u0103ng trung h\u00f2a g\u1ed1c t\u1ef1 do v\u00e0 \u0111\u1ea9y l\u00f9i c\u0169ng nh\u01b0 ng\u0103n ng\u1eeba t\u00ecnh tr\u1ea1ng c\u0103ng th\u1eb3ng. V\u1edbi c\u00f4ng d\u1ee5ng n\u00e0y k\u1eb9o <\/span><span style=\"font-weight: 400\">Socola \u0111en kh\u00f4ng \u0111\u01b0\u1eddng Sweetory ch\u00ednh l\u00e0 s\u1ea3n ph\u1ea9m ho\u00e0n h\u1ea3o cho b\u1ea1n khi l\u00e0 m\u1ed9t m\u00f3n \u0103n v\u1eb7t nh\u01b0ng c\u0169ng r\u1ea5t t\u1ed1t cho s\u1ee9c kh\u1ecfe.<\/span><\/p>\n<p><img decoding=\"async\" class=\"aligncenter\" src=\"https:\/\/havamall.vn\/wp-content\/uploads\/2021\/03\/Dark-Chocolate-Malted-Milk-Balls-Nutstop.jpg\" alt=\"Dark Chocolate Malt Balls \u2013 Bulk Dark Chocolate Malted Milk Balls\" width=\"633\" height=\"422\" \/><\/p>\n<h4><strong>L\u1ee3i \u00edch c\u1ee7a socola \u0111en:<\/strong><\/h4>\n<p>&#8211; Gi\u1ea3m cholesterol<\/p>\n<p>&#8211; Ph\u00f2ng ng\u1eeba ch\u1ee9ng suy gi\u1ea3m tr\u00ed nh\u1edb<\/p>\n<p>&#8211; Gi\u1ea3m nguy c\u01a1 m\u1eafc b\u1ec7nh tim m\u1ea1ch, ti\u1ec3u \u0111\u01b0\u1eddng<\/p>\n<p>&#8211; C\u00f3 l\u1ee3i cho s\u1ef1 ph\u00e1t tri\u1ec3n c\u1ee7a thai nhi<\/p>\n<p>&#8211; B\u1ea3o v\u1ec7 l\u00e0n da v\u00e0 gi\u00fap gi\u1ea3m c\u00e2n hi\u1ec7u qu\u1ea3.<\/p>\n<p><img decoding=\"async\" class=\"aligncenter\" src=\"https:\/\/havamall.vn\/wp-content\/uploads\/2021\/03\/738-DEFAULT-l.jpg\" alt=\"| Dark Chocolate Malt Balls (1 lb.)\" width=\"604\" height=\"604\" \/><\/p>\n<h4><strong>H\u01b0\u1edbng d\u1eabn s\u1eed d\u1ee5ng:<\/strong><\/h4>\n<p>&#8211; D\u00f9ng \u0103n tr\u1ef1c ti\u1ebfp<\/p>\n<p>&#8211; L\u00e0m qu\u00e0 t\u1eb7ng cho ng\u01b0\u1eddi th\u00e2n, b\u1ea1n b\u00e8<\/p>\n<h4><strong>H\u01b0\u1edbng d\u1eabn b\u1ea3o qu\u1ea3n:<\/strong><\/h4>\n<p>&#8211; B\u1ea3o qu\u1ea3n n\u01a1i kh\u00f4 r\u00e1o, tr\u00e1nh \u00e1nh n\u1eafng tr\u1ef1c ti\u1ebfp<\/p>\n<p>&#8211; Nhi\u1ec7t \u0111\u1ed9 b\u1ea3o qu\u1ea3n d\u01b0\u1edbi 28 \u0111\u1ed9 C<\/p>\n<p>S\u1ea3n ph\u1ea9m hi\u1ec7n \u0111\u00e3 c\u00f3 m\u1eb7t t\u1ea1i Havamall.<\/p>","protected":false},"excerpt":{"rendered":"<p>Th\u01b0\u01a1ng hi\u1ec7u Sweetory Xu\u1ea5t x\u1ee9 H\u00e0n Qu\u1ed1c Th\u00e0nh ph\u1ea7n Cacao 72% (socola, b\u1ed9t cacao New Zealand), ch\u00e2t tao ng\u1ecdt t\u1ef1<\/p>","protected":false},"featured_media":18601,"comment_status":"open","ping_status":"closed","template":"","meta":[],"product_brand":[],"product_cat":[36,133,143],"product_tag":[],"class_list":{"0":"post-18574","1":"product","2":"type-product","3":"status-publish","4":"has-post-thumbnail","6":"product_cat-thuc-pham-tieu-dung","7":"product_cat-banh-keo-chocolate","8":"product_cat-thuc-pham-dong-hop","10":"first","11":"instock","12":"sale","13":"shipping-taxable","14":"purchasable","15":"product-type-simple"},"_links":{"self":[{"href":"https:\/\/havamall.vn\/en\/wp-json\/wp\/v2\/product\/18574"}],"collection":[{"href":"https:\/\/havamall.vn\/en\/wp-json\/wp\/v2\/product"}],"about":[{"href":"https:\/\/havamall.vn\/en\/wp-json\/wp\/v2\/types\/product"}],"replies":[{"embeddable":true,"href":"https:\/\/havamall.vn\/en\/wp-json\/wp\/v2\/comments?post=18574"}],"version-history":[{"count":0,"href":"https:\/\/havamall.vn\/en\/wp-json\/wp\/v2\/product\/18574\/revisions"}],"wp:featuredmedia":[{"embeddable":true,"href":"https:\/\/havamall.vn\/en\/wp-json\/wp\/v2\/media\/18601"}],"wp:attachment":[{"href":"https:\/\/havamall.vn\/en\/wp-json\/wp\/v2\/media?parent=18574"}],"wp:term":[{"taxonomy":"product_brand","embeddable":true,"href":"https:\/\/havamall.vn\/en\/wp-json\/wp\/v2\/product_brand?post=18574"},{"taxonomy":"product_cat","embeddable":true,"href":"https:\/\/havamall.vn\/en\/wp-json\/wp\/v2\/product_cat?post=18574"},{"taxonomy":"product_tag","embeddable":true,"href":"https:\/\/havamall.vn\/en\/wp-json\/wp\/v2\/product_tag?post=18574"}],"curies":[{"name":"wp","href":"https:\/\/api.w.org\/{rel}","templated":true}]}}