{"id":18566,"date":"2021-03-08T16:34:20","date_gmt":"2021-03-08T09:34:20","guid":{"rendered":"https:\/\/havamall.vn\/?post_type=product&#038;p=18566"},"modified":"2022-07-28T14:49:52","modified_gmt":"2022-07-28T07:49:52","slug":"nhan-dong-lon-longan-in-syrup-dole-565g","status":"publish","type":"product","link":"https:\/\/havamall.vn\/en\/shop\/nhan-dong-lon-longan-in-syrup-dole-565g\/","title":{"rendered":"Nh\u00e3n \u0110\u00f3ng Lon &#8211; Longan In Syrup Dole 565g"},"content":{"rendered":"<table>\n<tbody>\n<tr>\n<td>Th\u01b0\u01a1ng hi\u1ec7u<\/td>\n<td>Dole<\/td>\n<\/tr>\n<tr>\n<td>Xu\u1ea5t x\u1ee9<\/td>\n<td>Th\u00e1i Lan<\/td>\n<\/tr>\n<tr>\n<td>Th\u00e0nh ph\u1ea7n<\/td>\n<td>Nh\u00e3n t\u01b0\u01a1i (41%), n\u01b0\u1edbc, \u0111\u01b0\u1eddng (16%),&#8230;<\/td>\n<\/tr>\n<tr>\n<td>H\u1ea1n s\u1eed d\u1ee5ng<\/td>\n<td>24 th\u00e1ng k\u1ec3 t\u1eeb ng\u00e0y s\u1ea3n xu\u1ea5t.<\/td>\n<\/tr>\n<tr>\n<td>B\u1ea3o qu\u1ea3n<\/td>\n<td>\u0110\u1ec3 n\u01a1i kh\u00f4 r\u00e1o, tho\u00e1ng m\u00e1t, tr\u00e1nh \u00e1nh n\u1eafng tr\u1ef1c ti\u1ebfp<\/td>\n<\/tr>\n<tr>\n<td>Kh\u1ed1i l\u01b0\u1ee3ng t\u1ecbnh<\/td>\n<td>565g<\/td>\n<\/tr>\n<\/tbody>\n<\/table>\n<p><span style=\"font-weight: 400\">Dole \u0111\u01b0\u1ee3c th\u00e0nh l\u1eadp t\u1eeb n\u0103m 1851 t\u1ea1i Hawaii (M\u1ef9). \u0110\u1ebfn nay Dole \u0111\u01b0\u1ee3c bi\u1ebft \u0111\u1ebfn nh\u01b0 m\u1ed9t chuy\u00ean gia trong l\u0129nh v\u1ef1c tr\u00e1i c\u00e2y v\u00e0 rau c\u1ee7 t\u01b0\u01a1i v\u1edbi h\u01a1n 200 ch\u1ee7ng lo\u1ea1i s\u1ea3n ph\u1ea9m \u0111\u1ea1t ch\u1ea5t l\u01b0\u1ee3ng cao.<\/span><\/p>\n<p><span style=\"font-weight: 400\">Dole s\u1edf h\u1eefu m\u1ed9t quy tr\u00ecnh s\u1ea3n xu\u1ea5t kh\u00e9p k\u00edn t\u1eeb tr\u1ed3ng tr\u1ecdt, ch\u1ebf bi\u1ebfn, v\u1eadn chuy\u1ec3n. B\u1ea5t c\u1ee9 lo\u1ea1i tr\u00e1i c\u00e2y t\u01b0\u01a1i n\u00e0o ra th\u1ecb tr\u01b0\u1eddng c\u0169ng ph\u1ea3i \u0111\u1ea3m b\u1ea3o kh\u1eaft khe c\u00e1c y\u00eau c\u1ea7u v\u1ec1 k\u00edch c\u1ee1, m\u00e0u s\u1eafc, ch\u1ea5t l\u01b0\u1ee3ng\u2026 \u0110em \u0111\u1ebfn cho b\u1ea1n nh\u1eefng s\u1ea3n ph\u1ea9m dinh d\u01b0\u1ee1ng t\u1eeb n\u00f4ng tr\u1ea1i cho \u0111\u1ebfn b\u00e0n \u0103n.<\/span><\/p>\n<p><img decoding=\"async\" class=\"aligncenter\" src=\"https:\/\/havamall.vn\/wp-content\/uploads\/2021\/03\/v53746b4v5374640.gif\" alt=\"e424b4\" \/><\/p>\n<p><span style=\"font-weight: 400\">Nh\u1eb1m mang l\u1ea1i s\u1ef1 ti\u1ec7n d\u1ee5ng cho ch\u1ecb em n\u1ed9i tr\u1ee3 b\u1eadn r\u1ed9n Dole \u0111\u00e3 cho ra \u0111\u1eddi d\u00f2ng s\u1ea3n ph\u1ea9m Nh\u00e3n t\u01b0\u01a1i ng\u00e2m \u0111\u01b0\u1eddng Dole lon 565g \u0110\u01b0\u1ee3c th\u00e0nh l\u1eadp t\u1ea1i Hawaii (M\u1ef9) v\u1edbi \u0111i\u1ec1u ki\u1ec7n t\u1ef1 nhi\u00ean, m\u00f4i tr\u01b0\u1eddng, th\u1ed5 nh\u01b0\u1ee1ng\u2026 l\u00fd t\u01b0\u1edfng, n\u01a1i \u0111\u00e2y nh\u01b0 m\u1ed9t m\u00f3n qu\u00e0 v\u00f4 gi\u00e1 m\u00e0 thi\u00ean nhi\u00ean ban t\u1eb7ng cho h\u00f2n \u0111\u1ea3o n\u00e0y \u0111\u1ec3 nh\u1eefng ng\u01b0\u1eddi d\u00e2n b\u1ea3n \u0111\u1ecba t\u1ea1o ra nh\u1eefng lo\u1ea1i rau tr\u00e1i thi\u00ean nhi\u00ean gi\u00e0u dinh d\u01b0\u1ee1ng.\u00a0<\/span><\/p>\n<p><img fetchpriority=\"high\" decoding=\"async\" class=\"aligncenter\" src=\"https:\/\/havamall.vn\/wp-content\/uploads\/2021\/03\/nhan-tuoi-ngam-duong-dole-lon-565g-202012111341583672.jpg\" alt=\"Nh\u00e3n t\u01b0\u01a1i ng\u00e2m \u0111\u01b0\u1eddng Dole lon 565g t\u1ea1i bachhoaxanh.com\" width=\"757\" height=\"568\" \/><\/p>\n<p><span style=\"font-weight: 400\">S\u1ea3n ph\u1ea9m \u0111\u01b0\u1ee3c s\u1ea3n xu\u1ea5t tr\u00ean d\u00e2y chuy\u1ec1n hi\u1ec7n \u0111\u1ea1i c\u1ee7a Th\u00e1i Lan. S\u1ea3n ph\u1ea9m \u0111\u01b0\u1ee3c \u0111\u00f3ng h\u1ed9p b\u1eb1ng ch\u1ea5t li\u1ec7u thi\u1ebfc an to\u00e0n, ch\u1eafc ch\u1eafn v\u1edbi kh\u1ed1i l\u01b0\u1ee3ng 565g.<\/span><\/p>\n<p><span style=\"font-weight: 400\">Nh\u00e3n c\u00f3 v\u1ecb ng\u1ecdt, t\u00ednh b\u00ecnh, qu\u1ea3 m\u00e0u v\u00e0ng n\u00e2u, h\u1ea1t \u0111en nh\u00e1nh, l\u1edbp c\u01a1m d\u00e0y m\u00e0u tr\u1eafng bao b\u1ecdc h\u1ea1t. Theo nghi\u00ean c\u1ee9u khoa h\u1ecdc, qu\u1ea3 nh\u00e3n c\u00f3 ch\u1ee9a c\u00e1c vi ch\u1ea5t nh\u01b0 S\u1eaft, Magie, K\u1ebdm, Kali, Photpho, Protein, ch\u1ea5t b\u00e9o, \u0111\u01b0\u1eddng Sacaroza, Glucoza.\u00a0<\/span><\/p>\n<p><img decoding=\"async\" class=\"aligncenter\" src=\"https:\/\/havamall.vn\/wp-content\/uploads\/2021\/03\/cong-dung-ruou-long-nhanh.jpg\" alt=\"3 C\u00e1ch ng\u00e2m r\u01b0\u1ee3u nh\u00e3n \u2013 ch\u1eefa m\u1ea5t ng\u1ee7, y\u1ebfu sinh l\u00fd\" width=\"743\" height=\"498\" \/><\/p>\n<h4><strong>C\u00f4ng d\u1ee5ng c\u1ee7a nh\u00e3n:<\/strong><\/h4>\n<p><span style=\"font-weight: 400\">&#8211; Nh\u00e3n c\u00f3 nhi\u1ec1u Vitamin A, C, axit h\u1eefu c\u01a1 v\u00e0 ch\u1ea5t x\u01a1 c\u00f3 t\u00e1c d\u1ee5ng r\u1ea5t t\u1ed1t cho s\u1ee9c kh\u1ecfe.\u00a0<\/span><\/p>\n<p><span style=\"font-weight: 400\">&#8211; H\u00e0m l\u01b0\u1ee3ng vitamin C trong nh\u00e3n d\u1ed3i d\u00e0o gi\u00fap n\u00e2ng cao s\u1ee9c \u0111\u1ec1 kh\u00e1ng cho c\u01a1 th\u1ec3, ng\u0103n ng\u1eeba cao huy\u1ebft \u00e1p v\u00e0 m\u1ed9t s\u1ed1 b\u1ec7nh v\u1ec1 tim m\u1ea1ch.<\/span><\/p>\n<p><span style=\"font-weight: 400\">&#8211; Nh\u00e3n ch\u1ee9a nhi\u1ec1u d\u01b0\u1ee1ng ch\u1ea5t, \u0111\u1eb7c bi\u1ec7t l\u00e0 \u0111\u1ed3ng v\u00e0 canxi trong nh\u00e3n gi\u00fap x\u01b0\u01a1ng kh\u01a1\u0301p ch\u0103\u0301c kho\u0309e, giu\u0301p x\u01b0\u01a1ng pha\u0301t tri\u00ea\u0309n, ng\u01b0\u0300a b\u00ea\u0323nh loa\u0303ng x\u01b0\u01a1ng.<\/span><\/p>\n<p><span style=\"font-weight: 400\">&#8211; Trong qu\u1ea3 nh\u00e3n ch\u1ee9a h\u00e0m l\u01b0\u1ee3ng l\u1edbn ch\u1ea5t s\u1eaft gi\u00fap ph\u00f2ng ng\u1eeba \u0111\u01b0\u1ee3c b\u1ec7nh thi\u1ebfu m\u00e1u.<\/span><\/p>\n<p><img decoding=\"async\" class=\"aligncenter\" src=\"https:\/\/havamall.vn\/wp-content\/uploads\/2021\/03\/maxresdefault.jpg\" alt=\"Almond Longan Jelly (Almond longan tofu fa) - YouTube\" width=\"751\" height=\"423\" \/><\/p>\n<h4><strong>H\u01b0\u1edbng d\u1eabn s\u1eed d\u1ee5ng:<\/strong><\/h4>\n<p><span style=\"font-weight: 400\">&#8211; Nh\u00e3n Ng\u00e2m \u0110\u01b0\u1eddng Dole v\u1edbi h\u01b0\u01a1ng v\u1ecb th\u01a1m ngon ri\u00eang, c\u00f3 th\u1ec3 d\u00f9ng v\u1edbi nhi\u1ec1u m\u1ee5c \u0111\u00edch s\u1eed d\u1ee5ng kh\u00e1c nhau.\u00a0<\/span><\/p>\n<p><span style=\"font-weight: 400\">&#8211; B\u1ea1n c\u00f3 th\u1ec3 d\u00f9ng s\u1ea3n ph\u1ea9m \u0111\u1ec3 pha ch\u1ebf n\u01b0\u1edbc u\u1ed1ng gi\u1ea3i kh\u00e1t<\/span><\/p>\n<p><span style=\"font-weight: 400\">&#8211; Ch\u1ebf bi\u1ebfn th\u00e0nh c\u00e1c m\u00f3n \u0103n<\/span><\/p>\n<p>&#8211;\u00a0<span style=\"font-weight: 400\">C\u00f3 th\u1ec3 \u0103n ngay, kh\u00f4ng c\u1ea7n qua x\u1eed l\u00fd nhi\u1ec7t.<\/span><\/p>\n<p><img loading=\"lazy\" decoding=\"async\" class=\"aligncenter\" src=\"https:\/\/havamall.vn\/wp-content\/uploads\/2021\/03\/logan-dish.jpg\" alt=\"Longan in Syrup 565g \u2013 CHIEN WAH TRADING CO. PTY. LTD.\" width=\"749\" height=\"703\" \/><\/p>\n<h4><strong>H\u01b0\u1edbng d\u1eabn b\u1ea3o qu\u1ea3n:<\/strong><\/h4>\n<p>\u2013 B\u1ea3o qu\u1ea3n n\u01a1i kh\u00f4 r\u00e1o tho\u00e1ng m\u00e1t.<\/p>\n<p>\u2013 Sau khi m\u1edf n\u1eafp, s\u1ea3n ph\u1ea9m s\u1eed d\u1ee5ng kh\u00f4ng h\u1ebft b\u1ea1n n\u00ean b\u1ea3o qu\u1ea3n trong t\u1ee7 l\u1ea1nh v\u00e0 d\u00f9ng trong v\u00f2ng h\u1ebft 3 ng\u00e0y \u0111\u1ec3 gi\u1eef \u0111\u01b0\u1ee3c \u0111\u1ed9 ngon ban \u0111\u1ea7u.<\/p>\n<p>S\u1ea3n ph\u1ea9m hi\u1ec7n \u0111\u00e3 c\u00f3 m\u1eb7t t\u1ea1i Havamall.<\/p>","protected":false},"excerpt":{"rendered":"<p>Th\u01b0\u01a1ng hi\u1ec7u Dole Xu\u1ea5t x\u1ee9 Th\u00e1i Lan Th\u00e0nh ph\u1ea7n Nh\u00e3n t\u01b0\u01a1i (41%), n\u01b0\u1edbc, \u0111\u01b0\u1eddng (16%),&#8230; H\u1ea1n s\u1eed d\u1ee5ng 24 th\u00e1ng<\/p>","protected":false},"featured_media":18567,"comment_status":"open","ping_status":"closed","template":"","meta":[],"product_brand":[],"product_cat":[36,135,143],"product_tag":[],"class_list":{"0":"post-18566","1":"product","2":"type-product","3":"status-publish","4":"has-post-thumbnail","6":"product_cat-thuc-pham-tieu-dung","7":"product_cat-sua-do-uong","8":"product_cat-thuc-pham-dong-hop","9":"pa_brand-dole","11":"first","12":"instock","13":"sale","14":"shipping-taxable","15":"purchasable","16":"product-type-simple"},"_links":{"self":[{"href":"https:\/\/havamall.vn\/en\/wp-json\/wp\/v2\/product\/18566"}],"collection":[{"href":"https:\/\/havamall.vn\/en\/wp-json\/wp\/v2\/product"}],"about":[{"href":"https:\/\/havamall.vn\/en\/wp-json\/wp\/v2\/types\/product"}],"replies":[{"embeddable":true,"href":"https:\/\/havamall.vn\/en\/wp-json\/wp\/v2\/comments?post=18566"}],"version-history":[{"count":0,"href":"https:\/\/havamall.vn\/en\/wp-json\/wp\/v2\/product\/18566\/revisions"}],"wp:featuredmedia":[{"embeddable":true,"href":"https:\/\/havamall.vn\/en\/wp-json\/wp\/v2\/media\/18567"}],"wp:attachment":[{"href":"https:\/\/havamall.vn\/en\/wp-json\/wp\/v2\/media?parent=18566"}],"wp:term":[{"taxonomy":"product_brand","embeddable":true,"href":"https:\/\/havamall.vn\/en\/wp-json\/wp\/v2\/product_brand?post=18566"},{"taxonomy":"product_cat","embeddable":true,"href":"https:\/\/havamall.vn\/en\/wp-json\/wp\/v2\/product_cat?post=18566"},{"taxonomy":"product_tag","embeddable":true,"href":"https:\/\/havamall.vn\/en\/wp-json\/wp\/v2\/product_tag?post=18566"}],"curies":[{"name":"wp","href":"https:\/\/api.w.org\/{rel}","templated":true}]}}