{"id":18559,"date":"2021-03-08T16:04:43","date_gmt":"2021-03-08T09:04:43","guid":{"rendered":"https:\/\/havamall.vn\/?post_type=product&#038;p=18559"},"modified":"2022-12-28T10:53:42","modified_gmt":"2022-12-28T03:53:42","slug":"chom-chom-ngam-duong-rambutan-in-syrup-dole-565g","status":"publish","type":"product","link":"https:\/\/havamall.vn\/en\/shop\/chom-chom-ngam-duong-rambutan-in-syrup-dole-565g\/","title":{"rendered":"Ch\u00f4m Ch\u00f4m Ng\u00e2m \u0110\u01b0\u1eddng &#8211; Rambutan In Syrup Dole 565g"},"content":{"rendered":"<table>\n<tbody>\n<tr>\n<td>Th\u01b0\u01a1ng hi\u1ec7u<\/td>\n<td>Dole<\/td>\n<\/tr>\n<tr>\n<td>Xu\u1ea5t x\u1ee9<\/td>\n<td>Th\u00e1i Lan<\/td>\n<\/tr>\n<tr>\n<td>Th\u00e0nh ph\u1ea7n<\/td>\n<td>Ch\u00f4m ch\u00f4m (44%), n\u01b0\u1edbc, \u0111\u01b0\u1eddng (14%),&#8230;<\/td>\n<\/tr>\n<tr>\n<td>H\u1ea1n s\u1eed d\u1ee5ng<\/td>\n<td>24 th\u00e1ng k\u1ec3 t\u1eeb ng\u00e0y s\u1ea3n xu\u1ea5t.<\/td>\n<\/tr>\n<tr>\n<td>B\u1ea3o qu\u1ea3n<\/td>\n<td>\u0110\u1ec3 n\u01a1i kh\u00f4 r\u00e1o, tho\u00e1ng m\u00e1t, tr\u00e1nh \u00e1nh n\u1eafng tr\u1ef1c ti\u1ebfp<\/td>\n<\/tr>\n<tr>\n<td>Kh\u1ed1i l\u01b0\u1ee3ng t\u1ecbnh<\/td>\n<td>565g<\/td>\n<\/tr>\n<\/tbody>\n<\/table>\n<p><span style=\"font-weight: 400;\">Dole \u0111\u01b0\u1ee3c th\u00e0nh l\u1eadp t\u1eeb n\u0103m 1851 t\u1ea1i Hawaii (M\u1ef9). \u0110\u1ebfn nay Dole \u0111\u01b0\u1ee3c bi\u1ebft \u0111\u1ebfn nh\u01b0 m\u1ed9t chuy\u00ean gia trong l\u0129nh v\u1ef1c tr\u00e1i c\u00e2y v\u00e0 rau c\u1ee7 t\u01b0\u01a1i v\u1edbi h\u01a1n 200 ch\u1ee7ng lo\u1ea1i s\u1ea3n ph\u1ea9m \u0111\u1ea1t ch\u1ea5t l\u01b0\u1ee3ng cao.<\/span><\/p>\n<p><span style=\"font-weight: 400;\">Dole s\u1edf h\u1eefu m\u1ed9t quy tr\u00ecnh s\u1ea3n xu\u1ea5t kh\u00e9p k\u00edn t\u1eeb tr\u1ed3ng tr\u1ecdt, ch\u1ebf bi\u1ebfn, v\u1eadn chuy\u1ec3n, ph\u00e2n ph\u1ed1i v\u00e0 marketing s\u1ea3n ph\u1ea9m. B\u1ea5t c\u1ee9 lo\u1ea1i tr\u00e1i c\u00e2y t\u01b0\u01a1i n\u00e0o ra th\u1ecb tr\u01b0\u1eddng c\u0169ng ph\u1ea3i \u0111\u1ea3m b\u1ea3o kh\u1eaft khe c\u00e1c y\u00eau c\u1ea7u v\u1ec1 k\u00edch c\u1ee1, m\u00e0u s\u1eafc, ch\u1ea5t l\u01b0\u1ee3ng\u2026 nghi\u00eam ng\u1eb7t c\u1ee7a Dole.<\/span><\/p>\n<p><img fetchpriority=\"high\" decoding=\"async\" class=\"aligncenter\" src=\"https:\/\/havamall.vn\/wp-content\/uploads\/2021\/03\/v53746b4v5374640.gif\" alt=\"e424b4\" width=\"725\" height=\"940\" \/><\/p>\n<p><span style=\"font-weight: 400;\">L\u00e0 m\u1ed9t th\u1ee9c u\u1ed1ng ngon m\u00e1t l\u1ea1nh c\u00f9ng v\u1edbi tr\u00e1i ch\u00f4m ch\u00f4m t\u01b0\u01a1i \u0111\u01b0\u1ee3c ng\u00e2m c\u00f3 v\u1ecb ng\u1ecdt t\u1ef1 nhi\u00ean th\u00edch h\u1ee3p cho nh\u1eefng ng\u00e0y h\u00e8 n\u1eafng n\u00f3ng, gi\u1ea3i nhi\u1ec7t r\u1ea5t b\u1ed5 d\u01b0\u1ee1ng.<\/span><\/p>\n<p><span style=\"font-weight: 400;\">Ch\u00f4m ch\u00f4m ng\u00e2m \u0111\u00f3ng h\u1ed9p Dole c\u00f3 h\u01b0\u01a1ng v\u1ecb th\u01a1m ngon, m\u00e0u tr\u1eafng t\u1ef1 nhi\u00ean, khi \u0103n m\u1ec1m v\u00e0 c\u00f3 v\u1ecb ng\u1ecdt thanh, c\u01a1m d\u00e0y d\u00f9ng \u0111\u1ec3 gi\u1ea3i kh\u00e1t, tr\u00e1ng mi\u1ec7ng. \u0110\u1ed3ng th\u1eddi, n\u01b0\u1edbc ch\u00f4m ch\u00f4m h\u01a1i s\u00e1nh l\u1ea1i th\u00edch h\u1ee3p d\u00f9ng trong pha ch\u1ebf r\u1ea5t tuy\u1ec7t h\u1ea3o.\u00a0<\/span><\/p>\n<p><img decoding=\"async\" class=\"aligncenter\" src=\"https:\/\/havamall.vn\/wp-content\/uploads\/2021\/03\/f2213f4bd7865dfafb79afc873df9101.jpg\" alt=\"Ch\u00f4m ch\u00f4m ng\u00e2m n\u01b0\u1edbc \u0111\u01b0\u1eddng DOLE Rambutan in syrup 565g | Lazada.vn\" width=\"719\" height=\"403\" \/><\/p>\n<p><span style=\"font-weight: 400;\">Kh\u00e1c v\u1edbi nhi\u1ec1u lo\u1ea1i s\u1ea3n ph\u1ea9m tr\u00e1i c\u00e2y \u0111\u00f3ng h\u1ed9p, ch\u00f4m ch\u00f4m \u0111\u00f3ng h\u1ed9p hi\u1ec7u Dole c\u00f3 v\u1ecb t\u01b0\u01a1i t\u1ef1 nhi\u00ean, khi ta \u0103n c\u00f3 v\u1ecb ng\u1ecdt, h\u01a1i chua, \u0103n gi\u00f2n gi\u00f2n ai c\u0169ng c\u00f3 th\u1ec3 \u0103n \u0111\u01b0\u1ee3c. Ch\u00f4m ch\u00f4m r\u1ea5t gi\u00e0u vitamin C, \u0111\u1ea1m, ch\u1ea5t b\u00e9o v\u00e0 c\u00e1c nguy\u00ean t\u1ed1 vi l\u01b0\u1ee3ng nh\u01b0 \u0111\u1ed3ng, mangan, kali, canxi, s\u1eaft, ph\u1ed1t pho\u2026c\u00f9ng h\u00e0m l\u01b0\u1ee3ng ch\u1ea5t x\u01a1 cao<\/span><\/p>\n<p><span style=\"font-weight: 400;\">S\u1ea3n ph\u1ea9m \u0111\u01b0\u1ee3c s\u1ea3n xu\u1ea5t tr\u00ean d\u00e2y chuy\u1ec1n hi\u1ec7n \u0111\u1ea1i c\u1ee7a Th\u00e1i Lan. S\u1ea3n ph\u1ea9m \u0111\u01b0\u1ee3c \u0111\u00f3ng h\u1ed9p b\u1eb1ng ch\u1ea5t li\u1ec7u thi\u1ebfc an to\u00e0n, ch\u1eafc ch\u1eafn v\u1edbi kh\u1ed1i l\u01b0\u1ee3ng 565g.<\/span><\/p>\n<p><img decoding=\"async\" class=\"aligncenter\" src=\"https:\/\/havamall.vn\/wp-content\/uploads\/2021\/03\/chom-chom-ngam-duong-dole-lon-565g-202012111338266268.jpg\" alt=\"Ch\u00f4m ch\u00f4m ng\u00e2m \u0111\u01b0\u1eddng Dole lon 565g t\u1ea1i bachhoaxanh.com\" width=\"722\" height=\"542\" \/><\/p>\n<h4><strong>L\u1ee3i \u00edch c\u1ee7a ch\u00f4m ch\u00f4m:<\/strong><\/h4>\n<p>&gt;Ch\u00f4m ch\u00f4m c\u00f3 c\u00f4ng d\u1ee5ng ch\u1ee9a nhi\u1ec1u ch\u1ea5t x\u01a1, d\u01b0\u1ee1ng ch\u1ea5t t\u1ed1t cho s\u1ee9c kh\u1ecfe, ch\u1ed1ng m\u1ea5t ng\u1ee7, c\u0103ng th\u1eb3ng, m\u1ec7t m\u1ecfi&#8230;<\/p>\n<p>&gt;Ch\u00f4m ch\u00f4m c\u00f2n ch\u1ee9a nhi\u1ec1u kali. Ngo\u00e0i ra cung c\u1ea5p vitamin C ch\u1ea5t dinh d\u01b0\u1ee1ng ch\u1ed1ng l\u1ea1i s\u1ef1 oxy h\u00f3a gi\u1eefa c\u00e1c m\u00f4 li\u00ean k\u1ebft kh\u00e1c.<\/p>\n<p>&gt;Ch\u00f4m ch\u00f4m c\u00f3 ch\u1ee9a nhi\u1ec1u ch\u1ea5t kho\u00e1ng, \u0111\u1eb7c bi\u1ec7t l\u00e0 \u0111\u1ed3ng v\u00e0 s\u1eaft n\u00ean mang l\u1ea1i nhi\u1ec1u c\u00f4ng d\u1ee5ng t\u1ed1t cho s\u1ee9c kh\u1ecfe. N\u00f3 gi\u00fap k\u00edch th\u00edch s\u1ea3n sinh c\u00e1c t\u1ebf b\u00e0o h\u1ed3ng c\u1ea7u v\u00e0 b\u1ea1ch c\u1ea7u r\u1ea5t t\u1ed1t cho m\u00e1u, t\u1eeb \u0111\u00f3 ki\u1ec3m so\u00e1t \u0111\u01b0\u1ee3c t\u00ecnh tr\u1ea1ng ch\u00f3ng m\u1eb7t, h\u1ea1 huy\u1ebft \u00e1p,\u2026<\/p>\n<p><img loading=\"lazy\" decoding=\"async\" class=\"aligncenter\" src=\"https:\/\/havamall.vn\/wp-content\/uploads\/2021\/03\/thanh-pham-98.jpg\" alt=\"Ch\u00f4m ch\u00f4m \u0111\u00f3ng h\u1ed9p Dole 565g | \u0110VP Market\" width=\"722\" height=\"396\" \/><\/p>\n<h4><strong>C\u00e1ch s\u1eed d\u1ee5ng:<\/strong><\/h4>\n<p><span style=\"font-weight: 400;\">&#8211; Ch\u00f4m Ch\u00f4m Hi\u1ec7u Dole Lon 565g<\/span><span style=\"font-weight: 400;\"> th\u00edch h\u1ee3p l\u00e0m c\u00e1c m\u00f3n tr\u00e1ng mi\u1ec7ng m\u00e1t m\u1ebb cho m\u00f9a h\u00e8<\/span><\/p>\n<p><span style=\"font-weight: 400;\">&#8211; D\u00f9ng \u0111\u1ec3 \u0103n tr\u1ef1c ti\u1ebfp<\/span><\/p>\n<p>&#8211; N\u1ea5u ch\u00e8 ch\u00f4m ch\u00f4m<\/p>\n<p><span style=\"font-weight: 400;\">&#8211; Ch\u1ebf bi\u1ebfn tr\u00e0 ch\u00f4m ch\u00f4m, yogurt, panna cotta, bingsu<\/span><\/p>\n<p><span style=\"font-weight: 400;\">&#8211; D\u00f9ng \u0111\u1ec3 trang tr\u00ed b\u00e1nh kem v\u00e0 c\u00e1c m\u00f3n tr\u00e1ng mi\u1ec7ng<\/span><\/p>\n<p><span style=\"font-weight: 400;\">&#8211; Ph\u1ea7n n\u01b0\u1edbc ng\u00e2m c\u00f2n c\u00f3 th\u1ec3 pha ch\u1ebf c\u00e1c lo\u1ea1i n\u01b0\u1edbc gi\u1ea3i kh\u00e1t d\u00e0nh cho m\u00f9a h\u1ea1 oi b\u1ee9c hay nh\u1eefng b\u1eefa ti\u1ec7c BBQ<\/span><\/p>\n<p><img loading=\"lazy\" decoding=\"async\" class=\"aligncenter\" src=\"https:\/\/havamall.vn\/wp-content\/uploads\/2021\/03\/944779_554006784649223_2088457783_n.jpg\" alt=\"C\u00e1ch l\u00e0m ch\u00e8 kh\u00fac b\u1ea1ch ngon, H\u01b0\u1edbng d\u1eabn b\u00ed quy\u1ebft n\u1ea5u ch\u00e8 kh\u00fac b\u1ea1ch - Tin t\u1ee9c Alobuy Vi\u1ec7t Nam\" width=\"716\" height=\"483\" \/><\/p>\n<h4><strong>H\u01b0\u1edbng d\u1eabn b\u1ea3o qu\u1ea3n:<\/strong><\/h4>\n<p><span style=\"font-weight: 400;\">&#8211; B\u1ea3o qu\u1ea3n n\u01a1i kh\u00f4 r\u00e1o tho\u00e1ng m\u00e1t.\u00a0<\/span><\/p>\n<p><span style=\"font-weight: 400;\">&#8211; Sau khi m\u1edf n\u1eafp, s\u1ea3n ph\u1ea9m s\u1eed d\u1ee5ng kh\u00f4ng h\u1ebft b\u1ea1n n\u00ean b\u1ea3o qu\u1ea3n trong t\u1ee7 l\u1ea1nh v\u00e0 d\u00f9ng trong v\u00f2ng h\u1ebft 3 ng\u00e0y \u0111\u1ec3 gi\u1eef \u0111\u01b0\u1ee3c \u0111\u1ed9 ngon ban \u0111\u1ea7u.<\/span><\/p>\n<p>S\u1ea3n ph\u1ea9m hi\u1ec7n \u0111\u00e3 c\u00f3 m\u1eb7t t\u1ea1i Havamall.<\/p>","protected":false},"excerpt":{"rendered":"<p>Th\u01b0\u01a1ng hi\u1ec7u Dole Xu\u1ea5t x\u1ee9 Th\u00e1i Lan Th\u00e0nh ph\u1ea7n Ch\u00f4m ch\u00f4m (44%), n\u01b0\u1edbc, \u0111\u01b0\u1eddng (14%),&#8230; H\u1ea1n s\u1eed d\u1ee5ng 24 th\u00e1ng<\/p>","protected":false},"featured_media":26614,"comment_status":"open","ping_status":"closed","template":"","meta":[],"product_brand":[],"product_cat":[36,135,143],"product_tag":[],"class_list":{"0":"post-18559","1":"product","2":"type-product","3":"status-publish","4":"has-post-thumbnail","6":"product_cat-thuc-pham-tieu-dung","7":"product_cat-sua-do-uong","8":"product_cat-thuc-pham-dong-hop","9":"pa_brand-dole","11":"first","12":"instock","13":"sale","14":"shipping-taxable","15":"purchasable","16":"product-type-simple"},"_links":{"self":[{"href":"https:\/\/havamall.vn\/en\/wp-json\/wp\/v2\/product\/18559"}],"collection":[{"href":"https:\/\/havamall.vn\/en\/wp-json\/wp\/v2\/product"}],"about":[{"href":"https:\/\/havamall.vn\/en\/wp-json\/wp\/v2\/types\/product"}],"replies":[{"embeddable":true,"href":"https:\/\/havamall.vn\/en\/wp-json\/wp\/v2\/comments?post=18559"}],"version-history":[{"count":0,"href":"https:\/\/havamall.vn\/en\/wp-json\/wp\/v2\/product\/18559\/revisions"}],"wp:featuredmedia":[{"embeddable":true,"href":"https:\/\/havamall.vn\/en\/wp-json\/wp\/v2\/media\/26614"}],"wp:attachment":[{"href":"https:\/\/havamall.vn\/en\/wp-json\/wp\/v2\/media?parent=18559"}],"wp:term":[{"taxonomy":"product_brand","embeddable":true,"href":"https:\/\/havamall.vn\/en\/wp-json\/wp\/v2\/product_brand?post=18559"},{"taxonomy":"product_cat","embeddable":true,"href":"https:\/\/havamall.vn\/en\/wp-json\/wp\/v2\/product_cat?post=18559"},{"taxonomy":"product_tag","embeddable":true,"href":"https:\/\/havamall.vn\/en\/wp-json\/wp\/v2\/product_tag?post=18559"}],"curies":[{"name":"wp","href":"https:\/\/api.w.org\/{rel}","templated":true}]}}