{"id":18549,"date":"2021-03-08T09:26:31","date_gmt":"2021-03-08T02:26:31","guid":{"rendered":"https:\/\/havamall.vn\/?post_type=product&#038;p=18549"},"modified":"2021-08-17T19:20:22","modified_gmt":"2021-08-17T12:20:22","slug":"tui-rac-tu-phan-huy-uncle-bills","status":"publish","type":"product","link":"https:\/\/havamall.vn\/en\/shop\/tui-rac-tu-phan-huy-uncle-bills\/","title":{"rendered":"T\u00fai R\u00e1c T\u1ef1 Ph\u00e2n H\u1ee7y Uncle Bills"},"content":{"rendered":"<p><span style=\"font-weight: 400\">Uncle Bills (UBL) cung c\u1ea5p h\u01a1n 1800 s\u1ea3n ph\u1ea9m ti\u00eau d\u00f9ng phi th\u01b0\u0323c ph\u00e2\u0309m h\u00e2\u0301p d\u00e2\u0303n, ti\u00ea\u0323n i\u0301ch, gia\u0301 ph\u1ea3i ch\u0103ng. S\u1ea3n ph\u1ea9m bao g\u1ed3m nhi\u1ec1u lo\u1ea1i ha\u0300ng ho\u0301a kh\u00e1c nhau, t\u1eeb \u0111\u1ed3 du\u0300ng nh\u00e0 b\u1ebfp, ch\u0103m s\u00f3c c\u00e1 nh\u00e2n, l\u00e0m s\u1ea1ch nha\u0300 c\u01b0\u0309a, \u0111\u00f4\u0300 l\u01b0u tr\u1eef, ca\u0301c loa\u0323i du\u0323ng cu\u0323, v\u00e2\u0323t du\u0323ng ngo\u00e0i tr\u1eddi v\u00e0 ca\u0309 cho tr\u1ebb em. UBL Lu\u00f4n lu\u00f4n c\u00e2\u0323p nh\u00e2\u0323t ca\u0301c sa\u0309n ph\u00e2\u0309m m\u01a1\u0301i.<\/span><\/p>\n<p><span style=\"font-weight: 400\">S\u1ea3n ph\u1ea9m UBL \u0111\u01b0\u1ee3c s\u1ea3n xu\u1ea5t theo ti\u00eau chu\u1ea9n ch\u1ea5t l\u01b0\u1ee3ng nghi\u00eam ng\u1eb7t c\u1ee7a UBL Hongkong v\u00e0 b\u00e1n t\u1ea1i h\u01a1n 50 qu\u1ed1c gia v\u01a1\u0301i h\u01a1n 10.000 c\u1eeda h\u00e0ng, bao g\u1ed3m ch\u00e2u \u00c2u, \u00dac, Ch\u00e2u \u00c1, Ch\u00e2u Phi. S\u1ee9 m\u1ec7nh c\u1ee7a UBL l\u00e0 cung c\u1ea5p nh\u1eefng s\u1ea3n ph\u1ea9m ti\u1ec7n \u00edch v\u00e0 h\u1ea5p d\u1eabn cho ng\u00f4i nh\u00e0 hi\u1ec7n \u0111\u1ea1i c\u1ee7a ng\u01b0\u1eddi Vi\u1ec7t Nam.<\/span><\/p>\n<p><img fetchpriority=\"high\" decoding=\"async\" class=\"aligncenter\" src=\"https:\/\/cf.shopee.vn\/file\/f6797de1ee745a2dc0d45cb02727d617\" alt=\"T\u00fai \u0110\u1ef1ng R\u00e1c Th\u00fa C\u01b0ng T\u1ef1 Ph\u00e2n H\u1ee7y Uncle Bills PA3372 | Shopee Vi\u1ec7t Nam\" width=\"618\" height=\"618\" \/><\/p>\n<p><span style=\"font-weight: 400\">T\u00fai R\u00e1c T\u1ef1 Ph\u00e2n H\u1ee7y 27L 25 C\u00e1i UBL BC0547 \u0111\u01b0\u1ee3c l\u00e0m b\u1eb1ng v\u1eadt li\u1ec7u b\u1ec1n v\u1eefng v\u00e0 t\u00e1i t\u1ea1o, kh\u00f4ng \u0111\u1ed9c h\u1ea1i, kh\u00f4ng g\u00e2y d\u1ecb \u1ee9ng.\u00a0<\/span><span style=\"font-weight: 400\">T\u00fai \u0110\u1ef1ng r\u00e1c th\u1ea3i t\u1ef1 ph\u00e2n hu\u1ef7 l\u00e0 ph\u01b0\u01a1ng \u00e1n thay th\u1ebf t\u1ed1t h\u01a1n nhi\u1ec1u so v\u1edbi nh\u1ef1a th\u00f4ng th\u01b0\u1eddng. Gi\u1ea3m thi\u1ec3u l\u01b0\u1ee3ng r\u00e1c th\u1ea3i ra m\u00f4i tr\u01b0\u1eddng v\u1edbi c\u01a1 ch\u1ebf t\u1ef1 hu\u1ef7 sau 90 ng\u00e0y.<\/span><\/p>\n<p><img decoding=\"async\" class=\"aligncenter\" src=\"https:\/\/havamall.vn\/wp-content\/uploads\/2021\/03\/8c6f927903d7d9d525b6d679739b08bc.jpg\" alt='T\u00fai r\u00e1c t\u1ef1 ph\u00e2n h\u1ee7y 27L 25PK UBL BC0547 | Lazada.vn' width=\"620\" height=\"877\" \/><\/p>\n<p><span style=\"font-weight: 400\">T\u00fai \u0110\u1ef1ng r\u00e1c th\u1ea3i t\u1ef1 ph\u00e2n hu\u1ef7 s\u1ea1ch s\u1ebd, d\u1ec5 d\u00e0ng thu gom v\u00e0 d\u1ecdn d\u1eb9p sau khi s\u1eed d\u1ee5ng.\u00a0<\/span><span style=\"font-weight: 400\">V\u1edbi thi\u1ebft k\u1ebf nh\u1ecf g\u1ecdn, ti\u1ec7n l\u1ee3i, \u0111\u00e2y s\u1ebd l\u00e0 gi\u1ea3i ph\u00e1p ho\u00e0n h\u1ea3o cho vi\u1ec7c ch\u0103m s\u00f3c th\u00fa c\u01b0ng m\u1ecdi l\u00fac m\u1ecdi n\u01a1i.<\/span><\/p>\n<p><img decoding=\"async\" class=\"aligncenter\" src=\"https:\/\/havamall.vn\/wp-content\/uploads\/2021\/03\/60458b57d7310_003a74496d2946d45c836afa1bab9cf0.jpg_720x720q80.jpg\" alt='T\u00fai r\u00e1c t\u1ef1 ph\u00e2n h\u1ee7y 27L 25PK UBL BC0547 | Lazada.vn' width=\"618\" height=\"618\" \/><\/p>\n<p><span style=\"font-weight: 400\">H\u00e3y thay \u0111\u1ed5i th\u00f3i quen c\u1ee7a b\u1ea1n, b\u1eaft \u0111\u1ea7u s\u1eed d\u1ee5ng t\u00fai r\u00e1c t\u1ef1 ph\u00e2n h\u1ee7y \u0111\u1ec3 chung tay b\u1ea3o v\u1ec7 m\u00f4i tr\u01b0\u1eddng s\u1ed1ng , g\u00f3p ph\u1ea7n b\u1ea3o v\u1ec7 t\u01b0\u01a1ng lai con em ch\u00fang ta.<\/span><\/p>\n<p><span style=\"font-weight: 400\">Quy c\u00e1ch \u0111\u00f3ng g\u00f3i: 1 cu\u1ed9n g\u1ed3m 25 t\u00fai, k\u00edch th\u01b0\u1edbc m\u1ed7i t\u00fai: 66x51cm<\/span><\/p>\n<p>S\u1ea3n ph\u1ea9m hi\u1ec7n \u0111\u00e3 c\u00f3 m\u1eb7t t\u1ea1i Havamall.<\/p>","protected":false},"excerpt":{"rendered":"<p>Uncle Bills (UBL) cung c\u1ea5p h\u01a1n 1800 s\u1ea3n ph\u1ea9m ti\u00eau d\u00f9ng phi th\u01b0\u0323c ph\u00e2\u0309m h\u00e2\u0301p d\u00e2\u0303n, ti\u00ea\u0323n i\u0301ch, gia\u0301 ph\u1ea3i<\/p>","protected":false},"featured_media":18551,"comment_status":"open","ping_status":"closed","template":"","meta":[],"product_brand":[],"product_cat":[393,35],"product_tag":[],"class_list":{"0":"post-18549","1":"product","2":"type-product","3":"status-publish","4":"has-post-thumbnail","6":"product_cat-bep-phong-an","7":"product_cat-nha-cua-doi-song","8":"pa_brand-uncle-bills","10":"first","11":"outofstock","12":"sale","13":"shipping-taxable","14":"purchasable","15":"product-type-simple"},"_links":{"self":[{"href":"https:\/\/havamall.vn\/en\/wp-json\/wp\/v2\/product\/18549"}],"collection":[{"href":"https:\/\/havamall.vn\/en\/wp-json\/wp\/v2\/product"}],"about":[{"href":"https:\/\/havamall.vn\/en\/wp-json\/wp\/v2\/types\/product"}],"replies":[{"embeddable":true,"href":"https:\/\/havamall.vn\/en\/wp-json\/wp\/v2\/comments?post=18549"}],"version-history":[{"count":0,"href":"https:\/\/havamall.vn\/en\/wp-json\/wp\/v2\/product\/18549\/revisions"}],"wp:featuredmedia":[{"embeddable":true,"href":"https:\/\/havamall.vn\/en\/wp-json\/wp\/v2\/media\/18551"}],"wp:attachment":[{"href":"https:\/\/havamall.vn\/en\/wp-json\/wp\/v2\/media?parent=18549"}],"wp:term":[{"taxonomy":"product_brand","embeddable":true,"href":"https:\/\/havamall.vn\/en\/wp-json\/wp\/v2\/product_brand?post=18549"},{"taxonomy":"product_cat","embeddable":true,"href":"https:\/\/havamall.vn\/en\/wp-json\/wp\/v2\/product_cat?post=18549"},{"taxonomy":"product_tag","embeddable":true,"href":"https:\/\/havamall.vn\/en\/wp-json\/wp\/v2\/product_tag?post=18549"}],"curies":[{"name":"wp","href":"https:\/\/api.w.org\/{rel}","templated":true}]}}