{"id":18544,"date":"2021-03-06T11:57:32","date_gmt":"2021-03-06T04:57:32","guid":{"rendered":"https:\/\/havamall.vn\/?post_type=product&#038;p=18544"},"modified":"2021-04-06T17:00:23","modified_gmt":"2021-04-06T10:00:23","slug":"bo-12-but-chi-co-dau-tay-ngo-nghinh-uncle-bills","status":"publish","type":"product","link":"https:\/\/havamall.vn\/en\/shop\/bo-12-but-chi-co-dau-tay-ngo-nghinh-uncle-bills\/","title":{"rendered":"B\u1ed9 12 B\u00fat Ch\u00ec C\u00f3 \u0110\u1ea7u T\u1ea9y Ng\u1ed9 Ngh\u0129nh Uncle Bills"},"content":{"rendered":"<p><span style=\"font-weight: 400\">Uncle Bills (UBL) cung c\u1ea5p h\u01a1n 1800 s\u1ea3n ph\u1ea9m ti\u00eau d\u00f9ng phi th\u01b0\u0323c ph\u00e2\u0309m h\u00e2\u0301p d\u00e2\u0303n, ti\u00ea\u0323n i\u0301ch, gia\u0301 ph\u1ea3i ch\u0103ng. S\u1ea3n ph\u1ea9m bao g\u1ed3m nhi\u1ec1u lo\u1ea1i ha\u0300ng ho\u0301a kh\u00e1c nhau, t\u1eeb \u0111\u1ed3 du\u0300ng nh\u00e0 b\u1ebfp, ch\u0103m s\u00f3c c\u00e1 nh\u00e2n, l\u00e0m s\u1ea1ch nha\u0300 c\u01b0\u0309a, \u0111\u00f4\u0300 l\u01b0u tr\u1eef, ca\u0301c loa\u0323i du\u0323ng cu\u0323, v\u00e2\u0323t du\u0323ng ngo\u00e0i tr\u1eddi v\u00e0 ca\u0309 cho tr\u1ebb em. UBL Lu\u00f4n lu\u00f4n c\u00e2\u0323p nh\u00e2\u0323t ca\u0301c sa\u0309n ph\u00e2\u0309m m\u01a1\u0301i.<\/span><\/p>\n<p><span style=\"font-weight: 400\">S\u1ea3n ph\u1ea9m UBL \u0111\u01b0\u1ee3c s\u1ea3n xu\u1ea5t theo ti\u00eau chu\u1ea9n ch\u1ea5t l\u01b0\u1ee3ng nghi\u00eam ng\u1eb7t c\u1ee7a UBL Hongkong v\u00e0 b\u00e1n t\u1ea1i h\u01a1n 50 qu\u1ed1c gia v\u01a1\u0301i h\u01a1n 10.000 c\u1eeda h\u00e0ng, bao g\u1ed3m ch\u00e2u \u00c2u, \u00dac, Ch\u00e2u \u00c1, Ch\u00e2u Phi. S\u1ee9 m\u1ec7nh c\u1ee7a UBL l\u00e0 cung c\u1ea5p nh\u1eefng s\u1ea3n ph\u1ea9m ti\u1ec7n \u00edch v\u00e0 h\u1ea5p d\u1eabn cho ng\u00f4i nh\u00e0 hi\u1ec7n \u0111\u1ea1i c\u1ee7a ng\u01b0\u1eddi Vi\u1ec7t Nam.<\/span><\/p>\n<p><img fetchpriority=\"high\" decoding=\"async\" class=\"aligncenter\" src=\"https:\/\/cf.shopee.vn\/file\/f6797de1ee745a2dc0d45cb02727d617\" alt=\"T\u00fai \u0110\u1ef1ng R\u00e1c Th\u00fa C\u01b0ng T\u1ef1 Ph\u00e2n H\u1ee7y Uncle Bills PA3372 | Shopee Vi\u1ec7t Nam\" width=\"534\" height=\"534\" \/><\/p>\n<p><span style=\"font-weight: 400\">B\u1ed9 12 b\u00fat ch\u00ec v\u1edbi m\u00e0u s\u1eafc t\u01b0\u01a1i s\u00e1ng gi\u00fap b\u00e9 luy\u1ec7n ch\u1eef ho\u1eb7c d\u00f9ng trong b\u1ed9 m\u00f4n v\u1ebd. \u0110\u1ea7u t\u1ea9y ng\u1ed9 ngh\u0129nh g\u1eafn v\u1edbi b\u00fat ti\u1ec7n l\u1ee3i, tr\u00e1nh tr\u01b0\u1eddng h\u1ee3p t\u1ea9y b\u1ecb th\u1ea5t l\u1ea1c. Sau khi d\u00f9ng xong, b\u1ea1n c\u0169ng c\u00f3 th\u1ebf s\u1eed d\u1ee5ng \u0111\u1ea7u t\u1ea9y \u0111\u1ec3 b\u1ecdc \u0111\u1ea7u ch\u00ec, tr\u00e1nh tr\u01b0\u1eddng h\u1ee3p ch\u00ec b\u1ecb g\u00e3y v\u00e0 m\u00f2n ng\u00f2i ho\u1eb7c d\u00ednh ch\u00ec l\u00ean v\u1ecf t\u00fai b\u00fat ho\u1eb7c balo.<\/span><\/p>\n<p><img decoding=\"async\" class=\"aligncenter\" src=\"https:\/\/havamall.vn\/wp-content\/uploads\/2021\/03\/se0507_532ed9ea0aa14dbf90953950427903f3_large.jpg\" alt=\"B\u1ed9 12 B\u00fat Ch\u00ec C\u00f3 \u0110\u1ea7u T\u1ea9y Ng\u1ed9 Ngh\u0129nh - Uncle Bills\" width=\"525\" height=\"397\" \/><\/p>\n<p><span style=\"font-weight: 400\">B\u00fat ch\u00ec c\u00f3 \u0111\u1ea7u t\u1ea9y ng\u1ed9 ngh\u0129nh UBL c\u00f3 ru\u1ed9t ch\u00ec c\u1ee9ng ch\u1eafc, \u00edt b\u1ecb g\u00e3y v\u1ee1 khi vi\u1ebft hay chu\u1ed1t, cho th\u1eddi gian s\u1eed d\u1ee5ng l\u00e2u d\u00e0i. \u0110\u1ea7u t\u1ea9y \u0111\u01b0\u1ee3c l\u00e0m b\u1eb1ng cao su d\u1ebbo dai, d\u1ec5 d\u00e0ng x\u00f3a s\u1ea1ch c\u00e1c v\u1ebft ch\u00ec m\u00e0 kh\u00f4ng l\u00e0m lem m\u00e0u ch\u00ec ra xung quanh.<\/span><\/p>\n<p><img decoding=\"async\" class=\"aligncenter\" src=\"https:\/\/cf.shopee.vn\/file\/bec27023c7062b49a5149c5c3ed0303a\" alt=\"B\u00fat ch\u00ec k\u00e8m \u0111\u1ea7u t\u1ea9y ng\u1ed9 ngh\u0129nh | Shopee Vi\u1ec7t Nam\" width=\"520\" height=\"520\" \/><\/p>\n<p><span style=\"font-weight: 400\">Th\u00e2n b\u00fat thon d\u00e0i, v\u1eeba tay c\u1ea7m c\u1ee7a tr\u1ebb, gi\u00fap b\u00e9 c\u1ea7m n\u1eafm, thao t\u00e1c d\u1ec5 d\u00e0ng. M\u00e0u s\u1eafc t\u01b0\u01a1i s\u00e1ng, \u0111\u1ea7u t\u1ea9y \u0111\u01b0\u1ee3c thi\u1ebft k\u1ebf h\u00ecnh c\u00e1c con th\u00fa nh\u1ecf \u0111\u00e1ng y\u00eau nh\u01b0: \u1ebfch xanh, ong v\u00e0ng, th\u1ecf tr\u1eafng, b\u01b0\u01a1m b\u01b0\u1edbm&#8230; gi\u00fap b\u00e9 th\u00eam h\u1ee9ng th\u00fa v\u00e0 vui th\u00edch khi h\u1ecdc t\u1eadp.<\/span><\/p>\n<p><img loading=\"lazy\" decoding=\"async\" class=\"aligncenter\" src=\"https:\/\/cf.shopee.vn\/file\/46493fda56e444335a8b018c80466cc4\" alt=\"B\u00fat ch\u00ec k\u00e8m t\u1ea9y nhi\u1ec1u m\u1eabu | Shopee Vi\u1ec7t Nam\" width=\"529\" height=\"529\" \/><\/p>\n<h4><strong>Th\u00f4ng tin s\u1ea3n ph\u1ea9m:<\/strong><\/h4>\n<p><span style=\"font-weight: 400\">&#8211; M\u00e0u s\u1eafc: nhi\u1ec1u m\u00e0u<\/span><\/p>\n<p><span style=\"font-weight: 400\">&#8211; K\u00edch th\u01b0\u1edbc: 23 x 24.5 cm<\/span><\/p>\n<p><span style=\"font-weight: 400\">&#8211; Ch\u1ea5t li\u1ec7u: nh\u1ef1a, cao su, ch\u00ec<\/span><\/p>\n<p><span style=\"font-weight: 400\">&#8211; C\u00e2n n\u1eb7ng: 200g<\/span><\/p>\n<p><span style=\"font-weight: 400\">&#8211; B\u1ed9 s\u1ea3n ph\u1ea9m: 12 b\u00fat<\/span><\/p>\n<p>S\u1ea3n ph\u1ea9m hi\u1ec7n \u0111\u00e3 c\u00f3 m\u1eb7t t\u1ea1i Havamall.<\/p>","protected":false},"excerpt":{"rendered":"<p>Uncle Bills (UBL) cung c\u1ea5p h\u01a1n 1800 s\u1ea3n ph\u1ea9m ti\u00eau d\u00f9ng phi th\u01b0\u0323c ph\u00e2\u0309m h\u00e2\u0301p d\u00e2\u0303n, ti\u00ea\u0323n i\u0301ch, gia\u0301 ph\u1ea3i<\/p>","protected":false},"featured_media":18545,"comment_status":"open","ping_status":"closed","template":"","meta":[],"product_brand":[],"product_cat":[397,35],"product_tag":[],"class_list":{"0":"post-18544","1":"product","2":"type-product","3":"status-publish","4":"has-post-thumbnail","6":"product_cat-hang-me-be-do-choi","7":"product_cat-nha-cua-doi-song","8":"pa_brand-uncle-bills","10":"first","11":"instock","12":"sale","13":"shipping-taxable","14":"purchasable","15":"product-type-simple"},"_links":{"self":[{"href":"https:\/\/havamall.vn\/en\/wp-json\/wp\/v2\/product\/18544"}],"collection":[{"href":"https:\/\/havamall.vn\/en\/wp-json\/wp\/v2\/product"}],"about":[{"href":"https:\/\/havamall.vn\/en\/wp-json\/wp\/v2\/types\/product"}],"replies":[{"embeddable":true,"href":"https:\/\/havamall.vn\/en\/wp-json\/wp\/v2\/comments?post=18544"}],"version-history":[{"count":0,"href":"https:\/\/havamall.vn\/en\/wp-json\/wp\/v2\/product\/18544\/revisions"}],"wp:featuredmedia":[{"embeddable":true,"href":"https:\/\/havamall.vn\/en\/wp-json\/wp\/v2\/media\/18545"}],"wp:attachment":[{"href":"https:\/\/havamall.vn\/en\/wp-json\/wp\/v2\/media?parent=18544"}],"wp:term":[{"taxonomy":"product_brand","embeddable":true,"href":"https:\/\/havamall.vn\/en\/wp-json\/wp\/v2\/product_brand?post=18544"},{"taxonomy":"product_cat","embeddable":true,"href":"https:\/\/havamall.vn\/en\/wp-json\/wp\/v2\/product_cat?post=18544"},{"taxonomy":"product_tag","embeddable":true,"href":"https:\/\/havamall.vn\/en\/wp-json\/wp\/v2\/product_tag?post=18544"}],"curies":[{"name":"wp","href":"https:\/\/api.w.org\/{rel}","templated":true}]}}