{"id":18539,"date":"2021-03-06T11:31:29","date_gmt":"2021-03-06T04:31:29","guid":{"rendered":"https:\/\/havamall.vn\/?post_type=product&#038;p=18539"},"modified":"2021-04-06T16:59:14","modified_gmt":"2021-04-06T09:59:14","slug":"bo-trang-tri-banh-kem-7-mu-uncle-bills","status":"publish","type":"product","link":"https:\/\/havamall.vn\/en\/shop\/bo-trang-tri-banh-kem-7-mu-uncle-bills\/","title":{"rendered":"B\u1ed9 Trang Tr\u00ed B\u00e1nh Kem 7 \u0110\u1ea7u Uncle Bills"},"content":{"rendered":"<p><span style=\"font-weight: 400\">Uncle Bills (UBL) cung c\u1ea5p h\u01a1n 1800 s\u1ea3n ph\u1ea9m ti\u00eau d\u00f9ng phi th\u01b0\u0323c ph\u00e2\u0309m h\u00e2\u0301p d\u00e2\u0303n, ti\u00ea\u0323n i\u0301ch, gia\u0301 ph\u1ea3i ch\u0103ng. S\u1ea3n ph\u1ea9m bao g\u1ed3m nhi\u1ec1u lo\u1ea1i ha\u0300ng ho\u0301a kh\u00e1c nhau, t\u1eeb \u0111\u1ed3 du\u0300ng nh\u00e0 b\u1ebfp, ch\u0103m s\u00f3c c\u00e1 nh\u00e2n, l\u00e0m s\u1ea1ch nha\u0300 c\u01b0\u0309a, \u0111\u00f4\u0300 l\u01b0u tr\u1eef, ca\u0301c loa\u0323i du\u0323ng cu\u0323, v\u00e2\u0323t du\u0323ng ngo\u00e0i tr\u1eddi v\u00e0 ca\u0309 cho tr\u1ebb em. UBL Lu\u00f4n lu\u00f4n c\u00e2\u0323p nh\u00e2\u0323t ca\u0301c sa\u0309n ph\u00e2\u0309m m\u01a1\u0301i.<\/span><\/p>\n<p><span style=\"font-weight: 400\">S\u1ea3n ph\u1ea9m UBL \u0111\u01b0\u1ee3c s\u1ea3n xu\u1ea5t theo ti\u00eau chu\u1ea9n ch\u1ea5t l\u01b0\u1ee3ng nghi\u00eam ng\u1eb7t c\u1ee7a UBL Hongkong v\u00e0 b\u00e1n t\u1ea1i h\u01a1n 50 qu\u1ed1c gia v\u01a1\u0301i h\u01a1n 10.000 c\u1eeda h\u00e0ng, bao g\u1ed3m ch\u00e2u \u00c2u, \u00dac, Ch\u00e2u \u00c1, Ch\u00e2u Phi. S\u1ee9 m\u1ec7nh c\u1ee7a UBL l\u00e0 cung c\u1ea5p nh\u1eefng s\u1ea3n ph\u1ea9m ti\u1ec7n \u00edch v\u00e0 h\u1ea5p d\u1eabn cho ng\u00f4i nh\u00e0 hi\u1ec7n \u0111\u1ea1i c\u1ee7a ng\u01b0\u1eddi Vi\u1ec7t Nam.<\/span><\/p>\n<p><img fetchpriority=\"high\" decoding=\"async\" class=\"aligncenter\" src=\"https:\/\/cf.shopee.vn\/file\/f6797de1ee745a2dc0d45cb02727d617\" alt=\"T\u00fai \u0110\u1ef1ng R\u00e1c Th\u00fa C\u01b0ng T\u1ef1 Ph\u00e2n H\u1ee7y Uncle Bills PA3372 | Shopee Vi\u1ec7t Nam\" width=\"500\" height=\"499\" \/><\/p>\n<p><span style=\"font-weight: 400\">B\u1ed9 d\u1ee5ng c\u1ee5 trang tr\u00ed b\u00e1nh kem 7 m\u0169 Uncle Bills l\u00e0 &#8220;tr\u1ee3 th\u1ee7&#8221; \u0111\u1eafc l\u1ef1c \u0111\u1ec3 c\u00e1c ch\u1ecb em trang tr\u00ed c\u00e1c m\u00f3n b\u00e1nh kem c\u1ee7a m\u00ecnh h\u1ea5p d\u1eabn nh\u01b0 \u00fd. B\u1ed9 s\u1ea3n ph\u1ea9m g\u1ed3m c\u00f3 1 \u1ed1ng b\u01a1m kem th\u00f4ng minh v\u00e0 7 m\u0169 b\u1eafn kem v\u1edbi nhi\u1ec1u h\u00ecnh d\u00e1ng \u0111\u1ed9c \u0111\u00e1o kh\u00e1c nhau. Cho b\u1ea1n tha h\u1ed3 s\u00e1ng t\u1ea1o v\u00e0 trang tr\u00ed b\u00e1nh kem theo theo phong c\u00e1ch ri\u00eang c\u1ee7a b\u1ea1n.<\/span><\/p>\n<p><img decoding=\"async\" class=\"aligncenter\" src=\"https:\/\/havamall.vn\/wp-content\/uploads\/2021\/03\/bo-trang-tri-banh-kem.jpg\" alt=\"T\u01b0 v\u1ea5n c\u00f4ng b\u1ed1 h\u1ee3p quy b\u1ed9 trang tr\u00ed b\u00e1nh kem | VIETPAT\" width=\"495\" height=\"310\" \/><\/p>\n<p><span style=\"font-weight: 400\">\u1ed0ng b\u01a1m kem c\u00f3 thi\u1ebft k\u1ebf th\u00f4ng minh, \u0111\u1ef1ng \u0111\u01b0\u1ee3c nhi\u1ec1u kem h\u01a1n, b\u01a1m s\u1ea1ch kem h\u01a1n. \u0110\u1ed3ng th\u1eddi 7 m\u0169 b\u01a1m kem k\u00e8m theo c\u00f3 nhi\u1ec1u h\u00ecnh d\u00e1ng \u0111\u1ed9c \u0111\u00e1o kh\u00e1c nhau cho b\u1ea1n th\u1ecfa th\u00edch b\u01a1m v\u00e0 t\u1ea1o nhi\u1ec1u ki\u1ec3u theo \u00fd mu\u1ed1n.\u00a0<\/span><\/p>\n<p><img decoding=\"async\" class=\"aligncenter\" src=\"https:\/\/havamall.vn\/wp-content\/uploads\/2021\/03\/kt0126-1__2__grande.jpg\" alt=\"B\u1ed9 Trang Tr\u00ed B\u00e1nh Kem 7 M\u0169 - Uncle Bills\" \/><\/p>\n<p><span style=\"font-weight: 400\">V\u1edbi b\u1ed9 d\u1ee5ng c\u1ee5 trang tr\u00ed b\u00e1nh kem 7 m\u0169, vi\u1ec7c trang tr\u00ed b\u00e1nh kem c\u1ee7a b\u1ea1n s\u1ebd tr\u1edf n\u00ean c\u1ef1c k\u1ef3 \u0111\u01a1n gi\u1ea3n, cho d\u00f9 b\u1ea1n l\u00e0 ng\u01b0\u1eddi m\u1edbi t\u1eadp l\u00e0m b\u00e1nh kem hay l\u00e0 nh\u1eefng c\u00f4 n\u00e0ng l\u00e0m b\u00e1nh chuy\u00ean nghi\u1ec7p.<\/span><\/p>\n<p><span style=\"font-weight: 400\">Ch\u1ea5t li\u1ec7u cao c\u1ea5p. B\u1ed9 d\u1ee5ng c\u1ee5 trang tr\u00ed b\u00e1nh kem 7 m\u0169\u00a0 \u0111\u01b0\u1ee3c l\u00e0m t\u1eeb nh\u1ef1a cao c\u1ea5p, ki\u1ec3m \u0111\u1ecbnh theo ti\u00eau chu\u1ea9n Ch\u00e2u \u00c2u, tuy\u1ec7t \u0111\u1ed1i an to\u00e0n cho s\u1ee9c kh\u1ecfe ng\u01b0\u1eddi s\u1eed d\u1ee5ng.<\/span><\/p>\n<p><img decoding=\"async\" class=\"aligncenter\" src=\"https:\/\/havamall.vn\/wp-content\/uploads\/2021\/03\/kt0126_8f104ffec35d4cdda9bc4be1d2a8730e_grande.jpg\" alt=\"B\u1ed9 Trang Tr\u00ed B\u00e1nh Kem 7 M\u0169 - Uncle Bills\" \/><\/p>\n<h4><strong>\u0110\u1eb7c \u0111i\u1ec3m s\u1ea3n ph\u1ea9m:<\/strong><\/h4>\n<p>&#8211; B\u1ed9 s\u1ea3n ph\u1ea9m c\u00f3 m\u1ed9t \u1ed1ng b\u01a1m kem c\u00f3 s\u1eb5n m\u0169, k\u00e8m th\u00eam 7 m\u0169 r\u1eddi \u0111\u1ec3 b\u1ea1n thay \u0111\u1ed5i.<\/p>\n<p>&#8211; D\u1ec5 d\u00e0ng th\u00e1o r\u00e1p, v\u00e0 v\u1ec7 sinh.<\/p>\n<p>&#8211; Cho b\u1ea1n tho\u1ea3i m\u00e1i trang tr\u00ed v\u00e0 s\u00e1ng t\u1ea1o theo phong c\u00e1ch ri\u00eang.<\/p>\n<p>S\u1ea3n ph\u1ea9m hi\u1ec7n \u0111\u00e3 c\u00f3 m\u1eb7t t\u1ea1i Havamall.<\/p>","protected":false},"excerpt":{"rendered":"<p>Uncle Bills (UBL) cung c\u1ea5p h\u01a1n 1800 s\u1ea3n ph\u1ea9m ti\u00eau d\u00f9ng phi th\u01b0\u0323c ph\u00e2\u0309m h\u00e2\u0301p d\u00e2\u0303n, ti\u00ea\u0323n i\u0301ch, gia\u0301 ph\u1ea3i<\/p>","protected":false},"featured_media":18540,"comment_status":"open","ping_status":"closed","template":"","meta":[],"product_brand":[],"product_cat":[393,35],"product_tag":[],"class_list":{"0":"post-18539","1":"product","2":"type-product","3":"status-publish","4":"has-post-thumbnail","6":"product_cat-bep-phong-an","7":"product_cat-nha-cua-doi-song","8":"pa_brand-uncle-bills","10":"first","11":"instock","12":"sale","13":"shipping-taxable","14":"purchasable","15":"product-type-simple"},"_links":{"self":[{"href":"https:\/\/havamall.vn\/en\/wp-json\/wp\/v2\/product\/18539"}],"collection":[{"href":"https:\/\/havamall.vn\/en\/wp-json\/wp\/v2\/product"}],"about":[{"href":"https:\/\/havamall.vn\/en\/wp-json\/wp\/v2\/types\/product"}],"replies":[{"embeddable":true,"href":"https:\/\/havamall.vn\/en\/wp-json\/wp\/v2\/comments?post=18539"}],"version-history":[{"count":0,"href":"https:\/\/havamall.vn\/en\/wp-json\/wp\/v2\/product\/18539\/revisions"}],"wp:featuredmedia":[{"embeddable":true,"href":"https:\/\/havamall.vn\/en\/wp-json\/wp\/v2\/media\/18540"}],"wp:attachment":[{"href":"https:\/\/havamall.vn\/en\/wp-json\/wp\/v2\/media?parent=18539"}],"wp:term":[{"taxonomy":"product_brand","embeddable":true,"href":"https:\/\/havamall.vn\/en\/wp-json\/wp\/v2\/product_brand?post=18539"},{"taxonomy":"product_cat","embeddable":true,"href":"https:\/\/havamall.vn\/en\/wp-json\/wp\/v2\/product_cat?post=18539"},{"taxonomy":"product_tag","embeddable":true,"href":"https:\/\/havamall.vn\/en\/wp-json\/wp\/v2\/product_tag?post=18539"}],"curies":[{"name":"wp","href":"https:\/\/api.w.org\/{rel}","templated":true}]}}