{"id":18533,"date":"2021-03-06T10:55:54","date_gmt":"2021-03-06T03:55:54","guid":{"rendered":"https:\/\/havamall.vn\/?post_type=product&#038;p=18533"},"modified":"2021-12-07T11:11:10","modified_gmt":"2021-12-07T04:11:10","slug":"18533","status":"publish","type":"product","link":"https:\/\/havamall.vn\/en\/shop\/18533\/","title":{"rendered":"B\u0103ng Cu\u1ed1n Th\u1ec3 Thao Uncle Bills"},"content":{"rendered":"<p><span style=\"font-weight: 400\">Uncle Bills (UBL) cung c\u1ea5p h\u01a1n 1800 s\u1ea3n ph\u1ea9m ti\u00eau d\u00f9ng phi th\u01b0\u0323c ph\u00e2\u0309m h\u00e2\u0301p d\u00e2\u0303n, ti\u00ea\u0323n i\u0301ch, gia\u0301 ph\u1ea3i ch\u0103ng. S\u1ea3n ph\u1ea9m bao g\u1ed3m nhi\u1ec1u lo\u1ea1i ha\u0300ng ho\u0301a kh\u00e1c nhau, t\u1eeb \u0111\u1ed3 du\u0300ng nh\u00e0 b\u1ebfp, ch\u0103m s\u00f3c c\u00e1 nh\u00e2n, l\u00e0m s\u1ea1ch nha\u0300 c\u01b0\u0309a, \u0111\u00f4\u0300 l\u01b0u tr\u1eef, ca\u0301c loa\u0323i du\u0323ng cu\u0323, v\u00e2\u0323t du\u0323ng ngo\u00e0i tr\u1eddi v\u00e0 ca\u0309 cho tr\u1ebb em. UBL Lu\u00f4n lu\u00f4n c\u00e2\u0323p nh\u00e2\u0323t ca\u0301c sa\u0309n ph\u00e2\u0309m m\u01a1\u0301i.<\/span><\/p>\n<p><span style=\"font-weight: 400\">S\u1ea3n ph\u1ea9m UBL \u0111\u01b0\u1ee3c s\u1ea3n xu\u1ea5t theo ti\u00eau chu\u1ea9n ch\u1ea5t l\u01b0\u1ee3ng nghi\u00eam ng\u1eb7t c\u1ee7a UBL Hongkong v\u00e0 b\u00e1n t\u1ea1i h\u01a1n 50 qu\u1ed1c gia v\u01a1\u0301i h\u01a1n 10.000 c\u1eeda h\u00e0ng, bao g\u1ed3m ch\u00e2u \u00c2u, \u00dac, Ch\u00e2u \u00c1, Ch\u00e2u Phi. S\u1ee9 m\u1ec7nh c\u1ee7a UBL l\u00e0 cung c\u1ea5p nh\u1eefng s\u1ea3n ph\u1ea9m ti\u1ec7n \u00edch v\u00e0 h\u1ea5p d\u1eabn cho ng\u00f4i nh\u00e0 hi\u1ec7n \u0111\u1ea1i c\u1ee7a ng\u01b0\u1eddi Vi\u1ec7t Nam.<\/span><\/p>\n<p><img fetchpriority=\"high\" decoding=\"async\" class=\"aligncenter\" src=\"https:\/\/cf.shopee.vn\/file\/f6797de1ee745a2dc0d45cb02727d617\" alt=\"T\u00fai \u0110\u1ef1ng R\u00e1c Th\u00fa C\u01b0ng T\u1ef1 Ph\u00e2n H\u1ee7y Uncle Bills PA3372 | Shopee Vi\u1ec7t Nam\" width=\"533\" height=\"533\" \/><\/p>\n<p><span style=\"font-weight: 400\">B\u0103ng cu\u1ed1n th\u1ec3 thao UBL s\u1eed d\u1ee5ng \u0111\u1ec3 b\u0103ng c\u1ed5 tay, c\u1ed5 ch\u00e2n, \u0111\u1ea7u g\u1ed1i, c\u00f9i ch\u1ecf&#8230;c\u00e1c khu v\u1ef1c tr\u00ean c\u01a1 th\u1ec3 khi t\u1eadp luy\u1ec7n c\u00f3 nguy c\u01a1 d\u1ec5 b\u1ecb ch\u1ea5n th\u01b0\u01a1ng. B\u0103ng cu\u1ed1n c\u00f3 t\u00e1c d\u1ee5ng h\u1ed7 tr\u1ee3 gi\u1ea3m thi\u1ec3u tai n\u1ea1n do luy\u1ec7n t\u1eadp, ho\u1eb7c ch\u01a1i c\u00e1c m\u00f4n th\u1ec3 thao s\u1eed d\u1ee5ng l\u1ef1c m\u1ea1nh, c\u01b0\u1eddng \u0111\u1ed9 t\u1eadp luy\u1ec7n cao.<\/span><\/p>\n<p><img decoding=\"async\" class=\"aligncenter\" src=\"https:\/\/havamall.vn\/wp-content\/uploads\/2021\/03\/ubl-ag0446-bang-cuon-the-thao-45m-x-38mm-1520312085-439882-9e2d5045b7e6127df158a172bd370d4a-zoom.jpg\" alt=\"B\u00e1n Chi ti\u1ebft s\u1ea3n ph\u1ea9m UBL AG0446 - B\u0103ng cu\u1ed1n th\u1ec3 thao 4.5m x 38mm | B\u00e1o Gi\u00e1 R\u1ebb 62.000\u20ab\" width=\"521\" height=\"521\" \/><\/p>\n<p><span style=\"font-weight: 400\">T\u1eeb nay b\u1ea1n s\u1ebd tho\u1ea3i m\u00e1i t\u1eadp luy\u1ec7n h\u01a1n, t\u0103ng c\u01b0\u1eddng \u0111\u01b0\u1ee3c s\u1ee9c kh\u1ecfe, gi\u1eef \u0111\u01b0\u1ee3c v\u00f3c d\u00e1ng s\u0103n ch\u1eafc kh\u1ecfe m\u1ea1nh c\u00f9ng m\u1ed9t tinh th\u1ea7n minh m\u1eabn, s\u1ea3ng kho\u00e1i.<\/span><\/p>\n<p><span style=\"font-weight: 400\">Ch\u1ea5t li\u1ec7u thun v\u00e0 cao su kh\u00f4ng t\u1ea1p ch\u1ea5t. S\u1ea3n ph\u1ea9m \u0111\u01b0\u1ee3c l\u00e0m t\u1eeb ch\u1ea5t li\u1ec7u thun v\u00e0 cao su kh\u00f4ng t\u1ea1p ch\u1ea5t, an to\u00e0n cho l\u00e0n da. B\u0103ng c\u00f3 \u0111\u1ed9 \u0111\u00e0n h\u1ed3i cao, gi\u00fap b\u1ea3o v\u1ec7 khu\u1ef7u tay, kh\u1ee7y ch\u00e2n&#8230;gi\u1ea3m rung khi ch\u01a1i th\u1ec3 thao.<\/span><\/p>\n<p><img decoding=\"async\" class=\"aligncenter\" src=\"https:\/\/havamall.vn\/wp-content\/uploads\/2021\/03\/ag0446__1__large.jpg\" width=\"514\" height=\"514\" \/><\/p>\n<h4><strong>\u0110\u1eb7c \u0111i\u1ec3m n\u1ed5i b\u1eadt:<\/strong><\/h4>\n<p><span style=\"font-weight: 400\">&#8211; H\u1ed7 tr\u1ee3 vi\u1ec7c ng\u0103n ng\u1eeba ch\u1ea5n th\u01b0\u01a1ng khi t\u1eadp luy\u1ec7n th\u1ec3 thao<\/span><\/p>\n<p><span style=\"font-weight: 400\">&#8211; K\u00edch th\u01b0\u1edbc: 3.8cm X 9 m\u00e9t\u00a0\u00a0<\/span><\/p>\n<p><span style=\"font-weight: 400\">&#8211; M\u00e0u s\u1eafc: Tr\u1eafng<\/span><\/p>\n<p><span style=\"font-weight: 400\">&#8211; B\u1ed9 s\u1ea3n ph\u1ea9m bao g\u1ed3m: 1 x 1 b\u0103ng cu\u1ed1n th\u1ec3 thao<\/span><\/p>\n<p><img loading=\"lazy\" decoding=\"async\" class=\"aligncenter\" src=\"https:\/\/cf.shopee.vn\/file\/79de618810fa45f40c78f0ca60337316_tn\" alt=\"B\u0103ng Cu\u1ed1n Th\u1ec3 Thao 4,5M X 38mm UBL AG0446 | V\u1edb th\u1ec3 thao | MuaTheThao.com\" width=\"463\" height=\"463\" \/><\/p>\n<h4><strong>C\u00f4ng d\u1ee5ng:<\/strong><\/h4>\n<p><span style=\"font-weight: 400\">&#8211; B\u0103ng c\u00f3 \u0111\u1ed9 \u0111\u00e0n h\u1ed3i cao gi\u00fap b\u1ea3o v\u1ec7 khu\u1ef7u tay kh\u1ee7y ch\u00e2n\u2026 gi\u1ea3m rung khi ch\u01a1i th\u1ec3 thao.<\/span><\/p>\n<p><span style=\"font-weight: 400\">&#8211; H\u1ed7 tr\u1ee3 vi\u1ec7c ng\u0103n ng\u1eeba ch\u1ea5n th\u01b0\u01a1ng khi t\u1eadp luy\u1ec7n th\u1ec3 thao.<\/span><\/p>\n<h4><strong>H\u01b0\u1edbng d\u1eabn s\u1eed d\u1ee5ng:<\/strong><\/h4>\n<p><span style=\"font-weight: 400\">S\u1eed d\u1ee5ng \u0111\u1ec3 b\u0103ng c\u1ed5 tay c\u1ed5 ch\u00e2n \u0111\u1ea7u g\u1ed1i c\u00f9i ch\u1ecf\u2026 c\u00e1c khu v\u1ef1c tr\u00ean c\u01a1 th\u1ec3 khi t\u1eadp luy\u1ec7n c\u00f3 nguy c\u01a1 d\u1ec5 b\u1ecb ch\u1ea5n th\u01b0\u01a1ng.<\/span><\/p>\n<p><img loading=\"lazy\" decoding=\"async\" class=\"aligncenter\" src=\"https:\/\/cf.shopee.vn\/file\/d8cc222e23b09da90477b55cb16273bd\" alt=\"B\u0103ng Cu\u1ed1n Th\u1ec3 Thao UBL AG0033 | Shopee Vi\u1ec7t Nam\" width=\"517\" height=\"517\" \/><\/p>\n<h4><strong>B\u1ea3o qu\u1ea3n:<\/strong><\/h4>\n<p><span style=\"font-weight: 400\">&#8211; N\u01a1i kh\u00f4 nhi\u1ec7t \u0111\u1ed9 d\u01b0\u1edbi 35\u00b0C tr\u00e1nh \u00e1nh s\u00e1ng.<\/span><\/p>\n<p><span style=\"font-weight: 400\">&#8211; Ch\u1ec9 s\u1eed d\u1ee5ng b\u00ean ngo\u00e0i.<\/span><\/p>\n<p>S\u1ea3n ph\u1ea9m hi\u1ec7n \u0111\u00e3 c\u00f3 m\u1eb7t t\u1ea1i Havamall.<\/p>","protected":false},"excerpt":{"rendered":"<p>Uncle Bills (UBL) cung c\u1ea5p h\u01a1n 1800 s\u1ea3n ph\u1ea9m ti\u00eau d\u00f9ng phi th\u01b0\u0323c ph\u00e2\u0309m h\u00e2\u0301p d\u00e2\u0303n, ti\u00ea\u0323n i\u0301ch, gia\u0301 ph\u1ea3i<\/p>","protected":false},"featured_media":18534,"comment_status":"open","ping_status":"closed","template":"","meta":[],"product_brand":[],"product_cat":[396,35],"product_tag":[],"class_list":{"0":"post-18533","1":"product","2":"type-product","3":"status-publish","4":"has-post-thumbnail","6":"product_cat-suc-khoe-lam-dep","7":"product_cat-nha-cua-doi-song","8":"pa_brand-uncle-bills","10":"first","11":"outofstock","12":"sale","13":"shipping-taxable","14":"purchasable","15":"product-type-simple"},"_links":{"self":[{"href":"https:\/\/havamall.vn\/en\/wp-json\/wp\/v2\/product\/18533"}],"collection":[{"href":"https:\/\/havamall.vn\/en\/wp-json\/wp\/v2\/product"}],"about":[{"href":"https:\/\/havamall.vn\/en\/wp-json\/wp\/v2\/types\/product"}],"replies":[{"embeddable":true,"href":"https:\/\/havamall.vn\/en\/wp-json\/wp\/v2\/comments?post=18533"}],"version-history":[{"count":0,"href":"https:\/\/havamall.vn\/en\/wp-json\/wp\/v2\/product\/18533\/revisions"}],"wp:featuredmedia":[{"embeddable":true,"href":"https:\/\/havamall.vn\/en\/wp-json\/wp\/v2\/media\/18534"}],"wp:attachment":[{"href":"https:\/\/havamall.vn\/en\/wp-json\/wp\/v2\/media?parent=18533"}],"wp:term":[{"taxonomy":"product_brand","embeddable":true,"href":"https:\/\/havamall.vn\/en\/wp-json\/wp\/v2\/product_brand?post=18533"},{"taxonomy":"product_cat","embeddable":true,"href":"https:\/\/havamall.vn\/en\/wp-json\/wp\/v2\/product_cat?post=18533"},{"taxonomy":"product_tag","embeddable":true,"href":"https:\/\/havamall.vn\/en\/wp-json\/wp\/v2\/product_tag?post=18533"}],"curies":[{"name":"wp","href":"https:\/\/api.w.org\/{rel}","templated":true}]}}