{"id":18527,"date":"2021-03-06T10:23:49","date_gmt":"2021-03-06T03:23:49","guid":{"rendered":"https:\/\/havamall.vn\/?post_type=product&#038;p=18527"},"modified":"2021-08-17T19:20:33","modified_gmt":"2021-08-17T12:20:33","slug":"tui-gel-chuom-nong-hoac-lanh-uncle-bills","status":"publish","type":"product","link":"https:\/\/havamall.vn\/en\/shop\/tui-gel-chuom-nong-hoac-lanh-uncle-bills\/","title":{"rendered":"T\u00fai Gel Ch\u01b0\u1eddm N\u00f3ng Ho\u1eb7c L\u1ea1nh Uncle Bills"},"content":{"rendered":"<p><span style=\"font-weight: 400\">Uncle Bills (UBL) cung c\u1ea5p h\u01a1n 1800 s\u1ea3n ph\u1ea9m ti\u00eau d\u00f9ng phi th\u01b0\u0323c ph\u00e2\u0309m h\u00e2\u0301p d\u00e2\u0303n, ti\u00ea\u0323n i\u0301ch, gia\u0301 ph\u1ea3i ch\u0103ng. S\u1ea3n ph\u1ea9m bao g\u1ed3m nhi\u1ec1ulo\u1ea1i ha\u0300ng ho\u0301a kh\u00e1c nhau, t\u1eeb \u0111\u1ed3 du\u0300ng nh\u00e0 b\u1ebfp, ch\u0103m s\u00f3c c\u00e1 nh\u00e2n, l\u00e0m s\u1ea1ch nha\u0300 c\u01b0\u0309a, \u0111\u00f4\u0300 l\u01b0u tr\u1eef, ca\u0301c loa\u0323i du\u0323ng cu\u0323, v\u00e2\u0323t du\u0323ng ngo\u00e0i tr\u1eddi v\u00e0 ca\u0309 cho tr\u1ebb em.UBL Lu\u00f4n lu\u00f4n c\u00e2\u0323p nh\u00e2\u0323t ca\u0301c sa\u0309n ph\u00e2\u0309m m\u01a1\u0301i.<\/span><\/p>\n<p><span style=\"font-weight: 400\">S\u1ea3n ph\u1ea9m UBL \u0111\u01b0\u1ee3c s\u1ea3n xu\u1ea5t theo ti\u00eau chu\u1ea9n ch\u1ea5t l\u01b0\u1ee3ng nghi\u00eam ng\u1eb7t c\u1ee7a UBL Hongkong v\u00e0 b\u00e1n t\u1ea1i h\u01a1n 50 qu\u1ed1c gia v\u01a1\u0301i h\u01a1n 10.000 c\u1eeda h\u00e0ng, bao g\u1ed3m ch\u00e2u \u00c2u, \u00dac, Ch\u00e2u \u00c1, Ch\u00e2u Phi. S\u1ee9 m\u1ec7nh c\u1ee7a UBL l\u00e0 cung c\u1ea5p nh\u1eefng s\u1ea3n ph\u1ea9m ti\u1ec7n \u00edch v\u00e0 h\u1ea5p d\u1eabn cho ng\u00f4i nh\u00e0 hi\u1ec7n \u0111\u1ea1i c\u1ee7a ng\u01b0\u1eddi Vi\u1ec7t Nam.<\/span><\/p>\n<p><img fetchpriority=\"high\" decoding=\"async\" class=\"wp-image-19127 aligncenter\" src=\"https:\/\/havamall.vn\/wp-content\/uploads\/2021\/03\/91384831_2534830543399680_6443312398475460608_n-1-300x168.png\" alt=\"\" width=\"614\" height=\"344\" srcset=\"https:\/\/havamall.vn\/wp-content\/uploads\/2021\/03\/91384831_2534830543399680_6443312398475460608_n-1-300x168.png 300w, https:\/\/havamall.vn\/wp-content\/uploads\/2021\/03\/91384831_2534830543399680_6443312398475460608_n-1-430x241.png 430w, https:\/\/havamall.vn\/wp-content\/uploads\/2021\/03\/91384831_2534830543399680_6443312398475460608_n-1-150x84.png 150w, https:\/\/havamall.vn\/wp-content\/uploads\/2021\/03\/91384831_2534830543399680_6443312398475460608_n-1-700x393.png 700w, https:\/\/havamall.vn\/wp-content\/uploads\/2021\/03\/91384831_2534830543399680_6443312398475460608_n-1-768x431.png 768w, https:\/\/havamall.vn\/wp-content\/uploads\/2021\/03\/91384831_2534830543399680_6443312398475460608_n-1-600x337.png 600w, https:\/\/havamall.vn\/wp-content\/uploads\/2021\/03\/91384831_2534830543399680_6443312398475460608_n-1.png 828w\" sizes=\"(max-width: 614px) 100vw, 614px\" \/><\/p>\n<p>T\u00fai gel ch\u01b0\u1eddm n\u00f3ng ho\u1eb7c l\u1ea1nh Uncle Bills <span style=\"font-weight: 400\">v\u1edbi thi\u1ebft k\u1ebf \u0111\u1ed9c \u0111\u00e1o, c\u00f3 th\u1ec3 ch\u01b0\u1eddm n\u00f3ng hay l\u1ea1nh t\u00f9y theo nhu c\u1ea7u. Th\u00e0nh ph\u1ea7n 100% h\u1ea1t gel, \u0111\u1ecbnh h\u00ecnh t\u1ed1t tr\u00ean v\u1ebft th\u01b0\u01a1ng hay v\u00f9ng da c\u1ea7n ch\u1eefa tr\u1ecb.<\/span> <span style=\"font-weight: 400\">V\u1edbi thi\u1ebft k\u1ebf v\u01b0\u1ee3t tr\u1ed9i, t\u00fai gel ch\u01b0\u1eddm n\u00f3ng l\u1ea1nh ph\u00f9 h\u1ee3p v\u1edbi c\u1ea3 ng\u01b0\u1eddi l\u1edbn v\u00e0 tr\u1ebb em.<\/span><\/p>\n<p><img decoding=\"async\" class=\"aligncenter\" src=\"https:\/\/havamall.vn\/wp-content\/uploads\/2021\/03\/AG2083-2.jpg\" alt=\"T\u00fai gel ch\u01b0\u1eddm n\u00f3ng ho\u1eb7c l\u1ea1nh Uncle bills AG2083\" width=\"612\" height=\"460\" \/><\/p>\n<p><span style=\"font-weight: 400\">T\u00fai gel ch\u01b0\u1eddm n\u00f3ng l\u1ea1nh l\u00e0m gi\u1ea3m \u0111au, tan v\u1ebft b\u1ea7m, l\u00e0m gi\u1ea3m nh\u1eb9 c\u00e1c ch\u1ea5n th\u01b0\u01a1ng x\u01b0\u01a1ng kh\u1edbp v\u00e0 nh\u1eefng b\u1ed9 ph\u1eadn kh\u00e1c. T\u00f9y v\u00e0o m\u1ee5c \u0111\u00edch s\u1eed d\u1ee5ng, ng\u01b0\u1eddi d\u00f9ng c\u00f3 th\u1ec3 \u0111i\u1ec1u ch\u1ec9nh nhi\u1ec7t \u0111\u1ed9 c\u1ee7a t\u00fai ch\u01b0\u1eddm: B\u1ecf v\u00e0o ng\u0103n \u0111\u00e1 t\u1ee7 l\u1ea1nh 2 gi\u1edd ( ch\u01b0\u1eddm l\u1ea1nh) ho\u1eb7c b\u1ecf v\u00e0o l\u00f2 vi s\u00f3ng ( ch\u01b0\u1eddm n\u00f3ng) trong kho\u1ea3ng 15 gi\u00e2y.<\/span><\/p>\n<p><img decoding=\"async\" class=\"aligncenter\" src=\"https:\/\/havamall.vn\/wp-content\/uploads\/2021\/03\/ubl_1_grande.jpg\" \/><\/p>\n<p><span style=\"font-weight: 400\">T\u00fai gel ch\u01b0\u1eddm n\u00f3ng l\u1ea1nh c\u00f3 r\u1ea5t nhi\u1ec1u ch\u1ee9c n\u0103ng: gi\u1ea3m \u0111au, tan v\u1ebft b\u1ea7m, ch\u1eefa bong g\u00e2n, r\u00e1ch kh\u1edbp&#8230;<\/span><span style=\"font-weight: 400\">Thi\u1ebft k\u1ebf t\u00fai r\u1ea5t nh\u1ecf g\u1ecdn, d\u1ec5 d\u00e0ng mang theo trong c\u00e1c chuy\u1ebfn \u0111i d\u00e3 ngo\u1ea1i xa ho\u1eb7c khi c\u00f3 nhu c\u1ea7u.\u00a0<\/span><span style=\"font-weight: 400\">\u0110\u00e2y l\u00e0 m\u1ed9t s\u1ea3n ph\u1ea9m kh\u00f4ng th\u1ec3 thi\u1ebfu cho m\u1ed7i gia \u0111\u00ecnh.<\/span><\/p>\n<p><img decoding=\"async\" class=\"aligncenter\" src=\"https:\/\/havamall.vn\/wp-content\/uploads\/2021\/03\/landscape-1445902266-g-injury-136811282_grande.jpg\" width=\"596\" height=\"298\" \/><\/p>\n<h4><strong>C\u00f4ng d\u1ee5ng:<\/strong><\/h4>\n<p>&#8211; Gi\u00fap gi\u1eef \u1ea5m cho ph\u1ee5 n\u1eef sau khi sinh ho\u1eb7c s\u01b0\u1edfi \u1ea5m trong ng\u00e0y l\u1ea1nh.<\/p>\n<p>&#8211; Gi\u1ea3m \u0111au l\u01b0ng m\u00e3n t\u00ednh; \u0111au nh\u1ee9c v\u00f9ng m\u00f4ng, \u0111\u00f9i do ng\u1ed3i l\u00e2u kh\u00f4ng ho\u1ea1t \u0111\u1ed9ng.<\/p>\n<p>&#8211; Th\u00fac \u0111\u1ea9y m\u00e1u l\u01b0u th\u00f4ng, ch\u1eefa \u0111au \u0111\u1ea7u, gi\u1ea3m nh\u1eb9 ch\u1ee9ng co r\u00fat c\u01a1 b\u1eafp, tan v\u1ebft b\u1ea7m, nh\u1ee9c m\u1ecfi, c\u1ee9ng c\u1ed5, ph\u00f2ng b\u1ec7nh c\u1ed9t s\u1ed1ng.<\/p>\n<p>&#8211; Ch\u1eefa \u0111au b\u1ee5ng kinh ho\u1eb7c \u0111au b\u1ee5ng do b\u1ecb l\u1ea1nh<\/p>\n<p>&#8211; Gi\u1ea3m \u0111au nh\u1ee9c x\u01b0\u01a1ng kh\u1edbp.<\/p>\n<p><img loading=\"lazy\" decoding=\"async\" class=\"aligncenter\" src=\"https:\/\/havamall.vn\/wp-content\/uploads\/2021\/03\/hot_cold_pack_7e69f3e9323b403e960ac09f2d3c2d40_grande.jpg\" alt=\"3 M\u1eb8O HAY GI\u1ea2I NHI\u1ec6T CHO C\u01a0 TH\u1ec2 TRONG NG\u00c0Y N\u1eaeNG N\u00d3NG - UNCLE BILLS\" width=\"600\" height=\"600\" \/><\/p>\n<h4><strong>H\u01b0\u1edbng d\u1eabn s\u1eed d\u1ee5ng:<\/strong><\/h4>\n<p><span style=\"font-weight: 400\">&#8211; Ch\u01b0\u1eddm n\u00f3ng: Kh\u1edfi \u0111\u1ed9ng l\u00f2 vi s\u00f3ng trong kho\u1ea3ng 15 ph\u00fat sau \u0111\u00f3 cho kh\u0103n v\u00e0o l\u00f2 kh\u00f4ng qu\u00e1 15s gi\u00e2y.<\/span><\/p>\n<p><span style=\"font-weight: 400\">&#8211; Ch\u01b0\u1eddm l\u1ea1nh: B\u1ecf v\u00e0o ng\u0103n m\u00e1t t\u1ee7 l\u1ea1nh trong 3 gi\u1edd ho\u1eb7c ng\u0103n \u0111\u00f4ng trong kho\u1ea3ng 30 ph\u00fat. L\u01b0u \u00fd kh\u00f4ng \u0111\u1ec3 cho t\u00fai b\u1ecb \u0111\u00f4ng c\u1ee9ng.<\/span><\/p>\n<p>S\u1ea3n ph\u1ea9m hi\u1ec7n \u0111\u00e3 c\u00f3 m\u1eb7t t\u1ea1i Havamall.<\/p>","protected":false},"excerpt":{"rendered":"<p>Uncle Bills (UBL) cung c\u1ea5p h\u01a1n 1800 s\u1ea3n ph\u1ea9m ti\u00eau d\u00f9ng phi th\u01b0\u0323c ph\u00e2\u0309m h\u00e2\u0301p d\u00e2\u0303n, ti\u00ea\u0323n i\u0301ch, gia\u0301 ph\u1ea3i<\/p>","protected":false},"featured_media":18528,"comment_status":"open","ping_status":"closed","template":"","meta":[],"product_brand":[],"product_cat":[396,35],"product_tag":[],"class_list":{"0":"post-18527","1":"product","2":"type-product","3":"status-publish","4":"has-post-thumbnail","6":"product_cat-suc-khoe-lam-dep","7":"product_cat-nha-cua-doi-song","8":"pa_brand-uncle-bills","10":"first","11":"outofstock","12":"sale","13":"shipping-taxable","14":"purchasable","15":"product-type-simple"},"_links":{"self":[{"href":"https:\/\/havamall.vn\/en\/wp-json\/wp\/v2\/product\/18527"}],"collection":[{"href":"https:\/\/havamall.vn\/en\/wp-json\/wp\/v2\/product"}],"about":[{"href":"https:\/\/havamall.vn\/en\/wp-json\/wp\/v2\/types\/product"}],"replies":[{"embeddable":true,"href":"https:\/\/havamall.vn\/en\/wp-json\/wp\/v2\/comments?post=18527"}],"version-history":[{"count":0,"href":"https:\/\/havamall.vn\/en\/wp-json\/wp\/v2\/product\/18527\/revisions"}],"wp:featuredmedia":[{"embeddable":true,"href":"https:\/\/havamall.vn\/en\/wp-json\/wp\/v2\/media\/18528"}],"wp:attachment":[{"href":"https:\/\/havamall.vn\/en\/wp-json\/wp\/v2\/media?parent=18527"}],"wp:term":[{"taxonomy":"product_brand","embeddable":true,"href":"https:\/\/havamall.vn\/en\/wp-json\/wp\/v2\/product_brand?post=18527"},{"taxonomy":"product_cat","embeddable":true,"href":"https:\/\/havamall.vn\/en\/wp-json\/wp\/v2\/product_cat?post=18527"},{"taxonomy":"product_tag","embeddable":true,"href":"https:\/\/havamall.vn\/en\/wp-json\/wp\/v2\/product_tag?post=18527"}],"curies":[{"name":"wp","href":"https:\/\/api.w.org\/{rel}","templated":true}]}}