{"id":18508,"date":"2021-03-05T17:49:00","date_gmt":"2021-03-05T10:49:00","guid":{"rendered":"https:\/\/havamall.vn\/?post_type=product&#038;p=18508"},"modified":"2021-04-06T16:23:07","modified_gmt":"2021-04-06T09:23:07","slug":"lot-giay-cho-nu-1-doi-uncle-bills","status":"publish","type":"product","link":"https:\/\/havamall.vn\/en\/shop\/lot-giay-cho-nu-1-doi-uncle-bills\/","title":{"rendered":"L\u00f3t Gi\u00e0y Cho  N\u1eef 1 \u0110\u00f4i Uncle Bills"},"content":{"rendered":"<p><span style=\"font-weight: 400\">Uncle Bills (UBL) cung c\u1ea5p h\u01a1n 1800 s\u1ea3n ph\u1ea9m ti\u00eau d\u00f9ng phi th\u01b0\u0323c ph\u00e2\u0309m h\u00e2\u0301p d\u00e2\u0303n, ti\u00ea\u0323n i\u0301ch, gia\u0301 ph\u1ea3i ch\u0103ng. S\u1ea3n ph\u1ea9m bao g\u1ed3m nhi\u1ec1ulo\u1ea1i ha\u0300ng ho\u0301a kh\u00e1c nhau, t\u1eeb \u0111\u1ed3 du\u0300ng nh\u00e0 b\u1ebfp, ch\u0103m s\u00f3c c\u00e1 nh\u00e2n, l\u00e0m s\u1ea1ch nha\u0300 c\u01b0\u0309a, \u0111\u00f4\u0300 l\u01b0u tr\u1eef, ca\u0301c loa\u0323i du\u0323ng cu\u0323, v\u00e2\u0323t du\u0323ng ngo\u00e0i tr\u1eddi v\u00e0 ca\u0309 cho tr\u1ebb em.UBL Lu\u00f4n lu\u00f4n c\u00e2\u0323p nh\u00e2\u0323t ca\u0301c sa\u0309n ph\u00e2\u0309m m\u01a1\u0301i.<\/span><\/p>\n<p><span style=\"font-weight: 400\">S\u1ea3n ph\u1ea9m UBL \u0111\u01b0\u1ee3c s\u1ea3n xu\u1ea5t theo ti\u00eau chu\u1ea9n ch\u1ea5t l\u01b0\u1ee3ng nghi\u00eam ng\u1eb7t c\u1ee7a UBL Hongkong v\u00e0 b\u00e1n t\u1ea1i h\u01a1n 50 qu\u1ed1c gia v\u01a1\u0301i h\u01a1n 10.000 c\u1eeda h\u00e0ng, bao g\u1ed3m ch\u00e2u \u00c2u, \u00dac, Ch\u00e2u \u00c1, Ch\u00e2u Phi. S\u1ee9 m\u1ec7nh c\u1ee7a UBL l\u00e0 cung c\u1ea5p nh\u1eefng s\u1ea3n ph\u1ea9m ti\u1ec7n \u00edch v\u00e0 h\u1ea5p d\u1eabn cho ng\u00f4i nh\u00e0 hi\u1ec7n \u0111\u1ea1i c\u1ee7a ng\u01b0\u1eddi Vi\u1ec7t Nam.<\/span><\/p>\n<p><img fetchpriority=\"high\" decoding=\"async\" class=\"aligncenter\" src=\"https:\/\/cf.shopee.vn\/file\/f6797de1ee745a2dc0d45cb02727d617\" alt=\"T\u00fai \u0110\u1ef1ng R\u00e1c Th\u00fa C\u01b0ng T\u1ef1 Ph\u00e2n H\u1ee7y Uncle Bills PA3372 | Shopee Vi\u1ec7t Nam\" width=\"620\" height=\"619\" \/><\/p>\n<p><span style=\"font-weight: 400\">B\u01b0\u1edbc ch\u00e2n nh\u1eb9 nh\u00e0ng tho\u1ea3i m\u00e1i l\u00e0 minh ch\u1ee9ng cho c\u01a1 th\u1ec3 kh\u1ecfe m\u1ea1nh. Nh\u01b0ng n\u1ebfu ch\u00e2n b\u1ea1n kh\u00f4ng tho\u1ea3i m\u00e1i th\u00ec cho d\u00f9 b\u1ea1n c\u00f3 kh\u1ecfe m\u1ea1nh c\u0169ng kh\u00f4ng th\u1ec3 \u0111i l\u1ea1i m\u1ed9t c\u00e1ch nh\u1eb9 nh\u00e0ng. \u0110\u1eb7c bi\u1ec7t l\u00e0 \u0111\u1ed1i v\u1edbi ph\u1ee5 n\u1eef th\u00ec s\u1ef1 \u0111\u00f2i h\u1ecfi v\u1ec1 \u0111\u1ed9 \u00eam d\u1ecbu c\u00e0ng cao. Hi\u1ec3u \u0111\u01b0\u1ee3c \u0111i\u1ec1u \u0111\u00f3 Uncle Bills \u0111\u00e3 cho ra m\u1eaft l\u00f3t gi\u00e0y cho n\u1eef gi\u00fap b\u1ea3o v\u1ec7 \u0111\u00f4i ch\u00e2n cho b\u1ea1n.<\/span><\/p>\n<p><img decoding=\"async\" class=\"aligncenter\" src=\"https:\/\/havamall.vn\/wp-content\/uploads\/2021\/03\/ag2930_5af8cea43f2a46a4b5008cff8bbecca4_grande.png\" alt=\"Mi\u1ebfng l\u00f3t gi\u00e0y n\u1eef size 36-39 UBL AG2930\" width=\"604\" height=\"604\" \/><\/p>\n<p>Mi\u1ebfng l\u00f3t gi\u00e0y n\u1eef gi\u00fap cho \u0111\u00f4i ch\u00e2n c\u1ee7a b\u1ea1n lu\u00f4n kh\u00f4 tho\u00e1ng, m\u1ec1m m\u1ea1i tho\u1ea3i m\u00e1i khi di chuy\u1ec3n. <span style=\"font-weight: 400\">Mi\u1ebfng l\u00f3t gi\u00e0y b\u1ea3o v\u1ec7 ch\u00e2n d\u00e0nh cho n\u1eef Uncle bills ng\u01b0\u1eddi b\u1ea1n \u0111\u1ed3ng h\u00e0nh \u0111\u00e1ng tin c\u1eady c\u1ee7a b\u1ea1n khi mang gi\u00e0y th\u1ec3 thao, gi\u00e0y da. S\u1ea3n ph\u1ea9m c\u00f3 \u0111\u1ed9 d\u00e0y v\u1eeba ph\u1ea3i, c\u00f3 \u0111\u1ed9 m\u1ec1m v\u00e0 \u0111\u00e0n h\u1ed3i cao, t\u1ea1o c\u1ea3m gi\u00e1c \u00eam \u00e1i v\u00e0 tho\u1ea3i m\u00e1i cho ng\u01b0\u1eddi s\u1eed d\u1ee5ng khi mang gi\u00e0y.\u00a0<\/span><\/p>\n<p><img decoding=\"async\" class=\"aligncenter\" src=\"https:\/\/havamall.vn\/wp-content\/uploads\/2021\/03\/chay-bo-tang-co-chan-1.jpg\" alt=\"Ph\u1ee5 N\u1eef Ch\u1ea1y B\u1ed9 T\u0103ng C\u01a1 Ch\u00e2n Khi\u1ebfn Ch\u00e2n To, \u0110\u00fang Hay Sai?\" width=\"595\" height=\"397\" \/><\/p>\n<p><span style=\"font-weight: 400\">Ch\u1ea5t li\u1ec7u an to\u00e0n. Mi\u1ebfng l\u00f3t ch\u00e2n \u0111\u01b0\u1ee3c l\u00e0m t\u1eeb ch\u1ea5t li\u1ec7u an to\u00e0n cho l\u00e0n da v\u00e0 s\u1ee9c kh\u1ecfe c\u1ee7a ng\u01b0\u1eddi s\u1eed d\u1ee5ng.\u00a0<\/span><span style=\"font-weight: 400\">Mi\u1ebfng l\u00f3t ch\u00e2n s\u1eed d\u1ee5ng t\u1ed1t cho c\u00e1c lo\u1ea1i gi\u00e0y th\u1ec3 thao, gi\u00e0y da. Mi\u1ebfng l\u00f3t gi\u00e0y m\u1ec1m m\u1ecbn, t\u1ea1o c\u1ea3m gi\u00e1c \u00eam \u00e1i khi mang cho c\u00e1c ch\u1ecb em ph\u1ee5 n\u1eef.<\/span><\/p>\n<p><img loading=\"lazy\" decoding=\"async\" class=\"aligncenter\" src=\"https:\/\/havamall.vn\/wp-content\/uploads\/2021\/03\/ag2930_d240abff51d841c2b5962cdc7a8a5121.jpg\" alt=\"Mi\u1ebfng l\u00f3t gi\u00e0y n\u1eef size 36-39 UBL AG2930\" width=\"605\" height=\"605\" \/><\/p>\n<h4><strong>Th\u00f4ng tin s\u1ea3n ph\u1ea9m:<\/strong><\/h4>\n<p>&#8211; Size: 36-39<\/p>\n<p>&#8211; K\u00edch th\u01b0\u1edbc: Chi\u1ec1u d\u00e0i 26 cm X R\u1ed9ng 9 cm X Cao 1cm<\/p>\n<p>S\u1ea3n ph\u1ea9m hi\u1ec7n \u0111\u00e3 c\u00f3 m\u1eb7t t\u1ea1i Havamall.<\/p>","protected":false},"excerpt":{"rendered":"<p>Uncle Bills (UBL) cung c\u1ea5p h\u01a1n 1800 s\u1ea3n ph\u1ea9m ti\u00eau d\u00f9ng phi th\u01b0\u0323c ph\u00e2\u0309m h\u00e2\u0301p d\u00e2\u0303n, ti\u00ea\u0323n i\u0301ch, gia\u0301 ph\u1ea3i<\/p>","protected":false},"featured_media":18509,"comment_status":"open","ping_status":"closed","template":"","meta":[],"product_brand":[],"product_cat":[396,35],"product_tag":[],"class_list":{"0":"post-18508","1":"product","2":"type-product","3":"status-publish","4":"has-post-thumbnail","6":"product_cat-suc-khoe-lam-dep","7":"product_cat-nha-cua-doi-song","8":"pa_brand-uncle-bills","10":"first","11":"instock","12":"sale","13":"shipping-taxable","14":"purchasable","15":"product-type-simple"},"_links":{"self":[{"href":"https:\/\/havamall.vn\/en\/wp-json\/wp\/v2\/product\/18508"}],"collection":[{"href":"https:\/\/havamall.vn\/en\/wp-json\/wp\/v2\/product"}],"about":[{"href":"https:\/\/havamall.vn\/en\/wp-json\/wp\/v2\/types\/product"}],"replies":[{"embeddable":true,"href":"https:\/\/havamall.vn\/en\/wp-json\/wp\/v2\/comments?post=18508"}],"version-history":[{"count":0,"href":"https:\/\/havamall.vn\/en\/wp-json\/wp\/v2\/product\/18508\/revisions"}],"wp:featuredmedia":[{"embeddable":true,"href":"https:\/\/havamall.vn\/en\/wp-json\/wp\/v2\/media\/18509"}],"wp:attachment":[{"href":"https:\/\/havamall.vn\/en\/wp-json\/wp\/v2\/media?parent=18508"}],"wp:term":[{"taxonomy":"product_brand","embeddable":true,"href":"https:\/\/havamall.vn\/en\/wp-json\/wp\/v2\/product_brand?post=18508"},{"taxonomy":"product_cat","embeddable":true,"href":"https:\/\/havamall.vn\/en\/wp-json\/wp\/v2\/product_cat?post=18508"},{"taxonomy":"product_tag","embeddable":true,"href":"https:\/\/havamall.vn\/en\/wp-json\/wp\/v2\/product_tag?post=18508"}],"curies":[{"name":"wp","href":"https:\/\/api.w.org\/{rel}","templated":true}]}}