{"id":18503,"date":"2021-03-05T17:14:30","date_gmt":"2021-03-05T10:14:30","guid":{"rendered":"https:\/\/havamall.vn\/?post_type=product&#038;p=18503"},"modified":"2021-04-06T16:55:07","modified_gmt":"2021-04-06T09:55:07","slug":"18503","status":"publish","type":"product","link":"https:\/\/havamall.vn\/en\/shop\/18503\/","title":{"rendered":"Dao C\u1ea1o Si\u00eau S\u00e1t D\u00e0nh Cho Nam Gi\u1edbi Uncle Bills"},"content":{"rendered":"<p><span style=\"font-weight: 400\">Uncle Bills (UBL) cung c\u1ea5p h\u01a1n 1800 s\u1ea3n ph\u1ea9m ti\u00eau d\u00f9ng phi th\u01b0\u0323c ph\u00e2\u0309m h\u00e2\u0301p d\u00e2\u0303n, ti\u00ea\u0323n i\u0301ch, gia\u0301 ph\u1ea3i ch\u0103ng. S\u1ea3n ph\u1ea9m bao g\u1ed3m nhi\u1ec1ulo\u1ea1i ha\u0300ng ho\u0301a kh\u00e1c nhau, t\u1eeb \u0111\u1ed3 du\u0300ng nh\u00e0 b\u1ebfp, ch\u0103m s\u00f3c c\u00e1 nh\u00e2n, l\u00e0m s\u1ea1ch nha\u0300 c\u01b0\u0309a, \u0111\u00f4\u0300 l\u01b0u tr\u1eef, ca\u0301c loa\u0323i du\u0323ng cu\u0323, v\u00e2\u0323t du\u0323ng ngo\u00e0i tr\u1eddi v\u00e0 ca\u0309 cho tr\u1ebb em.UBL Lu\u00f4n lu\u00f4n c\u00e2\u0323p nh\u00e2\u0323t ca\u0301c sa\u0309n ph\u00e2\u0309m m\u01a1\u0301i.<\/span><\/p>\n<p><span style=\"font-weight: 400\">S\u1ea3n ph\u1ea9m UBL \u0111\u01b0\u1ee3c s\u1ea3n xu\u1ea5t theo ti\u00eau chu\u1ea9n ch\u1ea5t l\u01b0\u1ee3ng nghi\u00eam ng\u1eb7t c\u1ee7a UBL Hongkong v\u00e0 b\u00e1n t\u1ea1i h\u01a1n 50 qu\u1ed1c gia v\u01a1\u0301i h\u01a1n 10.000 c\u1eeda h\u00e0ng, bao g\u1ed3m ch\u00e2u \u00c2u, \u00dac, Ch\u00e2u \u00c1, Ch\u00e2u Phi. S\u1ee9 m\u1ec7nh c\u1ee7a UBL l\u00e0 cung c\u1ea5p nh\u1eefng s\u1ea3n ph\u1ea9m ti\u1ec7n \u00edch v\u00e0 h\u1ea5p d\u1eabn cho ng\u00f4i nh\u00e0 hi\u1ec7n \u0111\u1ea1i c\u1ee7a ng\u01b0\u1eddi Vi\u1ec7t Nam.<\/span><\/p>\n<p><img fetchpriority=\"high\" decoding=\"async\" class=\"aligncenter\" src=\"https:\/\/cf.shopee.vn\/file\/f6797de1ee745a2dc0d45cb02727d617\" alt=\"T\u00fai \u0110\u1ef1ng R\u00e1c Th\u00fa C\u01b0ng T\u1ef1 Ph\u00e2n H\u1ee7y Uncle Bills PA3372 | Shopee Vi\u1ec7t Nam\" width=\"604\" height=\"605\" \/><\/p>\n<p><span style=\"font-weight: 400\">C\u1ea1o r\u00e2u l\u00e0 m\u1ed9t c\u00f4ng vi\u1ec7c \u0111\u01a1n gi\u1ea3n \u0111\u1ed1i v\u1edbi ph\u00e1i m\u1ea1nh tuy nhi\u00ean \u0111\u1ec3 l\u1ef1a ch\u1ecdn m\u1ed9t thi\u1ebft b\u1ecb c\u1ea1o r\u00e2u ph\u00f9 h\u1ee3p v\u1edbi l\u00e0n da, s\u1edf th\u00edch c\u1ee7a m\u00ecnh, ch\u1eafc h\u1eb3n c\u00e1c \u0111\u1ea5ng m\u00e0y r\u00e2u g\u1eb7p kh\u00f4ng \u00edt kh\u00f3 kh\u0103n, nh\u1ea5t l\u00e0 nh\u1eefng ng\u01b0\u1eddi c\u00f3 l\u00e0n da nh\u1ea1y c\u1ea3m.<\/span><\/p>\n<p><span style=\"font-weight: 400\">V\u1edbi B\u1ed9 Dao c\u1ea1o si\u00eau s\u00e1t d\u00e0nh cho nam gi\u1edbi 4 c\u00e1i c\u1ee7a Uncle Bills s\u1ebd gi\u00fap b\u1ea1n gi\u1ea3i quy\u1ebft v\u1ea5n \u0111\u1ec1 n\u00e0y. Dao c\u1ea1o c\u00f3 thi\u1ebft k\u1ebf l\u01b0\u1ee1i k\u00e9p th\u00f4ng minh gi\u00fap b\u1ea1n c\u1ea1o s\u1ea1ch m\u1ecdi v\u00f9ng da nh\u01b0 r\u00e2u v\u00e0 m\u00e9p \u0111\u1ed3ng th\u1eddi kh\u00f4ng l\u00e0m \u1ea3nh h\u01b0\u1edfng \u0111\u1ebfn l\u00e0n da c\u1ee7a b\u1ea1n.<\/span><\/p>\n<p><img decoding=\"async\" class=\"aligncenter\" src=\"https:\/\/cf.shopee.vn\/file\/b5a75db2cde9d581b07f5f93821c3de9\" alt=\"Dao C\u1ea1o Si\u00eau S\u00e1t D\u00e0nh Cho Nam Gi\u1edbi UBL AG0385 | Shopee Vi\u1ec7t Nam\" width=\"601\" height=\"601\" \/><\/p>\n<p>\u0110\u1ed3ng th\u1eddi nh\u1edd thi\u1ebft k\u1ebf v\u1eeba v\u1eb7n n\u00ean dao c\u1ea1o c\u1ef1c k\u1ef3 an to\u00e0n, b\u1ea1n s\u1ebd kh\u00f4ng ph\u1ea3i lo l\u1eafng b\u1ecb \u0111\u1ee9t da ho\u1eb7c t\u1ed5n th\u01b0\u01a1ng l\u1ed7 ch\u00e2n l\u00f4ng nh\u01b0 khi s\u1eed d\u1ee5ng c\u00e1c lo\u1ea1i dao c\u1ea1o th\u00f4ng th\u01b0\u1eddng.<\/p>\n<p>Ch\u1ea5t li\u1ec7u th\u00e9p kh\u00f4ng g\u1ec9 an to\u00e0n. L\u01b0\u1ee1i dao \u0111\u01b0\u1ee3c l\u00e0m t\u1eeb th\u00e9p kh\u00f4ng g\u1ec9 n\u00ean tuy\u1ec7t \u0111\u1ed1i an to\u00e0n cho m\u1ecdi l\u00e0n da, nh\u1ea5t l\u00e0 l\u00e0n da nh\u1ea1y c\u1ea3m<\/p>\n<p><img decoding=\"async\" class=\"aligncenter\" src=\"https:\/\/havamall.vn\/wp-content\/uploads\/2021\/03\/1532482303_cach-chon-dao-cao-rau-cho-nam-gi.jpg\" alt=\"C\u00e1ch ch\u1ecdn dao c\u1ea1o r\u00e2u nam cho ph\u00e1i m\u1ea1nh | Dao c\u1ea1o r\u00e2u Mini \u0111a n\u0103ng\" width=\"601\" height=\"397\" \/><\/p>\n<p><span style=\"font-weight: 400\">Dao c\u1ea1o c\u00f3 thi\u1ebft k\u1ebf l\u01b0\u1ee1i k\u00e9p v\u00e0 \u0111\u1ea7u c\u1ea1o th\u00f4ng minh gi\u00fap b\u1ea1n c\u1ea1o s\u1ea1ch v\u00e0 s\u00e1t m\u1ecdi v\u00f9ng da. L\u01b0\u1ee1i dao \u0111\u01b0\u1ee3c l\u00e0m t\u1eeb th\u00e9p kh\u00f4ng g\u1ec9 n\u00ean tuy\u1ec7t \u0111\u1ed1i an to\u00e0n cho m\u1ecdi l\u00e0n da, nh\u1ea5t l\u00e0 l\u00e0n da nh\u1ea1y c\u1ea3m.<\/span><\/p>\n<p><img loading=\"lazy\" decoding=\"async\" class=\"aligncenter\" src=\"https:\/\/havamall.vn\/wp-content\/uploads\/2021\/03\/iMX0Cy.jpg\" alt=\"Dao c\u1ea1o si\u00eau s\u00e1t d\u00e0nh cho nam gi\u1edbi UBL AG0385 - AG0385\" width=\"609\" height=\"609\" \/><\/p>\n<p><span style=\"font-weight: 400\">Dao c\u1ea1o s\u00e1t h\u01a1n, s\u1ea1ch h\u01a1n n\u00ean gi\u00fap b\u1ea1n ti\u1ebft ki\u1ec7m th\u1eddi gian cho vi\u1ec7c c\u1ea1o r\u00e2u m\u1ed7i ng\u00e0y.<\/span><\/p>\n<p>S\u1ea3n ph\u1ea9m hi\u1ec7n \u0111\u00e3 c\u00f3 m\u1eb7t t\u1ea1i Havamall.<\/p>","protected":false},"excerpt":{"rendered":"<p>Uncle Bills (UBL) cung c\u1ea5p h\u01a1n 1800 s\u1ea3n ph\u1ea9m ti\u00eau d\u00f9ng phi th\u01b0\u0323c ph\u00e2\u0309m h\u00e2\u0301p d\u00e2\u0303n, ti\u00ea\u0323n i\u0301ch, gia\u0301 ph\u1ea3i<\/p>","protected":false},"featured_media":18504,"comment_status":"open","ping_status":"closed","template":"","meta":[],"product_brand":[],"product_cat":[396,35],"product_tag":[],"class_list":{"0":"post-18503","1":"product","2":"type-product","3":"status-publish","4":"has-post-thumbnail","6":"product_cat-suc-khoe-lam-dep","7":"product_cat-nha-cua-doi-song","8":"pa_brand-uncle-bills","10":"first","11":"instock","12":"sale","13":"shipping-taxable","14":"purchasable","15":"product-type-simple"},"_links":{"self":[{"href":"https:\/\/havamall.vn\/en\/wp-json\/wp\/v2\/product\/18503"}],"collection":[{"href":"https:\/\/havamall.vn\/en\/wp-json\/wp\/v2\/product"}],"about":[{"href":"https:\/\/havamall.vn\/en\/wp-json\/wp\/v2\/types\/product"}],"replies":[{"embeddable":true,"href":"https:\/\/havamall.vn\/en\/wp-json\/wp\/v2\/comments?post=18503"}],"version-history":[{"count":0,"href":"https:\/\/havamall.vn\/en\/wp-json\/wp\/v2\/product\/18503\/revisions"}],"wp:featuredmedia":[{"embeddable":true,"href":"https:\/\/havamall.vn\/en\/wp-json\/wp\/v2\/media\/18504"}],"wp:attachment":[{"href":"https:\/\/havamall.vn\/en\/wp-json\/wp\/v2\/media?parent=18503"}],"wp:term":[{"taxonomy":"product_brand","embeddable":true,"href":"https:\/\/havamall.vn\/en\/wp-json\/wp\/v2\/product_brand?post=18503"},{"taxonomy":"product_cat","embeddable":true,"href":"https:\/\/havamall.vn\/en\/wp-json\/wp\/v2\/product_cat?post=18503"},{"taxonomy":"product_tag","embeddable":true,"href":"https:\/\/havamall.vn\/en\/wp-json\/wp\/v2\/product_tag?post=18503"}],"curies":[{"name":"wp","href":"https:\/\/api.w.org\/{rel}","templated":true}]}}