{"id":18479,"date":"2021-03-05T15:33:00","date_gmt":"2021-03-05T08:33:00","guid":{"rendered":"https:\/\/havamall.vn\/?post_type=product&#038;p=18479"},"modified":"2021-04-06T16:52:08","modified_gmt":"2021-04-06T09:52:08","slug":"kem-cat-mong-tay-baby-hong-xanh-uncle-bills","status":"publish","type":"product","link":"https:\/\/havamall.vn\/en\/shop\/kem-cat-mong-tay-baby-hong-xanh-uncle-bills\/","title":{"rendered":"K\u1ec1m C\u1eaft M\u00f3ng Tay Baby (H\u1ed3ng\/Xanh) Uncle Bills"},"content":{"rendered":"<p><span style=\"font-weight: 400\">Uncle Bills (UBL) cung c\u1ea5p h\u01a1n 1800 s\u1ea3n ph\u1ea9m ti\u00eau d\u00f9ng phi th\u01b0\u0323c ph\u00e2\u0309m h\u00e2\u0301p d\u00e2\u0303n, ti\u00ea\u0323n i\u0301ch, gia\u0301 ph\u1ea3i ch\u0103ng. S\u1ea3n ph\u1ea9m bao g\u1ed3m nhi\u1ec1u lo\u1ea1i ha\u0300ng ho\u0301a kh\u00e1c nhau, t\u1eeb \u0111\u1ed3 du\u0300ng nh\u00e0 b\u1ebfp, ch\u0103m s\u00f3c c\u00e1 nh\u00e2n, l\u00e0m s\u1ea1ch nha\u0300 c\u01b0\u0309a, \u0111\u00f4\u0300 l\u01b0u tr\u1eef, ca\u0301c loa\u0323i du\u0323ng cu\u0323, v\u00e2\u0323t du\u0323ng ngo\u00e0i tr\u1eddi v\u00e0 ca\u0309 cho tr\u1ebb em. UBL Lu\u00f4n lu\u00f4n c\u00e2\u0323p nh\u00e2\u0323t ca\u0301c sa\u0309n ph\u00e2\u0309m m\u01a1\u0301i.<\/span><\/p>\n<p><span style=\"font-weight: 400\">S\u1ea3n ph\u1ea9m UBL \u0111\u01b0\u1ee3c s\u1ea3n xu\u1ea5t theo ti\u00eau chu\u1ea9n ch\u1ea5t l\u01b0\u1ee3ng nghi\u00eam ng\u1eb7t c\u1ee7a UBL Hongkong v\u00e0 b\u00e1n t\u1ea1i h\u01a1n 50 qu\u1ed1c gia v\u01a1\u0301i h\u01a1n 10.000 c\u1eeda h\u00e0ng, bao g\u1ed3m ch\u00e2u \u00c2u, \u00dac, Ch\u00e2u \u00c1, Ch\u00e2u Phi. S\u1ee9 m\u1ec7nh c\u1ee7a UBL l\u00e0 cung c\u1ea5p nh\u1eefng s\u1ea3n ph\u1ea9m ti\u1ec7n \u00edch v\u00e0 h\u1ea5p d\u1eabn cho ng\u00f4i nh\u00e0 hi\u1ec7n \u0111\u1ea1i c\u1ee7a ng\u01b0\u1eddi Vi\u1ec7t Nam.<\/span><\/p>\n<p><img fetchpriority=\"high\" decoding=\"async\" class=\"aligncenter\" src=\"https:\/\/cf.shopee.vn\/file\/f6797de1ee745a2dc0d45cb02727d617\" alt=\"T\u00fai \u0110\u1ef1ng R\u00e1c Th\u00fa C\u01b0ng T\u1ef1 Ph\u00e2n H\u1ee7y Uncle Bills PA3372 | Shopee Vi\u1ec7t Nam\" width=\"620\" height=\"621\" \/><\/p>\n<p><span style=\"font-weight: 400\">B\u1ea1n c\u00f3 bi\u1ebft vi\u1ec7c ch\u0103m s\u00f3c v\u00e0 v\u1ec7 sinh m\u00f3ng s\u1ea1ch s\u1ebd cho tr\u1ebb em l\u00e0 vi\u1ec7c l\u00e0m h\u1ebft s\u1ee9c quan tr\u1ecdng v\u00ec tr\u1ebb nh\u1ecf th\u01b0\u1eddng c\u00f3 th\u00f3i quen ng\u1eadm v\u00e0 c\u1eafn m\u00f3ng tay. Gi\u1eef cho m\u00f3ng tay b\u00e9 s\u1ea1ch s\u1ebd l\u00e0 c\u00e1ch t\u1ed1t nh\u1ea5t \u0111\u1ec3 b\u1ea1n b\u1ea3o v\u1ec7 b\u00e9 kh\u1ecfi nh\u1eefng m\u1ed1i nguy hi\u1ec3m t\u1eeb nhi\u1ec1u lo\u1ea1i vi khu\u1ea9n. Hi\u1ec3u \u0111\u01b0\u1ee3c \u0111i\u1ec1u \u0111\u00f3 Uncle Bills \u0111\u00e3 cho ra \u0111\u1eddi chi\u1ebfc k\u1ec1m c\u1eaft m\u00f3ng tay cho b\u00e9.<\/span><\/p>\n<p><img decoding=\"async\" class=\"aligncenter\" src=\"https:\/\/havamall.vn\/wp-content\/uploads\/2021\/03\/AG0080.JPG\" alt=\"Baby Nail Clipper Pink\/Blue\" width=\"611\" height=\"408\" \/><\/p>\n<p><span style=\"font-weight: 400\">Nh\u1eefng ng\u00f3n tay ng\u00f3n ch\u00e2n nh\u1ecf xinh c\u1ee7a b\u00e9 c\u1ea7n \u0111\u01b0\u1ee3c m\u1eb9 ch\u0103m s\u00f3c k\u1ef9 l\u01b0\u1ee1ng v\u1edbi nh\u1eefng d\u1ee5ng c\u1ee5 c\u1eaft m\u00f3ng ri\u00eang. M\u00f3ng em b\u00e9 th\u01b0\u1eddng m\u1ec1m, da b\u00e9 c\u0169ng r\u1ea5t m\u1ecfng manh v\u00e0 nh\u1ea1y c\u1ea3m. D\u1ee5ng c\u1ee5 c\u1eaft m\u00f3ng cho b\u00e9 c\u1ea7n \u0111\u01b0\u1ee3c m\u1eb9 ch\u1ecdn lo\u1ea1i c\u00f3 thi\u1ebft k\u1ebf g\u1ecdn, \u00f4m theo khu\u00f4n m\u00f3ng v\u00e0 \u00eam \u00e1i khi c\u1eaft.\u00a0 <\/span><span style=\"font-weight: 400\">K\u1ec1m C\u1eaft M\u00f3ng Tay Baby Uncle Bills s\u1ebd l\u00e0 l\u1ef1a ch\u1ecdn ho\u00e0n h\u1ea3o cho b\u00e0n tay c\u1ee7a c\u00e1c b\u00e9.<\/span><\/p>\n<p><img decoding=\"async\" class=\"aligncenter\" src=\"https:\/\/www.conlatatca.vn\/wp-content\/uploads\/2020\/07\/c%C3%B3-n%C3%AAn-c%E1%BA%AFt-m%C3%B3ng-tay-cho-tr%E1%BA%BB-s%C6%A1-sinh1.jpg\" alt=\"Ba m\u1eb9 c\u00f3 n\u00ean c\u1eaft m\u00f3ng tay cho tr\u1ebb s\u01a1 sinh th\u01b0\u1eddng xuy\u00ean hay kh\u00f4ng?\" width=\"614\" height=\"415\" \/><\/p>\n<p><span style=\"font-weight: 400\">V\u1edbi K\u1ec1m c\u1eaft m\u00f3ng baby Uncle Bills, m\u00f3ng tay m\u00f3ng ch\u00e2n c\u1ee7a b\u00e9 s\u1ebd lu\u00f4n \u0111\u01b0\u1ee3c ch\u0103m s\u00f3c c\u1eaft t\u1ec9a s\u1ea1ch s\u1ebd. Ch\u1ea5t li\u1ec7u th\u00e9p kh\u00f4ng g\u1ec9 cao c\u1ea5p, k\u1ec1m \u0111\u01b0\u1ee3c l\u00e0m t\u1eeb th\u00e9p kh\u00f4ng r\u1ec9 cao c\u1ea5p, v\u1eeba b\u1ec1n v\u1eeba an to\u00e0n cho da v\u00e0 m\u00f3ng c\u1ee7a b\u00e9.<\/span><\/p>\n<p><span style=\"font-weight: 400\">V\u1edbi thi\u1ebft k\u1ebf th\u00f4ng minh, ki\u1ec1m c\u00f3 ph\u1ea7n tay c\u1ea7m nh\u1ef1a \u0111\u1ec3 b\u1ea1n c\u1ea7m ch\u1eafc, \u0111\u1ec3 b\u1ea1n d\u1ec5 c\u1ea7m v\u00e0 thao t\u00e1c.\u00a0<\/span><\/p>\n<p><img loading=\"lazy\" decoding=\"async\" class=\"aligncenter\" src=\"https:\/\/havamall.vn\/wp-content\/uploads\/2021\/03\/5acdc84be93e6-AG0080-blue.jpg\" alt=\"K\u1ec1m c\u1eaft m\u00f3ng tay baby UBL AG0080 (Xanh) - Xanh bi\u1ec3n - Shop VnExpress\" width=\"624\" height=\"624\" \/><\/p>\n<h4><strong>\u0110\u1eb7c \u0110i\u1ec3m s\u1ea3n ph\u1ea9m:<\/strong><\/h4>\n<p><span style=\"font-weight: 400\">&#8211; \u0110\u01b0\u1ee3c l\u00e0m t\u01b0 th\u00e9p kh\u00f4ng r\u1ec9 cao c\u1ea5p an to\u00e0n cho m\u00f3ng tay v\u00e0 da non c\u1ee7a b\u00e9.<\/span><\/p>\n<p><span style=\"font-weight: 400\">&#8211; Thi\u1ebft k\u1ebf \u0111\u1eb7c bi\u1ec7t an to\u00e0n, ch\u1ed1ng tr\u01b0\u1ee3t, d\u1ec5 c\u1ea7m v\u00e0 thu\u1eadn ti\u1ec7n khi thao t\u00e1c.<\/span><\/p>\n<p><span style=\"font-weight: 400\">&#8211; L\u01b0\u1ee1i b\u1ea5m nh\u1ecf, v\u1eeba v\u1edbi m\u00f3ng tay, m\u00f3ng ch\u00e2n b\u00e9, tr\u00e1nh l\u00e0m t\u1ed5n th\u01b0\u01a1ng, thi\u1ebft k\u1ebf ng\u1ed9 ngh\u0129nh<\/span><\/p>\n<h4><strong>L\u01b0u \u00fd: <\/strong><\/h4>\n<p><span style=\"font-weight: 400\">\u0110\u1ed1i v\u1edbi nh\u1eefng b\u00e9 qu\u00e1 hi\u1ebfu \u0111\u1ed9ng, c\u00e1c m\u1eb9 n\u00ean c\u1eaft m\u00f3ng cho b\u00e9 khi b\u00e9 ng\u1ee7 nh\u00e9, ho\u1eb7c nh\u1eefng khi b\u00e9 n\u1eb1m ngoan ngo\u00e3n.<\/span><\/p>\n<p>S\u1ea3n ph\u1ea9m hi\u1ec7n \u0111\u00e3 c\u00f3 m\u1eb7t t\u1ea1i Havamall.<\/p>","protected":false},"excerpt":{"rendered":"<p>Uncle Bills (UBL) cung c\u1ea5p h\u01a1n 1800 s\u1ea3n ph\u1ea9m ti\u00eau d\u00f9ng phi th\u01b0\u0323c ph\u00e2\u0309m h\u00e2\u0301p d\u00e2\u0303n, ti\u00ea\u0323n i\u0301ch, gia\u0301 ph\u1ea3i<\/p>","protected":false},"featured_media":18480,"comment_status":"open","ping_status":"closed","template":"","meta":[],"product_brand":[],"product_cat":[397,35],"product_tag":[],"class_list":{"0":"post-18479","1":"product","2":"type-product","3":"status-publish","4":"has-post-thumbnail","6":"product_cat-hang-me-be-do-choi","7":"product_cat-nha-cua-doi-song","8":"pa_brand-uncle-bills","10":"first","11":"instock","12":"sale","13":"shipping-taxable","14":"purchasable","15":"product-type-simple"},"_links":{"self":[{"href":"https:\/\/havamall.vn\/en\/wp-json\/wp\/v2\/product\/18479"}],"collection":[{"href":"https:\/\/havamall.vn\/en\/wp-json\/wp\/v2\/product"}],"about":[{"href":"https:\/\/havamall.vn\/en\/wp-json\/wp\/v2\/types\/product"}],"replies":[{"embeddable":true,"href":"https:\/\/havamall.vn\/en\/wp-json\/wp\/v2\/comments?post=18479"}],"version-history":[{"count":0,"href":"https:\/\/havamall.vn\/en\/wp-json\/wp\/v2\/product\/18479\/revisions"}],"wp:featuredmedia":[{"embeddable":true,"href":"https:\/\/havamall.vn\/en\/wp-json\/wp\/v2\/media\/18480"}],"wp:attachment":[{"href":"https:\/\/havamall.vn\/en\/wp-json\/wp\/v2\/media?parent=18479"}],"wp:term":[{"taxonomy":"product_brand","embeddable":true,"href":"https:\/\/havamall.vn\/en\/wp-json\/wp\/v2\/product_brand?post=18479"},{"taxonomy":"product_cat","embeddable":true,"href":"https:\/\/havamall.vn\/en\/wp-json\/wp\/v2\/product_cat?post=18479"},{"taxonomy":"product_tag","embeddable":true,"href":"https:\/\/havamall.vn\/en\/wp-json\/wp\/v2\/product_tag?post=18479"}],"curies":[{"name":"wp","href":"https:\/\/api.w.org\/{rel}","templated":true}]}}