{"id":18474,"date":"2021-03-05T14:56:13","date_gmt":"2021-03-05T07:56:13","guid":{"rendered":"https:\/\/havamall.vn\/?post_type=product&#038;p=18474"},"modified":"2021-08-17T19:20:49","modified_gmt":"2021-08-17T12:20:49","slug":"gel-tay-rua-toilet-uncle-bills","status":"publish","type":"product","link":"https:\/\/havamall.vn\/en\/shop\/gel-tay-rua-toilet-uncle-bills\/","title":{"rendered":"Gel T\u1ea9y R\u1eeda Toilet Uncle Bills"},"content":{"rendered":"<p><span style=\"font-weight: 400\">Uncle Bills (UBL) cung c\u1ea5p h\u01a1n 1800 s\u1ea3n ph\u1ea9m ti\u00eau d\u00f9ng phi th\u01b0\u0323c ph\u00e2\u0309m h\u00e2\u0301p d\u00e2\u0303n, ti\u00ea\u0323n i\u0301ch, gia\u0301 ph\u1ea3i ch\u0103ng. S\u1ea3n ph\u1ea9m bao g\u1ed3m nhi\u1ec1ulo\u1ea1i ha\u0300ng ho\u0301a kh\u00e1c nhau, t\u1eeb \u0111\u1ed3 du\u0300ng nh\u00e0 b\u1ebfp, ch\u0103m s\u00f3c c\u00e1 nh\u00e2n, l\u00e0m s\u1ea1ch nha\u0300 c\u01b0\u0309a, \u0111\u00f4\u0300 l\u01b0u tr\u1eef, ca\u0301c loa\u0323i du\u0323ng cu\u0323, v\u00e2\u0323t du\u0323ng ngo\u00e0i tr\u1eddi v\u00e0 ca\u0309 cho tr\u1ebb em.UBL Lu\u00f4n lu\u00f4n c\u00e2\u0323p nh\u00e2\u0323t ca\u0301c sa\u0309n ph\u00e2\u0309m m\u01a1\u0301i.<\/span><\/p>\n<p><span style=\"font-weight: 400\">S\u1ea3n ph\u1ea9m UBL \u0111\u01b0\u1ee3c s\u1ea3n xu\u1ea5t theo ti\u00eau chu\u1ea9n ch\u1ea5t l\u01b0\u1ee3ng nghi\u00eam ng\u1eb7t c\u1ee7a UBL Hongkong v\u00e0 b\u00e1n t\u1ea1i h\u01a1n 50 qu\u1ed1c gia v\u01a1\u0301i h\u01a1n 10.000 c\u1eeda h\u00e0ng, bao g\u1ed3m ch\u00e2u \u00c2u, \u00dac, Ch\u00e2u \u00c1, Ch\u00e2u Phi. S\u1ee9 m\u1ec7nh c\u1ee7a UBL l\u00e0 cung c\u1ea5p nh\u1eefng s\u1ea3n ph\u1ea9m ti\u1ec7n \u00edch v\u00e0 h\u1ea5p d\u1eabn cho ng\u00f4i nh\u00e0 hi\u1ec7n \u0111\u1ea1i c\u1ee7a ng\u01b0\u1eddi Vi\u1ec7t Nam.<\/span><\/p>\n<p><img fetchpriority=\"high\" decoding=\"async\" class=\"aligncenter\" src=\"https:\/\/cf.shopee.vn\/file\/f6797de1ee745a2dc0d45cb02727d617\" alt=\"T\u00fai \u0110\u1ef1ng R\u00e1c Th\u00fa C\u01b0ng T\u1ef1 Ph\u00e2n H\u1ee7y Uncle Bills PA3372 | Shopee Vi\u1ec7t Nam\" width=\"633\" height=\"634\" \/><\/p>\n<p><span style=\"font-weight: 400\">Gel t\u1ea9y r\u1eeda toilet Uncle bills nh\u1edd th\u00e0nh ph\u1ea7n ho\u1ea1t t\u00ednh, di\u1ec7t khu\u1ea9n 99,99% vi khu\u1ea9n v\u00e0 c\u00e1c m\u1ea3ng b\u00e1m, gi\u00fap toilet lu\u00f4n s\u1ea1ch s\u1ebd, th\u01a1m m\u00e1t. Kh\u1ea3 n\u0103ng di\u1ec7t khu\u1ea9n cao, l\u00e0m s\u1ea1ch m\u1ea3ng b\u00e1m, Gel t\u1ea9y r\u1eeda Toilet Uncle Bills BA1630 v\u1edbi th\u00e0nh ph\u1ea7n t\u1ea9y r\u1eeda ho\u1ea1t t\u00ednh s\u1ebd kh\u1eed s\u1ea1ch m\u00f9i h\u00f4i \u1edf toilet, gi\u00fap t\u1ea1o c\u1ea3m gi\u00e1c s\u1ea1ch s\u1ebd v\u00e0 tho\u00e1ng m\u00e1t.<\/span><\/p>\n<p><img decoding=\"async\" class=\"aligncenter\" src=\"https:\/\/havamall.vn\/wp-content\/uploads\/2021\/03\/6041e41e3f77f_ba1630_lavender_.jpg\" alt=\"Gel T\u1ea9y R\u1eeda Toilet - Uncle Bills\" width=\"624\" height=\"624\" \/><\/p>\n<p><span style=\"font-weight: 400\">S\u1ea3n ph\u1ea9m c\u00f3 thi\u1ebft k\u1ebf d\u1ea1ng xi-lanh nh\u1ecf g\u1ecdn, kh\u00f4ng t\u1ed1n di\u1ec7n t\u00edch v\u00e0 d\u1ec5 s\u1eed d\u1ee5ng. V\u1edbi m\u00f9i h\u01b0\u01a1ng lavender t\u1ef1 nhi\u00ean, b\u1ea1n s\u1ebd kh\u00f4ng c\u00f2n lo ng\u1ea1i h\u1ed7n h\u1ee3p m\u00f9i kh\u00f3 ch\u1ecbu, k\u1ec3 c\u1ea3 nh\u1eefng m\u00f9i dai d\u1eb3ng, l\u00e2u ng\u00e0y kh\u00f4ng h\u1ebft.<\/span><\/p>\n<p><img decoding=\"async\" class=\"aligncenter\" src=\"https:\/\/havamall.vn\/wp-content\/uploads\/2021\/03\/5ad6f85d461cd-BA1630-8-.jpg\" alt=\"Gel t\u1ea9y r\u1eeda toilet UBL BA1630 - T\u00edm - Shop VnExpress\" width=\"625\" height=\"625\" \/><\/p>\n<p><span style=\"font-weight: 400\">Gel t\u1ea9y r\u1eeda Toilet Uncle Bills di\u1ec7t khu\u1ea9n, m\u1ea3ng b\u00e1m, mang l\u1ea1i kh\u00f4ng kh\u00ed s\u1ea1ch s\u1ebd v\u00e0 kh\u00f4 tho\u00e1ng, hi\u1ec7u qu\u1ea3 l\u00ean \u0111\u1ebfn 6 tu\u1ea7n, l\u00e0 bi\u1ec7n ph\u00e1p v\u1ec7 sinh ph\u00f9 h\u1ee3p cho m\u1ecdi gia \u0111\u00ecnh. <\/span><span style=\"font-weight: 400\">Gel t\u1ea9y r\u1eeda toilet an to\u00e0n v\u00e0 d\u1ec5 s\u1eed d\u1ee5ng, g\u1ed3m hai m\u00f9i: H\u01b0\u01a1ng bi\u1ec3n v\u00e0 lavender.<\/span><\/p>\n<p><img loading=\"lazy\" decoding=\"async\" class=\"aligncenter\" src=\"https:\/\/cf.shopee.vn\/file\/571a239a6399a12a299c3c9dd967f87d\" alt=\"Gel t\u1ea9y r\u1eeda Toilet Uncle Bills BA1630, Gi\u00e1 th\u00e1ng 9\/2020\" width=\"632\" height=\"632\" \/><\/p>\n<h4><strong>\u0110i\u1ec3m n\u1ed5i b\u1eadt<\/strong><\/h4>\n<p><span style=\"font-weight: 400\">&#8211; Gel t\u1ea9y r\u1eeda Toilet UBL BA1630 di\u1ec7t 99,99% vi khu\u1ea9n v\u00e0 c\u00e1c m\u1ea3ng b\u00e1m<\/span><\/p>\n<p><span style=\"font-weight: 400\">&#8211; Gi\u1eef s\u1ea1ch l\u00ean \u0111\u1ebfn 6 tu\u1ea7n<\/span><\/p>\n<p><span style=\"font-weight: 400\">&#8211; <\/span><span style=\"font-weight: 400\">S\u1ea3n ph\u1ea9m an to\u00e0n cho s\u1ee9c kho\u1ebb c\u1ee7a ng\u01b0\u1eddi s\u1eed d\u1ee5ng, kh\u00f4ng g\u00e2y h\u01b0 h\u1ea1i b\u1ed3n c\u1ea7u.<\/span><\/p>\n<p><span style=\"font-weight: 400\">&#8211; D\u1ec5 s\u1eed d\u1ee5ng\u00a0<\/span><\/p>\n<p>S\u1ea3n ph\u1ea9m hi\u1ec7n \u0111\u00e3 c\u00f3 m\u1eb7t t\u1ea1i Havamall.<\/p>","protected":false},"excerpt":{"rendered":"<p>Uncle Bills (UBL) cung c\u1ea5p h\u01a1n 1800 s\u1ea3n ph\u1ea9m ti\u00eau d\u00f9ng phi th\u01b0\u0323c ph\u00e2\u0309m h\u00e2\u0301p d\u00e2\u0303n, ti\u00ea\u0323n i\u0301ch, gia\u0301 ph\u1ea3i<\/p>","protected":false},"featured_media":18475,"comment_status":"open","ping_status":"closed","template":"","meta":[],"product_brand":[],"product_cat":[35],"product_tag":[],"class_list":{"0":"post-18474","1":"product","2":"type-product","3":"status-publish","4":"has-post-thumbnail","6":"product_cat-nha-cua-doi-song","7":"pa_brand-uncle-bills","9":"first","10":"outofstock","11":"sale","12":"shipping-taxable","13":"purchasable","14":"product-type-simple"},"_links":{"self":[{"href":"https:\/\/havamall.vn\/en\/wp-json\/wp\/v2\/product\/18474"}],"collection":[{"href":"https:\/\/havamall.vn\/en\/wp-json\/wp\/v2\/product"}],"about":[{"href":"https:\/\/havamall.vn\/en\/wp-json\/wp\/v2\/types\/product"}],"replies":[{"embeddable":true,"href":"https:\/\/havamall.vn\/en\/wp-json\/wp\/v2\/comments?post=18474"}],"version-history":[{"count":0,"href":"https:\/\/havamall.vn\/en\/wp-json\/wp\/v2\/product\/18474\/revisions"}],"wp:featuredmedia":[{"embeddable":true,"href":"https:\/\/havamall.vn\/en\/wp-json\/wp\/v2\/media\/18475"}],"wp:attachment":[{"href":"https:\/\/havamall.vn\/en\/wp-json\/wp\/v2\/media?parent=18474"}],"wp:term":[{"taxonomy":"product_brand","embeddable":true,"href":"https:\/\/havamall.vn\/en\/wp-json\/wp\/v2\/product_brand?post=18474"},{"taxonomy":"product_cat","embeddable":true,"href":"https:\/\/havamall.vn\/en\/wp-json\/wp\/v2\/product_cat?post=18474"},{"taxonomy":"product_tag","embeddable":true,"href":"https:\/\/havamall.vn\/en\/wp-json\/wp\/v2\/product_tag?post=18474"}],"curies":[{"name":"wp","href":"https:\/\/api.w.org\/{rel}","templated":true}]}}