{"id":18460,"date":"2021-03-05T13:48:44","date_gmt":"2021-03-05T06:48:44","guid":{"rendered":"https:\/\/havamall.vn\/?post_type=product&#038;p=18460"},"modified":"2021-04-06T16:50:51","modified_gmt":"2021-04-06T09:50:51","slug":"dao-go-tien-loi-bo-24-cai-uncle-bills","status":"publish","type":"product","link":"https:\/\/havamall.vn\/en\/shop\/dao-go-tien-loi-bo-24-cai-uncle-bills\/","title":{"rendered":"Dao G\u1ed7 Ti\u1ec7n L\u1ee3i B\u1ed9 24 C\u00e1i Uncle Bills"},"content":{"rendered":"<p><span style=\"font-weight: 400\">Uncle Bills (UBL) cung c\u1ea5p h\u01a1n 1800 s\u1ea3n ph\u1ea9m ti\u00eau d\u00f9ng phi th\u01b0\u0323c ph\u00e2\u0309m h\u00e2\u0301p d\u00e2\u0303n, ti\u00ea\u0323n i\u0301ch, gia\u0301 ph\u1ea3i ch\u0103ng. S\u1ea3n ph\u1ea9m bao g\u1ed3m nhi\u1ec1u lo\u1ea1i ha\u0300ng ho\u0301a kh\u00e1c nhau, t\u1eeb \u0111\u1ed3 du\u0300ng nh\u00e0 b\u1ebfp, ch\u0103m s\u00f3c c\u00e1 nh\u00e2n, l\u00e0m s\u1ea1ch nha\u0300 c\u01b0\u0309a, \u0111\u00f4\u0300 l\u01b0u tr\u1eef, ca\u0301c loa\u0323i du\u0323ng cu\u0323, v\u00e2\u0323t du\u0323ng ngo\u00e0i tr\u1eddi v\u00e0 ca\u0309 cho tr\u1ebb em. UBL Lu\u00f4n lu\u00f4n c\u00e2\u0323p nh\u00e2\u0323t ca\u0301c sa\u0309n ph\u00e2\u0309m m\u01a1\u0301i.<\/span><\/p>\n<p><span style=\"font-weight: 400\">S\u1ea3n ph\u1ea9m UBL \u0111\u01b0\u1ee3c s\u1ea3n xu\u1ea5t theo ti\u00eau chu\u1ea9n ch\u1ea5t l\u01b0\u1ee3ng nghi\u00eam ng\u1eb7t c\u1ee7a UBL Hongkong v\u00e0 b\u00e1n t\u1ea1i h\u01a1n 50 qu\u1ed1c gia v\u01a1\u0301i h\u01a1n 10.000 c\u1eeda h\u00e0ng, bao g\u1ed3m ch\u00e2u \u00c2u, \u00dac, Ch\u00e2u \u00c1, Ch\u00e2u Phi. S\u1ee9 m\u1ec7nh c\u1ee7a UBL l\u00e0 cung c\u1ea5p nh\u1eefng s\u1ea3n ph\u1ea9m ti\u1ec7n \u00edch v\u00e0 h\u1ea5p d\u1eabn cho ng\u00f4i nh\u00e0 hi\u1ec7n \u0111\u1ea1i c\u1ee7a ng\u01b0\u1eddi Vi\u1ec7t Nam.<\/span><\/p>\n<p><img fetchpriority=\"high\" decoding=\"async\" class=\"aligncenter\" src=\"https:\/\/cf.shopee.vn\/file\/f6797de1ee745a2dc0d45cb02727d617\" alt=\"T\u00fai \u0110\u1ef1ng R\u00e1c Th\u00fa C\u01b0ng T\u1ef1 Ph\u00e2n H\u1ee7y Uncle Bills PA3372 | Shopee Vi\u1ec7t Nam\" width=\"601\" height=\"601\" \/><\/p>\n<p><span style=\"font-weight: 400\">Ng\u00e0y nay, khi m\u00e0 cu\u1ed9c s\u1ed1ng hi\u1ec7n \u0111\u1ea1i ng\u00e0y c\u00e0ng c\u1ea7n nh\u1eefng b\u1eefa \u0103n nhanh h\u01a1n. Th\u00ec nh\u1eefng v\u1eadt d\u1ee5ng nh\u01b0 dao g\u1ed7 d\u00f9ng 1 l\u1ea7n \u0111\u01b0\u1ee3c s\u1eed d\u1ee5ng kh\u00e1 ph\u1ed5 bi\u1ebfn.Tuy nhi\u00ean, vi\u1ec7c ch\u1ecdn mua \u0111\u01b0\u1ee3c m\u1ed9t s\u1ea3n ph\u1ea9m dao th\u00eca d\u0129a g\u1ed7 d\u00f9ng m\u1ed9t l\u1ea7n an to\u00e0n cho s\u1ee9c kh\u1ecfe l\u1eabn m\u00f4i tr\u01b0\u1eddng, ch\u1ea5t l\u01b0\u1ee3ng,\u00a0 kh\u00f4ng ph\u1ea3i l\u00e0 vi\u1ec7c \u0111\u01a1n gi\u1ea3n. Hi\u1ec3u \u0111\u01b0\u1ee3c \u0111i\u1ec1u \u0111\u00f3 Uncle Bills \u0111\u00e3 cho ra m\u1eaft <\/span><span style=\"font-weight: 400\">b\u1ed9 24 dao g\u1ed7 Uncle Bills an to\u00e0n cho s\u1ee9c kh\u1ecfe ng\u01b0\u1eddi ti\u00eau d\u00f9ng.<\/span><\/p>\n<p><img decoding=\"async\" class=\"aligncenter\" src=\"https:\/\/havamall.vn\/wp-content\/uploads\/2021\/03\/e110c66a9c07867eadd8c51bea5b4339.jpg\" alt=\"B\u1ed9 24 C\u00e1i Dao G\u1ed7 Ti\u1ec7n L\u1ee3i OB0257 | Tiki\" width=\"596\" height=\"596\" \/><\/p>\n<p><span style=\"font-weight: 400\">B\u1ed9 24 dao g\u1ed7 Uncle Bills <\/span><span style=\"font-weight: 400\">v\u1edbi ki\u1ec3u d\u00e1ng nh\u1ecf g\u1ecdn, ti\u1ec7n l\u1ee3i c\u00f9ng tr\u1ecdng l\u01b0\u1ee3ng nh\u1eb9, b\u1ea1n c\u00f3 th\u1ec3 mang theo b\u1ea5t c\u1ee9 \u0111\u00e2u. S\u1ea3n ph\u1ea9m s\u1ea3n xu\u1ea5t theo quy tr\u00ecnh c\u00f4ng ngh\u1ec7 ti\u00ean ti\u1ebfn, \u0111\u1ea3m b\u1ea3o ch\u1ea5t l\u01b0\u1ee3ng.<\/span><\/p>\n<p><span style=\"font-weight: 400\">Dao g\u1ed7 ti\u1ec7n l\u1ee3i B\u1ed9 24 C\u00e1i l\u00e0 b\u1ed9 s\u1ea3n ph\u1ea9m d\u00f9ng 1 l\u1ea7n, l\u00e0m t\u1eeb g\u1ed7 b\u1ea1ch d\u01b0\u01a1ng v\u1edbi th\u00e0nh ph\u1ea7n 100% g\u1ed7 t\u1ef1 nhi\u00ean, h\u1ee3p v\u1ec7 sinh v\u00e0 an to\u00e0n cho s\u1ee9c kh\u1ecfe \u0111\u1ed3ng th\u1eddi Dao Nh\u1ef1a Ti\u1ec7n L\u1ee3i c\u00f2n g\u00f3p ph\u1ea7n trong vi\u1ec7c b\u1ea3o v\u1ec7 m\u00f4i tr\u01b0\u1eddng. Dao c\u00f3 thi\u1ebft k\u1ebf nh\u1ecf g\u1ecdn, d\u1ec5 d\u00e0ng mang theo khi \u0111i du l\u1ecbch, d\u00e3 ngo\u1ea1i c\u00f9ng gia \u0111\u00ecnh v\u00e0 b\u1ea1n b\u00e8.\u00a0\u00a0\u00a0<\/span><\/p>\n<p><img decoding=\"async\" class=\"wp-image-18462 aligncenter\" src=\"https:\/\/havamall.vn\/wp-content\/uploads\/2021\/03\/720602bfa163582660fb8a5f220757e2-300x184.png\" alt=\"\" width=\"600\" height=\"368\" srcset=\"https:\/\/havamall.vn\/wp-content\/uploads\/2021\/03\/720602bfa163582660fb8a5f220757e2-300x184.png 300w, https:\/\/havamall.vn\/wp-content\/uploads\/2021\/03\/720602bfa163582660fb8a5f220757e2-430x263.png 430w, https:\/\/havamall.vn\/wp-content\/uploads\/2021\/03\/720602bfa163582660fb8a5f220757e2-150x92.png 150w, https:\/\/havamall.vn\/wp-content\/uploads\/2021\/03\/720602bfa163582660fb8a5f220757e2-700x428.png 700w, https:\/\/havamall.vn\/wp-content\/uploads\/2021\/03\/720602bfa163582660fb8a5f220757e2-768x470.png 768w, https:\/\/havamall.vn\/wp-content\/uploads\/2021\/03\/720602bfa163582660fb8a5f220757e2-600x367.png 600w, https:\/\/havamall.vn\/wp-content\/uploads\/2021\/03\/720602bfa163582660fb8a5f220757e2.png 1000w\" sizes=\"(max-width: 600px) 100vw, 600px\" \/><\/p>\n<p><span style=\"font-weight: 400\">\u0110\u1ed3ng th\u1eddi s\u1ea3n ph\u1ea9m c\u00f2n g\u00f3p ph\u1ea7n trong vi\u1ec7c b\u1ea3o v\u1ec7 m\u00f4i tr\u01b0\u1eddng. Ch\u1ea5t li\u1ec7u c\u1ee9ng c\u00e1p h\u01a1n nh\u1ef1a n\u00ean d\u1ec5 d\u00e0ng h\u1ed7 tr\u1ee3 b\u1ea1n trong vi\u1ec7c c\u1eaft th\u1ee9c \u0103n l\u1edbn, c\u1ee9ng m\u00e0 dao nh\u1ef1a kh\u00f4ng l\u00e0m \u0111\u01b0\u1ee3c.<\/span><\/p>\n<p><img loading=\"lazy\" decoding=\"async\" class=\"aligncenter\" src=\"https:\/\/havamall.vn\/wp-content\/uploads\/2021\/03\/dao_muong_nia_go_va_dia_mi_dbacda3fe53b4aa1981428cdc04af556.jpg\" alt=\"Dao g\u1ed7, mu\u1ed7ng g\u1ed7, n\u0129a g\u1ed7 d\u00f9ng m\u1ed9t l\u1ea7n- S\u1ec9 &amp; L\u1ebb Gi\u00e1 s\u1ed1c - Uncle Bills\" width=\"601\" height=\"400\" \/><\/p>\n<h4><strong>\u0110\u1eb7c \u0111i\u1ec3m s\u1ea3n ph\u1ea9m:<\/strong><\/h4>\n<p><span style=\"font-weight: 400\">&#8211;\u00a0 Thi\u1ebft k\u1ebf nh\u1ecf g\u1ecdn, d\u1ec5 d\u00e0ng mang theo khi \u0111i du l\u1ecbch, d\u00e3 ngo\u1ea1i c\u00f9ng gia \u0111\u00ecnh v\u00e0 b\u1ea1n b\u00e8.<\/span><\/p>\n<p><span style=\"font-weight: 400\">\u00a0Nguy\u00ean li\u1ec7u: G\u1ed7 100% ph\u1ea7n h\u1ee7y t\u1ef1 nhi\u00ean<\/span><\/p>\n<p><span style=\"font-weight: 400\">&#8211; Kh\u00f4ng s\u1eed d\u1ee5ng h\u00f3a ch\u1ea5t trong s\u1ea3n xu\u1ea5t<\/span><\/p>\n<p><span style=\"font-weight: 400\">&#8211; S\u1eed d\u1ee5ng nguy\u00ean li\u1ec7u t\u1eeb g\u1ed7 r\u1eebng tr\u1ed3ng c\u00f3 ngu\u1ed3n g\u1ed1c<\/span><\/p>\n<p><span style=\"font-weight: 400\">S\u1ea3n ph\u1ea9m hi\u1ec7n \u0111\u00e3 c\u00f3 m\u1eb7t t\u1ea1i Havamall.<\/span><\/p>\n<p>&nbsp;<\/p>","protected":false},"excerpt":{"rendered":"<p>Uncle Bills (UBL) cung c\u1ea5p h\u01a1n 1800 s\u1ea3n ph\u1ea9m ti\u00eau d\u00f9ng phi th\u01b0\u0323c ph\u00e2\u0309m h\u00e2\u0301p d\u00e2\u0303n, ti\u00ea\u0323n i\u0301ch, gia\u0301 ph\u1ea3i<\/p>","protected":false},"featured_media":18461,"comment_status":"open","ping_status":"closed","template":"","meta":[],"product_brand":[],"product_cat":[393,35],"product_tag":[],"class_list":{"0":"post-18460","1":"product","2":"type-product","3":"status-publish","4":"has-post-thumbnail","6":"product_cat-bep-phong-an","7":"product_cat-nha-cua-doi-song","8":"pa_brand-uncle-bills","10":"first","11":"instock","12":"sale","13":"shipping-taxable","14":"purchasable","15":"product-type-simple"},"_links":{"self":[{"href":"https:\/\/havamall.vn\/en\/wp-json\/wp\/v2\/product\/18460"}],"collection":[{"href":"https:\/\/havamall.vn\/en\/wp-json\/wp\/v2\/product"}],"about":[{"href":"https:\/\/havamall.vn\/en\/wp-json\/wp\/v2\/types\/product"}],"replies":[{"embeddable":true,"href":"https:\/\/havamall.vn\/en\/wp-json\/wp\/v2\/comments?post=18460"}],"version-history":[{"count":0,"href":"https:\/\/havamall.vn\/en\/wp-json\/wp\/v2\/product\/18460\/revisions"}],"wp:featuredmedia":[{"embeddable":true,"href":"https:\/\/havamall.vn\/en\/wp-json\/wp\/v2\/media\/18461"}],"wp:attachment":[{"href":"https:\/\/havamall.vn\/en\/wp-json\/wp\/v2\/media?parent=18460"}],"wp:term":[{"taxonomy":"product_brand","embeddable":true,"href":"https:\/\/havamall.vn\/en\/wp-json\/wp\/v2\/product_brand?post=18460"},{"taxonomy":"product_cat","embeddable":true,"href":"https:\/\/havamall.vn\/en\/wp-json\/wp\/v2\/product_cat?post=18460"},{"taxonomy":"product_tag","embeddable":true,"href":"https:\/\/havamall.vn\/en\/wp-json\/wp\/v2\/product_tag?post=18460"}],"curies":[{"name":"wp","href":"https:\/\/api.w.org\/{rel}","templated":true}]}}