{"id":18442,"date":"2021-03-05T10:40:38","date_gmt":"2021-03-05T03:40:38","guid":{"rendered":"https:\/\/havamall.vn\/?post_type=product&#038;p=18442"},"modified":"2021-08-24T16:40:44","modified_gmt":"2021-08-24T09:40:44","slug":"18442","status":"publish","type":"product","link":"https:\/\/havamall.vn\/en\/shop\/18442\/","title":{"rendered":"B\u1ecbch B\u00f4ng T\u1ea9y Trang Uncle Bills 80 C\u00e1i"},"content":{"rendered":"<p><span style=\"font-weight: 400;\">Uncle Bills (UBL) cung c\u1ea5p h\u01a1n 1800 s\u1ea3n ph\u1ea9m ti\u00eau d\u00f9ng phi th\u01b0\u0323c ph\u00e2\u0309m h\u00e2\u0301p d\u00e2\u0303n, ti\u00ea\u0323n i\u0301ch, gia\u0301 ph\u1ea3i ch\u0103ng. S\u1ea3n ph\u1ea9m bao g\u1ed3m nhi\u1ec1u lo\u1ea1i ha\u0300ng ho\u0301a kh\u00e1c nhau, t\u1eeb \u0111\u1ed3 du\u0300ng nh\u00e0 b\u1ebfp, ch\u0103m s\u00f3c c\u00e1 nh\u00e2n, l\u00e0m s\u1ea1ch nha\u0300 c\u01b0\u0309a, \u0111\u00f4\u0300 l\u01b0u tr\u1eef, ca\u0301c loa\u0323i du\u0323ng cu\u0323, v\u00e2\u0323t du\u0323ng ngo\u00e0i tr\u1eddi v\u00e0 ca\u0309 cho tr\u1ebb em. UBL Lu\u00f4n lu\u00f4n c\u00e2\u0323p nh\u00e2\u0323t ca\u0301c sa\u0309n ph\u00e2\u0309m m\u01a1\u0301i.<\/span><\/p>\n<p><span style=\"font-weight: 400;\">S\u1ea3n ph\u1ea9m UBL \u0111\u01b0\u1ee3c s\u1ea3n xu\u1ea5t theo ti\u00eau chu\u1ea9n ch\u1ea5t l\u01b0\u1ee3ng nghi\u00eam ng\u1eb7t c\u1ee7a UBL Hongkong v\u00e0 b\u00e1n t\u1ea1i h\u01a1n 50 qu\u1ed1c gia v\u01a1\u0301i h\u01a1n 10.000 c\u1eeda h\u00e0ng, bao g\u1ed3m ch\u00e2u \u00c2u, \u00dac, Ch\u00e2u \u00c1, Ch\u00e2u Phi. S\u1ee9 m\u1ec7nh c\u1ee7a UBL l\u00e0 cung c\u1ea5p nh\u1eefng s\u1ea3n ph\u1ea9m ti\u1ec7n \u00edch v\u00e0 h\u1ea5p d\u1eabn cho ng\u00f4i nh\u00e0 hi\u1ec7n \u0111\u1ea1i c\u1ee7a ng\u01b0\u1eddi Vi\u1ec7t Nam.<\/span><\/p>\n<p><img fetchpriority=\"high\" decoding=\"async\" class=\"aligncenter\" src=\"https:\/\/cf.shopee.vn\/file\/3dc16c0f98ee1da658e96eaed3204f02\" alt=\"Shopee Vi\u1ec7t Nam | Mua v\u00e0 B\u00e1n Tr\u00ean \u1ee8ng D\u1ee5ng Di \u0110\u1ed9ng Ho\u1eb7c Website\" width=\"610\" height=\"610\" \/><\/p>\n<p><span style=\"font-weight: 400;\">B\u1ecbch b\u00f4ng t\u1ea9y trang 80 Uncle Bills c\u00e1i gi\u00fap gi\u1eef cho l\u00e0n da tr\u00ean khu\u00f4n m\u1eb7t b\u1ea1n lu\u00f4n \u0111\u01b0\u1ee3c s\u1ea1ch s\u1ebd l\u00e0 m\u1ed9t trong nh\u1eefng b\u01b0\u1edbc quan tr\u1ecdng \u0111\u1ec3 ch\u0103m s\u00f3c da kh\u1ecfe m\u1ea1nh v\u00e0 m\u1ecbn \u0111\u1eb9p. Ch\u00ednh v\u00ec th\u1ebf, mi\u1ebfng b\u00f4ng lau m\u1eb7t 80 c\u00e1i c\u1ee7a Uncle Bills lu\u00f4n l\u00e0 ng\u01b0\u1eddi b\u1ea1n \u0111\u1ed3ng h\u00e0nh \u0111\u00e1ng tin c\u1eady cho ph\u00e1i \u0111\u1eb9p.<\/span><\/p>\n<p><img decoding=\"async\" class=\"aligncenter\" src=\"https:\/\/havamall.vn\/wp-content\/uploads\/2021\/03\/bong tay trang tot nhat.jpg\" alt=\"10 lo\u1ea1i b\u00f4ng t\u1ea9y trang Nh\u1eadt B\u1ea3n t\u1ed1t nh\u1ea5t khuy\u00ean d\u00f9ng | SusuReview\" width=\"603\" height=\"302\" \/><\/p>\n<p><span style=\"font-weight: 400;\">B\u1ecbch B\u00f4ng T\u1ea9y Trang 80 C\u00e1i \u0111\u01b0\u1ee3c s\u1ea3n xu\u1ea5t 100 % t\u1eeb b\u00f4ng thi\u00ean nhi\u00ean, mang \u0111\u1ebfn cho b\u1ea1n c\u1ea3m gi\u00e1c m\u1ec1m m\u1ea1i, gi\u00fap l\u00e0m s\u1ea1ch nh\u1eb9 nh\u00e0ng v\u00e0 an to\u00e0n tuy\u1ec7t \u0111\u1ed1i cho da. L\u00e0 d\u1ee5ng c\u1ee5 t\u1ea9y trang, trang \u0111i\u1ec3m tuy\u1ec7t v\u1eddi gi\u00fap da lu\u00f4n s\u1ea1ch v\u00e0 th\u00f4ng tho\u00e1ng.<\/span><\/p>\n<p><img decoding=\"async\" class=\"aligncenter\" src=\"https:\/\/havamall.vn\/wp-content\/uploads\/2021\/03\/cach-su-dung-nuoc-tay-trang-de-co-lan-da-sach-khoe-1.jpg\" alt=\"C\u00e1ch s\u1eed d\u1ee5ng n\u01b0\u1edbc t\u1ea9y trang \u0111\u1ec3 c\u00f3 l\u00e0n da s\u1ea1ch kh\u1ecfe - Nh\u00e0 thu\u1ed1c Long Ch\u00e2u\" width=\"600\" height=\"400\" \/><\/p>\n<p><span style=\"font-weight: 400;\">Th\u00e0nh ph\u1ea7n: Cotton 100%. K\u00edch th\u01b0\u1edbc: Chu vi 6cm, d\u00e0y: 1.8mm. Tr\u1ecdng l\u01b0\u1ee3ng t\u1ed5ng: 30g; Tr\u1ecdng l\u01b0\u01a1ng t\u1ecbnh: 28g. Th\u00edch h\u1ee3p trong t\u1ea9y trang, v\u1ec7 sinh da m\u1eb7t, mi\u1ebfng b\u00f4ng h\u1ea5p thu dung d\u1ecbch t\u1ed1t, gi\u00fap ph\u00e2n t\u00e1n ch\u1ea5t l\u1ecfng kh\u1eafp khu\u00f4n m\u1eb7t.<\/span><\/p>\n<p><img loading=\"lazy\" decoding=\"async\" class=\"aligncenter\" src=\"https:\/\/havamall.vn\/wp-content\/uploads\/2021\/03\/5ad064957575d-AP0001-final-3.jpg\" alt=\"B\u1ecbch b\u00f4ng t\u1ea9y trang 80 c\u00e1i UBL AP0001 - Shop VnExpress\" width=\"612\" height=\"612\" \/><\/p>\n<h4><strong>C\u00f4ng d\u1ee5ng c\u1ee7a b\u00f4ng t\u1ea9y trang Uncle Bills:<\/strong><\/h4>\n<p><span style=\"font-weight: 400;\">&#8211; <\/span><span style=\"font-weight: 400;\">D\u00f9ng \u0111\u1ec3 v\u1ec7 sinh da m\u1eb7t: B\u1ea1n c\u00f3 th\u1ec3 d\u00f9ng \u0111\u1ec3 lau m\u1eb7t, th\u1ea5m d\u1ea7u, t\u1ea9y trang\u2026 S\u1ea3n ph\u1ea9m b\u00f4ng t\u1ea9y trang r\u1ea5t m\u1ec1m m\u1ecbn n\u00ean v\u1eeba l\u00e0m s\u1ea1ch da hi\u1ec7u qu\u1ea3 l\u1ea1i kh\u00f4ng l\u00e0m t\u1ed5n th\u01b0\u01a1ng da.<\/span><\/p>\n<p><span style=\"font-weight: 400;\">&#8211; Lau lotion: Sau khi r\u1eeda m\u1eb7t, b\u1ea1n n\u00ean cho 5 gi\u1ecdt lotion l\u00ean b\u00f4ng v\u00e0 lau kh\u1eafp m\u1eb7t \u0111\u1ec3 l\u1ea5y \u0111i s\u1ed1 b\u1ee5i b\u1ea9n m\u00e0 s\u1eefa r\u1eeda m\u1eb7t ch\u01b0a l\u00e0m s\u1ea1ch h\u1ebft.<\/span><\/p>\n<p><span style=\"font-weight: 400;\">&#8211; D\u01b0\u1ee1ng da: B\u1ea1n c\u00f3 th\u1ec3 th\u1ea5m \u00edt n\u01b0\u1edbc c\u1ed1t chanh v\u00e0o b\u00f4ng v\u00e0 \u0111\u1eafp v\u00e0o v\u00f9ng m\u0169i \u0111\u1ec3 gi\u1ea3m m\u1ee5n \u0111\u1ea7u \u0111en. Ho\u1eb7c c\u0169ng c\u00f3 th\u1ec3 d\u00f9ng c\u00e1c lo\u1ea1i b\u00f4ng m\u1ecfng l\u00e0m lotion mask d\u01b0\u1ee1ng da.<\/span><\/p>\n<p>S\u1ea3n ph\u1ea9m hi\u1ec7n \u0111\u00e3 c\u00f3 m\u1eb7t t\u1ea1i Havamall.<\/p>","protected":false},"excerpt":{"rendered":"<p>Uncle Bills (UBL) cung c\u1ea5p h\u01a1n 1800 s\u1ea3n ph\u1ea9m ti\u00eau d\u00f9ng phi th\u01b0\u0323c ph\u00e2\u0309m h\u00e2\u0301p d\u00e2\u0303n, ti\u00ea\u0323n i\u0301ch, gia\u0301 ph\u1ea3i<\/p>","protected":false},"featured_media":18443,"comment_status":"open","ping_status":"closed","template":"","meta":[],"product_brand":[],"product_cat":[396,35],"product_tag":[],"class_list":{"0":"post-18442","1":"product","2":"type-product","3":"status-publish","4":"has-post-thumbnail","6":"product_cat-suc-khoe-lam-dep","7":"product_cat-nha-cua-doi-song","8":"pa_brand-uncle-bills","10":"first","11":"outofstock","12":"sale","13":"shipping-taxable","14":"purchasable","15":"product-type-simple"},"_links":{"self":[{"href":"https:\/\/havamall.vn\/en\/wp-json\/wp\/v2\/product\/18442"}],"collection":[{"href":"https:\/\/havamall.vn\/en\/wp-json\/wp\/v2\/product"}],"about":[{"href":"https:\/\/havamall.vn\/en\/wp-json\/wp\/v2\/types\/product"}],"replies":[{"embeddable":true,"href":"https:\/\/havamall.vn\/en\/wp-json\/wp\/v2\/comments?post=18442"}],"version-history":[{"count":0,"href":"https:\/\/havamall.vn\/en\/wp-json\/wp\/v2\/product\/18442\/revisions"}],"wp:featuredmedia":[{"embeddable":true,"href":"https:\/\/havamall.vn\/en\/wp-json\/wp\/v2\/media\/18443"}],"wp:attachment":[{"href":"https:\/\/havamall.vn\/en\/wp-json\/wp\/v2\/media?parent=18442"}],"wp:term":[{"taxonomy":"product_brand","embeddable":true,"href":"https:\/\/havamall.vn\/en\/wp-json\/wp\/v2\/product_brand?post=18442"},{"taxonomy":"product_cat","embeddable":true,"href":"https:\/\/havamall.vn\/en\/wp-json\/wp\/v2\/product_cat?post=18442"},{"taxonomy":"product_tag","embeddable":true,"href":"https:\/\/havamall.vn\/en\/wp-json\/wp\/v2\/product_tag?post=18442"}],"curies":[{"name":"wp","href":"https:\/\/api.w.org\/{rel}","templated":true}]}}