{"id":18410,"date":"2021-03-04T15:37:28","date_gmt":"2021-03-04T08:37:28","guid":{"rendered":"https:\/\/havamall.vn\/?post_type=product&#038;p=18410"},"modified":"2021-04-06T16:45:58","modified_gmt":"2021-04-06T09:45:58","slug":"khan-truc-tai-su-dung-20-to-uncle-bills","status":"publish","type":"product","link":"https:\/\/havamall.vn\/en\/shop\/khan-truc-tai-su-dung-20-to-uncle-bills\/","title":{"rendered":"Kh\u0103n Tr\u00fac T\u00e1i S\u1eed D\u1ee5ng 20 T\u1edd Uncle Bills"},"content":{"rendered":"<p><span style=\"font-weight: 400\">Uncle-Bills l\u00e0 c\u1eeda h\u00e0ng khuy\u1ebfn m\u00e3i theo m\u00f4 h\u00ecnh si\u00eau th\u1ecb thu nh\u1ecf \u0111\u1ea7u ti\u00ean t\u1ea1i Vi\u1ec7t Nam, cung c\u1ea5p h\u00e0ng ng\u00e0n m\u1eb7t h\u00e0ng ti\u00eau d\u00f9ng ph\u1ed5 bi\u1ebfn theo nhu c\u1ea7u c\u1ee7a kh\u00e1ch h\u00e0ng v\u1edbi m\u1ee9c gi\u00e1 h\u1ea5p d\u1eabn. V\u1edbi \u0111a d\u1ea1ng c\u00e1c m\u1eb7t h\u00e0ng ti\u00eau d\u00f9ng thi\u1ebft y\u1ebfu t\u1eeb ch\u0103m s\u00f3c c\u00e1 nh\u00e2n, ch\u0103m s\u00f3c gia \u0111\u00ecnh, qu\u1ea7n \u00e1o, \u0111\u1ed3 \u0111i\u1ec7n, ph\u1ee5 ki\u1ec7n m\u00e1y t\u00ednh, ph\u1ee5 ki\u1ec7n ti\u1ec7c t\u00f9ng, trang tr\u00ed v\u00e0 c\u1ea3 c\u00e1c m\u1eb7t h\u00e0ng v\u0103n ph\u00f2ng ph\u1ea9m\u2026 Uncle-Bills s\u1ebd mang \u0111\u1ebfn cho b\u1ea1n nhi\u1ec1u s\u1ef1 ch\u1ecdn l\u1ef1a th\u00f4ng minh v\u00e0 h\u1eefu \u00edch.<\/span><\/p>\n<p><span style=\"font-weight: 400\">Uncle Bills (UBL) cung c\u1ea5p h\u01a1n 1800 s\u1ea3n ph\u1ea9m ti\u00eau d\u00f9ng phi th\u01b0\u0323c ph\u00e2\u0309m h\u00e2\u0301p d\u00e2\u0303n, ti\u00ea\u0323n i\u0301ch, gia\u0301 ph\u1ea3i ch\u0103ng. S\u1ea3n ph\u1ea9m bao g\u1ed3m nhi\u1ec1ulo\u1ea1i ha\u0300ng ho\u0301a kh\u00e1c nhau, t\u1eeb \u0111\u1ed3 du\u0300ng nh\u00e0 b\u1ebfp, ch\u0103m s\u00f3c c\u00e1 nh\u00e2n, l\u00e0m s\u1ea1ch nha\u0300 c\u01b0\u0309a, \u0111\u00f4\u0300 l\u01b0u tr\u1eef, ca\u0301c loa\u0323i du\u0323ng cu\u0323, v\u00e2\u0323t du\u0323ng ngo\u00e0i tr\u1eddi v\u00e0 ca\u0309 cho tr\u1ebb em.UBL Lu\u00f4n lu\u00f4n c\u00e2\u0323p nh\u00e2\u0323t ca\u0301c sa\u0309n ph\u00e2\u0309m m\u01a1\u0301i.<\/span><\/p>\n<p><img fetchpriority=\"high\" decoding=\"async\" class=\"aligncenter\" src=\"https:\/\/cf.shopee.vn\/file\/f6797de1ee745a2dc0d45cb02727d617\" alt=\"T\u00fai \u0110\u1ef1ng R\u00e1c Th\u00fa C\u01b0ng T\u1ef1 Ph\u00e2n H\u1ee7y Uncle Bills PA3372 | Shopee Vi\u1ec7t Nam\" width=\"551\" height=\"551\" \/><\/p>\n<p><span style=\"font-weight: 400\">S\u1ea3n ph\u1ea9m UBL \u0111\u01b0\u1ee3c s\u1ea3n xu\u1ea5t theo ti\u00eau chu\u1ea9n ch\u1ea5t l\u01b0\u1ee3ng nghi\u00eam ng\u1eb7t c\u1ee7a UBL Hongkong v\u00e0 b\u00e1n t\u1ea1i h\u01a1n 50 qu\u1ed1c gia v\u01a1\u0301i h\u01a1n 10.000 c\u1eeda h\u00e0ng, bao g\u1ed3m ch\u00e2u \u00c2u, \u00dac, Ch\u00e2u \u00c1, Ch\u00e2u Phi. S\u1ee9 m\u1ec7nh c\u1ee7a UBL l\u00e0 cung c\u1ea5p nh\u1eefng s\u1ea3n ph\u1ea9m ti\u1ec7n \u00edch v\u00e0 h\u1ea5p d\u1eabn cho ng\u00f4i nh\u00e0 hi\u1ec7n \u0111\u1ea1i c\u1ee7a ng\u01b0\u1eddi Vi\u1ec7t Nam.<\/span><\/p>\n<p><span style=\"font-weight: 400\">Kh\u0103n tr\u00fac <\/span><span style=\"font-weight: 400\">\u00a0t\u00e1i s\u1eed d\u1ee5ng <\/span><span style=\"font-weight: 400\">\u00a0thi\u1ebft k\u1ebf d\u1ea1ng cu\u1ed9n v\u1edbi ch\u1ea5t li\u1ec7u m\u1ec1m m\u1ea1i, co gi\u00e3n t\u1ed1t, c\u00f3 th\u1ec3 t\u00e1i s\u1eed d\u1ee5ng nhi\u1ec1u l\u1ea7n, gi\u00fap d\u1ec5 d\u00e0ng lau ch\u00f9i \u0111\u1ed3 v\u1eadt, v\u1eadt d\u1ee5ng trong nh\u00e0. Kh\u0103n tr\u00fac <\/span><span style=\"font-weight: 400\">\u00a0t\u00e1i s\u1eed d\u1ee5ng Uncle Bills <\/span><span style=\"font-weight: 400\">s\u1ebd l\u00e0 m\u1ed9t m\u00f3n \u0111\u1ed3 d\u00f9ng th\u00f4ng minh.<\/span><\/p>\n<p><img decoding=\"async\" class=\"aligncenter\" src=\"https:\/\/havamall.vn\/wp-content\/uploads\/2021\/03\/hafystrkbpxn3.jpg\" alt=\"N\u01a1i b\u00e1n Kh\u0103n tr\u00fac t\u00e1i s\u1eed d\u1ee5ng 20 t\u1edd Uncle Bills BP0114 (Tr\u1eafng) gi\u00e1 r\u1ebb nh\u1ea5t th\u00e1ng 12\/2020\" width=\"537\" height=\"537\" \/><\/p>\n<p><span style=\"font-weight: 400\">Kh\u0103n tr\u00fac t\u00e1i s\u1eed d\u1ee5ng \u0111\u01b0\u1ee3c l\u00e0m t\u1eeb 100% ch\u1ea5t li\u1ec7u tre h\u1eefu c\u01a1 thi\u00ean nhi\u00ean, kh\u00f4ng h\u01b0\u01a1ng li\u1ec7u, h\u00f3a ch\u1ea5t \u0111\u1ed9c h\u1ea1i.<\/span><span style=\"font-weight: 400\"> Thi\u1ebft k\u1ebf m\u1eb7t kh\u0103n v\u1edbi c\u00e1c l\u1edbp s\u1ee3i m\u1ecfng gi\u00fap lau s\u1ea1ch m\u1ecdi v\u1ebft b\u1ea9n c\u1ee9ng \u0111\u1ea7u m\u00e0 kh\u00f4ng l\u00e0m \u1ea3nh h\u01b0\u1edfng b\u1ec1 m\u1eb7t, \u0111\u1eb7c bi\u1ec7t c\u00e1c b\u1ec1 m\u1eb7t nh\u01b0 k\u00ednh, b\u1ebfp, t\u1ee7 g\u1ed7.<\/span><\/p>\n<p><img decoding=\"async\" class=\"aligncenter\" src=\"https:\/\/havamall.vn\/wp-content\/uploads\/2021\/03\/81pjb5ongrl._sl1500__33e7de1489fc4d3185099244cef3dedb_large.jpg\" alt=\"Cu\u1ed9n kh\u0103n tr\u00fac lau ch\u00f9i \u0111a n\u0103ng t\u00e1i s\u1eed d\u1ee5ng 20 T\u1edd UBL BP0114\" width=\"545\" height=\"545\" \/><\/p>\n<p><span style=\"font-weight: 400\">Ti\u1ebft ki\u1ec7m h\u01a1n so v\u1edbi\u00a0 kh\u0103n gi\u1ea5y b\u1edfi v\u00ec c\u00e1c gia \u0111\u00ecnh kh\u00f4ng c\u1ea7n ph\u1ea3i t\u1ed1n k\u00e9m khi ph\u1ea3i thay \u0111\u1ed5i kh\u0103n gi\u1ea5y th\u01b0\u1eddng\u00a0 xuy\u00ean. Ch\u1ea5t li\u1ec7u tre t\u1ef1 nhi\u00ean th\u00e2n thi\u1ec7n v\u1edbi m\u00f4i tr\u01b0\u1eddng v\u00e0 ch\u1ed1ng kh\u00e1ng khu\u1ea9n t\u1ed1t.<\/span><\/p>\n<p><span style=\"font-weight: 400\">B\u1ec1n, th\u1ea5m h\u00fat t\u1ed1t gi\u00fap d\u1ec5 d\u00e0ng v\u1ec7 sinh, l\u00e0m s\u1ea1ch m\u1ecdi kh\u00f4ng gian. Th\u00edch h\u1ee3p s\u1eed d\u1ee5ng cho nh\u00e0 b\u1ebfp, ph\u00f2ng t\u1eafm, ch\u00f9i r\u1eeda d\u1ee5ng c\u1ee5 BBQ, v\u1ec7 sinh nh\u00e0 c\u1eeda,\u2026 D\u1ec5 d\u00e0ng gi\u1eb7t s\u1ea1ch v\u00e0 mau kh\u00f4 th\u00edch h\u1ee3p v\u1edbi gi\u1eb7t m\u00e1y l\u1eabn gi\u1eb7t tay. T\u00e1i s\u1eed d\u1ee5ng \u0111\u1ebfn 100 l\u1ea7n b\u1eb1ng c\u00e1ch gi\u1eb7t s\u1ea1ch, ph\u01a1i kh\u00f4.<\/span><\/p>\n<p><img loading=\"lazy\" decoding=\"async\" class=\"aligncenter\" src=\"https:\/\/havamall.vn\/wp-content\/uploads\/2021\/03\/apiav01vv__27666.1574774350_0dccb10ec52747c99de72cfaa780dc9d_large.jpg\" alt=\"Cu\u1ed9n kh\u0103n tr\u00fac lau ch\u00f9i \u0111a n\u0103ng t\u00e1i s\u1eed d\u1ee5ng 20 T\u1edd UBL BP0114\" width=\"547\" height=\"547\" \/><\/p>\n<h4><strong>C\u00f4ng d\u1ee5ng c\u1ee7a kh\u0103n tr\u00fac \u00a0t\u00e1i s\u1eed d\u1ee5ng Uncle Bills:<\/strong><\/h4>\n<p><span style=\"font-weight: 400\">&#8211; Lau d\u1ecdn b\u1ee5i b\u1ea9n, c\u00e1c v\u1ebft d\u1ea7u m\u1ee1, th\u1ee9c \u0103n \u0111\u1ed5 tr\u00ean b\u00e0n, gh\u1ebf,\u2026<\/span><\/p>\n<p><span style=\"font-weight: 400\">&#8211; L\u00e0m s\u1ea1ch nh\u00e0 b\u1ebfp, nh\u00e0 v\u1ec7 sinh, c\u00e1c v\u1ebft d\u01a1 b\u00e1m tr\u00ean t\u01b0\u1eddng,\u2026<\/span><\/p>\n<p><span style=\"font-weight: 400\">&#8211; Lau ch\u00f9i ch\u00e9n b\u00e1t, ly t\u00e1ch, \u0111\u0169a mu\u1ed7ng thay cho gi\u1ea5y \u0103n<\/span><\/p>\n<p><span style=\"font-weight: 400\">&#8211; Lau ch\u00f9i \u0111i\u1ec7n tho\u1ea1i, laptop, c\u00e1c v\u1eadt d\u1ee5ng kh\u00e1c,\u2026<\/span><\/p>\n<p><img loading=\"lazy\" decoding=\"async\" class=\"aligncenter\" src=\"https:\/\/havamall.vn\/wp-content\/uploads\/2021\/03\/bp0114__1__large.jpg\" alt=\"Kh\u0103n Tre T\u00e1i S\u1eed D\u1ee5ng 20 T\u1edd - Uncle Bills\" width=\"546\" height=\"546\" \/><\/p>\n<h4><strong>L\u01b0u \u00fd:<\/strong><\/h4>\n<p><span style=\"font-weight: 400\">&#8211; Kh\u00f4ng gi\u1eb7t kh\u0103n tr\u00fac b\u1eb1ng n\u01b0\u1edbc n\u00f3ng (&gt;40 \u0111\u1ed9 C)<\/span><\/p>\n<p><span style=\"font-weight: 400\">&#8211; Kh\u00f4ng s\u1ea5y kh\u00f4 b\u1eb1ng ch\u1ebf \u0111\u1ed9 m\u00e1y gi\u1eb7t \u2013 ph\u01a1i kh\u00f4 t\u1ef1 nhi\u00ean<\/span><\/p>\n<p><span style=\"font-weight: 400\">&#8211; Kh\u00f4ng s\u1eed d\u1ee5ng n\u01b0\u1edbc x\u1ea3 v\u1ea3i cho kh\u0103n<\/span><\/p>\n<p><span style=\"font-weight: 400\">&#8211; Kh\u00f4ng \u0111\u01b0\u1ee3c \u1ee7i s\u1ea3n ph\u1ea9m.<\/span><\/p>\n<p>S\u1ea3n ph\u1ea9m hi\u1ec7n \u0111\u00e3 c\u00f3 m\u1eb7t t\u1ea1i Havamall.<\/p>","protected":false},"excerpt":{"rendered":"<p>Uncle-Bills l\u00e0 c\u1eeda h\u00e0ng khuy\u1ebfn m\u00e3i theo m\u00f4 h\u00ecnh si\u00eau th\u1ecb thu nh\u1ecf \u0111\u1ea7u ti\u00ean t\u1ea1i Vi\u1ec7t Nam, cung c\u1ea5p<\/p>","protected":false},"featured_media":18411,"comment_status":"open","ping_status":"closed","template":"","meta":[],"product_brand":[],"product_cat":[393,35],"product_tag":[],"class_list":{"0":"post-18410","1":"product","2":"type-product","3":"status-publish","4":"has-post-thumbnail","6":"product_cat-bep-phong-an","7":"product_cat-nha-cua-doi-song","8":"pa_brand-uncle-bills","10":"first","11":"instock","12":"sale","13":"shipping-taxable","14":"purchasable","15":"product-type-simple"},"_links":{"self":[{"href":"https:\/\/havamall.vn\/en\/wp-json\/wp\/v2\/product\/18410"}],"collection":[{"href":"https:\/\/havamall.vn\/en\/wp-json\/wp\/v2\/product"}],"about":[{"href":"https:\/\/havamall.vn\/en\/wp-json\/wp\/v2\/types\/product"}],"replies":[{"embeddable":true,"href":"https:\/\/havamall.vn\/en\/wp-json\/wp\/v2\/comments?post=18410"}],"version-history":[{"count":0,"href":"https:\/\/havamall.vn\/en\/wp-json\/wp\/v2\/product\/18410\/revisions"}],"wp:featuredmedia":[{"embeddable":true,"href":"https:\/\/havamall.vn\/en\/wp-json\/wp\/v2\/media\/18411"}],"wp:attachment":[{"href":"https:\/\/havamall.vn\/en\/wp-json\/wp\/v2\/media?parent=18410"}],"wp:term":[{"taxonomy":"product_brand","embeddable":true,"href":"https:\/\/havamall.vn\/en\/wp-json\/wp\/v2\/product_brand?post=18410"},{"taxonomy":"product_cat","embeddable":true,"href":"https:\/\/havamall.vn\/en\/wp-json\/wp\/v2\/product_cat?post=18410"},{"taxonomy":"product_tag","embeddable":true,"href":"https:\/\/havamall.vn\/en\/wp-json\/wp\/v2\/product_tag?post=18410"}],"curies":[{"name":"wp","href":"https:\/\/api.w.org\/{rel}","templated":true}]}}