{"id":18325,"date":"2021-02-26T15:22:38","date_gmt":"2021-02-26T08:22:38","guid":{"rendered":"https:\/\/havamall.vn\/?post_type=product&#038;p=18325"},"modified":"2021-06-24T15:23:42","modified_gmt":"2021-06-24T08:23:42","slug":"banh-chuoi-nhan-cam-thai-lan-siam-banana-45g","status":"publish","type":"product","link":"https:\/\/havamall.vn\/en\/shop\/banh-chuoi-nhan-cam-thai-lan-siam-banana-45g\/","title":{"rendered":"B\u00e1nh Chu\u1ed1i Nh\u00e2n Cam Th\u00e1i Lan \u2013 Siam Banana 45g"},"content":{"rendered":"<p>Th\u00e1i Lan \u0111\u01b0\u1ee3c bi\u1ebft l\u00e0 m\u1ed9t \u0111\u1ea5t n\u01b0\u1edbc c\u1ee7a nhi\u1ec1u m\u00f3n \u0103n ngon l\u1ea1 v\u00e0 \u0111\u1eadm \u0111\u00e0. Ch\u1eafc h\u1eb3n \u0111\u1ed1i v\u1edbi nh\u1eefng b\u1ea1n \u0111\u00e3 t\u1eebng \u0111\u1eb7t ch\u00e2n t\u1edbi du l\u1ecbch c\u0169ng s\u1ebd kh\u00f4ng c\u01b0\u1ee1ng n\u1ed5i m\u00ecnh v\u1edbi s\u1ef1 \u0111a d\u1ea1ng h\u00f3a \u1ea9m th\u1ef1c n\u01a1i \u0111\u00e2y. Ngo\u00e0i s\u1ef1 \u0111\u1eb7c bi\u1ec7t trong h\u01b0\u01a1ng v\u1ecb v\u00e0 phong c\u00e1ch, Th\u00e1i Lan c\u00f2n l\u00e0 thi\u00ean \u0111\u01b0\u1eddng c\u1ee7a nh\u1eefng \u0111\u1ed3 \u0103n v\u1eb7t \u0111\u00f3ng g\u00f3i kh\u00f4ng k\u00e9m g\u00ec so v\u1edbi c\u00e1c m\u00f3n \u0103n truy\u1ec1n th\u1ed1ng. \u0110\u01b0\u1ee3c c\u00e1c gi\u1edbi tr\u1ebb s\u0103n l\u00f9ng g\u1ea7n \u0111\u00e2y nh\u1ea5t l\u00e0 b\u00e1nh chu\u1ed1i Th\u00e1i Lan. C\u01a1n s\u1ed1t s\u0103n l\u00f9ng m\u00f3n b\u00e1nh chu\u1ed1i Th\u00e1i Lan \u0111ang \u0111\u01b0\u1ee3c gi\u1edbi tr\u1ebb t\u00ecm ki\u1ebfm v\u00ec s\u1ef1 m\u1edbi l\u1ea1 v\u00e0 h\u01b0\u01a1ng v\u1ecb th\u01a1m ngon c\u1ee7a n\u00f3.<\/p>\n<p><img fetchpriority=\"high\" decoding=\"async\" class=\"wp-image-19269 aligncenter\" src=\"https:\/\/havamall.vn\/wp-content\/uploads\/2021\/02\/6ac07221da1629487007-3.jpg\" alt=\"\" width=\"584\" height=\"585\" srcset=\"https:\/\/havamall.vn\/wp-content\/uploads\/2021\/02\/6ac07221da1629487007-3.jpg 280w, https:\/\/havamall.vn\/wp-content\/uploads\/2021\/02\/6ac07221da1629487007-3-150x150.jpg 150w, https:\/\/havamall.vn\/wp-content\/uploads\/2021\/02\/6ac07221da1629487007-3-100x100.jpg 100w\" sizes=\"(max-width: 584px) 100vw, 584px\" \/><\/p>\n<p>M\u00f3n \u0103n c\u1ee7a Th\u00e1i Lan mang 1 s\u1eafc th\u00e1i r\u1ea5t \u0111\u1eb7c bi\u1ec7t. T\u1eeb nh\u1eefng m\u00f3n v\u1ecb m\u1eb7n cho \u0111\u1ebfn nh\u1eefng m\u00f3n \u0103n v\u1ecb ng\u1ecdt \u0111\u1ec1u r\u1ea5t h\u1ea5p d\u1eabn th\u1ef1c kh\u00e1ch tham quan. M\u1edbi \u0111\u00e2y 1 m\u00f3n \u0103n v\u1eb7t nh\u01b0 b\u00e1nh chu\u1ed1i Th\u00e1i Lan c\u0169ng \u0111ang m\u00ea ho\u1eb7c nhi\u1ec1u b\u1ea1n tr\u1ebb.<\/p>\n<p><img decoding=\"async\" class=\"aligncenter\" src=\"https:\/\/havamall.vn\/wp-content\/uploads\/2021\/02\/Tokyo-Banana-Cake-Original-Miitsuketa-Made-in-Japan.jpg\" alt=\"Tokyo Banana - Ginza Strawberry Cake 4pcs - Made in Japan - TAKASKI.COM\" width=\"586\" height=\"586\" \/><\/p>\n<p>B\u00e1nh chu\u1ed1i nh\u00e2n cam Th\u00e1i Lan l\u00e0 m\u1ed9t m\u00f3n \u0103n v\u1eb7t c\u00f3 v\u1ecb ng\u1ecdt nh\u1eb9 v\u00e0 v\u1ecb chua c\u1ee7a cam trong nh\u00e2n v\u00e0 v\u1ecb x\u1ed1p m\u1ec1m c\u1ee7a v\u1ecf b\u00e1nh b\u00f4ng lan. C\u1ea5u tr\u00fac c\u1ee7a b\u00e1nh c\u00f3 h\u00ecnh d\u1ea1ng m\u1ed9t tr\u00e1i chu\u1ed1i nh\u1ecf r\u1ea5t d\u1ec5 th\u01b0\u01a1ng. Tuy ch\u1ec9 l\u00e0 m\u1ed9t d\u1ea1ng c\u1ee7a b\u00e1nh b\u00f4ng lan nh\u00e2n kem, nh\u01b0ng do v\u00ec h\u01b0\u01a1ng v\u1ecb ho\u00e0n to\u00e0n kh\u00e1c v\u1edbi c\u00e1c lo\u1ea1i b\u00e1nh \u0111\u00e3 c\u00f3 tr\u00ean th\u1ecb tr\u01b0\u1eddng Vi\u1ec7t Nam, c\u00f9ng v\u1edbi s\u1ef1 th\u01a1m ngon \u0111\u1eb7c bi\u1ec7t \u1ea5y \u0111\u00e3 khi\u1ebfn gi\u1edbi tr\u1ebb \u2013 nh\u1eefng t\u00edn \u0111\u1ed3 h\u00e0ng Th\u00e1i s\u0103n l\u00f9ng n\u00f3.<\/p>\n<p><img decoding=\"async\" class=\"aligncenter\" src=\"https:\/\/havamall.vn\/wp-content\/uploads\/2021\/02\/bb282d979da06efe37b1.jpg\" width=\"590\" height=\"363\" \/><\/p>\n<p>S\u1ea3n ph\u1ea9m b\u00e1nh chu\u1ed1i Th\u00e1i Lan l\u00e0 s\u1ea3n ph\u1ea9m \u0111ang r\u1ea5t \u0111\u01b0\u1ee3c \u01b0a chu\u1ed9ng b\u1edfi b\u00e1nh x\u1ed1p, v\u1ecb b\u00e1nh th\u01a1m ngon t\u1ea1o c\u1ea3m gi\u00e1c ngon mi\u1ec7ng. s\u1ef1 k\u1ebft h\u1ee3p m\u1edbi l\u1ea1 v\u00f4 c\u00f9ng c\u1ee7a b\u1ed9t v\u00e0 chu\u1ed1i, \u0111i\u1ec3m th\u00eam l\u1edbp nh\u00e2n cam chua chua ng\u1ecdt ng\u1ecdt. T\u1ea1o n\u00ean m\u1ed9t m\u00f3n b\u00e1nh chu\u1ed1i v\u00f4 c\u00f9ng \u0111\u1eb7c s\u1eafc, cu\u1ed1n h\u00fat nh\u1eefng ng\u01b0\u1eddi th\u01b0\u1edfng th\u1ee9c qua.<\/p>\n<p><img loading=\"lazy\" decoding=\"async\" class=\"aligncenter\" src=\"https:\/\/havamall.vn\/wp-content\/uploads\/2021\/02\/171109113720-best-edible-souvenirs-tokyo-banana-780x439.jpg\" alt=\"Tokyo: Tokyo Banana - 11 best foodie travel souvenirs - CNNMoney\" width=\"591\" height=\"332\" \/><\/p>\n<p>B\u00e1nh chu\u1ed1i Th\u00e1i Lan \u0111\u00f3ng g\u00f3i r\u1ea5t th\u00edch h\u1ee3p \u0111\u1ec3 l\u00e0m qu\u00e0 t\u1eb7ng cho ng\u01b0\u1eddi th\u00e2n, b\u1ea1n b\u00e8 \u2013 l\u00e0 m\u00f3n \u0103n v\u1eb7t v\u1eeba ngon v\u1eeba b\u1ed5 d\u01b0\u1ee1ng.<\/p>\n<p>B\u00e1nh chu\u1ed1i Th\u00e1i c\u00f3 l\u1edbp b\u00ean ngo\u00e0i l\u00e0 b\u00e1nh x\u1ed1p kh\u00e1 m\u1ec1m, c\u00f3 m\u00f9i v\u1ecb th\u01a1m gi\u1ed1ng v\u1edbi b\u00e1nh b\u00f4ng lan, nh\u01b0ng kh\u00f4ng qu\u00e1 ng\u1ecdt, kh\u00f4ng qu\u00e1 nhi\u1ec1u tinh b\u1ed9t n\u00ean ng\u01b0<\/p>\n<p><img loading=\"lazy\" decoding=\"async\" class=\"wp-image-19270 aligncenter\" src=\"https:\/\/havamall.vn\/wp-content\/uploads\/2021\/02\/banh-chuoi-thai-lan-Lepan-Banana1-1-268x300.jpg\" alt=\"\" width=\"597\" height=\"668\" srcset=\"https:\/\/havamall.vn\/wp-content\/uploads\/2021\/02\/banh-chuoi-thai-lan-Lepan-Banana1-1-268x300.jpg 268w, https:\/\/havamall.vn\/wp-content\/uploads\/2021\/02\/banh-chuoi-thai-lan-Lepan-Banana1-1-430x481.jpg 430w, https:\/\/havamall.vn\/wp-content\/uploads\/2021\/02\/banh-chuoi-thai-lan-Lepan-Banana1-1-150x168.jpg 150w, https:\/\/havamall.vn\/wp-content\/uploads\/2021\/02\/banh-chuoi-thai-lan-Lepan-Banana1-1-700x782.jpg 700w, https:\/\/havamall.vn\/wp-content\/uploads\/2021\/02\/banh-chuoi-thai-lan-Lepan-Banana1-1-768x858.jpg 768w, https:\/\/havamall.vn\/wp-content\/uploads\/2021\/02\/banh-chuoi-thai-lan-Lepan-Banana1-1-600x671.jpg 600w, https:\/\/havamall.vn\/wp-content\/uploads\/2021\/02\/banh-chuoi-thai-lan-Lepan-Banana1-1.jpg 900w\" sizes=\"(max-width: 597px) 100vw, 597px\" \/><\/p>\n<p>\u1eddi \u0103n kh\u00f4ng c\u00f3 c\u1ea3m gi\u00e1c ng\u00e1n.<\/p>\n<p>B\u00ean trong nh\u00e2n c\u1ee7a b\u00e1nh chu\u1ed1i l\u00e0 l\u1edbp cam tan ch\u1ea3y. B\u00e1nh c\u00f3 v\u1ecb ng\u1ecdt v\u1eeba, c\u00f3 v\u1ecb h\u01a1i chua chua c\u1ee7a cam n\u00ean gi\u1ea3m \u0111\u1ed9 ng\u00e1n.<\/p>\n<p>Bao b\u00ec b\u00e1nh chu\u1ed1i kh\u00e1 \u0111\u1eb9p m\u1eaft, \u0111\u01b0\u1ee3c thi\u1ebft k\u1ebf b\u1edfi h\u00ecnh \u1ea3nh th\u00fa v\u1ecb, nh\u1ecf g\u1ecdn. D\u00f9ng \u0111\u1ec3 l\u00e0m qu\u00e0 t\u1eb7ng ng\u01b0\u1eddi th\u00e2n, b\u1ea1n b\u00e8 ho\u1eb7c ng\u01b0\u1eddi l\u1edbn tu\u1ed5i, tr\u1ebb con l\u00e0 h\u1ee3p l\u00fd nh\u1ea5t.<\/p>\n<p>S\u1ea3n ph\u1ea9m hi\u1ec7n \u0111\u00e3 c\u00f3 m\u1eb7t t\u1ea1i Havamall.<\/p>","protected":false},"excerpt":{"rendered":"<p>Th\u00e1i Lan \u0111\u01b0\u1ee3c bi\u1ebft l\u00e0 m\u1ed9t \u0111\u1ea5t n\u01b0\u1edbc c\u1ee7a nhi\u1ec1u m\u00f3n \u0103n ngon l\u1ea1 v\u00e0 \u0111\u1eadm \u0111\u00e0. Ch\u1eafc h\u1eb3n \u0111\u1ed1i<\/p>","protected":false},"featured_media":18346,"comment_status":"open","ping_status":"closed","template":"","meta":[],"product_brand":[],"product_cat":[36,133],"product_tag":[],"class_list":{"0":"post-18325","1":"product","2":"type-product","3":"status-publish","4":"has-post-thumbnail","6":"product_cat-thuc-pham-tieu-dung","7":"product_cat-banh-keo-chocolate","9":"first","10":"outofstock","11":"sale","12":"shipping-taxable","13":"purchasable","14":"product-type-simple"},"_links":{"self":[{"href":"https:\/\/havamall.vn\/en\/wp-json\/wp\/v2\/product\/18325"}],"collection":[{"href":"https:\/\/havamall.vn\/en\/wp-json\/wp\/v2\/product"}],"about":[{"href":"https:\/\/havamall.vn\/en\/wp-json\/wp\/v2\/types\/product"}],"replies":[{"embeddable":true,"href":"https:\/\/havamall.vn\/en\/wp-json\/wp\/v2\/comments?post=18325"}],"version-history":[{"count":0,"href":"https:\/\/havamall.vn\/en\/wp-json\/wp\/v2\/product\/18325\/revisions"}],"wp:featuredmedia":[{"embeddable":true,"href":"https:\/\/havamall.vn\/en\/wp-json\/wp\/v2\/media\/18346"}],"wp:attachment":[{"href":"https:\/\/havamall.vn\/en\/wp-json\/wp\/v2\/media?parent=18325"}],"wp:term":[{"taxonomy":"product_brand","embeddable":true,"href":"https:\/\/havamall.vn\/en\/wp-json\/wp\/v2\/product_brand?post=18325"},{"taxonomy":"product_cat","embeddable":true,"href":"https:\/\/havamall.vn\/en\/wp-json\/wp\/v2\/product_cat?post=18325"},{"taxonomy":"product_tag","embeddable":true,"href":"https:\/\/havamall.vn\/en\/wp-json\/wp\/v2\/product_tag?post=18325"}],"curies":[{"name":"wp","href":"https:\/\/api.w.org\/{rel}","templated":true}]}}