{"id":18278,"date":"2021-02-24T15:07:25","date_gmt":"2021-02-24T08:07:25","guid":{"rendered":"https:\/\/havamall.vn\/?post_type=product&#038;p=18278"},"modified":"2023-06-13T16:17:05","modified_gmt":"2023-06-13T09:17:05","slug":"18278","status":"publish","type":"product","link":"https:\/\/havamall.vn\/en\/shop\/18278\/","title":{"rendered":"B\u01a1 \u0110\u1eadu Ph\u1ed9ng H\u1ea1t Golden Farm &#8211; Peanut Butter Crunchy 170g"},"content":{"rendered":"<table>\n<tbody>\n<tr>\n<td>Th\u01b0\u01a1ng hi\u1ec7u<\/td>\n<td>Golden Farm<\/td>\n<\/tr>\n<tr>\n<td>Xu\u1ea5t x\u1ee9<\/td>\n<td>Vi\u1ec7t Nam<\/td>\n<\/tr>\n<tr>\n<td>Th\u00e0nh ph\u1ea7n<\/td>\n<td>\u0110\u1eadu ph\u1ed9ng, \u0111\u01b0\u1eddng, d\u1ea7u th\u1ef1c v\u1eadt, mu\u1ed1i<\/td>\n<\/tr>\n<tr>\n<td>H\u1ea1n s\u1eed d\u1ee5ng<\/td>\n<td>24 th\u00e1ng k\u1ec3 t\u1eeb ng\u00e0y s\u1ea3n xu\u1ea5t.<\/td>\n<\/tr>\n<tr>\n<td>B\u1ea3o qu\u1ea3n<\/td>\n<td>\u0110\u1ec3 n\u01a1i kh\u00f4 r\u00e1o, tho\u00e1ng m\u00e1t, tr\u00e1nh \u00e1nh n\u1eafng tr\u1ef1c ti\u1ebfp<\/td>\n<\/tr>\n<tr>\n<td>Kh\u1ed1i l\u01b0\u1ee3ng t\u1ecbnh<\/td>\n<td>170g<\/td>\n<\/tr>\n<\/tbody>\n<\/table>\n<p><span style=\"font-weight: 400\">B\u01a1 \u0110\u1eadu Ph\u1ed9ng H\u1ea1t Golden Farm (170g) \u0111\u01b0\u1ee3c l\u00e0m t\u1eeb \u0111\u1eadu ph\u1ed9ng t\u1ef1 nhi\u00ean, \u0111\u01b0\u1eddng, mu\u1ed1i v\u00e0 d\u1ea7u th\u1ef1c v\u1eadt. S\u1ea3n ph\u1ea9m c\u00f3 v\u1ecb b\u00e9o ng\u1eady h\u00f2a v\u1edbi c\u00e1c lo\u1ea1i gia v\u1ecb t\u1ef1 nhi\u00ean kh\u00e1c t\u1ea1o n\u00ean h\u01b0\u01a1ng v\u1ecb \u0111\u1eb7c bi\u1ec7t th\u01a1m ngon.<\/span><\/p>\n<p><span style=\"font-weight: 400\">B\u01a1 \u0111\u1eadu ph\u1ed9ng h\u1ea1t \u0111\u1ebfn t\u1eeb th\u01b0\u01a1ng hi\u1ec7u Golden Farm lu\u00f4n \u0111\u01b0\u1ee3c ng\u01b0\u1eddi d\u00f9ng tin t\u01b0\u1edfng l\u1ef1a ch\u1ecdn. Th\u00e0nh ph\u1ea7n nguy\u00ean li\u1ec7u \u0111\u01b0\u1ee3c l\u1ef1a ch\u1ecdn k\u1ef9 l\u01b0\u1ee1ng, kh\u00f4ng ch\u1ee9a h\u00f3a ch\u1ea5t \u0111\u1ed9c h\u1ea1i, an to\u00e0n cho ng\u01b0\u1eddi d\u00f9ng. B\u01a1 \u0111\u1eadu ph\u1ed9ng h\u1ea1t Golden Farm \u0111\u01b0\u1ee3c s\u1ea3n xu\u1ea5t tr\u00ean quy tr\u00ecnh c\u00f4ng ngh\u1ec7 hi\u1ec7n \u0111\u1ea1i, \u0111\u01b0\u1ee3c ki\u1ec3m duy\u1ec7t ch\u1eb7t ch\u1ebd, \u0111\u1ea3m b\u1ea3o ch\u1ea5t l\u01b0\u1ee3ng.<\/span><\/p>\n<p><img fetchpriority=\"high\" decoding=\"async\" class=\"aligncenter\" src=\"https:\/\/havamall.vn\/wp-content\/uploads\/2021\/02\/iStock-898312966-belchonock-featured.jpg\" alt=\"H\u01b0\u01a1ng b\u01a1 \u0111\u1eadu ph\u1ed9ng | H\u01b0\u01a1ng Li\u1ec7u th\u1ef1c ph\u1ea9m | C\u00f4ng Ty Lu\u00e2n Kha\" width=\"762\" height=\"406\" \/><\/p>\n<p><span style=\"font-weight: 400\">S\u1ea3n ph\u1ea9m d\u1ea1ng h\u0169, c\u00f3 n\u1eafp \u0111\u1eady ti\u1ec7n d\u1ee5ng, d\u1ec5 b\u1ea3o qu\u1ea3n v\u00e0 d\u00f9ng \u0111\u01b0\u1ee3c l\u00e2u khi kh\u00f4ng s\u1eed d\u1ee5ng h\u1ebft.\u00a0<\/span><span style=\"font-weight: 400\">S\u1ea3n ph\u1ea9m c\u00f3 v\u1ecb b\u00e9o ng\u1eady h\u00f2a v\u1edbi c\u00e1c lo\u1ea1i gia v\u1ecb t\u1ef1 nhi\u00ean kh\u00e1c t\u1ea1o n\u00ean h\u01b0\u01a1ng v\u1ecb \u0111\u1eb7c bi\u1ec7t th\u01a1m ngon, cung c\u1ea5p vitamin v\u00e0 c\u00e1c kho\u00e1ng ch\u1ea5t thi\u1ebft y\u1ebfu cho c\u01a1 th\u1ec3 v\u00e0 c\u00f3 th\u1ec3 d\u00f9ng cho ng\u01b0\u1eddi \u0103n ki\u00eang.<\/span><\/p>\n<p><img decoding=\"async\" class=\"aligncenter\" src=\"https:\/\/havamall.vn\/wp-content\/uploads\/2021\/02\/bo-dau-phong-hat-golden-farm-hop-170g_grande.jpg\" alt=\"B\u01a1 \u0110\u1eadu Ph\u1ed9ng H\u1ea1t Golden Farm - H\u1ed9p 170g \u2013 AeonEshop\" width=\"759\" height=\"534\" \/><\/p>\n<p><span style=\"font-weight: 400\">B\u01a1 \u0111\u1eadu ph\u1ed9ng Golden Farm nguy\u00ean ch\u1ea5t 90% \u0111\u1eadu ph\u1ed9ng C\u1ee7 Chi v\u00e0 kh\u00f4ng ch\u1ee9a \u0111\u1ed9c t\u1ed1 Afatoxin, \u0111em l\u1ea1i ngu\u1ed3n dinh d\u01b0\u1ee1ng d\u1ed3i d\u00e0o cho ng\u01b0\u1eddi s\u1eed d\u1ee5ng. <\/span><span style=\"font-weight: 400\">Ch\u1eafc ch\u1eafn B\u01a1 \u0111\u1eadu ph\u1ed9ng h\u1ea1t Golden Farm s\u1ebd mang \u0111\u1ebfn cho b\u1ea1n v\u00e0 ng\u01b0\u1eddi th\u00e2n h\u01b0\u01a1ng v\u1ecb m\u1edbi c\u1ee7a b\u1eefa \u0103n gia \u0111\u00ecnh v\u00e0 gi\u00fap ti\u1ebft ki\u1ec7m th\u1eddi gian n\u1ea5u n\u01b0\u1edbng cho ng\u01b0\u1eddi n\u1ed9i tr\u1ee3.<\/span><\/p>\n<p><span style=\"font-weight: 400\">D\u00f9ng v\u1edbi b\u00e1nh m\u00ec, l\u00e0m nh\u00e2n b\u00e1nh, xay sinh t\u1ed1 v\u00e0 c\u00e1c lo\u1ea1i n\u01b0\u1edbc ch\u1ea5m. B\u01a1 \u0111\u1eadu ph\u1ed9ng l\u00e0 m\u1ed9t trong nh\u1eefng th\u00e0nh ph\u1ea7n c\u1ee7a c\u00e1c m\u00f3n \u0103n nhanh, b\u01a1 \u0111\u1eadu ph\u1ed9ng c\u0169ng \u0111\u01b0\u1ee3c s\u1eed d\u1ee5ng \u0111\u1ec3 k\u1ebft h\u1ee3p trong r\u1ea5t nhi\u1ec1u m\u00f3n ch\u00ednh, ng\u01b0\u1eddi ta c\u00f3 th\u1ec3 d\u00f9ng b\u01a1 \u0111\u1eadu ph\u1ed9ng \u0111\u1ec3 th\u00eam v\u00e0o nh\u1eefng m\u00f3n \u0103n ch\u01a1i nh\u01b0 salad, b\u00e1nh m\u00ec n\u01b0\u1edbng ho\u1eb7c pizza, l\u00e0m n\u01b0\u1edbc ch\u1ea5m, l\u00e0m k\u1eb9o socola \u0111\u1eadu ph\u1ed9ng\u2026.<\/span><\/p>\n<p><img decoding=\"async\" class=\"aligncenter\" src=\"https:\/\/havamall.vn\/wp-content\/uploads\/2021\/02\/1-1200x676-7.jpg\" alt=\"C\u00e1ch l\u00e0m sinh t\u1ed1 kem si\u00eau l\u1ea1 si\u00eau ngon b\u1eb1ng m\u00e1y xay sinh t\u1ed1\" width=\"770\" height=\"434\" \/><\/p>\n<p><span style=\"font-weight: 400\">B\u1ea1n c\u0169ng c\u00f3 th\u1ec3 mang theo d\u1ec5 d\u00e0ng trong nh\u1eefng chuy\u1ebfn \u0111i ch\u01a1i, picnic \u0111\u1ec3 c\u00f9ng chia s\u1ebb v\u1edbi m\u1ecdi ng\u01b0\u1eddi hay d\u00e0nh l\u00e0m qu\u00e0 t\u1eb7ng cho b\u1ea1n b\u00e8, ng\u01b0\u1eddi th\u00e2n.<\/span><\/p>\n<h4><strong>\u0110\u1eb7c \u0111i\u1ec3m s\u1ea3n ph\u1ea9m:<\/strong><\/h4>\n<p><span style=\"font-weight: 400\">&gt;Kh\u00f4ng ch\u1ee9a h\u00f3a ch\u1ea5t, ch\u1ea5t b\u1ea3o qu\u1ea3n \u0111\u1ed9c h\u1ea1i<\/span><\/p>\n<p><span style=\"font-weight: 400\">&gt;\u0110\u1ea3m b\u1ea3o an to\u00e0n s\u1ee9c kh\u1ecfe ng\u01b0\u1eddi ti\u00eau d\u00f9ng<\/span><\/p>\n<p>&gt;\u0110\u01b0\u1ee3c s\u1ea3n xu\u1ea5t tr\u00ean d\u00e2y chuy\u1ec1n hi\u1ec7n \u0111\u1ea1i, an to\u00e0n<\/p>\n<h4><strong>C\u00f4ng d\u1ee5ng c\u1ee7a b\u01a1 \u0111\u1eadu ph\u1ed9ng:<\/strong><\/h4>\n<p><span style=\"font-weight: 400\">&#8211; B\u1ea1n c\u00f3 th\u1ec3 d\u00f9ng B\u01a1 \u0111\u1eadu ph\u1ed9ng m\u1ecbn nh\u01b0 nh\u00e2n c\u1ee7a c\u00e1c lo\u1ea1i b\u00e1nh. Hay \u0111\u01a1n gi\u1ea3n h\u01a1n l\u00e0 \u0103n c\u00f9ng v\u1edbi b\u00e1nh m\u00ec cho b\u1eefa s\u00e1ng tr\u00e0n \u0111\u1ea7y n\u0103ng l\u01b0\u1ee3ng<\/span><\/p>\n<p><span style=\"font-weight: 400\">&#8211; B\u01a1 \u0111\u1eadu ph\u1ed9ng la\u0300 ngu\u00f4\u0300n cung c\u00e2\u0301p r\u00e2\u0301t t\u00f4\u0301t niacin, folate, vitamin E c\u00f9ng v\u1edbi m\u1ed9t lo\u1ea1t c\u00e1c ch\u1ea5t dinh d\u01b0\u1ee1ng thi\u1ebft y\u1ebfu v\u00e0 kho\u00e1ng ch\u1ea5t kh\u00e1c. N\u00f3 c\u0169ng gi\u00e0u ch\u1ea5t x\u01a1 v\u00e0 protein.<\/span><\/p>\n<p><span style=\"font-weight: 400\">&#8211; B\u01a1 \u0111\u1eadu ph\u1ed9ng l\u00e0 m\u1ed9t ngu\u1ed3n protein th\u1ef1c v\u1eadt tuy\u1ec7t v\u1eddi \u0111\u1ec3 th\u01b0\u1edfng th\u1ee9c khi ma\u0300 m\u1ed9t ch\u1ebf \u0111\u1ed9 \u0103n u\u1ed1ng l\u00e0nh m\u1ea1nh c\u00e2\u0300n s\u01b0\u0323 gi\u1ea3m ch\u1ea5t b\u00e9o b\u00e3o h\u00f2a v\u00e0 cholesterol.<\/span><\/p>\n<p><span style=\"font-weight: 400\">&#8211; B\u01a1 \u0111\u1eadu ph\u1ed9ng co\u0301 r\u00e2\u0301t \u00edt ch\u1ea5t b\u00e9o b\u00e3o h\u00f2a v\u00e0 cholestero n\u00ean r\u1ea5t c\u00f3 l\u1ee3i cho h\u1ec7 tim m\u1ea1ch, gi\u1ea3m nguy c\u01a1 b\u1ec7nh tim.<\/span><\/p>\n<p><img loading=\"lazy\" decoding=\"async\" class=\"aligncenter\" src=\"https:\/\/havamall.vn\/wp-content\/uploads\/2021\/02\/b4-1610855229263508109539.jpg\" alt=\"B\u01a1 \u0111\u1eadu ph\u1ed9ng c\u00f3 th\u1ef1c s\u1ef1 t\u1ed1t cho s\u1ee9c kh\u1ecfe?\" width=\"755\" height=\"472\" \/><\/p>\n<h4><strong>H\u01b0\u1edbng d\u1eabn b\u1ea3o qu\u1ea3n:\u00a0<\/strong><\/h4>\n<p><span style=\"font-weight: 400\">&#8211; B\u1ea3o qu\u1ea3n n\u01a1i tho\u00e1ng m\u00e1t, s\u1ebd ch\u1ea3y s\u1ec7t n\u1ebfu \u1ea5m h\u01a1n 30 \u0111\u1ed9 C, v\u1eabn d\u00f9ng t\u1ed1t<\/span><\/p>\n<p><span style=\"font-weight: 400\">&#8211; B\u1ea3o qu\u1ea1n l\u1ea1nh sau khi m\u1edf n\u1eafp.<\/span><\/p>\n<p>S\u1ea3n ph\u1ea9m hi\u1ec7n \u0111\u00e3 c\u00f3 m\u0103t t\u1ea1i Havamall.<\/p>","protected":false},"excerpt":{"rendered":"<p>Th\u01b0\u01a1ng hi\u1ec7u Golden Farm Xu\u1ea5t x\u1ee9 Vi\u1ec7t Nam Th\u00e0nh ph\u1ea7n \u0110\u1eadu ph\u1ed9ng, \u0111\u01b0\u1eddng, d\u1ea7u th\u1ef1c v\u1eadt, mu\u1ed1i H\u1ea1n s\u1eed d\u1ee5ng<\/p>","protected":false},"featured_media":26631,"comment_status":"open","ping_status":"closed","template":"","meta":[],"product_brand":[],"product_cat":[36,134,143],"product_tag":[],"class_list":{"0":"post-18278","1":"product","2":"type-product","3":"status-publish","4":"has-post-thumbnail","6":"product_cat-thuc-pham-tieu-dung","7":"product_cat-thucpham-saykho","8":"product_cat-thuc-pham-dong-hop","9":"pa_brand-golden-farm","11":"first","12":"instock","13":"sale","14":"shipping-taxable","15":"purchasable","16":"product-type-simple"},"_links":{"self":[{"href":"https:\/\/havamall.vn\/en\/wp-json\/wp\/v2\/product\/18278"}],"collection":[{"href":"https:\/\/havamall.vn\/en\/wp-json\/wp\/v2\/product"}],"about":[{"href":"https:\/\/havamall.vn\/en\/wp-json\/wp\/v2\/types\/product"}],"replies":[{"embeddable":true,"href":"https:\/\/havamall.vn\/en\/wp-json\/wp\/v2\/comments?post=18278"}],"version-history":[{"count":0,"href":"https:\/\/havamall.vn\/en\/wp-json\/wp\/v2\/product\/18278\/revisions"}],"wp:featuredmedia":[{"embeddable":true,"href":"https:\/\/havamall.vn\/en\/wp-json\/wp\/v2\/media\/26631"}],"wp:attachment":[{"href":"https:\/\/havamall.vn\/en\/wp-json\/wp\/v2\/media?parent=18278"}],"wp:term":[{"taxonomy":"product_brand","embeddable":true,"href":"https:\/\/havamall.vn\/en\/wp-json\/wp\/v2\/product_brand?post=18278"},{"taxonomy":"product_cat","embeddable":true,"href":"https:\/\/havamall.vn\/en\/wp-json\/wp\/v2\/product_cat?post=18278"},{"taxonomy":"product_tag","embeddable":true,"href":"https:\/\/havamall.vn\/en\/wp-json\/wp\/v2\/product_tag?post=18278"}],"curies":[{"name":"wp","href":"https:\/\/api.w.org\/{rel}","templated":true}]}}