{"id":18259,"date":"2021-02-23T16:22:37","date_gmt":"2021-02-23T09:22:37","guid":{"rendered":"https:\/\/havamall.vn\/?post_type=product&#038;p=18259"},"modified":"2022-05-10T09:52:15","modified_gmt":"2022-05-10T02:52:15","slug":"co-quet-trungdau-bo-sot-thit-nuong","status":"publish","type":"product","link":"https:\/\/havamall.vn\/en\/shop\/co-quet-trungdau-bo-sot-thit-nuong\/","title":{"rendered":"C\u1ecd Qu\u00e9t Tr\u1ee9ng L\u00e0m B\u00e1nh Th\u01b0\u01a1ng Hi\u1ec7u Havafoodies"},"content":{"rendered":"<p>Th\u1ebf gi\u1edbi d\u1ee5ng c\u1ee5 l\u00e0m b\u00e1nh r\u1ea5t \u0111a d\u1ea1ng v\u00e0 phong ph\u00fa, l\u00e0 m\u1ed9t ng\u01b0\u1eddi y\u00eau b\u00e1nh th\u00ec h\u1eb3n trong c\u0103n b\u1ebfp nh\u00e0 b\u1ea1n s\u1ebd kh\u00f4ng th\u1ec3 thi\u1ebfu c\u00e1c d\u1ee5ng c\u1ee5 c\u01a1 b\u1ea3n trong l\u00e0m b\u00e1nh \u0111\u01b0\u1ee3c.Ch\u1ed5i qu\u00e9t silicon l\u00e0 1 trong nh\u1eefng d\u1ee5ng c\u1ee5 kh\u00f4ng th\u1ec3 thi\u1ebfu trong gian b\u1ebfp c\u1ee7a b\u1ea1n.<\/p>\n<p><img fetchpriority=\"high\" decoding=\"async\" class=\"aligncenter\" src=\"https:\/\/image.voso.vn\/users\/vosoimage\/images\/511b7f556de399ad48615b347ebfe7bf?t%5B0%5D=compress%3Alevel%3D100&amp;accessToken=12a683eb93e18f304f0ee42f070c81416b7f150fdd99cfc5a862bc1c6ad705ab\" alt=\"Ch\u1ed5i qu\u00e9t d\u1ea7u silicon c\u00e1n r\u1eddi 20cm - P557359 | S\u00e0n th\u01b0\u01a1ng m\u1ea1i \u0111i\u1ec7n t\u1eed c\u1ee7a kh\u00e1ch h\u00e0ng Viettelpost\" width=\"675\" height=\"675\" \/><br \/>\n\u0110\u1ec3 v\u1ecf b\u00e1nh v\u00e0ng \u0111\u1eb9p, b\u1ea1n c\u1ea7n qu\u00e9t l\u00ean b\u1ed9t m\u1ed9t l\u1edbp tr\u1ee9ng ho\u1eb7c s\u1eefa. Khi \u0111\u00f3 chi\u1ebfc ch\u1ed5i qu\u00e9t b\u1eb1ng silicon s\u1ebd tr\u1ee3 gi\u00fap b\u1ea1n \u0111\u1eafc l\u1ef1c. V\u1edbi \u0111\u1ea7u l\u00f4ng si\u00eau m\u01b0\u1ee3t gi\u00fap b\u1ea1n d\u1ec5 d\u00e0ng qu\u00e9t b\u01a1, tr\u1ee9ng l\u00ean m\u1eb7t b\u00e1nh ti\u1ec7n l\u1ee3i nh\u1ea5t.<\/p>\n<p>Ch\u1ed5i qu\u00e9t c\u00f3 c\u00e1n b\u1eb1ng nh\u1ef1a c\u1ee9ng v\u1eeba nh\u1eb9 v\u1eeba an to\u00e0n ngay c\u1ea3 khi \u1edf nhi\u1ec7t \u0111\u1ed9 cao, ch\u1eafc ch\u1eafn s\u1ebd l\u00e0 d\u1ee5ng c\u1ee5 kh\u00f4ng th\u1ec3 thi\u1ebfu m\u1ed7i khi b\u1ea1n c\u1ea7n qu\u00e9t tr\u1ee9ng khi l\u00e0m b\u00e1nh ho\u1eb7c qu\u00e9t n\u01b0\u1edbc s\u1ed1t l\u00ean th\u1ecbt n\u01b0\u1edbng. Ch\u1ea5t li\u1ec7u silicone ch\u1ecbu nhi\u1ec7t t\u1ed1t, l\u00f4ng qu\u00e9t kh\u00f4ng b\u1ecb r\u1ee5ng so v\u1edbi c\u00e1c lo\u1ea1i ch\u1ed5i qu\u00e9t kh\u00e1c.<\/p>\n<p><img decoding=\"async\" class=\"aligncenter\" src=\"https:\/\/havamall.vn\/wp-content\/uploads\/2021\/02\/108219364_2905877306187539_621563607689523717_n.jpg\" alt=\"C\u00d3 S\u1eb4N - Ch\u1ed5i ph\u1ebft bo\" width=\"666\" height=\"666\" \/><\/p>\n<p>D\u00f9ng qu\u00e9t d\u1ea1ng ch\u1ea5t l\u1ecfng nh\u01b0 d\u1ea7u, m\u1eadt ong\u2026 \u0111\u1ec3 n\u01b0\u1edbng th\u1ecbt, b\u00e1nh trung thu, ph\u1ebft b\u01a1, tr\u1ee9ng l\u00ean b\u00e1nh..Ch\u1ed5i qu\u00e9t silicon c\u00e1n nh\u1ef1a v\u1edbi k\u00edch th\u01b0\u1edbc nh\u1ecf g\u1ecdn, t\u00ednh n\u0103ng linh ho\u1ea1t, s\u1ebd khi\u1ebfn m\u1ecdi m\u00f3n n\u01b0\u1edbng tr\u1edf n\u00ean b\u00f3ng \u0111\u1eb9p, h\u1ea5p d\u1eabn v\u1edbi l\u1edbp b\u01a1, d\u1ea7u ph\u1ebft \u0111\u1eb9p m\u1eaft.<\/p>\n<p><img decoding=\"async\" class=\"aligncenter\" src=\"https:\/\/cf.shopee.vn\/file\/5bca41bbb2ee8dbeebe756500514f8c8\" alt=\"Ch\u1ed5i qu\u00e9t d\u1ea7u silicon, Gi\u00e1 th\u00e1ng 11\/2020\" width=\"672\" height=\"672\" \/><br \/>\nTr\u1ecdng l\u01b0\u1ee3ng nh\u1eb9 v\u00e0 k\u00edch th\u01b0\u1edbc nh\u1ecf D\u1ec5 mang theo Thu\u1eadn ti\u1ec7n khi s\u1eed d\u1ee5ng v\u00e0 v\u1ec7 sinh B\u1ec1n v\u00e0 thi\u1ebft th\u1ef1c \u0110\u01b0\u1ee3c l\u00e0m t\u1eeb silicone c\u1ea5p th\u1ef1c ph\u1ea9m C\u00f4ng c\u1ee5 tuy\u1ec7t v\u1eddi cho l\u00e0m b\u00e1nh ho\u1eb7c th\u1ecbt n\u01b0\u1edbng.<\/p>\n<p><img loading=\"lazy\" decoding=\"async\" class=\"aligncenter\" src=\"https:\/\/cf.shopee.vn\/file\/46b99a6b058ae24b41d7cba4a9d7021d\" alt=\"Ch\u1ed5i qu\u00e9t m\u1eb7t b\u00e1nh b\u1eb1ng silicone nhi\u1ec1u m\u00e0u s\u1eafc huytuantoy | Shopee Vi\u1ec7t Nam\" width=\"667\" height=\"667\" \/><br \/>\nTh\u1ebf gi\u1edbi d\u1ee5ng c\u1ee5 l\u00e0m b\u00e1nh r\u1ea5t \u0111a d\u1ea1ng v\u00e0 phong ph\u00fa, l\u00e0 m\u1ed9t ng\u01b0\u1eddi y\u00eau b\u00e1nh th\u00ec h\u1eb3n trong c\u0103n b\u1ebfp nh\u00e0 b\u1ea1n s\u1ebd kh\u00f4ng th\u1ec3 thi\u1ebfu c\u00e1c d\u1ee5ng c\u1ee5 c\u01a1 b\u1ea3n trong l\u00e0m b\u00e1nh \u0111\u01b0\u1ee3c.Ch\u1ed5i qu\u00e9t silicon l\u00e0 1 trong nh\u1eefng d\u1ee5ng c\u1ee5 nh\u01b0 v\u1eady<\/p>\n<p><img loading=\"lazy\" decoding=\"async\" class=\"aligncenter\" src=\"https:\/\/havamall.vn\/wp-content\/uploads\/2021\/02\/c3d34135fa35cb762ee677c6cdf2fe82.jpg\" alt=\"Combo 2 C\u1ecd Qu\u00e9t D\u1ea7u B\u1eb1ng Silicon - Si\u00eau D\u1ebbo - Si\u00eau B\u1ec1n - H\u00e0ng Nh\u1eadp Kh\u1ea9u - Ph\u1ee5 ki\u1ec7n nh\u00e0 b\u1ebfp kh\u00e1c Th\u01b0\u01a1ng hi\u1ec7u OEM | SieuThiChoLon.com\" width=\"671\" height=\"671\" \/><\/p>\n<h4><strong>\u0110i\u1ec3m n\u1ed5i b\u1eadt :<\/strong><\/h4>\n<p>\u2013 L\u00f4ng ch\u1ed5i silicon ch\u1ed1ng d\u00ednh, s\u1ee3i to ph\u00f9 h\u1ee3p \u0111\u1ec3 qu\u00e9t d\u1ea1ng ch\u1ea5t l\u1ecfng \u0111\u1ec1u h\u01a1n.<\/p>\n<p>\u2013 Ch\u1ea5t li\u1ec7u silicon d\u1ec5 d\u00e0ng v\u1ec7 sinh sau khi s\u1eed d\u1ee5ng.<\/p>\n<p>\u2013 Tu\u1ed5i th\u1ecd b\u1ec1n, \u1ed1 b\u1ea9n hay d\u00ednh m\u00e0u t\u1eeb th\u1ef1c ph\u1ea9m khi s\u1eed d\u1ee5ng l\u00e2u.<\/p>\n<p>\u2013 K\u00edch th\u01b0\u1edbc nh\u1ecf g\u1ecdn, tr\u1ecdng l\u01b0\u1ee3ng nh\u1eb9 r\u1ea5t thu\u1eadn ti\u1ec7n cho ng\u01b0\u1eddi d\u00f9ng.<\/p>\n<p>&#8211; Ch\u1ea5t li\u1ec7u: Ch\u1ed5i Silicon ch\u1ecbu nhi\u1ec7t c\u00f3 kh\u1ea3 n\u0103ng ch\u1ecbu nhi\u1ec7t: -40 \u0111\u1ed9 C &#8211; 230 \u0111\u1ed9 C<\/p>\n<h4><img loading=\"lazy\" decoding=\"async\" class=\"aligncenter\" src=\"https:\/\/havamall.vn\/wp-content\/uploads\/2021\/02\/kuas-oles-minyak-2.jpg\" alt=\"Kuas Silikon Set 2 Pcs \u2013 Tahan Panas, Oles Minyak, Barbeque, Roti, Kue \u2013 Dapurnesia.com\" width=\"695\" height=\"533\" \/><br \/>\n<strong>H\u01b0\u1edbng d\u1eabn s\u1eed d\u1ee5ng:<\/strong><\/h4>\n<p>&#8211; D\u00f9ng \u0111\u1ec3 qu\u00e9t, ph\u1ebft b\u01a1, tr\u1ee9ng l\u00ean m\u1eb7t b\u00e1nh ti\u1ec7n l\u1ee3i<\/p>\n<p>&#8211; Qu\u00e9t d\u1ea7u b\u01a1 l\u00ean khu\u00f4n ho\u1eb7c ch\u1ea3o.<\/p>\n<p>&#8211; Ngo\u00e0i ra c\u00f2n c\u00f3 th\u1ec3 d\u00f9ng \u0111\u1ec3 qu\u00e9t n\u01b0\u1edbc s\u1ed1t khi n\u01b0\u1edbng th\u1ecbt<\/p>\n<p>S\u1ea3n ph\u1ea9m hi\u1ec7n \u0111\u00e3 c\u00f3 m\u1eb7t t\u1ea1i Havamall.<\/p>","protected":false},"excerpt":{"rendered":"<p>Th\u1ebf gi\u1edbi d\u1ee5ng c\u1ee5 l\u00e0m b\u00e1nh r\u1ea5t \u0111a d\u1ea1ng v\u00e0 phong ph\u00fa, l\u00e0 m\u1ed9t ng\u01b0\u1eddi y\u00eau b\u00e1nh th\u00ec h\u1eb3n trong<\/p>","protected":false},"featured_media":21361,"comment_status":"open","ping_status":"closed","template":"","meta":[],"product_brand":[],"product_cat":[393,255,35],"product_tag":[],"class_list":{"0":"post-18259","1":"product","2":"type-product","3":"status-publish","4":"has-post-thumbnail","6":"product_cat-bep-phong-an","7":"product_cat-nguyen-lieu-lam-banh","8":"product_cat-nha-cua-doi-song","9":"pa_brand-skx","11":"first","12":"instock","13":"sale","14":"shipping-taxable","15":"purchasable","16":"product-type-simple"},"_links":{"self":[{"href":"https:\/\/havamall.vn\/en\/wp-json\/wp\/v2\/product\/18259"}],"collection":[{"href":"https:\/\/havamall.vn\/en\/wp-json\/wp\/v2\/product"}],"about":[{"href":"https:\/\/havamall.vn\/en\/wp-json\/wp\/v2\/types\/product"}],"replies":[{"embeddable":true,"href":"https:\/\/havamall.vn\/en\/wp-json\/wp\/v2\/comments?post=18259"}],"version-history":[{"count":0,"href":"https:\/\/havamall.vn\/en\/wp-json\/wp\/v2\/product\/18259\/revisions"}],"wp:featuredmedia":[{"embeddable":true,"href":"https:\/\/havamall.vn\/en\/wp-json\/wp\/v2\/media\/21361"}],"wp:attachment":[{"href":"https:\/\/havamall.vn\/en\/wp-json\/wp\/v2\/media?parent=18259"}],"wp:term":[{"taxonomy":"product_brand","embeddable":true,"href":"https:\/\/havamall.vn\/en\/wp-json\/wp\/v2\/product_brand?post=18259"},{"taxonomy":"product_cat","embeddable":true,"href":"https:\/\/havamall.vn\/en\/wp-json\/wp\/v2\/product_cat?post=18259"},{"taxonomy":"product_tag","embeddable":true,"href":"https:\/\/havamall.vn\/en\/wp-json\/wp\/v2\/product_tag?post=18259"}],"curies":[{"name":"wp","href":"https:\/\/api.w.org\/{rel}","templated":true}]}}